{"id":367,"date":"2025-04-11T06:02:12","date_gmt":"2025-04-11T06:02:12","guid":{"rendered":"https:\/\/red-lighttherapy.com\/?post_type=product&#038;p=367"},"modified":"2025-04-11T06:30:31","modified_gmt":"2025-04-11T06:30:31","slug":"luxury-perfume-cosmetics-clamshell-rigid-boxes-suppliers","status":"publish","type":"product","link":"https:\/\/red-lighttherapy.com\/es_es\/luxury-perfume-cosmetics-clamshell-rigid-boxes-suppliers\/","title":{"rendered":"Perfume de lujo Cosm\u00e9ticos Clamshell Cajas R\u00edgidas Proveedores"},"content":{"rendered":"<h2 id=\"-product-description-of-high-end-perfume-and-cosmetics-flip-top-hard-box-\"><strong>Descripci\u00f3n de producto de los cosm\u00e9ticos del perfume del lujo Clamshell las cajas r\u00edgidas Proveedores<\/strong><\/h2>\n<p><strong>--Artesan\u00eda, soluciones personalizadas de envasado de lujo<\/strong><\/p>\n<h2 id=\"-i-innovative-design-one-handed-operation-smooth-opening-and-closing-\"><strong>1. Dise\u00f1o innovador: manejo con una sola mano, apertura y cierre suaves.<\/strong><\/h2>\n<p>Esta caja de regalo bivalva adopta el regalo bivalvo<strong>\u00a0dise\u00f1o de la estructura<\/strong>, y la parte de la bisagra se procesa mediante moldes de precisi\u00f3n para garantizar una apertura y cierre suaves, y se puede accionar f\u00e1cilmente con una sola mano. El cuerpo de la caja ha sido sometido a pruebas de durabilidad y soporta\u00a0<strong>m\u00e1s de 10.000 aperturas y cierres repetidos<\/strong>, que satisface las necesidades de uso a largo plazo de los cosm\u00e9ticos de gama alta. La tapa abatible se combina con succi\u00f3n magn\u00e9tica o dise\u00f1o de hebilla (opcional) para mejorar la estabilidad del cierre y evitar la apertura accidental durante el transporte.<\/p>\n<h2 id=\"-ii-material-and-structure-stable-protection-upgraded-touch-\"><strong>2. Material y estructura: protecci\u00f3n estable, tacto mejorado<\/strong><\/h2>\n<ol>\n<li><strong>Papel estucado 157GGSM<\/strong>: superficie lisa y delicada, alta reproducci\u00f3n del color, patr\u00f3n impreso claro y tridimensional.<\/li>\n<li><strong>Cart\u00f3n gris de alta densidad 1200GSM<\/strong>: la dureza del cuerpo de la caja alcanza el nivel l\u00edder del sector, y la resistencia a la compresi\u00f3n se incrementa en 30%, resistiendo eficazmente los impactos externos.<\/li>\n<li>El color principal es\u00a0<strong>verde oscuro y negro mate<\/strong>. El tono verde oscuro transmite una sensaci\u00f3n de lujo natural, y las l\u00edneas negras perfilan el sencillo contorno, lo que reduce la fatiga visual y refuerza el reconocimiento de la marca.<\/li>\n<\/ol>\n<h2 id=\"-third-surface-technology-long-term-protection-excellent-texture-\"><strong>3. Tecnolog\u00eda de superficie: protecci\u00f3n a largo plazo, excelente textura<\/strong><\/h2>\n<p>El cuerpo de la caja se trata con\u00a0<strong>tecnolog\u00eda de laminaci\u00f3n total<\/strong>\u00a0(pel\u00edcula brillante\/pel\u00edcula mate\/pel\u00edcula t\u00e1ctil opcionales):<\/p>\n<ul>\n<li><strong>Impermeable y antiincrustante<\/strong>: bloquean eficazmente la penetraci\u00f3n de l\u00edquidos y prolongan la vida \u00fatil del envase.<\/li>\n<li><strong>Resistente al desgaste y a los ara\u00f1azos<\/strong>: La dureza de la superficie alcanza 3H para evitar ara\u00f1azos durante el transporte o la exposici\u00f3n.<\/li>\n<li><strong>Personalizaci\u00f3n del brillo<\/strong>: La pel\u00edcula mate ofrece un lujo discreto, la pel\u00edcula brillante realza el impacto visual y la pel\u00edcula t\u00e1ctil proporciona una textura aterciopelada \u00fanica.<\/li>\n<\/ul>\n<h2 id=\"-fourth-functional-lining-shock-resistant-and-cushioning-details-win-\"><strong>4. Forro funcional: resistente a los golpes y amortiguador, detalles win<\/strong><\/h2>\n<ol>\n<li><strong>Forro de flocado EVA<\/strong>: se adapta al contorno de la botella, el rendimiento de amortiguaci\u00f3n es mejor que el de las esponjas tradicionales, y puede reducir 80% de la fuerza de impacto en la prueba de ca\u00edda.<\/li>\n<li><strong>Estructura en capas de cart\u00f3n<\/strong>: El dise\u00f1o de nido de abeja mejora la capacidad de carga y es adecuado para objetos fr\u00e1giles como botellas de cristal y tarros de cer\u00e1mica.<\/li>\n<li><strong>Forro de tela de seda\/rafia<\/strong>: Pa\u00f1o de seda opcional para realzar el tacto, o rafia natural para a\u00f1adir una textura respetuosa con el medio ambiente que se adapte al tono de las distintas marcas.<\/li>\n<\/ol>\n<h2 id=\"-v-deep-customization-flexible-adaptation-to-multiple-needs-\"><strong>5. Personalizaci\u00f3n profunda: Adaptaci\u00f3n flexible a m\u00faltiples necesidades.<\/strong><\/h2>\n<ol>\n<li>Admite\u00a0<strong>fondo y tapa inferior, tipo caj\u00f3n, tipo tapa corredera<\/strong>\u00a0y otros tipos de cajas, con un rango de tama\u00f1o de 50\u00d750\u00d750mm a 300\u00d7300\u00d7200mm, adecuadas para frascos de perfume, esencias, barras de labios y otros productos.<\/li>\n<li><strong>Estampaci\u00f3n en caliente\/estampaci\u00f3n UV<\/strong>: LOGOTIPO de estampaci\u00f3n en caliente parcial o impresi\u00f3n UV tridimensional para mejorar la memoria visual de la marca.<\/li>\n<li><strong>Ventana hueca<\/strong>: Con material PET transparente, exhiba los productos de forma intuitiva y mejore el atractivo de la exposici\u00f3n.<\/li>\n<\/ol>\n<h2 id=\"-six-production-guarantee-large-scale-intelligent-manufacturing-worry-free-delivery-\"><strong>6. Garant\u00eda de producci\u00f3n: fabricaci\u00f3n inteligente a gran escala, entrega sin preocupaciones.<\/strong><\/h2>\n<ul>\n<li><strong>Resistencia de f\u00e1brica<\/strong>: 5320\u33a1 f\u00e1brica estandarizada, 16 a\u00f1os de experiencia en la industria, equipada con m\u00e1quina troqueladora totalmente autom\u00e1tica, m\u00e1quina laminadora y l\u00ednea de impresi\u00f3n digital, con una capacidad de producci\u00f3n diaria de 50.000 piezas.<\/li>\n<li><strong>Sistema de control de calidad<\/strong>: Certificaci\u00f3n ISO 9001 aprobada, control estricto de 12 eslabones de inspecci\u00f3n de calidad desde la adquisici\u00f3n de materias primas hasta la entrega del producto acabado, y la tasa de defectos es inferior a 0,3%.<\/li>\n<li><strong>Plazo de entrega<\/strong>: Los pedidos normales se entregan en 7-10 d\u00edas, y los pedidos urgentes pueden acortarse a 3 d\u00edas, apoyando la cooperaci\u00f3n log\u00edstica global.<\/li>\n<\/ul>\n<h2 id=\"-application-scenarios-\"><strong>Escenarios de aplicaci\u00f3n<\/strong><\/h2>\n<ul>\n<li><strong>Perfume de alta gama<\/strong>: Caja abatible magn\u00e9tica personalizada con forro de flocado EVA para proteger la botella de vidrio y resaltar el estilo de la marca.<\/li>\n<li><strong>Estuche de regalo para el cuidado de la piel<\/strong>: La estructura tipo caj\u00f3n de varias capas da cabida a esencias, cremas y otras categor\u00edas, y la pel\u00edcula t\u00e1ctil est\u00e1 cubierta para realzar la sensaci\u00f3n de ceremonia al abrir la caja.<\/li>\n<li><strong>Maquillaje de edici\u00f3n limitada<\/strong>: El cuerpo de la caja, de forma especial, se combina con accesorios met\u00e1licos para crear un envase de colecci\u00f3n.<\/li>\n<\/ul>","protected":false},"excerpt":{"rendered":"<p>Esta caja de regalo tipo almeja es f\u00e1cil de abrir y cerrar y se puede reutilizar. El cuerpo de la caja es principalmente verde para reducir la fatiga visual. Se puede personalizar para adaptarla a sus envases de perfumes y cosm\u00e9ticos.<\/p>","protected":false},"featured_media":372,"template":"","meta":{"_kad_post_transparent":"default","_kad_post_title":"","_kad_post_layout":"default","_kad_post_sidebar_id":"","_kad_post_content_style":"default","_kad_post_vertical_padding":"default","_kad_post_feature":"","_kad_post_feature_position":"","_kad_post_header":false,"_kad_post_footer":false,"_kad_post_classname":""},"product_brand":[],"product_cat":[15,28,27,17],"product_tag":[121,122,120],"class_list":{"0":"post-367","1":"product","2":"type-product","3":"status-publish","4":"has-post-thumbnail","6":"product_cat-red-light-therapy","7":"product_cat-customize","8":"product_cat-red-light-therapy-belt","9":"product_cat-services","10":"product_tag-cosmetics-rigid-boxes","11":"product_tag-luxury-perfume-boxes-suppliers","12":"product_tag-perfume-clamshell-boxes","14":"first","15":"instock","16":"shipping-taxable","17":"product-type-simple","18":"entry","19":"content-bg","20":"loop-entry"},"_links":{"self":[{"href":"https:\/\/red-lighttherapy.com\/es_es\/wp-json\/wp\/v2\/product\/367","targetHints":{"allow":["GET"]}}],"collection":[{"href":"https:\/\/red-lighttherapy.com\/es_es\/wp-json\/wp\/v2\/product"}],"about":[{"href":"https:\/\/red-lighttherapy.com\/es_es\/wp-json\/wp\/v2\/types\/product"}],"wp:featuredmedia":[{"embeddable":true,"href":"https:\/\/red-lighttherapy.com\/es_es\/wp-json\/wp\/v2\/media\/372"}],"wp:attachment":[{"href":"https:\/\/red-lighttherapy.com\/es_es\/wp-json\/wp\/v2\/media?parent=367"}],"wp:term":[{"taxonomy":"product_brand","embeddable":true,"href":"https:\/\/red-lighttherapy.com\/es_es\/wp-json\/wp\/v2\/product_brand?post=367"},{"taxonomy":"product_cat","embeddable":true,"href":"https:\/\/red-lighttherapy.com\/es_es\/wp-json\/wp\/v2\/product_cat?post=367"},{"taxonomy":"product_tag","embeddable":true,"href":"https:\/\/red-lighttherapy.com\/es_es\/wp-json\/wp\/v2\/product_tag?post=367"}],"curies":[{"name":"wp","href":"https:\/\/api.w.org\/{rel}","templated":true}]}}