{"id":350,"date":"2025-04-11T04:15:43","date_gmt":"2025-04-11T04:15:43","guid":{"rendered":"https:\/\/red-lighttherapy.com\/?post_type=product&#038;p=350"},"modified":"2025-04-11T05:27:29","modified_gmt":"2025-04-11T05:27:29","slug":"custom-lid-and-base-led-flashlight-boxes-packaging-wholesale","status":"publish","type":"product","link":"https:\/\/red-lighttherapy.com\/es_es\/custom-lid-and-base-led-flashlight-boxes-packaging-wholesale\/","title":{"rendered":"Tapa y Base Personalizadas Cajas de Embalaje para Linternas LED al por mayor"},"content":{"rendered":"<h2 id=\"-customized-led-flashlight-lid-and-base-box-packaging-wholesale-product-description-\"><strong>Personalizado LED linterna tapa y la base de la caja de embalaje al por mayor Descripci\u00f3n del producto<\/strong><\/h2>\n<h2 id=\"-1-exquisite-printing-technology-highlighting-quality-\"><strong>1. Exquisita tecnolog\u00eda de impresi\u00f3n, destacando la calidad<\/strong><\/h2>\n<p>Esta caja de embalaje para linterna adopta la tecnolog\u00eda de impresi\u00f3n offset y serigraf\u00eda de alta precisi\u00f3n, la tinta negra se llena uniformemente, el patr\u00f3n es claro y n\u00edtido, y el color es puro y sin desviaci\u00f3n. La superficie se puede superponer con pel\u00edcula mate, pel\u00edcula brillante o tratamiento UV para mejorar la resistencia al desgaste y el brillo, asegurando que el logotipo de la marca siempre mantenga una textura de alta gama durante el transporte y la exhibici\u00f3n. Admite estampaci\u00f3n en caliente\/plateado en caliente, gofrado y otros procesos para satisfacer las necesidades visuales personalizadas y mejorar el reconocimiento y el atractivo del embalaje del producto.<\/p>\n<h2 id=\"-2-stiff-material-combination-double-protection-\"><strong>2. Combinaci\u00f3n de materiales r\u00edgidos, doble protecci\u00f3n<\/strong><\/h2>\n<p>El cuerpo de la caja utiliza\u00a0<strong>Papel estucado de 350 g<\/strong>\u00a0y\u00a0<strong>cart\u00f3n gris de alta resistencia<\/strong>\u00a0estructura compuesta, y la capa central de cart\u00f3n gris adopta un proceso de prensado de fibra totalmente reciclada para garantizar que el cuerpo de la caja tenga una excelente resistencia a la compresi\u00f3n y la deformaci\u00f3n. La superficie del papel estucado es suave y delicada, y la reproducci\u00f3n del color de impresi\u00f3n es alta. La capa central de cart\u00f3n gris proporciona un soporte r\u00edgido, que puede soportar el impacto de fuerzas externas durante el transporte y proteger eficazmente los dispositivos electr\u00f3nicos de precisi\u00f3n, como las linternas.<\/p>\n<h2 id=\"-3-box-design-with-top-and-bottom-lid-for-intuitive-display-\"><strong>3. Dise\u00f1o de caja con tapa superior e inferior para una exposici\u00f3n intuitiva<\/strong><\/h2>\n<p>Adoptando el cl\u00e1sico\u00a0<strong>estructura superior e inferior de la tapa<\/strong>\u00a0(la tapa superior y la caja inferior est\u00e1n completamente abrochadas), es f\u00e1cil de abrir y cerrar y tiene un gran sentido de la ceremonia. El aspecto y los detalles funcionales de la linterna pueden mostrarse completamente en el momento de abrirla, lo que mejora la primera impresi\u00f3n del cliente. El tama\u00f1o de la caja est\u00e1 adaptado con precisi\u00f3n, el espacio de la cavidad interior es compacto y no tiene redundancia, lo que evita que el producto se sacuda, y es conveniente para apilar, almacenar y transportar.<\/p>\n<h2 id=\"-4-multi-scenario-application-strong-compatibility-\"><strong>4. Aplicaci\u00f3n multiescenario, gran compatibilidad<\/strong><\/h2>\n<p>Dise\u00f1ado espec\u00edficamente para linternas LED, compatible con m\u00faltiples modelos como luz fuerte, mini y recargable. Los escenarios de aplicaci\u00f3n extendida incluyen:<\/p>\n<ul>\n<li><strong>Equipamiento exterior<\/strong>telescopios, br\u00fajulas, herramientas port\u00e1tiles, etc;<\/li>\n<li><strong>Productos electr\u00f3nicos<\/strong>peque\u00f1os instrumentos, accesorios (como cargadores, bater\u00edas);<\/li>\n<li><strong>Personalizaci\u00f3n de regalos<\/strong>regalos de empresa, cajas regalo promocionales, apoyan temas navide\u00f1os o dise\u00f1os conjuntos de marca.<\/li>\n<\/ul>\n<h2 id=\"-5-customized-lining-solution-precise-fit-\"><strong>5. Soluci\u00f3n de forro personalizada, ajuste preciso<\/strong><\/h2>\n<p>Ofrecen diversas opciones de revestimiento para garantizar la fijaci\u00f3n del producto y su resistencia a los golpes:<\/p>\n<ul>\n<li><strong>Esponja EVA<\/strong>Corte y moldeado de alta densidad, excelente rendimiento de amortiguaci\u00f3n, adecuado para contornos de linterna de forma especial;<\/li>\n<li><strong>Bandeja de flocado<\/strong>: Mejora el grado t\u00e1ctil, adecuado para envases de regalo de gama alta;<\/li>\n<li><strong>Compartimento extra\u00edble<\/strong>: Dise\u00f1o modular, admite embalajes combinados multiproducto (como linterna + bater\u00eda de repuesto).<\/li>\n<\/ul>\n<h2 id=\"-6-all-round-flexible-customization-service-\"><strong>6. Servicio integral de personalizaci\u00f3n flexible<\/strong><\/h2>\n<p>Apoyo al ajuste personalizado a lo largo de todo el proceso, desde el dise\u00f1o hasta la producci\u00f3n:<\/p>\n<ul>\n<li><strong>Dise\u00f1o<\/strong>: LOGO personalizable, patr\u00f3n, esquema de color, compatible con la impresi\u00f3n de colores planos Pantone;<\/li>\n<li><strong>Optimizaci\u00f3n estructural<\/strong>: Ajuste el grosor de la caja, la posici\u00f3n de la ventana, la hebilla magn\u00e9tica y otros detalles seg\u00fan sea necesario;<\/li>\n<li><strong>Actualizaci\u00f3n de funciones<\/strong>: A\u00f1ada m\u00f3dulos funcionales adicionales como asas, cintas, etiquetas antifalsificaci\u00f3n, etc.<\/li>\n<\/ul>\n<h2 id=\"-7-large-scale-production-capacity-quality-assurance-\"><strong>7. Capacidad de producci\u00f3n a gran escala, garant\u00eda de calidad<\/strong><\/h2>\n<p>La f\u00e1brica tiene un\u00a0<strong>5.320 metros cuadrados<\/strong>\u00a0moderno taller, equipado con m\u00e1quinas de impresi\u00f3n offset totalmente autom\u00e1ticas, troqueladoras y l\u00edneas de inspecci\u00f3n de control de calidad, con una capacidad de producci\u00f3n diaria de 100.000 piezas. Certificaci\u00f3n del sistema de gesti\u00f3n de calidad ISO superada, todo el proceso, desde la adquisici\u00f3n de materias primas hasta la entrega del producto acabado, puede rastrearse para garantizar la estabilidad de los lotes. Apoyo al suministro transfronterizo (embalaje conforme en plataformas como Amazon y eBay) y servicio acelerado de pedidos urgentes, ciclo de entrega de 7-15 d\u00edas, para satisfacer las necesidades de personalizaci\u00f3n de grandes vol\u00famenes al por mayor y de peque\u00f1as y medianas empresas.<\/p>\n<h2 id=\"-cooperation-advantages-\"><strong>Ventajas de la cooperaci\u00f3n<\/strong><\/h2>\n<ul>\n<li><strong>Servicio integral<\/strong>: conexi\u00f3n sin fisuras de todo el proceso de dise\u00f1o, pruebas, producci\u00f3n y log\u00edstica;<\/li>\n<li><strong>Certificaci\u00f3n medioambiental<\/strong>: Se utiliza cart\u00f3n gris con certificaci\u00f3n FSC y tinta al agua, que cumple las normas de protecci\u00f3n medioambiental REACH de la UE;<\/li>\n<li><strong>Optimizaci\u00f3n de costes<\/strong>: La contrataci\u00f3n a gran escala reduce el precio unitario, con un pedido m\u00ednimo de 500 unidades y soporte para ofertas escalonadas.<\/li>\n<\/ul>\n<p>Si necesita obtener muestras o soluciones personalizadas, p\u00f3ngase en contacto con nuestro equipo de dise\u00f1o. Utilizaremos tecnolog\u00eda profesional y servicios eficientes para dar a sus productos un valor de envasado m\u00e1s competitivo.<\/p>","protected":false},"excerpt":{"rendered":"<p>La tapa y la base pueden abrirse r\u00e1pidamente con una sola mano para mejorar la experiencia de desembalaje. La caja tiene una exquisita tecnolog\u00eda de impresi\u00f3n y patrones claros. Puede imprimir perfectamente el embalaje de su linterna LED.<\/p>","protected":false},"featured_media":359,"template":"","meta":{"_kad_post_transparent":"default","_kad_post_title":"","_kad_post_layout":"default","_kad_post_sidebar_id":"","_kad_post_content_style":"default","_kad_post_vertical_padding":"default","_kad_post_feature":"","_kad_post_feature_position":"","_kad_post_header":false,"_kad_post_footer":false,"_kad_post_classname":""},"product_brand":[],"product_cat":[15,19,17],"product_tag":[116,115,114],"class_list":{"0":"post-350","1":"product","2":"type-product","3":"status-publish","4":"has-post-thumbnail","6":"product_cat-red-light-therapy","7":"product_cat-red-light-therapy-stand","8":"product_cat-services","9":"product_tag-custom-led-flashlight-boxes","10":"product_tag-flashlight-boxes-packaging","11":"product_tag-lid-and-base-led-boxes","13":"first","14":"instock","15":"shipping-taxable","16":"product-type-simple","17":"entry","18":"content-bg","19":"loop-entry"},"_links":{"self":[{"href":"https:\/\/red-lighttherapy.com\/es_es\/wp-json\/wp\/v2\/product\/350","targetHints":{"allow":["GET"]}}],"collection":[{"href":"https:\/\/red-lighttherapy.com\/es_es\/wp-json\/wp\/v2\/product"}],"about":[{"href":"https:\/\/red-lighttherapy.com\/es_es\/wp-json\/wp\/v2\/types\/product"}],"wp:featuredmedia":[{"embeddable":true,"href":"https:\/\/red-lighttherapy.com\/es_es\/wp-json\/wp\/v2\/media\/359"}],"wp:attachment":[{"href":"https:\/\/red-lighttherapy.com\/es_es\/wp-json\/wp\/v2\/media?parent=350"}],"wp:term":[{"taxonomy":"product_brand","embeddable":true,"href":"https:\/\/red-lighttherapy.com\/es_es\/wp-json\/wp\/v2\/product_brand?post=350"},{"taxonomy":"product_cat","embeddable":true,"href":"https:\/\/red-lighttherapy.com\/es_es\/wp-json\/wp\/v2\/product_cat?post=350"},{"taxonomy":"product_tag","embeddable":true,"href":"https:\/\/red-lighttherapy.com\/es_es\/wp-json\/wp\/v2\/product_tag?post=350"}],"curies":[{"name":"wp","href":"https:\/\/api.w.org\/{rel}","templated":true}]}}