{"id":344,"date":"2025-04-11T03:46:15","date_gmt":"2025-04-11T03:46:15","guid":{"rendered":"https:\/\/red-lighttherapy.com\/?post_type=product&#038;p=344"},"modified":"2025-04-11T04:15:32","modified_gmt":"2025-04-11T04:15:32","slug":"direct-factory-magnetic-closure-box-oral-irrigator-packaging","status":"publish","type":"product","link":"https:\/\/red-lighttherapy.com\/es_es\/direct-factory-magnetic-closure-box-oral-irrigator-packaging\/","title":{"rendered":"Direct Factory Caja de cierre magn\u00e9tico Oral Irrigator Packaging"},"content":{"rendered":"<h2 id=\"-product-description-of-the-factory-direct-magnetic-sealed-box-oral-irrigator-packaging-\"><strong>Descripci\u00f3n de producto de la caja magn\u00e9tica directa del cierre de la f\u00e1brica que empaqueta el irrigador oral<\/strong><\/h2>\n<h2 id=\"-1-magnetic-sealing-design-convenient-and-durable-\"><strong>1. Dise\u00f1o de sellado con cierre magn\u00e9tico: C\u00f3modo y duradero<\/strong><\/h2>\n<ul>\n<li><strong>Dise\u00f1o de imanes integrados<\/strong>: La tapa de la caja adopta una estructura de cierre magn\u00e9tico oculto, y el im\u00e1n est\u00e1 incrustado en el borde del cuerpo de la caja y el cuerpo de la tapa para evitar el desgaste o la ca\u00edda causados por la exposici\u00f3n.<\/li>\n<li><strong>Alineaci\u00f3n autom\u00e1tica de adsorci\u00f3n<\/strong>: La fuerza magn\u00e9tica se absorbe autom\u00e1ticamente al abrir y cerrar, se alinea con precisi\u00f3n y se puede manejar f\u00e1cilmente con una sola mano para mejorar la experiencia del usuario.<\/li>\n<li><strong>Durabilidad<\/strong>: El sistema magn\u00e9tico se ha sometido a pruebas de apertura y cierre miles de veces para garantizar que sigue manteniendo una adsorci\u00f3n estable tras un uso prolongado, lo que resulta adecuado para escenarios de uso de alta frecuencia.<\/li>\n<\/ul>\n<h2 id=\"-2-simple-aesthetic-design-blue-and-white-color-matching-and-brand-recognition-\"><strong>2. Dise\u00f1o est\u00e9tico sencillo: Combinaci\u00f3n de colores azul y blanco y reconocimiento de marca<\/strong><\/h2>\n<ul>\n<li><strong>Lenguaje visual<\/strong>: El cuerpo de la caja es principalmente azul y blanco. El azul simboliza profesionalidad y limpieza, y el blanco transmite sencillez y tecnolog\u00eda. La suave combinaci\u00f3n de colores puede aliviar la presi\u00f3n psicol\u00f3gica de los usuarios antes de su uso.<\/li>\n<li><strong>Mejora de la marca<\/strong>: La superficie de la caja adopta la tecnolog\u00eda mate para imprimir el logotipo de la marca, con un dise\u00f1o de l\u00edneas minimalistas para mejorar el reconocimiento visual y transmitir una sensaci\u00f3n de calidad de gama alta.<\/li>\n<\/ul>\n<h2 id=\"-3-double-sided-printing-process-dual-optimization-of-environmental-protection-and-information-communication-\"><strong>3. Proceso de impresi\u00f3n a doble cara: doble optimizaci\u00f3n de la protecci\u00f3n del medio ambiente y la comunicaci\u00f3n de la informaci\u00f3n.<\/strong><\/h2>\n<ul>\n<li><strong>Concepto de protecci\u00f3n del medio ambiente<\/strong>: Adopta materiales de papel reciclables, tecnolog\u00eda de impresi\u00f3n a doble cara para reducir los residuos de papel, en l\u00ednea con la tendencia de los envases ecol\u00f3gicos.<\/li>\n<li><strong>Divisi\u00f3n funcional<\/strong>:<\/li>\n<li><strong>Exterior<\/strong>: El logotipo de la marca y los principales argumentos de venta (como \"descarga de grado m\u00e9dico\" y \"dise\u00f1o port\u00e1til\") ocupan un lugar destacado para reforzar el posicionamiento en el mercado.<\/li>\n<li><strong>Interno<\/strong>: Impresi\u00f3n detallada de las instrucciones del producto, informaci\u00f3n sobre los ingredientes y certificaci\u00f3n de seguridad para aumentar la confianza del usuario.<\/li>\n<\/ul>\n<h2 id=\"-4-customized-inner-tray-design-impact-resistance-and-personalized-adaptation-\"><strong>4. Dise\u00f1o personalizado de la bandeja interior: resistencia a los impactos y adaptaci\u00f3n personalizada.<\/strong><\/h2>\n<ul>\n<li><strong>Bandeja interior resistente a los impactos<\/strong>: Adopta bandeja interior de pl\u00e1stico PP de alta resistencia, pasa la prueba de impacto de viga simple de la norma ISO 179, y puede soportar vibraciones y ca\u00eddas durante el transporte.<\/li>\n<li><strong>Opciones de personalizaci\u00f3n flexibles<\/strong>:<\/li>\n<li><strong>Selecci\u00f3n de materiales<\/strong>: Proporcionar EVA, esponja, tela de seda o forro de rafia para adaptarse a diferentes formas de productos (como el anfitri\u00f3n de la m\u00e1quina de lavado, boquilla, cable de carga, etc.) para garantizar la seguridad del transporte.<\/li>\n<li><strong>Optimizaci\u00f3n estructural<\/strong>: Las bandejas interiores superpuestas o integradas pueden dise\u00f1arse en funci\u00f3n del tama\u00f1o del producto para aprovechar al m\u00e1ximo el espacio.<\/li>\n<\/ul>\n<h2 id=\"-5-factory-strength-and-service-guarantee-\"><strong>5. Resistencia de f\u00e1brica y garant\u00eda de servicio<\/strong><\/h2>\n<ul>\n<li><strong>Liderazgo en el sector<\/strong>: Como tercera f\u00e1brica de impresi\u00f3n y envasado de China, ha prestado servicio a m\u00e1s de 5.000 clientes de marca en los sectores de la medicina, la electr\u00f3nica, los bienes de consumo r\u00e1pido y otros.<\/li>\n<li><strong>Sistema de producci\u00f3n eficaz<\/strong>:<\/li>\n<li><strong>Equipamiento y capacidad de producci\u00f3n<\/strong>: Equipada con troqueladoras totalmente autom\u00e1ticas, m\u00e1quinas de impresi\u00f3n digital UV y sistemas inteligentes de inspecci\u00f3n de calidad, la capacidad de producci\u00f3n diaria alcanza m\u00e1s de 1 mill\u00f3n de piezas, lo que permite la entrega en 48 horas de pedidos urgentes.<\/li>\n<li><strong>Control de calidad<\/strong>: Pasado la certificaci\u00f3n ISO 9001, cada lote de productos se somete a pruebas multidimensionales tales como resistencia a la compresi\u00f3n, resistencia al desgaste, y la diferencia de color para asegurar que la tasa calificada de productos de embalaje acabados es \u226599.8%.<\/li>\n<li><strong>Servicio integral<\/strong>: Realizamos un seguimiento desde el dise\u00f1o y las pruebas hasta la producci\u00f3n en serie, proporcionamos sugerencias gratuitas de optimizaci\u00f3n del dise\u00f1o y reducimos los costes de toma de decisiones del cliente.<\/li>\n<\/ul>\n<h2 id=\"-reasons-for-choosing-us-\"><strong>Razones para elegirnos<\/strong><\/h2>\n<ul>\n<li><strong>Innovaci\u00f3n en el dise\u00f1o<\/strong>: La combinaci\u00f3n de estructura de succi\u00f3n magn\u00e9tica y dise\u00f1o est\u00e9tico tiene en cuenta tanto la funci\u00f3n como la comunicaci\u00f3n de la marca.<\/li>\n<li><strong>Cumplimiento de la normativa medioambiental<\/strong>: Los materiales y procesos cumplen la certificaci\u00f3n FSC y las normas medioambientales REACH de la UE.<\/li>\n<li><strong>Ventaja de costes<\/strong>: La producci\u00f3n a gran escala reduce los costes unitarios, y los servicios personalizados no tienen restricciones de cantidad m\u00ednima de pedido.<\/li>\n<\/ul>","protected":false},"excerpt":{"rendered":"<p>Esta caja de cierre magn\u00e9tico se absorbe y alinea autom\u00e1ticamente, es f\u00e1cil de abrir y cerrar, tiene un dise\u00f1o sencillo y elegante y se imprime a doble cara para ahorrar recursos.<\/p>","protected":false},"featured_media":348,"template":"","meta":{"_kad_post_transparent":"default","_kad_post_title":"","_kad_post_layout":"default","_kad_post_sidebar_id":"","_kad_post_content_style":"default","_kad_post_vertical_padding":"default","_kad_post_feature":"","_kad_post_feature_position":"","_kad_post_header":false,"_kad_post_footer":false,"_kad_post_classname":""},"product_brand":[],"product_cat":[15,28,17],"product_tag":[113,112,111],"class_list":{"0":"post-344","1":"product","2":"type-product","3":"status-publish","4":"has-post-thumbnail","6":"product_cat-red-light-therapy","7":"product_cat-customize","8":"product_cat-services","9":"product_tag-custom-oral-irrigator-packaging","10":"product_tag-magnetic-closure-oral-irrigator-box","11":"product_tag-oral-irrigator-packaging","13":"first","14":"instock","15":"shipping-taxable","16":"product-type-simple","17":"entry","18":"content-bg","19":"loop-entry"},"_links":{"self":[{"href":"https:\/\/red-lighttherapy.com\/es_es\/wp-json\/wp\/v2\/product\/344","targetHints":{"allow":["GET"]}}],"collection":[{"href":"https:\/\/red-lighttherapy.com\/es_es\/wp-json\/wp\/v2\/product"}],"about":[{"href":"https:\/\/red-lighttherapy.com\/es_es\/wp-json\/wp\/v2\/types\/product"}],"wp:featuredmedia":[{"embeddable":true,"href":"https:\/\/red-lighttherapy.com\/es_es\/wp-json\/wp\/v2\/media\/348"}],"wp:attachment":[{"href":"https:\/\/red-lighttherapy.com\/es_es\/wp-json\/wp\/v2\/media?parent=344"}],"wp:term":[{"taxonomy":"product_brand","embeddable":true,"href":"https:\/\/red-lighttherapy.com\/es_es\/wp-json\/wp\/v2\/product_brand?post=344"},{"taxonomy":"product_cat","embeddable":true,"href":"https:\/\/red-lighttherapy.com\/es_es\/wp-json\/wp\/v2\/product_cat?post=344"},{"taxonomy":"product_tag","embeddable":true,"href":"https:\/\/red-lighttherapy.com\/es_es\/wp-json\/wp\/v2\/product_tag?post=344"}],"curies":[{"name":"wp","href":"https:\/\/api.w.org\/{rel}","templated":true}]}}