{"id":338,"date":"2025-04-11T03:21:02","date_gmt":"2025-04-11T03:21:02","guid":{"rendered":"https:\/\/red-lighttherapy.com\/?post_type=product&#038;p=338"},"modified":"2025-04-11T03:46:10","modified_gmt":"2025-04-11T03:46:10","slug":"custom-tempered-glass-screen-protector-packaging-box-factory","status":"publish","type":"product","link":"https:\/\/red-lighttherapy.com\/es_es\/custom-tempered-glass-screen-protector-packaging-box-factory\/","title":{"rendered":"Custom Protector de pantalla de vidrio templado Caja de embalaje de f\u00e1brica"},"content":{"rendered":"<h2 id=\"-customized-tempered-glass-screen-protector-packaging-box-factory-product-description-\"><strong>Personalizado protector de pantalla de vidrio templado caja de embalaje de f\u00e1brica descripci\u00f3n del producto<\/strong><\/h2>\n<h2 id=\"-i-top-and-bottom-cover-box-design-both-ritual-and-practicality-\"><strong>1. Dise\u00f1o de la tapa y la base de la caja: ritual y practicidad a la vez<\/strong><\/h2>\n<ol>\n<li><strong>Estructura cl\u00e1sica de tapa y base<\/strong>\u00a0El dise\u00f1o de la caja con tapas superior e inferior separadas es sencillo y c\u00f3modo de abrir y cerrar, lo que confiere al producto un sentido ritual \u00fanico. El cuerpo de la caja se corta mediante moldes de precisi\u00f3n, y el error se controla dentro de \u00b10,1 mm para garantizar que quede bien ajustado al cerrarse, realzando la textura de alta gama del producto.<\/li>\n<li><strong>Optimizaci\u00f3n de la protecci\u00f3n y la comodidad<\/strong>\u00a0El material del cuerpo de la caja utiliza un proceso compuesto de base de placa gris 1200GSM y papel de placa de cobre 157G, con una resistencia a la compresi\u00f3n de 50kg de presi\u00f3n est\u00e1tica sin deformaci\u00f3n, resistiendo eficazmente la extrusi\u00f3n y la colisi\u00f3n durante el transporte. Estructura de succi\u00f3n magn\u00e9tica incorporada, el error de ajuste es \u22640.2mm cuando est\u00e1 cerrada, y se puede abrir y cerrar suavemente con una sola mano, teniendo en cuenta la seguridad y la comodidad.<\/li>\n<\/ol>\n<h2 id=\"-second-orange-main-visual-design-stimulate-brand-vitality-\"><strong>2. Dise\u00f1o visual principal en naranja: estimula la vitalidad de la marca<\/strong><\/h2>\n<ol>\n<li><strong>La psicolog\u00eda del color potencia la marca<\/strong>\u00a0El naranja es el color principal, combinado con la tecnolog\u00eda de gradiente de baja saturaci\u00f3n, para transmitir vitalidad, calidez y emociones positivas. La longitud de onda naranja (590-610 nm) consigue un equilibrio entre penetraci\u00f3n visual y comodidad, lo que puede aumentar el reconocimiento en el lineal en 20%-30% y mejorar el recuerdo de la marca por parte de los consumidores.<\/li>\n<li><strong>El logotipo de la marca se presenta claramente<\/strong>\u00a0La superficie adopta la tecnolog\u00eda de impresi\u00f3n offset en cuatricrom\u00eda, admite la coincidencia precisa de los n\u00fameros de color Pantone y garantiza que no haya diferencias de color en la impresi\u00f3n. El logotipo de la marca puede combinarse con tecnolog\u00eda de estampaci\u00f3n en caliente, UV o gofrado para formar un fuerte contraste visual en la base naranja y reforzar el efecto de marca.<\/li>\n<\/ol>\n<h2 id=\"-third-customized-adaptation-solution-accurately-match-product-needs-\"><strong>3. Soluci\u00f3n de adaptaci\u00f3n personalizada: se ajusta con precisi\u00f3n a las necesidades del producto.<\/strong><\/h2>\n<ol>\n<li><strong>Personalizaci\u00f3n flexible del tipo de caja<\/strong>\u00a0Admite la adaptaci\u00f3n a tama\u00f1o completo, y puede personalizar tipos de caja exclusivos seg\u00fan el tama\u00f1o de la l\u00e1mina templada (como de 0,15 mm a 0,33 mm de grosor) y la curvatura de la superficie (2,5D\/3D\/superficie de cuatro curvas de igual profundidad). Por ejemplo:<\/li>\n<li><strong>Versi\u00f3n ultrafina<\/strong>: Adecuado para pel\u00edcula templada ultrafina de 0,15 mm, el grosor de la caja se controla dentro de 1,5 cm;<\/li>\n<li><strong>Versi\u00f3n curva<\/strong>: Dise\u00f1o en forma de U ranura soporte interior para 3D pel\u00edcula templada doblada en caliente para adaptarse a la curvatura de la pel\u00edcula.<\/li>\n<li><strong>Diversas opciones de materiales de revestimiento<\/strong>\u00a0Proporcionar opciones de forro, como flocado EVA, tela de seda, cart\u00f3n, esponja, etc:<\/li>\n<li><strong>Flocado EVA<\/strong>: Excelente rendimiento a prueba de golpes, adecuado para la protecci\u00f3n de bordes de pel\u00edcula templada de precisi\u00f3n;<\/li>\n<li><strong>Forro de tela de seda<\/strong>: Toque delicado, adecuado para envases de regalo de gama alta;<\/li>\n<li><strong>Capas de esponja<\/strong>: Se pueden guardar varias l\u00e1minas templadas en los tabiques, lo que evita ara\u00f1azos y ahorra espacio.<\/li>\n<\/ol>\n<h2 id=\"-fourth-china-s-source-factory-advantages-one-stop-service-and-cost-optimization-\"><strong>4. Ventajas de la f\u00e1brica de origen de China: servicio integral y optimizaci\u00f3n de costes.<\/strong><\/h2>\n<ol>\n<li><strong>Muestras gratuitas y apoyo al dise\u00f1o<\/strong>\u00a0Proporcionamos un servicio gratuito de pruebas, enviamos muestras f\u00edsicas en un plazo de 3 a 5 d\u00edas laborables, y apoyamos el ajuste dimensional completo del tipo de caja, la impresi\u00f3n y el forro. El equipo de dise\u00f1o puede ofrecer optimizaci\u00f3n de la estructura del envase y personalizaci\u00f3n de la soluci\u00f3n visual en funci\u00f3n del sistema de marca VI para reducir los costes de desarrollo del cliente.<\/li>\n<li><strong>Soluci\u00f3n de producci\u00f3n en serie muy rentable<\/strong>\u00a0Como f\u00e1brica de origen en Dongguan\/Shenzhen, Guangdong, adopta una l\u00ednea de producci\u00f3n automatizada y admite un pedido m\u00ednimo de 10 piezas. El coste de una sola caja es 30%-40% inferior al precio medio del mercado. Ofrece diversas opciones de envasado, como bolsas OPP, cajas bl\u00edster y cajas de colores, para satisfacer las necesidades de la log\u00edstica transfronteriza y la venta al por menor.<\/li>\n<li><strong>Garant\u00eda de calidad y certificaci\u00f3n<\/strong>\u00a0El material del revestimiento cumple las normas de grado m\u00e9dico (YY\/T 0114), y el cuerpo de la caja supera la prueba de ciclos de temperatura y humedad de -25\u2103 a 50\u2103 para garantizar la estabilidad del transporte global. Admite la certificaci\u00f3n CE y la impresi\u00f3n con tinta respetuosa con el medio ambiente, y cumple los requisitos de acceso al mercado en Europa y Estados Unidos.<\/li>\n<\/ol>\n<h2 id=\"-v-technical-parameters-and-service-process-\"><strong>5. Par\u00e1metros t\u00e9cnicos y proceso de servicio<\/strong><\/h2>\n<table>\n<thead>\n<tr>\n<th>Proyecto<\/th>\n<th>Par\u00e1metros\/Detalles del servicio<\/th>\n<\/tr>\n<\/thead>\n<tbody>\n<tr>\n<td><strong>Tipo de caja<\/strong><\/td>\n<td>Tapa superior e inferior (personalizable tipo caj\u00f3n, tipo ventana y otras variantes)<\/td>\n<\/tr>\n<tr>\n<td><strong>Material<\/strong><\/td>\n<td>Papel estucado 157G + cart\u00f3n gris 1200GSM, pel\u00edcula mate en la superficie<\/td>\n<\/tr>\n<tr>\n<td><strong>Proceso de impresi\u00f3n<\/strong><\/td>\n<td>Impresi\u00f3n offset en cuatricrom\u00eda + estampaci\u00f3n parcial UV\/en caliente, combinaci\u00f3n de colores Pantone<\/td>\n<\/tr>\n<tr>\n<td><strong>Ciclo de entrega<\/strong><\/td>\n<td>3-5 d\u00edas para muestras, 7-15 d\u00edas para producci\u00f3n en serie (se admite la entrega urgente)<\/td>\n<\/tr>\n<tr>\n<td><strong>Log\u00edstica de envases<\/strong><\/td>\n<td>Bolsa OPP independiente + caja de cart\u00f3n alveolar resistente a los golpes, admite env\u00edo directo por DHL\/FedEx<\/td>\n<\/tr>\n<\/tbody>\n<\/table>","protected":false},"excerpt":{"rendered":"<p>El tipo de caja con tapa y base est\u00e1 separado, y el m\u00e9todo de apertura y cierre es sencillo y c\u00f3modo, lo que confiere al producto un ritual \u00fanico y facilita su uso.<\/p>","protected":false},"featured_media":341,"template":"","meta":{"_kad_post_transparent":"default","_kad_post_title":"","_kad_post_layout":"default","_kad_post_sidebar_id":"","_kad_post_content_style":"default","_kad_post_vertical_padding":"default","_kad_post_feature":"","_kad_post_feature_position":"","_kad_post_header":false,"_kad_post_footer":false,"_kad_post_classname":""},"product_brand":[],"product_cat":[15,19,17],"product_tag":[108,109,110],"class_list":{"0":"post-338","1":"product","2":"type-product","3":"status-publish","4":"has-post-thumbnail","6":"product_cat-red-light-therapy","7":"product_cat-red-light-therapy-stand","8":"product_cat-services","9":"product_tag-custom-tempered-glass-packaging","10":"product_tag-screen-protector-packaging-box","11":"product_tag-screen-protector-packaging-factory","13":"first","14":"instock","15":"shipping-taxable","16":"product-type-simple","17":"entry","18":"content-bg","19":"loop-entry"},"_links":{"self":[{"href":"https:\/\/red-lighttherapy.com\/es_es\/wp-json\/wp\/v2\/product\/338","targetHints":{"allow":["GET"]}}],"collection":[{"href":"https:\/\/red-lighttherapy.com\/es_es\/wp-json\/wp\/v2\/product"}],"about":[{"href":"https:\/\/red-lighttherapy.com\/es_es\/wp-json\/wp\/v2\/types\/product"}],"wp:featuredmedia":[{"embeddable":true,"href":"https:\/\/red-lighttherapy.com\/es_es\/wp-json\/wp\/v2\/media\/341"}],"wp:attachment":[{"href":"https:\/\/red-lighttherapy.com\/es_es\/wp-json\/wp\/v2\/media?parent=338"}],"wp:term":[{"taxonomy":"product_brand","embeddable":true,"href":"https:\/\/red-lighttherapy.com\/es_es\/wp-json\/wp\/v2\/product_brand?post=338"},{"taxonomy":"product_cat","embeddable":true,"href":"https:\/\/red-lighttherapy.com\/es_es\/wp-json\/wp\/v2\/product_cat?post=338"},{"taxonomy":"product_tag","embeddable":true,"href":"https:\/\/red-lighttherapy.com\/es_es\/wp-json\/wp\/v2\/product_tag?post=338"}],"curies":[{"name":"wp","href":"https:\/\/api.w.org\/{rel}","templated":true}]}}