{"id":332,"date":"2025-04-11T02:59:08","date_gmt":"2025-04-11T02:59:08","guid":{"rendered":"https:\/\/red-lighttherapy.com\/?post_type=product&#038;p=332"},"modified":"2025-04-11T03:20:51","modified_gmt":"2025-04-11T03:20:51","slug":"oral-irrigator-dental-water-flosser-magnetic-closure-box","status":"publish","type":"product","link":"https:\/\/red-lighttherapy.com\/es_es\/oral-irrigator-dental-water-flosser-magnetic-closure-box\/","title":{"rendered":"Irrigador Bucal Dental Water Flosser Caja con Cierre Magn\u00e9tico"},"content":{"rendered":"<h2 id=\"-oral-irrigator-and-dental-flosser-magnetic-box-product-description-\"><strong>Irrigador bucal e hilo dental caja magn\u00e9tica descripci\u00f3n del producto<\/strong><\/h2>\n<h2 id=\"-i-packaging-design-and-structure-\"><strong>1. Dise\u00f1o y estructura del envase<\/strong><\/h2>\n<ol>\n<li><strong>Material y capacidad de carga<\/strong>\u00a0Utilizando papel estucado 157G como papel frontal, combinado con una base de cart\u00f3n gris de alta resistencia de 1200GSM, se forma una estructura de caja estable, que puede soportar la extrusi\u00f3n y la vibraci\u00f3n en el uso diario, garantizando la fijaci\u00f3n adecuada de instrumentos de precisi\u00f3n como los irrigadores y los hilos dentales incorporados. La resistencia a la compresi\u00f3n del cuerpo de la caja ha sido probada hasta 50 kg de presi\u00f3n est\u00e1tica sin deformaci\u00f3n, cumpliendo con los requisitos de durabilidad de los viajes y escenarios m\u00e9dicos.<\/li>\n<li><strong>Aspecto y presentaci\u00f3n de la marca<\/strong>\u00a0Con colores claros (como el verde menta y el coral claro) como base, se utilizan tonos de baja saturaci\u00f3n para crear una profunda sensaci\u00f3n de lujo, al tiempo que se presenta claramente el logotipo de la marca. El proceso de laminado de la superficie mejora el rendimiento antiincrustante y antirrayado. Se ha comprobado en laboratorio que no se encoge ni se deforma cuando se almacena a una temperatura constante de 40\u00b0C durante 72 horas, teniendo en cuenta tanto la est\u00e9tica como la practicidad.<\/li>\n<li><strong>Apertura y cierre magn\u00e9ticos y sentido de la ceremonia<\/strong>\u00a0El dise\u00f1o de la caja magn\u00e9tica en forma de libro, el coeficiente de amortiguaci\u00f3n de apertura y cierre est\u00e1 optimizado ergon\u00f3micamente a 0,3N, y puede manejarse suavemente con una sola mano. La estructura magn\u00e9tica est\u00e1 alineada con precisi\u00f3n, y el ajuste es de \u00b10,1 mm cuando est\u00e1 cerrada, lo que confiere a la acci\u00f3n de apertura una solemne sensaci\u00f3n de ceremonia, que encaja con el tono profesional de los productos m\u00e9dicos.<\/li>\n<\/ol>\n<h2 id=\"-second-customized-function-adaptation-\"><strong>2. Adaptaci\u00f3n personalizada de funciones<\/strong><\/h2>\n<ol>\n<li><strong>Tipo de caja y flexibilidad de impresi\u00f3n<\/strong>\u00a0Admite m\u00faltiples dise\u00f1os de caja (como estructura de ranura oblonga o en forma de U), adapt\u00e1ndose a las diferentes especificaciones de 30 ml a 500 ml de irrigadores bucales e hilos dentales envasados de forma independiente. El dise\u00f1o impreso puede personalizarse con logotipos m\u00e9dicos, gu\u00edas de funcionamiento o elementos de cultura de marca para transmitir con precisi\u00f3n las caracter\u00edsticas del producto y la informaci\u00f3n profesional.<\/li>\n<li><strong>Material de soporte interior y mejora de la textura<\/strong>\u00a0Proporcionamos opciones de forro de flocado EVA, tela de seda, esponja y otros materiales:<\/li>\n<li><strong>Flocado EVA<\/strong>: excelente rendimiento a prueba de golpes, adecuado para la protecci\u00f3n de cabezales de enjuague de precisi\u00f3n;<\/li>\n<li><strong>Forro de tela de seda<\/strong>: tacto delicado, mejoran la experiencia de cuidado de alta gama;<\/li>\n<li><strong>Estratificaci\u00f3n de cart\u00f3n<\/strong>: puede dividirse en particiones para almacenar los regadores y las boquillas de repuesto y optimizar as\u00ed el aprovechamiento del espacio.<\/li>\n<\/ol>\n<h2 id=\"-three-scenario-application-and-detail-optimization-\"><strong>3. Aplicaci\u00f3n de escenarios y optimizaci\u00f3n de detalles<\/strong><\/h2>\n<ol>\n<li><strong>Adaptaci\u00f3n del escenario m\u00f3vil<\/strong>\u00a0El grosor del cuerpo de la caja se controla a 1,8 cm, por lo que puede guardarse f\u00e1cilmente en el bolsillo de una camisa o en un bolso de mano. El peso total despu\u00e9s de cargar 50 hilos dentales independientes es s\u00f3lo equivalente a dos smartphones, y la portabilidad es excepcional.<\/li>\n<li><strong>Garant\u00eda de seguridad e higiene<\/strong>\u00a0Todos los materiales del revestimiento cumplen las normas de calidad m\u00e9dica (como YY\/T 0114, GB18457) para evitar la deformaci\u00f3n a alta temperatura y los riesgos de residuos qu\u00edmicos. El borde del cuerpo de la caja es redondeado, y la comodidad de agarre se mejora con 18%, lo que reduce la probabilidad de lesiones accidentales durante el funcionamiento.<\/li>\n<li><strong>Dise\u00f1o inteligente al detalle<\/strong>\u00a0El microespejo incorporado opcional en la tapa (optimizaci\u00f3n del \u00e1ngulo de visi\u00f3n de 3 cm) permite a los usuarios completar el cuidado bucal y el aseo al mismo tiempo, y los 17 ajustes de \u00e1ngulo garantizan la mejor experiencia de uso.<\/li>\n<\/ol>","protected":false},"excerpt":{"rendered":"<p>Esta caja de cierre magn\u00e9tico es f\u00e1cil de abrir y cerrar. Utiliza cart\u00f3n r\u00edgido de 157GSM y cart\u00f3n art\u00edstico gris de 1200GSM para fabricar la estructura de la caja y proteger sus productos de da\u00f1os durante el transporte.<\/p>","protected":false},"featured_media":335,"template":"","meta":{"_kad_post_transparent":"default","_kad_post_title":"","_kad_post_layout":"default","_kad_post_sidebar_id":"","_kad_post_content_style":"default","_kad_post_vertical_padding":"default","_kad_post_feature":"","_kad_post_feature_position":"","_kad_post_header":false,"_kad_post_footer":false,"_kad_post_classname":""},"product_brand":[],"product_cat":[15,28,17],"product_tag":[106,105,107],"class_list":{"0":"post-332","1":"product","2":"type-product","3":"status-publish","4":"has-post-thumbnail","6":"product_cat-red-light-therapy","7":"product_cat-customize","8":"product_cat-services","9":"product_tag-dental-water-flosser-box","10":"product_tag-oral-irrigator-box","11":"product_tag-oral-irrigator-magnetic-closure-box","13":"first","14":"instock","15":"shipping-taxable","16":"product-type-simple","17":"entry","18":"content-bg","19":"loop-entry"},"_links":{"self":[{"href":"https:\/\/red-lighttherapy.com\/es_es\/wp-json\/wp\/v2\/product\/332","targetHints":{"allow":["GET"]}}],"collection":[{"href":"https:\/\/red-lighttherapy.com\/es_es\/wp-json\/wp\/v2\/product"}],"about":[{"href":"https:\/\/red-lighttherapy.com\/es_es\/wp-json\/wp\/v2\/types\/product"}],"wp:featuredmedia":[{"embeddable":true,"href":"https:\/\/red-lighttherapy.com\/es_es\/wp-json\/wp\/v2\/media\/335"}],"wp:attachment":[{"href":"https:\/\/red-lighttherapy.com\/es_es\/wp-json\/wp\/v2\/media?parent=332"}],"wp:term":[{"taxonomy":"product_brand","embeddable":true,"href":"https:\/\/red-lighttherapy.com\/es_es\/wp-json\/wp\/v2\/product_brand?post=332"},{"taxonomy":"product_cat","embeddable":true,"href":"https:\/\/red-lighttherapy.com\/es_es\/wp-json\/wp\/v2\/product_cat?post=332"},{"taxonomy":"product_tag","embeddable":true,"href":"https:\/\/red-lighttherapy.com\/es_es\/wp-json\/wp\/v2\/product_tag?post=332"}],"curies":[{"name":"wp","href":"https:\/\/api.w.org\/{rel}","templated":true}]}}