{"id":326,"date":"2025-04-11T02:38:38","date_gmt":"2025-04-11T02:38:38","guid":{"rendered":"https:\/\/red-lighttherapy.com\/?post_type=product&#038;p=326"},"modified":"2025-04-11T02:58:59","modified_gmt":"2025-04-11T02:58:59","slug":"custom-kraft-paper-eyeglasses-glasses-drawer-box-wholesale","status":"publish","type":"product","link":"https:\/\/red-lighttherapy.com\/es_es\/custom-kraft-paper-eyeglasses-glasses-drawer-box-wholesale\/","title":{"rendered":"Cajas de Papel Kraft para Gafas al por mayor"},"content":{"rendered":"<h3 id=\"-customized-kraft-paper-glasses-drawer-box-wholesale-product-description-\"><strong>Caja de papel kraft para vasos al por mayor Descripci\u00f3n del producto<\/strong><\/h3>\n<h2 id=\"-1-innovative-triangular-shape-to-create-brand-visual-symbols-\"><strong>1. Innovadora forma triangular para crear s\u00edmbolos visuales de marca<\/strong><\/h2>\n<p>Esta caja para gafas adopta una estructura tridimensional triangular \u00fanica, que rompe con el dise\u00f1o mon\u00f3tono del cuerpo de la caja cuadrada tradicional y confiere al producto un fuerte reconocimiento e impacto visual con est\u00e9tica geom\u00e9trica. El dise\u00f1o triangular de apertura y cierre tipo caj\u00f3n no s\u00f3lo optimiza el aprovechamiento del espacio, sino que tambi\u00e9n transmite una sensaci\u00f3n de moda moderna a trav\u00e9s de l\u00edneas n\u00edtidas y bordes sim\u00e9tricos, ayudando a la marca a destacar entre envases similares y formando un punto de memoria diferenciado.<\/p>\n<h2 id=\"-2-environmentally-friendly-materials-practicing-the-concept-of-sustainable-development-\"><strong>2. Materiales respetuosos con el medio ambiente, que practican el concepto de desarrollo sostenible<\/strong><\/h2>\n<p>El cuerpo de la caja utiliza papel kraft de alta resistencia de 120 g combinado con forro de cart\u00f3n gris. En comparaci\u00f3n con el papel estucado tradicional, sus componentes de fibra de madera natural pueden degradarse r\u00e1pidamente, y no hay aditivos nocivos como agentes fluorescentes en el proceso de producci\u00f3n. El papel kraft tiene resistencia al desgaste y a la presi\u00f3n, protegiendo eficazmente los vasos de las colisiones, al tiempo que cumple las normas medioambientales internacionales y satisface las necesidades urgentes de los consumidores de envases ecol\u00f3gicos.<\/p>\n<h2 id=\"-3-printing-with-soybean-ink-to-achieve-environmental-protection-throughout-the-life-cycle-\"><strong>3. Impresi\u00f3n con tinta de soja para lograr la protecci\u00f3n del medio ambiente durante todo el ciclo de vida.<\/strong><\/h2>\n<p>El proceso de impresi\u00f3n utiliza tinta de soja (SOYBEAN OIL INK), cuya materia prima es el aceite de soja renovable. Tras su descomposici\u00f3n, puede integrarse completamente en el entorno natural sin residuos de contaminantes org\u00e1nicos vol\u00e1tiles (COV). La tinta tiene un color brillante y estable, admite la impresi\u00f3n de patrones de alta precisi\u00f3n, y la eficiencia de destintado es mayor cuando se recicla el papel usado, lo que reduce a\u00fan m\u00e1s el desperdicio de recursos.<\/p>\n<h2 id=\"-4-multi-field-adaptation-empowering-high-end-product-packaging-\"><strong>4. Adaptaci\u00f3n a m\u00faltiples campos, potenciando el envasado de productos de gama alta.<\/strong><\/h2>\n<p>La cajonera triangular, de dise\u00f1o vanguardista y compatibilidad funcional, es adecuada para:<\/p>\n<ul>\n<li><strong>Accesorios de moda<\/strong>: como gafas de sol, joyas, etc., resaltando el ligero tono lujoso del producto;<\/li>\n<li><strong>Juguetes de moda<\/strong>: Proporcione un espacio de exposici\u00f3n \u00fanico para las figuras de edici\u00f3n limitada;<\/li>\n<li><strong>Papeler\u00eda de gama alta<\/strong>: Almacene bol\u00edgrafos y herramientas art\u00edsticas para realzar la textura de la marca. Sus flexibles escenarios de aplicaci\u00f3n pueden cubrir todas las necesidades de enlace, desde la venta al por menor hasta el regalo.<\/li>\n<\/ul>\n<h2 id=\"-5-exquisite-accessory-details-to-enhance-brand-aesthetic-expression-\"><strong>5. Exquisitos detalles accesorios para realzar la expresi\u00f3n est\u00e9tica de la marca.<\/strong><\/h2>\n<p>La parte superior de la caja est\u00e1 equipada con una anilla de tirador de cinta de raso, que admite la personalizaci\u00f3n de colores exclusivos de la marca o el LOGO estampado en caliente, a\u00f1adiendo un sentido de ceremonia durante el proceso de apertura. El riel del caj\u00f3n adopta un dise\u00f1o magn\u00e9tico o a presi\u00f3n, con una almohadilla interna de franela para garantizar un arrastre suave y a prueba de golpes y ara\u00f1azos, teniendo en cuenta la practicidad y el atractivo visual.<\/p>\n<h2 id=\"-6-full-dimensional-customization-service-to-meet-personalized-needs-\"><strong>6. Servicio de personalizaci\u00f3n completa para satisfacer necesidades personalizadas<\/strong><\/h2>\n<p>Proporcionar una soluci\u00f3n de personalizaci\u00f3n \u00fanica y permitir el ajuste flexible de los siguientes par\u00e1metros:<\/p>\n<ul>\n<li><strong>Tipo de caja<\/strong>: Adem\u00e1s del modelo est\u00e1ndar de caj\u00f3n triangular, puede ampliarse a tabiques multicapa o estructuras con formas especiales;<\/li>\n<li><strong>Material<\/strong>: Papel kraft mate\/brillante opcional, o revestimiento compuesto impermeable (respetuoso con el medio ambiente);<\/li>\n<li><strong>Impresi\u00f3n<\/strong>: Admite estampaci\u00f3n en caliente, serigraf\u00eda, gofrado y otros procesos, y es adecuada para el sistema de marca VI;<\/li>\n<li><strong>Talla<\/strong>: Cubre las necesidades de cajas expositoras de un solo vaso a multirejilla, y admite el desarrollo de tama\u00f1os no est\u00e1ndar.<\/li>\n<\/ul>\n<h2 id=\"-technical-parameters-and-delivery-guarantee-\"><strong>Par\u00e1metros t\u00e9cnicos y garant\u00eda de entrega<\/strong><\/h2>\n<ul>\n<li><strong>Tama\u00f1o b\u00e1sico<\/strong>: 160-240 mm de largo \u00d7 66-120 mm de ancho \u00d7 55-120 mm de alto (ajustable);<\/li>\n<li><strong>Cantidad m\u00ednima de pedido<\/strong>: 500 piezas, soporte de verificaci\u00f3n de pruebas de lotes peque\u00f1os;<\/li>\n<li><strong>Ciclo de producci\u00f3n<\/strong>: 7-15 d\u00edas (ajustado en funci\u00f3n de la complejidad de la personalizaci\u00f3n);<\/li>\n<li><strong>Normas de inspecci\u00f3n de calidad<\/strong>: Ha superado el sistema de protecci\u00f3n medioambiental ISO 14001 y la prueba de resistencia a la presi\u00f3n de transporte.<\/li>\n<\/ul>\n<p><strong>Valor de la cooperaci\u00f3n<\/strong>: Gracias a la combinaci\u00f3n de materiales respetuosos con el medio ambiente, un dise\u00f1o innovador y una profunda personalizaci\u00f3n, este producto puede ayudar a las marcas a reducir su huella de carbono, al tiempo que mejora la experiencia del consumidor final con envases de alto valor, logrando una situaci\u00f3n beneficiosa para ambas partes de valor comercial y responsabilidad social.<\/p>","protected":false},"excerpt":{"rendered":"<p>La caja adopta una forma \u00fanica de papel de caj\u00f3n triangular, rompiendo con la forma convencional de caja cuadrada, haciendo que toda la caja y la marca relacionada de la caja sean altamente reconocibles y visualmente impactantes.<\/p>","protected":false},"featured_media":329,"template":"","meta":{"_kad_post_transparent":"default","_kad_post_title":"","_kad_post_layout":"default","_kad_post_sidebar_id":"","_kad_post_content_style":"default","_kad_post_vertical_padding":"default","_kad_post_feature":"","_kad_post_feature_position":"","_kad_post_header":false,"_kad_post_footer":false,"_kad_post_classname":""},"product_brand":[],"product_cat":[15,20,17],"product_tag":[104,102,103],"class_list":{"0":"post-326","1":"product","2":"type-product","3":"status-publish","4":"has-post-thumbnail","6":"product_cat-red-light-therapy","7":"product_cat-led-face-light-therapy","8":"product_cat-services","9":"product_tag-custom-eyeglasses-box-wholesale","10":"product_tag-eyeglasses-drawer-box","11":"product_tag-glasses-drawer-box","13":"first","14":"instock","15":"shipping-taxable","16":"product-type-simple","17":"entry","18":"content-bg","19":"loop-entry"},"_links":{"self":[{"href":"https:\/\/red-lighttherapy.com\/es_es\/wp-json\/wp\/v2\/product\/326","targetHints":{"allow":["GET"]}}],"collection":[{"href":"https:\/\/red-lighttherapy.com\/es_es\/wp-json\/wp\/v2\/product"}],"about":[{"href":"https:\/\/red-lighttherapy.com\/es_es\/wp-json\/wp\/v2\/types\/product"}],"wp:featuredmedia":[{"embeddable":true,"href":"https:\/\/red-lighttherapy.com\/es_es\/wp-json\/wp\/v2\/media\/329"}],"wp:attachment":[{"href":"https:\/\/red-lighttherapy.com\/es_es\/wp-json\/wp\/v2\/media?parent=326"}],"wp:term":[{"taxonomy":"product_brand","embeddable":true,"href":"https:\/\/red-lighttherapy.com\/es_es\/wp-json\/wp\/v2\/product_brand?post=326"},{"taxonomy":"product_cat","embeddable":true,"href":"https:\/\/red-lighttherapy.com\/es_es\/wp-json\/wp\/v2\/product_cat?post=326"},{"taxonomy":"product_tag","embeddable":true,"href":"https:\/\/red-lighttherapy.com\/es_es\/wp-json\/wp\/v2\/product_tag?post=326"}],"curies":[{"name":"wp","href":"https:\/\/api.w.org\/{rel}","templated":true}]}}