{"id":314,"date":"2025-04-11T02:01:19","date_gmt":"2025-04-11T02:01:19","guid":{"rendered":"https:\/\/red-lighttherapy.com\/?post_type=product&#038;p=314"},"modified":"2025-04-11T02:38:29","modified_gmt":"2025-04-11T02:38:29","slug":"custom-jewelry-drawer-style-rigid-packaging-boxes-wholesale","status":"publish","type":"product","link":"https:\/\/red-lighttherapy.com\/es_es\/custom-jewelry-drawer-style-rigid-packaging-boxes-wholesale\/","title":{"rendered":"Cajas de Embalaje R\u00edgidas Estilo Caj\u00f3n de Joyer\u00eda Personalizadas al por Mayor"},"content":{"rendered":"<h2 id=\"-customized-jewelry-drawer-style-hard-packaging-box-product-description-\">Cajas de Embalaje R\u00edgidas Estilo Caj\u00f3n de Joyer\u00eda Personalizadas al por Mayor<\/h2>\n<h2 id=\"-i-design-concept-dual-presentation-of-simple-aesthetics-and-ritual-sense-\"><strong>1. Concepto de dise\u00f1o: doble presentaci\u00f3n de est\u00e9tica sencilla y sentido ritual<\/strong><\/h2>\n<ol>\n<li><strong>Textura mate negro puro<\/strong>\u00a0Utiliza papel especial relleno de cuero negro puro como material exterior de la caja, y tratamiento mate de la superficie para evitar interferencias reflectantes, creando un\u00a0<strong>lujo discreto<\/strong>\u00a0efecto visual. La base negra se combina con un dise\u00f1o de l\u00edneas minimalistas para reforzar el\u00a0<strong>posicionamiento de gama alta<\/strong>, que contrasta con el brillo de las joyas, resaltando el valor fundamental del producto.<\/li>\n<li><strong>Dise\u00f1o de apertura extra\u00edble<\/strong>\u00a0Abandonando la tradicional estructura de caja de cielo y tierra, el dise\u00f1o de caj\u00f3n extra\u00edble realza la sensaci\u00f3n de ritual a trav\u00e9s de un\u00a0<strong>experiencia de apertura progresiva de cajas<\/strong>. El proceso de extracci\u00f3n va acompa\u00f1ado de una sensaci\u00f3n de amortiguaci\u00f3n sedosa, que transmite a los usuarios la expectativa psicol\u00f3gica de \"explorar tesoros\". La caja interior y el armaz\u00f3n exterior se encajan con precisi\u00f3n para garantizar una extracci\u00f3n suave y sin sacudidas, lo que mejora la comodidad del usuario.\u00a0<strong>alto sentido<\/strong>\u00a0de la experiencia del usuario.<\/li>\n<\/ol>\n<h2 id=\"-second-material-and-structure-taking-into-account-both-protection-and-uniqueness-\"><strong>2. Material y estructura: teniendo en cuenta tanto la protecci\u00f3n como la singularidad.<\/strong><\/h2>\n<ol>\n<li><strong>Material compuesto de alta resistencia<\/strong><\/li>\n<li><strong>Papel especial relleno de cuero de 120 g<\/strong>: La superficie es tan delicada como el cuero, con propiedades antidesgaste y antiincrustantes, adecuada para el almacenamiento y el transporte a largo plazo.<\/li>\n<li><strong>Cart\u00f3n gris 1200GSM<\/strong>: El cart\u00f3n gris de alta densidad proporciona\u00a0<strong>soporte superfuerte<\/strong>y la resistencia a la compresi\u00f3n del cuerpo de la caja es m\u00e1s de 2 veces superior a la norma del sector, resistiendo eficazmente la colisi\u00f3n y la extrusi\u00f3n durante el transporte.<\/li>\n<li><strong>Dise\u00f1o estructural modular<\/strong>\u00a0El cuerpo de la caja adopta una estructura dividida, que soporta\u00a0<strong>personalizaci\u00f3n flexible del tama\u00f1o<\/strong>\u00a0(admite desde un m\u00ednimo de 10 cm\u00b3 hasta un m\u00e1ximo de 50 cm\u00b3). El forro puede personalizarse con ranuras de franela EVA o compartimentos ajustables seg\u00fan la forma de las joyas, adecuados para diversas necesidades de almacenamiento, como anillos, collares y pendientes.<\/li>\n<\/ol>\n<h2 id=\"-iii-craftsmanship-details-exquisite-touch-and-brand-enhancement-\"><strong>3. Detalles artesanales: tacto exquisito y realce de la marca.<\/strong><\/h2>\n<ol>\n<li><strong>Artesan\u00eda en relieve y accesorios de cinta<\/strong><\/li>\n<li><strong>LOGO\/Patr\u00f3n tridimensional en relieve<\/strong>: Mediante el prensado de precisi\u00f3n del molde, el logotipo de la marca o el motivo personalizado se presenta en la tapa o el lateral de la caja, que tiene un tacto tridimensional y ricas capas visuales.<\/li>\n<li><strong>Anilla para tirar de la cinta y accesorios met\u00e1licos<\/strong>: La parte delantera del caj\u00f3n va a juego con una cinta de raso o una anilla met\u00e1lica del mismo color para facilitar la apertura de la caja.\u00a0<strong>atractivo visual<\/strong>La cinta se puede personalizar con el color o el texto de la marca estampados en caliente para mejorar el reconocimiento de la marca.<\/li>\n<li><strong>Protecci\u00f3n del medio ambiente y durabilidad<\/strong>\u00a0Tanto el papel de cuero como el cart\u00f3n gris cuentan con la certificaci\u00f3n FSC y cumplen\u00a0<strong>normas de protecci\u00f3n del medio ambiente<\/strong>la caja est\u00e1 pegada con cola de calidad alimentaria, que no desprende olores irritantes y garantiza la seguridad del almacenamiento de joyas.<\/li>\n<\/ol>\n<h2 id=\"-iv-customized-service-full-process-personalized-solution-\"><strong>4. Servicio a medida: soluci\u00f3n personalizada de proceso completo<\/strong><\/h2>\n<ol>\n<li><strong>Apoyo en profundidad al dise\u00f1o<\/strong><\/li>\n<li>Proporcione\u00a0<strong>Pruebas de modelado 3D<\/strong>\u00a0servicio, los clientes pueden participar en el ajuste detallado del tipo de caja, el patr\u00f3n y la estructura del revestimiento para garantizar que el grado de restauraci\u00f3n del dise\u00f1o alcance 99%.<\/li>\n<li>Admite\u00a0<strong>M\u00e1s de 20 procesos de superficie<\/strong>\u00a0como estampaci\u00f3n en caliente, UV, grabado l\u00e1ser, etc. para satisfacer diferentes requisitos de estilo (como patrones oscuros de lujo claro, l\u00e1ser de aurora, etc.).<\/li>\n<li><strong>Producci\u00f3n en serie y garant\u00eda log\u00edstica<\/strong><\/li>\n<li>Cantidad m\u00ednima de pedido\u00a0<strong>500<\/strong>Ciclo de pruebas 3-5 d\u00edas, ciclo de producci\u00f3n en serie 7-14 d\u00edas.<\/li>\n<li>Apoyar a SF Express\/Deppon Logistics en todo el pa\u00eds, proporcionar\u00a0<strong>compensaci\u00f3n de da\u00f1os<\/strong>\u00a0para garantizar una entrega sin preocupaciones.<\/li>\n<\/ol>\n<h2 id=\"-v-application-scenarios-and-brand-value-\"><strong>5. Escenarios de aplicaci\u00f3n y valor de marca<\/strong><\/h2>\n<ul>\n<li><strong>Escenarios aplicables<\/strong>Joyer\u00eda: joyer\u00edas de marca, personalizaci\u00f3n de regalos de alta gama, empaquetado de conjuntos de lujo, conjuntos de joyer\u00eda para bodas, etc.<\/li>\n<li><strong>Potenciaci\u00f3n de la marca<\/strong>: A trav\u00e9s de la\u00a0<strong>unidad visual<\/strong>\u00a0y\u00a0<strong>puntos de memoria t\u00e1ctil<\/strong> del envase, reforzar la percepci\u00f3n de los consumidores de que la marca es \"exquisita, profesional y respetuosa con el medio ambiente\", y aumentar la tasa de recompra y el potencial de comunicaci\u00f3n social.<\/li>\n<\/ul>\n<p>Esta caja de embalaje no es s\u00f3lo un contenedor, sino tambi\u00e9n un portador de historias de marca y un punto de contacto para las emociones de los usuarios, lo que le ayudar\u00e1 a destacar en el mercado de la joyer\u00eda.<\/p>","protected":false},"excerpt":{"rendered":"<p>Esta caja de papel para cajones de joyer\u00eda tiene un mayor impacto visual y una sensaci\u00f3n de ritual que el m\u00e9todo tradicional de apertura de cajas. El LOGO tiene un relieve artesanal, que a\u00f1ade una sensaci\u00f3n de refinamiento visual y una rica experiencia t\u00e1ctil.<\/p>","protected":false},"featured_media":316,"template":"","meta":{"_kad_post_transparent":"default","_kad_post_title":"","_kad_post_layout":"default","_kad_post_sidebar_id":"","_kad_post_content_style":"default","_kad_post_vertical_padding":"default","_kad_post_feature":"","_kad_post_feature_position":"","_kad_post_header":false,"_kad_post_footer":false,"_kad_post_classname":""},"product_brand":[],"product_cat":[15,20,17],"product_tag":[101,100,99],"class_list":{"0":"post-314","1":"product","2":"type-product","3":"status-publish","4":"has-post-thumbnail","6":"product_cat-red-light-therapy","7":"product_cat-led-face-light-therapy","8":"product_cat-services","9":"product_tag-custom-boxes-wholesale","10":"product_tag-jewelry-packaging-boxes","11":"product_tag-jewelry-rigid-boxes","13":"first","14":"instock","15":"shipping-taxable","16":"product-type-simple","17":"entry","18":"content-bg","19":"loop-entry"},"_links":{"self":[{"href":"https:\/\/red-lighttherapy.com\/es_es\/wp-json\/wp\/v2\/product\/314","targetHints":{"allow":["GET"]}}],"collection":[{"href":"https:\/\/red-lighttherapy.com\/es_es\/wp-json\/wp\/v2\/product"}],"about":[{"href":"https:\/\/red-lighttherapy.com\/es_es\/wp-json\/wp\/v2\/types\/product"}],"wp:featuredmedia":[{"embeddable":true,"href":"https:\/\/red-lighttherapy.com\/es_es\/wp-json\/wp\/v2\/media\/316"}],"wp:attachment":[{"href":"https:\/\/red-lighttherapy.com\/es_es\/wp-json\/wp\/v2\/media?parent=314"}],"wp:term":[{"taxonomy":"product_brand","embeddable":true,"href":"https:\/\/red-lighttherapy.com\/es_es\/wp-json\/wp\/v2\/product_brand?post=314"},{"taxonomy":"product_cat","embeddable":true,"href":"https:\/\/red-lighttherapy.com\/es_es\/wp-json\/wp\/v2\/product_cat?post=314"},{"taxonomy":"product_tag","embeddable":true,"href":"https:\/\/red-lighttherapy.com\/es_es\/wp-json\/wp\/v2\/product_tag?post=314"}],"curies":[{"name":"wp","href":"https:\/\/api.w.org\/{rel}","templated":true}]}}