{"id":302,"date":"2025-04-10T14:48:23","date_gmt":"2025-04-10T14:48:23","guid":{"rendered":"https:\/\/red-lighttherapy.com\/?post_type=product&#038;p=302"},"modified":"2025-04-11T01:44:37","modified_gmt":"2025-04-11T01:44:37","slug":"custom-triangular-packaging-rigid-boxes-wholesale-with-logo","status":"publish","type":"product","link":"https:\/\/red-lighttherapy.com\/es_es\/custom-triangular-packaging-rigid-boxes-wholesale-with-logo\/","title":{"rendered":"Cajas R\u00edgidas Triangulares Al Por Mayor Con Logotipo"},"content":{"rendered":"<h2 id=\"customized-triangular-packaging-hard-box-products\">Cajas R\u00edgidas Triangulares Al Por Mayor Con Logotipo<\/h2>\n<h2 id=\"-1-unique-design-subverting-traditional-visual-experience-\"><strong>1. Dise\u00f1o \u00fanico que subvierte la experiencia visual tradicional<\/strong><\/h2>\n<p>Esta caja de embalaje adopta una innovadora estructura triangular tridimensional, que rompe las limitaciones de las cajas cuadradas convencionales y utiliza la est\u00e9tica geom\u00e9trica para potenciar el reconocimiento de la marca y el impacto visual.<\/p>\n<h2 id=\"-2-minimalist-aesthetic-design-strengthening-brand-memory-\"><strong>2. Dise\u00f1o est\u00e9tico minimalista, que refuerza el recuerdo de la marca<\/strong><\/h2>\n<p>El embalaje se basa en los cl\u00e1sicos colores blanco y negro. Todo el cuerpo es de cart\u00f3n negro puro con un montaje de cart\u00f3n negro y gris de 1200 g por una sola cara. Tiene un tacto delicado y una textura gruesa, manteniendo perfectamente la forma tridimensional de la caja dura triangular. La superficie de la caja est\u00e1 adornada con texto o gr\u00e1ficos blancos de la marca, formando un fuerte contraste visual, que es sencillo y atmosf\u00e9rico a la vez que transmite el tono de alta gama de la marca. La parte del logotipo adopta la tecnolog\u00eda de estampaci\u00f3n en caliente para realzar la textura mediante el brillo met\u00e1lico. Tambi\u00e9n puede personalizarse a petici\u00f3n para UV local, gofrado, mate y otros procesos para satisfacer las diversas necesidades de expresi\u00f3n de la marca.<\/p>\n<h2 id=\"-3-environmentally-friendly-materials-and-craftsmanship-taking-into-account-both-quality-and-sustainability-\"><strong>3. Materiales y artesan\u00eda respetuosos con el medio ambiente, teniendo en cuenta tanto la calidad como la sostenibilidad.<\/strong><\/h2>\n<ul>\n<li><strong>Material principal<\/strong>: Cart\u00f3n negro ecol\u00f3gico de pulpa de madera seleccionada, con un valor PH neutro, reciclable 100% y conforme a las normas medioambientales internacionales; el forro de cart\u00f3n gris de alta densidad de 1200 g garantiza que la caja sea resistente y duradera.<\/li>\n<li><strong>Artesan\u00eda<\/strong>: La superficie puede recubrirse opcionalmente con pel\u00edcula\/subpel\u00edcula brillante, relieve, etc. para mejorar el rendimiento impermeable y antiincrustante; la estampaci\u00f3n en caliente, los rayos UV y otros procesos utilizan tintas no t\u00f3xicas y respetuosas con el medio ambiente y superan la certificaci\u00f3n SGS.<\/li>\n<\/ul>\n<h2 id=\"-4-customized-inner-support-solution-precise-adaptation-to-product-protection-\"><strong>4. Soluci\u00f3n de soporte interior personalizada, adaptaci\u00f3n precisa a la protecci\u00f3n del producto.<\/strong><\/h2>\n<p>De acuerdo con las caracter\u00edsticas de los productos de los clientes, proporcionamos una variedad de materiales de soporte interior respetuosos con el medio ambiente, como esponja, EVA, algod\u00f3n perlado, etc., y conseguimos un ajuste perfecto con la forma del producto mediante una apertura precisa del molde para evitar sacudidas durante el transporte. El soporte interior puede dise\u00f1arse como estructura seccional, tipo bl\u00edster o estructura de forro blando, adecuada para diferentes categor\u00edas como joyer\u00eda, accesorios electr\u00f3nicos e instrumentos de precisi\u00f3n.<\/p>\n<h2 id=\"-5-wide-application-fields-and-brand-empowerment-\"><strong>5. Amplios campos de aplicaci\u00f3n y potenciaci\u00f3n de la marca<\/strong><\/h2>\n<p>Esta caja de embalaje triangular est\u00e1 dise\u00f1ada para productos de alto valor a\u00f1adido, que abarcan las siguientes industrias:<\/p>\n<ul>\n<li><strong>Accesorios de moda<\/strong>: como la joyer\u00eda ligera de lujo y la joyer\u00eda de dise\u00f1o, resaltando el tono art\u00edstico.<\/li>\n<li><strong>Juguetes de moda<\/strong>: como cajas ciegas y figuras, que atraen a grupos de consumidores j\u00f3venes gracias a sus formas \u00fanicas.<\/li>\n<li><strong>Papeler\u00eda de gama alta<\/strong>: como bol\u00edgrafos de edici\u00f3n limitada y cuadernos de arte, que realzan los atributos del regalo.<\/li>\n<li><strong>Comida\/t\u00e9<\/strong>: puede combinarse con tecnolog\u00eda de estampaci\u00f3n en caliente y forro a prueba de humedad, adecuado para cajas de regalo navide\u00f1as.<\/li>\n<\/ul>\n<h2 id=\"-6-leading-enterprise-strength-guarantee-full-link-service-support-\"><strong>6. Garant\u00eda de solidez de empresa l\u00edder, soporte de servicio de enlace completo<\/strong><\/h2>\n<p>Como empresa l\u00edder en la industria de la impresi\u00f3n y el envasado, hemos prestado servicio a m\u00e1s de 2.500 marcas nacionales y extranjeras y ofrecemos las siguientes ventajas fundamentales:<\/p>\n<ul>\n<li><strong>Producci\u00f3n flexible<\/strong>Soporte 500 piezas de pedido m\u00ednimo, capacidad de producci\u00f3n diaria de millones, para satisfacer las necesidades de los pedidos urgentes.<\/li>\n<li><strong>Servicio completo de procesos<\/strong>desde la optimizaci\u00f3n del borrador del dise\u00f1o (admite formato AI\/CDR\/AI), la confirmaci\u00f3n de las pruebas hasta la producci\u00f3n en serie, 7-14 d\u00edas de entrega extremadamente r\u00e1pida.<\/li>\n<li><strong>Garant\u00eda posventa<\/strong>: Proporcionamos servicios de compensaci\u00f3n de da\u00f1os, seguimiento log\u00edstico y gesti\u00f3n de almacenes, y el tiempo de respuesta posventa es inferior a 24 horas.<\/li>\n<\/ul>\n<h2 id=\"-technical-parameters-\"><strong>Par\u00e1metros t\u00e9cnicos<\/strong><\/h2>\n<table>\n<thead>\n<tr>\n<th>Proyecto<\/th>\n<th>Especificaciones<\/th>\n<\/tr>\n<\/thead>\n<tbody>\n<tr>\n<td>Material<\/td>\n<td>Cart\u00f3n negro respetuoso con el medio ambiente + cartulina gris negra por una cara de 1200 g<\/td>\n<\/tr>\n<tr>\n<td>Proceso<\/td>\n<td>Estampaci\u00f3n en caliente \/ UV directo \/ gofrado \/ laminado (opcional)<\/td>\n<\/tr>\n<tr>\n<td>Talla<\/td>\n<td>Admite personalizaci\u00f3n de 1-100 cm<\/td>\n<\/tr>\n<tr>\n<td>Cantidad m\u00ednima de pedido<\/td>\n<td>500 piezas<\/td>\n<\/tr>\n<tr>\n<td>Ciclo de entrega<\/td>\n<td>7-14 d\u00edas (ajustado en funci\u00f3n de la complejidad del proceso)<\/td>\n<\/tr>\n<\/tbody>\n<\/table>\n<h2 id=\"-cooperation-process-\"><strong>Proceso de cooperaci\u00f3n<\/strong><\/h2>\n<ol>\n<li><strong>Demanda de confirmaci\u00f3n<\/strong>: Proporcione el tama\u00f1o del producto, el proyecto de dise\u00f1o y los requisitos del proceso.<\/li>\n<li><strong>Revisi\u00f3n de pruebas<\/strong>: Proporcione cajas de muestras f\u00edsicas en un plazo de 3 a 5 d\u00edas laborables.<\/li>\n<li><strong>Producci\u00f3n en serie<\/strong>: Iniciar la producci\u00f3n tras el pago por adelantado y supervisar la inspecci\u00f3n de calidad durante todo el proceso.<\/li>\n<li><strong>Entrega log\u00edstica<\/strong>: Respaldar el transporte mundial de mercanc\u00edas y ofrecer soluciones de embalaje a prueba de golpes.<\/li>\n<\/ol>","protected":false},"excerpt":{"rendered":"<p>Esta caja adopta una forma triangular \u00fanica, rompiendo con la forma convencional de caja cuadrada. La caja superior e inferior es f\u00e1cil de abrir y cerrar, lo que mejora la experiencia de desembalaje.<\/p>","protected":false},"featured_media":305,"template":"","meta":{"_kad_post_transparent":"default","_kad_post_title":"","_kad_post_layout":"default","_kad_post_sidebar_id":"","_kad_post_content_style":"default","_kad_post_vertical_padding":"default","_kad_post_feature":"","_kad_post_feature_position":"","_kad_post_header":false,"_kad_post_footer":false,"_kad_post_classname":""},"product_brand":[],"product_cat":[15,19,17],"product_tag":[95,93,94],"class_list":{"0":"post-302","1":"product","2":"type-product","3":"status-publish","4":"has-post-thumbnail","6":"product_cat-red-light-therapy","7":"product_cat-red-light-therapy-stand","8":"product_cat-services","9":"product_tag-triangular-boxes-wholesale","10":"product_tag-triangular-packaging-boxes","11":"product_tag-triangular-rigid-boxes","13":"first","14":"instock","15":"shipping-taxable","16":"product-type-simple","17":"entry","18":"content-bg","19":"loop-entry"},"_links":{"self":[{"href":"https:\/\/red-lighttherapy.com\/es_es\/wp-json\/wp\/v2\/product\/302","targetHints":{"allow":["GET"]}}],"collection":[{"href":"https:\/\/red-lighttherapy.com\/es_es\/wp-json\/wp\/v2\/product"}],"about":[{"href":"https:\/\/red-lighttherapy.com\/es_es\/wp-json\/wp\/v2\/types\/product"}],"wp:featuredmedia":[{"embeddable":true,"href":"https:\/\/red-lighttherapy.com\/es_es\/wp-json\/wp\/v2\/media\/305"}],"wp:attachment":[{"href":"https:\/\/red-lighttherapy.com\/es_es\/wp-json\/wp\/v2\/media?parent=302"}],"wp:term":[{"taxonomy":"product_brand","embeddable":true,"href":"https:\/\/red-lighttherapy.com\/es_es\/wp-json\/wp\/v2\/product_brand?post=302"},{"taxonomy":"product_cat","embeddable":true,"href":"https:\/\/red-lighttherapy.com\/es_es\/wp-json\/wp\/v2\/product_cat?post=302"},{"taxonomy":"product_tag","embeddable":true,"href":"https:\/\/red-lighttherapy.com\/es_es\/wp-json\/wp\/v2\/product_tag?post=302"}],"curies":[{"name":"wp","href":"https:\/\/api.w.org\/{rel}","templated":true}]}}