{"id":296,"date":"2025-04-10T14:37:20","date_gmt":"2025-04-10T14:37:20","guid":{"rendered":"https:\/\/red-lighttherapy.com\/?post_type=product&#038;p=296"},"modified":"2025-04-10T14:47:44","modified_gmt":"2025-04-10T14:47:44","slug":"wholesale-perfume-cosmetic-packaging-gift-boxes-supplier","status":"publish","type":"product","link":"https:\/\/red-lighttherapy.com\/es_es\/wholesale-perfume-cosmetic-packaging-gift-boxes-supplier\/","title":{"rendered":"Venta al por mayor Perfume Cosm\u00e9ticos Embalaje Cajas de Regalo Proveedor"},"content":{"rendered":"<h3 id=\"product-description-of-perfume-and-cosmetics-gift-box-with-top-and-bottom-cover\">Venta al por mayor Perfume Cosm\u00e9ticos Embalaje Cajas de Regalo Proveedor<\/h3>\n<h2 id=\"-1-top-and-bottom-cover-box-design-combining-practicality-and-aesthetic-value-\"><strong>1. Dise\u00f1o de caja superior e inferior, que combina practicidad y valor est\u00e9tico<\/strong><\/h2>\n<p>Esta caja de regalo adopta el cl\u00e1sico tipo de caja de tapa superior e inferior, con una estructura sencilla y estable. La tapa superior y la caja inferior est\u00e1n conectadas por enchufe preciso o succi\u00f3n magn\u00e9tica, que es conveniente para abrir y cerrar y lleno de sentido ritual.<\/p>\n<h2 id=\"-2-high-standard-material-combination-taking-into-account-both-protection-and-texture-\"><strong>2. Combinaci\u00f3n de materiales de alto nivel, teniendo en cuenta tanto la protecci\u00f3n como la textura.<\/strong><\/h2>\n<ul>\n<li><strong>Material de la caja exterior<\/strong>: 157g laminaci\u00f3n de papel recubierto + 1200G cart\u00f3n gris se seleccionan, que tiene una alta rigidez y resistencia a la presi\u00f3n fuerte, puede resistir eficazmente la colisi\u00f3n y la extrusi\u00f3n durante el transporte, y garantizar la seguridad de los productos internos.<\/li>\n<li><strong>Dise\u00f1o de la caja interior<\/strong>: La superficie de la caja interior adopta el proceso de efecto flash plateado, combinado con la tecnolog\u00eda de serigraf\u00eda o huecograbado, presentando un brillo met\u00e1lico y un tacto delicado, realzando el lujo del conjunto del envase.<\/li>\n<\/ul>\n<h2 id=\"-3-high-end-craft-details-creating-a-dual-visual-and-tactile-experience-\"><strong>3. Detalles artesanales de alta gama, que crean una doble experiencia visual y t\u00e1ctil<\/strong><\/h2>\n<ul>\n<li><strong>Artesan\u00eda en relieve<\/strong>: La superficie de la caja exterior est\u00e1 moldeada con motivos o logotipos de marca mediante tecnolog\u00eda de gofrado tridimensional para realzar el refinamiento visual y la estratificaci\u00f3n t\u00e1ctil.<\/li>\n<li><strong>Plata caliente y UV parcial<\/strong>: El logotipo y el texto de la superficie de la caja son de color plata caliente, con una cobertura parcial de barniz UV, formando un contraste mate y brillante, que resalta a\u00fan m\u00e1s el tono de la marca y el grado del producto.<\/li>\n<\/ul>\n<h2 id=\"-4-customized-lining-structure-all-round-product-protection-\"><strong>4. Estructura de revestimiento personalizada, protecci\u00f3n integral del producto<\/strong><\/h2>\n<p>La bandeja interior est\u00e1 hecha de material EVA negro, con suave terciopelo en la superficie, que no s\u00f3lo puede fijar frascos de perfume o cosm\u00e9ticos, sino tambi\u00e9n amortiguar las vibraciones y evitar ara\u00f1azos. Admite una personalizaci\u00f3n a medida y puede sustituirse por espuma de alta densidad, flocado o materiales degradables seg\u00fan las necesidades del cliente para adaptarse a la forma y las necesidades de protecci\u00f3n de los distintos productos.<\/p>\n<h2 id=\"-5-simple-aesthetic-design-conveying-the-high-end-image-of-the-brand-\"><strong>5. Dise\u00f1o est\u00e9tico sencillo, que transmite la imagen de gama alta de la marca.<\/strong><\/h2>\n<p>El envase general es principalmente negro y plateado, con un LOGO de la marca y un dise\u00f1o de texto sencillos, que crean un estilo visual de gama alta, moderno y profesional. El lenguaje del dise\u00f1o sigue el principio de \"menos es m\u00e1s\" y refuerza el reconocimiento de la marca mediante el contraste de colores y el tratamiento de los espacios en blanco.<\/p>\n<h2 id=\"-6-personalized-customization-service-to-meet-diverse-needs-\"><strong>6. Servicio de personalizaci\u00f3n para satisfacer necesidades diversas<\/strong><\/h2>\n<p>Ofrecemos servicios integrales de personalizaci\u00f3n, desde el dise\u00f1o hasta la producci\u00f3n:<\/p>\n<ul>\n<li><strong>Innovaci\u00f3n estructural<\/strong>: Admite la tapa de cintura expuesta, de boca oblicua, acr\u00edlica transparente y otros tipos de cajas derivadas de tapa superior e inferior, y puede combinarse con estructuras creativas como la rotaci\u00f3n y la iluminaci\u00f3n para potenciar la interactividad.<\/li>\n<li><strong>Proceso flexible<\/strong>: Admite impresi\u00f3n offset, huecograbado, estampaci\u00f3n en caliente, serigraf\u00eda y otras combinaciones de procesos para satisfacer las necesidades de pedidos personalizados de lotes peque\u00f1os.<\/li>\n<li><strong>Adaptaci\u00f3n de la marca<\/strong>: Se puede realizar una gesti\u00f3n precisa del color de acuerdo con la carta de colores de la marca del cliente para garantizar que el efecto de impresi\u00f3n sea muy coherente con el est\u00e1ndar de la marca.<\/li>\n<\/ul>\n<h2 id=\"-7-large-scale-production-capacity-to-ensure-quality-and-delivery-\"><strong>7. Capacidad de producci\u00f3n a gran escala para garantizar la calidad y la entrega<\/strong><\/h2>\n<p>La f\u00e1brica ocupa una superficie de 5.320 metros cuadrados y cuenta con 16 a\u00f1os de experiencia profesional en producci\u00f3n. Est\u00e1 equipada con l\u00edneas de producci\u00f3n automatizadas y equipos de impresi\u00f3n avanzados (como m\u00e1quinas de impresi\u00f3n offset y m\u00e1quinas de impresi\u00f3n UV). Mediante procesos estandarizados y estrictos sistemas de inspecci\u00f3n de calidad, se consigue una producci\u00f3n diaria de m\u00e1s de 100.000 piezas para garantizar la entrega estable y la consistencia de la calidad de los pedidos de gran volumen.<\/p>\n<h2 id=\"-advantages-of-cooperation-\"><strong>Ventajas de la cooperaci\u00f3n<\/strong>:<\/h2>\n<ul>\n<li><strong>Optimizaci\u00f3n de costes<\/strong>: Proporcionar a los clientes soluciones rentables mediante la adquisici\u00f3n a gran escala y la optimizaci\u00f3n de los procesos de producci\u00f3n.<\/li>\n<li><strong>Concepto de protecci\u00f3n del medio ambiente<\/strong>: Materiales ecol\u00f3gicos opcionales (como cart\u00f3n reciclado, EVA degradable) para responder a la tendencia del desarrollo sostenible.<\/li>\n<li><strong>Asistencia posventa<\/strong>: Proporcionamos servicios de proceso completo, como revisi\u00f3n de borradores de dise\u00f1o, confirmaci\u00f3n de pruebas, seguimiento log\u00edstico, etc., y prometemos garant\u00eda de devoluci\u00f3n y cambio en caso de problemas de calidad.<\/li>\n<\/ul>","protected":false},"excerpt":{"rendered":"<p>Se trata de una caja de tapa y fondo con una estructura sencilla y elegante, f\u00e1cil de abrir y cerrar, y artesan\u00eda en relieve, que a\u00f1ade una sensaci\u00f3n de refinamiento visual y una rica experiencia t\u00e1ctil.<\/p>","protected":false},"featured_media":298,"template":"","meta":{"_kad_post_transparent":"default","_kad_post_title":"","_kad_post_layout":"default","_kad_post_sidebar_id":"","_kad_post_content_style":"default","_kad_post_vertical_padding":"default","_kad_post_feature":"","_kad_post_feature_position":"","_kad_post_header":false,"_kad_post_footer":false,"_kad_post_classname":""},"product_brand":[],"product_cat":[15,28,19,17],"product_tag":[91,90,92],"class_list":{"0":"post-296","1":"product","2":"type-product","3":"status-publish","4":"has-post-thumbnail","6":"product_cat-red-light-therapy","7":"product_cat-customize","8":"product_cat-red-light-therapy-stand","9":"product_cat-services","10":"product_tag-cosmetic-packaging-supplier","11":"product_tag-perfume-boxes","12":"product_tag-perfume-cosmetic-gift-boxes","14":"first","15":"instock","16":"shipping-taxable","17":"product-type-simple","18":"entry","19":"content-bg","20":"loop-entry"},"_links":{"self":[{"href":"https:\/\/red-lighttherapy.com\/es_es\/wp-json\/wp\/v2\/product\/296","targetHints":{"allow":["GET"]}}],"collection":[{"href":"https:\/\/red-lighttherapy.com\/es_es\/wp-json\/wp\/v2\/product"}],"about":[{"href":"https:\/\/red-lighttherapy.com\/es_es\/wp-json\/wp\/v2\/types\/product"}],"wp:featuredmedia":[{"embeddable":true,"href":"https:\/\/red-lighttherapy.com\/es_es\/wp-json\/wp\/v2\/media\/298"}],"wp:attachment":[{"href":"https:\/\/red-lighttherapy.com\/es_es\/wp-json\/wp\/v2\/media?parent=296"}],"wp:term":[{"taxonomy":"product_brand","embeddable":true,"href":"https:\/\/red-lighttherapy.com\/es_es\/wp-json\/wp\/v2\/product_brand?post=296"},{"taxonomy":"product_cat","embeddable":true,"href":"https:\/\/red-lighttherapy.com\/es_es\/wp-json\/wp\/v2\/product_cat?post=296"},{"taxonomy":"product_tag","embeddable":true,"href":"https:\/\/red-lighttherapy.com\/es_es\/wp-json\/wp\/v2\/product_tag?post=296"}],"curies":[{"name":"wp","href":"https:\/\/api.w.org\/{rel}","templated":true}]}}