{"id":284,"date":"2025-04-10T14:14:31","date_gmt":"2025-04-10T14:14:31","guid":{"rendered":"https:\/\/red-lighttherapy.com\/?post_type=product&#038;p=284"},"modified":"2025-04-10T14:24:36","modified_gmt":"2025-04-10T14:24:36","slug":"wholesale-custom-cosmetic-essential-oil-packaging-boxes","status":"publish","type":"product","link":"https:\/\/red-lighttherapy.com\/es_es\/wholesale-custom-cosmetic-essential-oil-packaging-boxes\/","title":{"rendered":"Mayorista Cajas de Envasado de Aceites Esenciales Cosm\u00e9ticos Personalizadas"},"content":{"rendered":"<h3 id=\"high-end-customized-cosmetic-essential-oil-packaging-box-a-comprehensive-solution-that-integrates-craft-aesthetics-and-functionality\">Venta al por mayor de cajas personalizadas para el envasado de aceites esenciales cosm\u00e9ticos: una soluci\u00f3n completa que integra est\u00e9tica artesanal y funcionalidad<\/h3>\n<h2 id=\"-i-visual-core-the-ultimate-collision-of-single-black-printing-and-hot-stamping-technology-\"><strong>1. N\u00facleo visual: la colisi\u00f3n definitiva de la impresi\u00f3n en negro simple y la tecnolog\u00eda de estampaci\u00f3n en caliente.<\/strong><\/h2>\n<ol>\n<li><strong>Impresi\u00f3n \u00fanica en negro<\/strong>: Gracias a la tecnolog\u00eda de tinta negra pura C0\/M0\/Y0\/K100, presenta un color de fondo profundo con una delicada precisi\u00f3n de impresi\u00f3n, evita el riesgo de errores de sobreimpresi\u00f3n en cuatricrom\u00eda y garantiza que los bordes del LOGOTIPO y el texto sean n\u00edtidos y claros. El fondo negro es tan misterioso como la noche, inyectando un tono visual de alta gama y estable a la marca, al tiempo que refuerza la est\u00e9tica minimalista del logotipo de la marca mediante el dise\u00f1o en blanco.<\/li>\n<li><strong>Tecnolog\u00eda de estampaci\u00f3n en caliente<\/strong>: El LOGOTIPO utiliza la tecnolog\u00eda de estampaci\u00f3n en caliente con l\u00e1mina de oro de 24 quilates, que se adhiere con precisi\u00f3n a la superficie de la caja mediante el grabado en relieve a alta temperatura, y el brillo met\u00e1lico forma un fuerte contraste con el negro mate. La capa de estampaci\u00f3n en caliente tiene un grosor de 0,1 mm, es resistente al desgaste y a la oxidaci\u00f3n, y presenta un din\u00e1mico efecto de serpentina bajo la refracci\u00f3n de la luz, resaltando la lujosa textura de la marca.<\/li>\n<\/ol>\n<h2 id=\"-second-structural-innovation-sky-and-earth-box-and-ritual-opening-and-closing-design-\"><strong>2. Innovaci\u00f3n estructural: caja de cielo y tierra y dise\u00f1o ritual de apertura y cierre<\/strong><\/h2>\n<ol>\n<li><strong>Estructura de caja de cielo y tierra<\/strong>: La cubierta superior (cielo) y la caja inferior (suelo) se forman independientemente, adoptando un dise\u00f1o de suelo a cielo, incrustado con un sustrato de cart\u00f3n gris 1200GSM de 1,2mm de espesor, con una resistencia a la compresi\u00f3n de 50kg\/\u33a1, asegurando la resistencia al impacto durante el transporte. El borde del cuerpo de la caja se procesa con un proceso de biselado de 5 mm, y la apertura y el cierre son suaves y sin atascos.<\/li>\n<li><strong>Textura de rejilla y sentido ritual<\/strong>: La superficie de la caja est\u00e1 integrada con rejillas geom\u00e9tricas en relieve, con una profundidad de 0,3 mm, y se consigue un tacto tridimensional mediante el estampado en molde; la estructura magn\u00e9tica de apertura y cierre (fuerza magn\u00e9tica \u22651,2N) se combina con una anilla oculta para tirar de la cinta, teniendo en cuenta la practicidad y el sentido ritual del unboxing.<\/li>\n<\/ol>\n<h2 id=\"-third-material-and-adaptation-dual-guarantee-of-performance-and-aesthetics-\"><strong>3. Material y adaptaci\u00f3n: doble garant\u00eda de rendimiento y est\u00e9tica<\/strong><\/h2>\n<ol>\n<li><strong>Material de la caja exterior<\/strong>:<\/li>\n<li><strong>Papel facial<\/strong>: 157G papel doble cobre, la superficie es mate aceitado, tacto delicado y anti-huella digital.<\/li>\n<li><strong>Forro interior<\/strong>: Cart\u00f3n gris 1200GSM, densidad 0,92g\/cm\u00b3, el rendimiento de carga es 30% mejor que el cart\u00f3n ordinario.<\/li>\n<li><strong>Soluci\u00f3n de bandeja interior personalizada<\/strong>:<\/li>\n<li><strong>Opciones de material<\/strong>: Flocaje (pelo corto de 0,5 mm, opcional rojo vino\/verde oscuro), cartulina (cartulina blanca doble 350G), tela de seda (jacquard de seda).<\/li>\n<li><strong>Dise\u00f1o funcional<\/strong>: La bandeja interior de espuma EVA (densidad 38D-60D) est\u00e1 ranurada con precisi\u00f3n, es adecuada para botellas de aceite esencial de 5-100 ml, y el rendimiento antis\u00edsmico ha superado la certificaci\u00f3n ISTA 3A.<\/li>\n<\/ol>\n<h2 id=\"-fourth-flexible-customization-various-box-types-and-printing-adaptation-\"><strong>4. Personalizaci\u00f3n flexible: varios tipos de caja y adaptaci\u00f3n de impresi\u00f3n.<\/strong><\/h2>\n<ol>\n<li><strong>Biblioteca tipo caja<\/strong>: Proporciona 8 tipos b\u00e1sicos de cajas, como tapas superior e inferior, tipo caj\u00f3n, cajas con forma de libro, etc., admite el corte de formas especiales (como aberturas de ventana hexagonales y curvas), y es adecuado para regalos de empresa, expositores minoristas y otros escenarios.<\/li>\n<li><strong>Dise\u00f1o de impresi\u00f3n<\/strong>: Admite m\u00faltiples combinaciones de procesos, como color directo Pantone, UV parcial, relieve, etc., con una cantidad m\u00ednima de pedido de 500 piezas por lote y un ciclo de pruebas de 3 a 5 d\u00edas, lo que satisface las necesidades de iteraci\u00f3n r\u00e1pida, como las ediciones limitadas de vacaciones y los art\u00edculos de marca compartida.<\/li>\n<\/ol>\n<h2 id=\"-v-quality-commitment-and-value-added-services-\"><strong>5. Compromiso de calidad y servicios de valor a\u00f1adido<\/strong><\/h2>\n<ul>\n<li><strong>Norma de control de calidad<\/strong>: Certificaci\u00f3n medioambiental SGS superada (detecci\u00f3n de metales pesados y migraci\u00f3n), admite pruebas de resistencia a la temperatura y la humedad durante 48 horas (ciclo de -20\u2103~60\u2103).<\/li>\n<li><strong>Enlace de servicio<\/strong>: Proporciona una soluci\u00f3n integral para pruebas de modelado 3D, almacenamiento y distribuci\u00f3n, y log\u00edstica transfronteriza (DDP\/DDU), con una cantidad m\u00ednima de pedido de 500 piezas y un ciclo de entrega de 7-14 d\u00edas.<\/li>\n<\/ul>","protected":false},"excerpt":{"rendered":"<p>El exclusivo dise\u00f1o de rejilla de la tapa y la base de la caja se combina con un m\u00e9todo ceremonial de apertura y cierre, que es a la vez distintivo y c\u00f3modo de usar.<\/p>","protected":false},"featured_media":289,"template":"","meta":{"_kad_post_transparent":"default","_kad_post_title":"","_kad_post_layout":"default","_kad_post_sidebar_id":"","_kad_post_content_style":"default","_kad_post_vertical_padding":"default","_kad_post_feature":"","_kad_post_feature_position":"","_kad_post_header":false,"_kad_post_footer":false,"_kad_post_classname":""},"product_brand":[],"product_cat":[15,28,19,17],"product_tag":[85,86,80],"class_list":{"0":"post-284","1":"product","2":"type-product","3":"status-publish","4":"has-post-thumbnail","6":"product_cat-red-light-therapy","7":"product_cat-customize","8":"product_cat-red-light-therapy-stand","9":"product_cat-services","10":"product_tag-cosmetic-packaging","11":"product_tag-custom-cosmetic-essential-oil-packaging","12":"product_tag-essential-oil-packaging","14":"first","15":"instock","16":"shipping-taxable","17":"product-type-simple","18":"entry","19":"content-bg","20":"loop-entry"},"_links":{"self":[{"href":"https:\/\/red-lighttherapy.com\/es_es\/wp-json\/wp\/v2\/product\/284","targetHints":{"allow":["GET"]}}],"collection":[{"href":"https:\/\/red-lighttherapy.com\/es_es\/wp-json\/wp\/v2\/product"}],"about":[{"href":"https:\/\/red-lighttherapy.com\/es_es\/wp-json\/wp\/v2\/types\/product"}],"wp:featuredmedia":[{"embeddable":true,"href":"https:\/\/red-lighttherapy.com\/es_es\/wp-json\/wp\/v2\/media\/289"}],"wp:attachment":[{"href":"https:\/\/red-lighttherapy.com\/es_es\/wp-json\/wp\/v2\/media?parent=284"}],"wp:term":[{"taxonomy":"product_brand","embeddable":true,"href":"https:\/\/red-lighttherapy.com\/es_es\/wp-json\/wp\/v2\/product_brand?post=284"},{"taxonomy":"product_cat","embeddable":true,"href":"https:\/\/red-lighttherapy.com\/es_es\/wp-json\/wp\/v2\/product_cat?post=284"},{"taxonomy":"product_tag","embeddable":true,"href":"https:\/\/red-lighttherapy.com\/es_es\/wp-json\/wp\/v2\/product_tag?post=284"}],"curies":[{"name":"wp","href":"https:\/\/api.w.org\/{rel}","templated":true}]}}