{"id":278,"date":"2025-04-10T14:03:32","date_gmt":"2025-04-10T14:03:32","guid":{"rendered":"https:\/\/red-lighttherapy.com\/?post_type=product&#038;p=278"},"modified":"2025-04-10T14:14:16","modified_gmt":"2025-04-10T14:14:16","slug":"custom-printed-logo-essential-oil-box-packaging-wholesale","status":"publish","type":"product","link":"https:\/\/red-lighttherapy.com\/es_es\/custom-printed-logo-essential-oil-box-packaging-wholesale\/","title":{"rendered":"Caja de aceite esencial con logotipo impreso al por mayor"},"content":{"rendered":"<h2 id=\"-customized-printed-logo-essential-oil-box-packaging-wholesale-product-description-\">Caja de aceite esencial con logotipo impreso al por mayor<\/h2>\n<h2 id=\"-i-visual-aesthetics-and-craft-design-\"><strong>1. Est\u00e9tica visual y dise\u00f1o artesanal<\/strong><\/h2>\n<ol>\n<li><strong>Est\u00e9tica avanzada de tonos negros<\/strong>\u00a0Utilizando el negro intenso como color principal, combinado con el mate y el procesado de luz local, se presenta un impacto visual discreto y lujoso a trav\u00e9s de la refracci\u00f3n de la luz y la sombra. El proceso UV de versi\u00f3n completa cubre el cuerpo de la caja para mejorar la resistencia al desgaste y el brillo de la superficie. Al tiempo que mantiene el tono negro tranquilo, confiere al envase niveles din\u00e1micos de luz y sombra, mejorando significativamente el reconocimiento de la marca.<\/li>\n<li><strong>Estampaci\u00f3n en caliente LOGO<\/strong>\u00a0El LOGOTIPO adopta el proceso de estampaci\u00f3n en caliente en relieve, y forma una textura tridimensional c\u00f3ncava y convexa mediante prensado en caliente en molde de alta precisi\u00f3n, superpuesta con l\u00e1mina met\u00e1lica (oro opcional, oro rosa u oro de color l\u00e1ser), que es delicada al tacto y visualmente brillante. Este proceso no s\u00f3lo refuerza el tono de la marca, sino que tambi\u00e9n puede utilizarse como marca antifalsificaci\u00f3n para aumentar el espacio premium del producto.<\/li>\n<\/ol>\n<h2 id=\"-second-structural-design-and-material-guarantee-\"><strong>2. Dise\u00f1o estructural y garant\u00eda de materiales<\/strong><\/h2>\n<ol>\n<li><strong>Tres en uno cielo y tierra cubierta tipo caja<\/strong><\/li>\n<li><strong>Caja exterior con apertura y cierre atmosf\u00e9ricos<\/strong>: La estructura de la cubierta del cielo y la tierra est\u00e1 dise\u00f1ada en forma de \"cielo cubriendo la tierra\". La caja exterior adopta un tablero gris de alta densidad de 1200GSM con un grosor de 1,3mm, alta dureza y fuerte resistencia a la presi\u00f3n. Es naturalmente suave al abrir y cerrar, y la sensaci\u00f3n de ritual de abrir la tapa es plena.<\/li>\n<li><strong>La caja interior se centra en la exposici\u00f3n<\/strong>: El soporte interior adopta papel estucado 157G montado sobre tablero gris con pel\u00edcula mate en la superficie. El producto est\u00e1 centrado y emparejado con forro personalizado (EVA opcional, franela o soporte acr\u00edlico transparente) para asegurar que la botella de aceite esencial es estable y se concentra el foco visual.<\/li>\n<li><strong>Correspondencia del material cient\u00edfico<\/strong><\/li>\n<li><strong>Papel estucado 157G<\/strong>: Alta reproducci\u00f3n del color, adecuada para la impresi\u00f3n en cuatricrom\u00eda y la personalizaci\u00f3n de colores directos, el n\u00famero de color Pantone se ajusta con precisi\u00f3n a la visi\u00f3n de la marca.<\/li>\n<li><strong>Cart\u00f3n gris 1200GSM<\/strong>: Excelente rendimiento de carga, puede soportar golpes de transporte a larga distancia, la producci\u00f3n diaria alcanza las 100.000 piezas y admite la personalizaci\u00f3n a gran escala.<\/li>\n<\/ol>\n<h2 id=\"-three-diversified-adaptation-solutions-\"><strong>3. Soluciones de adaptaci\u00f3n diversificadas<\/strong><\/h2>\n<ol>\n<li><strong>Personalizaci\u00f3n flexible del tipo y estilo de caja<\/strong><\/li>\n<li><strong>Selecci\u00f3n del tipo de caja<\/strong>: Adem\u00e1s de las tapas superior e inferior, se pueden suministrar cajas con cajones, cajas con forma de libro, cajas con formas especiales y otras estructuras para satisfacer las necesidades de diferentes escenarios (como el transporte de comercio electr\u00f3nico o la exposici\u00f3n fuera de l\u00ednea).<\/li>\n<li><strong>Ampliaci\u00f3n del dise\u00f1o<\/strong>: Admite diversos estilos, como minimalismo, estilo nacional, arte abstracto, etc. La superficie de la caja puede combinarse con dise\u00f1o de ventana (ventana de PVC transparente), textura en relieve de plata caliente o elementos interactivos AR superpuestos para mejorar la experiencia del consumidor.<\/li>\n<li><strong>Mejora funcional del revestimiento interior<\/strong><\/li>\n<li><strong>Almacenamiento por capas<\/strong>: Para los juegos de aceites esenciales de varios frascos, la caja interior puede dise\u00f1arse con una estructura de capas extra\u00edbles, con accesorios como cintas y hebillas magn\u00e9ticas para aumentar la practicidad y el sentido ritual.<\/li>\n<li><strong>Adaptaci\u00f3n respetuosa con el medio ambiente<\/strong>: Proporcionan cart\u00f3n gris degradable y opciones de lacado UV al agua, cumplen las normas medioambientales de la UE y contribuyen a las exportaciones transfronterizas.<\/li>\n<\/ol>\n<h2 id=\"-fourth-service-and-value-empowerment-\"><strong>4. Potenciaci\u00f3n de servicios y valores<\/strong><\/h2>\n<ol>\n<li><strong>Soluci\u00f3n integral<\/strong><\/li>\n<li><strong>Apoyo a las pruebas<\/strong>: Se proporcionan muestras f\u00edsicas y modelados en 3D gratuitos, y se admiten manuscritos personalizados o la colaboraci\u00f3n de dise\u00f1adores para garantizar una implementaci\u00f3n precisa del dise\u00f1o.<\/li>\n<li><strong>Ventaja de los lotes<\/strong>: Pedido m\u00ednimo de 500 piezas, ciclo de entrega de 15 d\u00edas, admite impresi\u00f3n LOGO, estampaci\u00f3n en caliente, UV y otras producciones por lotes mixtos, coste controlable.<\/li>\n<li><strong>Aumento del valor de la marca<\/strong>\u00a0Transmitir historias de marca a trav\u00e9s del envase, por ejemplo: el fondo negro UV puede integrarse en las ilustraciones de IP de la marca, el LOGO estampado en caliente y la textura en relieve forman puntos de memoria visual, haciendo que el producto destaque en el expositor del estante, y que los consumidores lo difundan espont\u00e1neamente tras desembalarlo.<\/li>\n<\/ol>","protected":false},"excerpt":{"rendered":"<p>El tipo de caja con tapa superior e inferior adopta la estructura de tapa superior e inferior, que es f\u00e1cil de abrir y cerrar y tiene una sensaci\u00f3n de apertura de la tapa. Todo el cuerpo de la caja est\u00e1 cuidadosamente cultivado con tecnolog\u00eda UV de placa completa para mostrar el reconocimiento de la marca. Al mismo tiempo, el LOGO se a\u00f1ade con tecnolog\u00eda de estampaci\u00f3n en caliente en relieve para reforzar el tono de la marca.<\/p>","protected":false},"featured_media":281,"template":"","meta":{"_kad_post_transparent":"default","_kad_post_title":"","_kad_post_layout":"default","_kad_post_sidebar_id":"","_kad_post_content_style":"default","_kad_post_vertical_padding":"default","_kad_post_feature":"","_kad_post_feature_position":"","_kad_post_header":false,"_kad_post_footer":false,"_kad_post_classname":""},"product_brand":[],"product_cat":[15,28,19,17],"product_tag":[83,80,84],"class_list":{"0":"post-278","1":"product","2":"type-product","3":"status-publish","4":"has-post-thumbnail","6":"product_cat-red-light-therapy","7":"product_cat-customize","8":"product_cat-red-light-therapy-stand","9":"product_cat-services","10":"product_tag-custom-essential-oil-box","11":"product_tag-essential-oil-packaging","12":"product_tag-essential-oil-packaging-wholesale","14":"first","15":"instock","16":"shipping-taxable","17":"product-type-simple","18":"entry","19":"content-bg","20":"loop-entry"},"_links":{"self":[{"href":"https:\/\/red-lighttherapy.com\/es_es\/wp-json\/wp\/v2\/product\/278","targetHints":{"allow":["GET"]}}],"collection":[{"href":"https:\/\/red-lighttherapy.com\/es_es\/wp-json\/wp\/v2\/product"}],"about":[{"href":"https:\/\/red-lighttherapy.com\/es_es\/wp-json\/wp\/v2\/types\/product"}],"wp:featuredmedia":[{"embeddable":true,"href":"https:\/\/red-lighttherapy.com\/es_es\/wp-json\/wp\/v2\/media\/281"}],"wp:attachment":[{"href":"https:\/\/red-lighttherapy.com\/es_es\/wp-json\/wp\/v2\/media?parent=278"}],"wp:term":[{"taxonomy":"product_brand","embeddable":true,"href":"https:\/\/red-lighttherapy.com\/es_es\/wp-json\/wp\/v2\/product_brand?post=278"},{"taxonomy":"product_cat","embeddable":true,"href":"https:\/\/red-lighttherapy.com\/es_es\/wp-json\/wp\/v2\/product_cat?post=278"},{"taxonomy":"product_tag","embeddable":true,"href":"https:\/\/red-lighttherapy.com\/es_es\/wp-json\/wp\/v2\/product_tag?post=278"}],"curies":[{"name":"wp","href":"https:\/\/api.w.org\/{rel}","templated":true}]}}