{"id":271,"date":"2025-04-10T13:51:25","date_gmt":"2025-04-10T13:51:25","guid":{"rendered":"https:\/\/red-lighttherapy.com\/?post_type=product&#038;p=271"},"modified":"2025-04-10T14:03:24","modified_gmt":"2025-04-10T14:03:24","slug":"custom-essential-oil-aromatherapy-gift-sets-boxes-packaging","status":"publish","type":"product","link":"https:\/\/red-lighttherapy.com\/es_es\/custom-essential-oil-aromatherapy-gift-sets-boxes-packaging\/","title":{"rendered":"Sets de regalo personalizados de aceites esenciales y aromaterapia Cajas de embalaje"},"content":{"rendered":"<h2 id=\"-customized-essential-oil-aromatherapy-gift-set-box-packaging-product-description-\">Sets de regalo personalizados de aceites esenciales y aromaterapia Cajas de embalaje<\/h2>\n<h2 id=\"-1-single-black-printing-design-the-fusion-of-simple-aesthetics-and-brand-personality-\"><strong>1. Dise\u00f1o de impresi\u00f3n \u00fanico en negro: fusi\u00f3n de est\u00e9tica sencilla y personalidad de marca.<\/strong><\/h2>\n<p>Utilizando la tecnolog\u00eda de impresi\u00f3n en negro \u00fanico (single black), la est\u00e9tica minimalista interpreta la sensaci\u00f3n de lujo y misterio. Mediante la combinaci\u00f3n de degradados claros y oscuros y textura mate, se forma una profunda capa visual en la superficie de la caja, como las estrellas en la noche, que revela el lujo de forma discreta. El logotipo de la marca se presenta con un proceso de estampaci\u00f3n en caliente de alta precisi\u00f3n, y el sentido tridimensional se realza mediante UV local o relieve c\u00f3ncavo y convexo, que no s\u00f3lo resalta el reconocimiento de la marca, sino que tambi\u00e9n forma un agudo contraste con el \u00fanico fondo negro, transmitiendo un tono de marca sobrio y profundo.<\/p>\n<h2 id=\"-2-elegant-hot-stamping-motto-the-finishing-touch-of-the-brand-spirit-\"><strong>2. Elegante lema estampado en caliente: el toque final del esp\u00edritu de la marca<\/strong><\/h2>\n<p>El lema de la marca adopta la tecnolog\u00eda de estampaci\u00f3n en caliente, con l\u00e1mina de oro de 24 quilates o l\u00e1mina de oro rosa como soporte, las l\u00edneas de texto son suaves y delicadas, y el brillo dorado y el fondo negro \u00fanico se complementan, como una galaxia brillante en la noche oscura. La posici\u00f3n de la estampaci\u00f3n en caliente puede personalizarse en el centro o en el lateral de la tapa de la caja, y con el proceso de microestampaci\u00f3n, el tacto de la yema del dedo es tridimensional y lleno de sentido ritual, transmitiendo el valor central de la marca de \"discreto y extraordinario\".<\/p>\n<h2 id=\"-3-book-magnetic-box-structure-opening-and-closing-with-a-sense-of-ritual-both-innovative-and-practical-\"><strong>3. Estructura de caja magn\u00e9tica para libros: apertura y cierre con un sentido ritual, a la vez innovador y pr\u00e1ctico<\/strong><\/h2>\n<p>Adoptando el dise\u00f1o de caja magn\u00e9tica en forma de libro, la tapa de la caja y la caja inferior est\u00e1n adsorbidas con precisi\u00f3n por imanes incrustados, y la apertura y el cierre van acompa\u00f1ados de un n\u00edtido sonido de \"clic\", lo que proporciona a los usuarios una noble experiencia al abrir la caja de regalo. La forma de la caja tiene l\u00edneas n\u00edtidas y bordes redondeados, lo que resulta ergon\u00f3mico y evita el desgaste durante el transporte. La fuerza de succi\u00f3n magn\u00e9tica es ajustable para satisfacer los requisitos de diferentes tama\u00f1os, lo que garantiza la estabilidad del cierre y la comodidad de la apertura.<\/p>\n<h2 id=\"-4-material-combination-dual-guarantee-of-stability-and-texture-\"><strong>4. Combinaci\u00f3n de materiales: doble garant\u00eda de estabilidad y textura<\/strong><\/h2>\n<ul>\n<li><strong>Material de la caja exterior<\/strong>:<\/li>\n<li><strong>Superficie<\/strong>: Papel estucado 157G, grosor de unos 0,16 mm, el papel es delicado y suave, el color es pleno, y es adecuado para la expresi\u00f3n en capas de la impresi\u00f3n en negro simple.<\/li>\n<li><strong>Estructura del revestimiento interior<\/strong>: Cart\u00f3n gris 1200GSM, alta densidad, fuerte resistencia a la presi\u00f3n, puede transportar art\u00edculos fr\u00e1giles como botellas de aceites esenciales, y garantizar que no se deformen durante el transporte.<\/li>\n<li><strong>Detalles del proceso<\/strong>: El cart\u00f3n gris y el papel estucado est\u00e1n pegados con cola al agua respetuosa con el medio ambiente, y los bordes tienen un dobladillo sin rebabas y resistente al desgaste.<\/li>\n<\/ul>\n<h2 id=\"-5-diversified-box-types-adapt-to-different-scenes-and-design-styles-\"><strong>5. Diversos tipos de cajas: Se adaptan a diferentes escenas y estilos de dise\u00f1o<\/strong><\/h2>\n<p>Proporcionar una variedad de tipos de cajas, incluyendo:<\/p>\n<ul>\n<li><strong>Caja de tapa superior e inferior<\/strong>: Cl\u00e1sico y atmosf\u00e9rico, adecuado para escenas de regalos de empresa.<\/li>\n<li><strong>Caja tipo caj\u00f3n<\/strong>: Una combinaci\u00f3n de misterio y diversi\u00f3n, adecuada para sets de aromaterapia de edici\u00f3n limitada.<\/li>\n<li><strong>Caja de corte de forma especial<\/strong>: Como hexagonal, arco, etc., para satisfacer las necesidades del dise\u00f1o art\u00edstico. El tipo de caja admite la impresi\u00f3n a toda p\u00e1gina, que puede combinarse con pintura a tinta, motivos geom\u00e9tricos o l\u00edneas minimalistas, y se hace eco con flexibilidad del lenguaje visual de la marca.<\/li>\n<\/ul>\n<h2 id=\"-6-inner-tray-adaptation-solution-balance-between-ritual-and-functionality-\"><strong>6. Soluci\u00f3n de adaptaci\u00f3n de la bandeja interior: equilibrio entre ritual y funcionalidad<\/strong><\/h2>\n<ul>\n<li><strong>Selecci\u00f3n de materiales<\/strong>:<\/li>\n<li><strong>Bandeja interior flocada<\/strong>: tacto suave y delicado, amortiguaci\u00f3n y antideslizante, adecuado para aceites esenciales de frascos de vidrio.<\/li>\n<li><strong>Forro de tela de seda<\/strong>superficie de seda mate con bordado de motivos oscuros, realzan el impacto visual al abrir la caja.<\/li>\n<li><strong>Estratificaci\u00f3n de cart\u00f3n<\/strong>: estructura de nido de abeja personalizable o tabique tipo ranura, fijaci\u00f3n precisa del producto.<\/li>\n<li><strong>Color y textura<\/strong>Colores: negro, gris, rojo vino y otros colores, admite la combinaci\u00f3n de tecnolog\u00eda de flocado y estampaci\u00f3n en caliente, realza la sensaci\u00f3n general de lujo.<\/li>\n<\/ul>\n<h2 id=\"-7-customized-service-full-process-support-from-design-to-implementation-\"><strong>7. Servicio personalizado: apoyo completo al proceso, desde el dise\u00f1o hasta la aplicaci\u00f3n<\/strong><\/h2>\n<ul>\n<li><strong>Adaptaci\u00f3n del dise\u00f1o<\/strong>: de acuerdo con el tama\u00f1o del producto, el estilo y el presupuesto, ofrecer una soluci\u00f3n de optimizaci\u00f3n del tipo de caja 1 a 1 para garantizar que el envase sea muy coherente con el temperamento del producto.<\/li>\n<li><strong>Certificaci\u00f3n medioambiental<\/strong>: el material cumple la certificaci\u00f3n FSC y las normas RoHS, y admite opciones degradables.<\/li>\n<li><strong>Garant\u00eda de calidad<\/strong>: Proporcionar cajas de muestras f\u00edsicas en un plazo de 3-5 d\u00edas laborables, apoyar el ajuste de los detalles hasta que los clientes est\u00e9n satisfechos.<\/li>\n<\/ul>\n<h2 id=\"-conclusion-\"><strong>Conclusi\u00f3n<\/strong><\/h2>\n<p>Este estuche de regalo para aromaterapia de aceites esenciales personalizado, con una est\u00e9tica \u00fanica en negro como nota dominante, interpreta el concepto central de dise\u00f1o de \"misterio, alta gama y sentido ritual\" mediante una combinaci\u00f3n innovadora de materiales, artesan\u00eda y estructura. Desde la experiencia t\u00e1ctil de la apertura y el cierre magn\u00e9ticos hasta el impacto visual del texto estampado en caliente, todos los detalles han sido cuidadosamente considerados, con el objetivo de crear un punto de memoria de envase \u00fanico para la marca, al tiempo que se crea una experiencia placentera en todas las dimensiones para los consumidores, desde el desembalaje hasta el uso.<\/p>","protected":false},"excerpt":{"rendered":"<p>La caja de cierre magn\u00e9tico del libro tiene un m\u00e9todo ceremonial de apertura y cierre, y el \u00fanico efecto de impresi\u00f3n en negro muestra alta gama y misterioso, mientras que destaca el LOGO personalizado de la marca.<\/p>","protected":false},"featured_media":274,"template":"","meta":{"_kad_post_transparent":"default","_kad_post_title":"","_kad_post_layout":"default","_kad_post_sidebar_id":"","_kad_post_content_style":"default","_kad_post_vertical_padding":"default","_kad_post_feature":"","_kad_post_feature_position":"","_kad_post_header":false,"_kad_post_footer":false,"_kad_post_classname":""},"product_brand":[],"product_cat":[15,28,17],"product_tag":[81,82,80],"class_list":{"0":"post-271","1":"product","2":"type-product","3":"status-publish","4":"has-post-thumbnail","6":"product_cat-red-light-therapy","7":"product_cat-customize","8":"product_cat-services","9":"product_tag-aromatherapy-gift-sets-boxes","10":"product_tag-custom-gift-sets-boxes-packaging","11":"product_tag-essential-oil-packaging","13":"first","14":"instock","15":"shipping-taxable","16":"product-type-simple","17":"entry","18":"content-bg","19":"loop-entry"},"_links":{"self":[{"href":"https:\/\/red-lighttherapy.com\/es_es\/wp-json\/wp\/v2\/product\/271","targetHints":{"allow":["GET"]}}],"collection":[{"href":"https:\/\/red-lighttherapy.com\/es_es\/wp-json\/wp\/v2\/product"}],"about":[{"href":"https:\/\/red-lighttherapy.com\/es_es\/wp-json\/wp\/v2\/types\/product"}],"wp:featuredmedia":[{"embeddable":true,"href":"https:\/\/red-lighttherapy.com\/es_es\/wp-json\/wp\/v2\/media\/274"}],"wp:attachment":[{"href":"https:\/\/red-lighttherapy.com\/es_es\/wp-json\/wp\/v2\/media?parent=271"}],"wp:term":[{"taxonomy":"product_brand","embeddable":true,"href":"https:\/\/red-lighttherapy.com\/es_es\/wp-json\/wp\/v2\/product_brand?post=271"},{"taxonomy":"product_cat","embeddable":true,"href":"https:\/\/red-lighttherapy.com\/es_es\/wp-json\/wp\/v2\/product_cat?post=271"},{"taxonomy":"product_tag","embeddable":true,"href":"https:\/\/red-lighttherapy.com\/es_es\/wp-json\/wp\/v2\/product_tag?post=271"}],"curies":[{"name":"wp","href":"https:\/\/api.w.org\/{rel}","templated":true}]}}