{"id":260,"date":"2025-04-10T13:18:48","date_gmt":"2025-04-10T13:18:48","guid":{"rendered":"https:\/\/red-lighttherapy.com\/?post_type=product&#038;p=260"},"modified":"2025-04-10T13:51:14","modified_gmt":"2025-04-10T13:51:14","slug":"luxury-customized-weed-cbd-oil-packaging-gift-box-wholesale","status":"publish","type":"product","link":"https:\/\/red-lighttherapy.com\/es_es\/luxury-customized-weed-cbd-oil-packaging-gift-box-wholesale\/","title":{"rendered":"Caja de Regalo de Aceite de Marihuana CBD Personalizada de Lujo al por Mayor"},"content":{"rendered":"<h3 id=\"luxury-customized-hemp-cbd-oil-packaging-gift-box-wholesale\">Aceite de c\u00e1\u00f1amo CBD personalizado de lujo Caja de regalo al por mayor<\/h3>\n<h2 id=\"-1-high-end-visual-design-single-black-printing-and-stylized-patterns-\"><strong>1. Dise\u00f1o visual de alta gama: impresi\u00f3n \u00fanica en negro y motivos estilizados.<\/strong><\/h2>\n<ul>\n<li><strong>Proceso de impresi\u00f3n en negro simple<\/strong>: Gracias a la tecnolog\u00eda de impresi\u00f3n monocroma en negro (Pantone Black), el contraste entre claros y oscuros y las delicadas l\u00edneas esbozan una sensaci\u00f3n de sencillez y lujo, creando un efecto visual profundo y de alta gama.<\/li>\n<li><strong>Est\u00e9tica en blanco y negro<\/strong>: Con el cl\u00e1sico blanco y negro como tono principal, combinado con una variedad de dise\u00f1os de patrones como texturas geom\u00e9tricas, arte abstracto o logotipos de marca minimalistas, no s\u00f3lo refleja la textura de la marca, sino que tambi\u00e9n da a cada caja de regalo un estilo \u00fanico para satisfacer las necesidades de diferentes escenarios de consumo (como medicina, regalos y venta al por menor de gama alta).<\/li>\n<\/ul>\n<h2 id=\"-2-innovative-magnetic-box-structure-function-and-experience-upgrade-\"><strong>2. Estructura innovadora de la caja magn\u00e9tica: mejora de la funci\u00f3n y la experiencia<\/strong><\/h2>\n<ul>\n<li><strong>Dise\u00f1o de hebilla magn\u00e9tica lateral<\/strong>: El lateral de la caja est\u00e1 equipado con una hebilla magn\u00e9tica de posici\u00f3n, que proporciona una experiencia de apertura y cierre diferente a la de los envases tradicionales. Es estable y fiable cuando se cierra, y elegante y suave cuando se abre, lo que aumenta la sensaci\u00f3n de ritual del usuario en la interacci\u00f3n.<\/li>\n<li><strong>Dise\u00f1o de refuerzos estructurales<\/strong>: Combinado con una base de cart\u00f3n gris de alta resistencia de 1200GSM, garantiza la resistencia a la compresi\u00f3n y la durabilidad del cuerpo de la caja, y protege la botella interna de aceite de CBD de los impactos externos durante el transporte o el almacenamiento.<\/li>\n<\/ul>\n<h2 id=\"-3-customized-materials-and-craftsmanship-\"><strong>3. Materiales y artesan\u00eda personalizados<\/strong><\/h2>\n<ul>\n<li><strong>Combinaci\u00f3n de materiales de alta calidad<\/strong>: En la capa exterior se utiliza papel estucado 157G, y la superficie se cubre con pel\u00edcula mate o proceso UV parcial para mejorar el tacto y las propiedades antiincrustantes; la capa interior se ajusta con cart\u00f3n gris 1200GSM, teniendo en cuenta la dureza y las caracter\u00edsticas de protecci\u00f3n del medio ambiente (reciclable).<\/li>\n<li><strong>Detalles artesanales<\/strong>: Admite procesos adicionales como el gofrado, la estampaci\u00f3n en caliente y la serigraf\u00eda para resaltar a\u00fan m\u00e1s el sentido tridimensional y lujoso de los logotipos o motivos de la marca.<\/li>\n<\/ul>\n<h2 id=\"-4-flexible-box-type-and-differentiated-design-\"><strong>4. Tipo de caja flexible y dise\u00f1o diferenciado<\/strong><\/h2>\n<ul>\n<li><strong>Servicio de personalizaci\u00f3n del tipo de caja<\/strong>: Ofrece una gran variedad de tipos de cajas, como tapas superiores e inferiores, cajas en forma de libro, cajas caj\u00f3n, etc. El tama\u00f1o y los m\u00e9todos de apertura y cierre se pueden ajustar seg\u00fan las necesidades para satisfacer diferentes posicionamientos, desde port\u00e1tiles de peque\u00f1a capacidad hasta regalos de lujo.<\/li>\n<li><strong>Soluci\u00f3n de diferenciaci\u00f3n<\/strong>: A trav\u00e9s del dise\u00f1o modular, los clientes pueden integrar elementos de marca VI (como LOGO, eslogan), combinados con estructuras diferenciadas (como bandeja interior estratificada, ventana transparente), para mejorar el reconocimiento del producto y la experiencia del consumidor.<\/li>\n<\/ul>\n<h2 id=\"-5-multifunctional-inner-tray-adaptation-solution-\"><strong>5. Soluci\u00f3n multifuncional de adaptaci\u00f3n de la bandeja interior<\/strong><\/h2>\n<ul>\n<li><strong>Diversos materiales para las bandejas interiores<\/strong>:<\/li>\n<li><strong>Forro de EVA<\/strong>: Adecuado para botellas de vidrio CBD de alto valor, el cuerpo de la botella se fija mediante ranuras personalizadas, a prueba de golpes y anti-ca\u00edda.<\/li>\n<li><strong>Bandeja interior flocada<\/strong>: Realza el lujo del tacto, adecuado para escenas de regalos de alta gama.<\/li>\n<li><strong>Moldeo de pulpa degradable<\/strong>: Opci\u00f3n respetuosa con el medio ambiente, en l\u00ednea con el concepto de marca sostenible.<\/li>\n<li><strong>Zonificaci\u00f3n funcional<\/strong>: Admite la disposici\u00f3n en capas y en cuadr\u00edcula, compatible con botellas de aceite de CBD, cuentagotas, manuales y otras necesidades de almacenamiento de accesorios, teniendo en cuenta tanto la belleza como la practicidad.<\/li>\n<\/ul>\n<h2 id=\"-6-one-stop-customization-service-and-quality-assurance-\"><strong>6. Servicio integral de personalizaci\u00f3n y garant\u00eda de calidad<\/strong><\/h2>\n<ul>\n<li><strong>Asistencia completa desde el dise\u00f1o hasta la producci\u00f3n<\/strong>: Proporcionamos servicios de modelado y pruebas en 3D para garantizar que el efecto del dise\u00f1o es coherente con el producto real, y las muestras pueden entregarse en tan solo 3-5 d\u00edas.<\/li>\n<li><strong>Producci\u00f3n en serie y log\u00edstica<\/strong>: Soporta una capacidad de producci\u00f3n mensual de millones, y el embalaje utiliza cajas maestras personalizadas para un transporte reforzado, cubriendo m\u00faltiples puertos como Ningbo y Shanghai para la exportaci\u00f3n.<\/li>\n<\/ul>\n<h2 id=\"-summary-of-product-advantages-\"><strong>Resumen de las ventajas del producto<\/strong>:<\/h2>\n<ul>\n<li><strong>Posicionamiento de gama alta<\/strong>: Gracias a la impresi\u00f3n \u00fanica en negro y a la estructura de succi\u00f3n magn\u00e9tica, crea una textura de envase de lujo.<\/li>\n<li><strong>Seguridad y conformidad<\/strong>: El material cumple las normas medioambientales internacionales (como el cart\u00f3n gris reciclable), y la informaci\u00f3n de la etiqueta puede personalizarse seg\u00fan la normativa.<\/li>\n<li><strong>Personalizaci\u00f3n flexible<\/strong>: Desde la forma de la caja hasta la bandeja interior, satisface plenamente las necesidades de diferenciaci\u00f3n de la marca y ayuda a mejorar la competitividad del mercado.<\/li>\n<\/ul>","protected":false},"excerpt":{"rendered":"<p>Esta caja de cierre magn\u00e9tico tiene una hebilla en el lateral, y el m\u00e9todo de cambio es novedoso y \u00fanico, lo que hace que la textura general y la firmeza de la caja mejoren.<\/p>","protected":false},"featured_media":265,"template":"","meta":{"_kad_post_transparent":"default","_kad_post_title":"","_kad_post_layout":"default","_kad_post_sidebar_id":"","_kad_post_content_style":"default","_kad_post_vertical_padding":"default","_kad_post_feature":"","_kad_post_feature_position":"","_kad_post_header":false,"_kad_post_footer":false,"_kad_post_classname":""},"product_brand":[],"product_cat":[15,17],"product_tag":[78,77,79],"class_list":{"0":"post-260","1":"product","2":"type-product","3":"status-publish","4":"has-post-thumbnail","6":"product_cat-red-light-therapy","7":"product_cat-services","8":"product_tag-cbd-oil-packaging-box","9":"product_tag-customized-weed-packaging","10":"product_tag-weed-cbd-oil-packaging-wholesale","12":"first","13":"instock","14":"shipping-taxable","15":"product-type-simple","16":"entry","17":"content-bg","18":"loop-entry"},"_links":{"self":[{"href":"https:\/\/red-lighttherapy.com\/es_es\/wp-json\/wp\/v2\/product\/260","targetHints":{"allow":["GET"]}}],"collection":[{"href":"https:\/\/red-lighttherapy.com\/es_es\/wp-json\/wp\/v2\/product"}],"about":[{"href":"https:\/\/red-lighttherapy.com\/es_es\/wp-json\/wp\/v2\/types\/product"}],"wp:featuredmedia":[{"embeddable":true,"href":"https:\/\/red-lighttherapy.com\/es_es\/wp-json\/wp\/v2\/media\/265"}],"wp:attachment":[{"href":"https:\/\/red-lighttherapy.com\/es_es\/wp-json\/wp\/v2\/media?parent=260"}],"wp:term":[{"taxonomy":"product_brand","embeddable":true,"href":"https:\/\/red-lighttherapy.com\/es_es\/wp-json\/wp\/v2\/product_brand?post=260"},{"taxonomy":"product_cat","embeddable":true,"href":"https:\/\/red-lighttherapy.com\/es_es\/wp-json\/wp\/v2\/product_cat?post=260"},{"taxonomy":"product_tag","embeddable":true,"href":"https:\/\/red-lighttherapy.com\/es_es\/wp-json\/wp\/v2\/product_tag?post=260"}],"curies":[{"name":"wp","href":"https:\/\/api.w.org\/{rel}","templated":true}]}}