{"id":254,"date":"2025-04-10T13:05:03","date_gmt":"2025-04-10T13:05:03","guid":{"rendered":"https:\/\/red-lighttherapy.com\/?post_type=product&#038;p=254"},"modified":"2025-04-10T13:36:07","modified_gmt":"2025-04-10T13:36:07","slug":"magnetic-closure-saw-blade-rigid-gift-packaging-box-factory","status":"publish","type":"product","link":"https:\/\/red-lighttherapy.com\/es_es\/magnetic-closure-saw-blade-rigid-gift-packaging-box-factory\/","title":{"rendered":"Cierre magn\u00e9tico de la hoja de sierra r\u00edgida regalo embalaje caja de f\u00e1brica"},"content":{"rendered":"<h3 id=\"magnetic-sealed-saw-blade-hard-gift-packaging-box\">Hoja de sierra sellada magn\u00e9ticamente Caja dura de embalaje de regalo<\/h3>\n<h2 id=\"-i-core-materials-and-crafts-\"><strong>1. Materiales b\u00e1sicos y artesan\u00eda<\/strong><\/h2>\n<ol>\n<li><strong>Selecci\u00f3n de materiales de alta gama<\/strong>: El producto utiliza\u00a0<strong>Papel estucado de 157 g<\/strong>\u00a0como el papel de montaje en superficie, combinado con\u00a0<strong>Cart\u00f3n gris de alta densidad de 1200 g<\/strong>\u00a0como sustrato de revestimiento. La superficie del papel estucado se procesa mediante\u00a0<strong>cuatricrom\u00eda<\/strong>, con alta reproducci\u00f3n del color, saturaci\u00f3n y brillo, y recubierta de pel\u00edcula mate para mejorar la resistencia al desgaste y los ara\u00f1azos; el cart\u00f3n gris tiene una excelente resistencia a la compresi\u00f3n y planitud, puede soportar los golpes del transporte y garantizar que el cuerpo de la caja no se deforme durante mucho tiempo.<\/li>\n<li><strong>Dise\u00f1o estructural de calidad industrial<\/strong>: La\u00a0<strong>estructura de caja abatible<\/strong>\u00a0y la tapa de la caja se abre y cierra c\u00f3modamente mediante un dispositivo de sellado magn\u00e9tico. Es herm\u00e9tica y estable cuando est\u00e1 cerrada, y la\u00a0<strong>modelo de contorno personalizado<\/strong>\u00a0formado por la superposici\u00f3n del tablero gris interno fija con precisi\u00f3n la hoja de sierra para evitar sacudidas. La estructura general tiene en cuenta tanto la exposici\u00f3n como la protecci\u00f3n, adecuada para exponer en estanter\u00edas o como embalaje de regalo.<\/li>\n<\/ol>\n<h2 id=\"-ii-visual-design-and-functional-features-\"><strong>2. Dise\u00f1o visual y caracter\u00edsticas funcionales<\/strong><\/h2>\n<ol>\n<li><strong>Aspecto tem\u00e1tico<\/strong>:<\/li>\n<li>El color principal es\u00a0<strong>negro mate<\/strong>con\u00a0<strong>dientes de sierra blancos<\/strong>\u00a0y\u00a0<strong>logotipo de la marca en verde fluorescente<\/strong>, formando un fuerte impacto visual de estilo industrial. El patr\u00f3n de la cubierta restaura la din\u00e1mica de corte de la hoja de sierra a trav\u00e9s de l\u00edneas vectoriales, transmitiendo intuitivamente el prop\u00f3sito del producto.<\/li>\n<li>El dise\u00f1o incorpora el\u00a0<strong>minimalismo<\/strong>\u00a0concepto, sin elementos decorativos redundantes, resaltando los atributos de las herramientas profesionales, al tiempo que se potencia el reconocimiento de la marca.<\/li>\n<li><strong>Optimizaci\u00f3n del revestimiento<\/strong>: La cavidad interior utiliza\u00a0<strong>3-4 capas de cart\u00f3n gris corte superpuesto<\/strong>y utiliza la tecnolog\u00eda de troquelado CNC para dar forma a la ranura que se adapta a la forma de la hoja de sierra para proporcionar una protecci\u00f3n integral del amortiguador. El forro blanco contrasta con el cuerpo negro de la caja, realzando la sensaci\u00f3n de ceremonia al sacar el producto.<\/li>\n<\/ol>\n<h2 id=\"-three-customized-services-and-production-guarantee-\"><strong>3. Servicios personalizados y garant\u00eda de producci\u00f3n<\/strong><\/h2>\n<ol>\n<li><strong>Esquema de personalizaci\u00f3n flexible<\/strong>:<\/li>\n<li>Ayuda\u00a0<strong>ajuste del tama\u00f1o<\/strong>\u00a0(se adaptan a hojas de sierra de diferentes especificaciones),\u00a0<strong>redise\u00f1o de patrones<\/strong>\u00a0(LOGOTIPO, texto y elementos gr\u00e1ficos sustituibles),\u00a0<strong>mejora del material<\/strong>\u00a0(como sustituirlo por papel especial o a\u00f1adir un proceso de estampaci\u00f3n en caliente).<\/li>\n<li>Proporcione\u00a0<strong>Algod\u00f3n perlado EPE<\/strong>\u00a0o\u00a0<strong>bandeja bl\u00edster<\/strong>\u00a0y otros accesorios de tamponado para satisfacer las necesidades de envasado de regalos de alta gama.<\/li>\n<li><strong>Control de calidad y entrega de enlaces completos<\/strong>:<\/li>\n<li>Adopte\u00a0<strong>troqueladora totalmente autom\u00e1tica<\/strong>\u00a0y\u00a0<strong>cuatricrom\u00eda de alta velocidad<\/strong>, con una capacidad de producci\u00f3n media diaria de 10.000 piezas, que permite la entrega en 7-10 d\u00edas de los pedidos urgentes.<\/li>\n<li>Implementar\u00a0<strong>sistema de inspecci\u00f3n de calidad de tres niveles<\/strong>Inspecci\u00f3n de almacenamiento de materias primas (contenido de humedad del cart\u00f3n gris \u22648%), prueba de planitud del producto semiacabado, prueba de compresi\u00f3n y ca\u00edda del producto acabado.<\/li>\n<\/ol>\n<h2 id=\"-fourth-application-scenarios-and-competitive-advantages-\"><strong>4. Escenarios de aplicaci\u00f3n y ventajas competitivas<\/strong><\/h2>\n<ol>\n<li><strong>Campos aplicables<\/strong>: Dise\u00f1ado espec\u00edficamente para\u00a0<strong>marcas de hojas de sierra industriales<\/strong>,\u00a0<strong>sets de regalo de herramientas de ferreter\u00eda<\/strong>\u00a0y\u00a0<strong>accesorios para equipos mec\u00e1nicos de gama alta<\/strong>, adecuado para exposici\u00f3n en supermercados, transporte de comercio electr\u00f3nico, regalos en exposiciones y otros escenarios.<\/li>\n<li><strong>Principales ventajas<\/strong>:<\/li>\n<li><strong>Dise\u00f1o diferenciado<\/strong>: Combinando funcionalidad y est\u00e9tica, rompe el estereotipo del embalaje tradicional de herramientas.<\/li>\n<li><strong>Cumplimiento de la normativa medioambiental<\/strong>: Tanto el cart\u00f3n gris como el papel estucado cumplen la certificaci\u00f3n FSC y favorecen el reciclaje.<\/li>\n<li><strong>Servicio integral<\/strong>: Desde el borrador del dise\u00f1o hasta el envasado del producto acabado, ofrecemos asistencia en todo el proceso de pruebas, producci\u00f3n y log\u00edstica.<\/li>\n<\/ol>\n<h2 id=\"-technical-parameters-example-\"><strong>Par\u00e1metros t\u00e9cnicos<\/strong>\u00a0(ejemplo)<\/h2>\n<table>\n<thead>\n<tr>\n<th>Art\u00edculo<\/th>\n<th>Valor est\u00e1ndar<\/th>\n<\/tr>\n<\/thead>\n<tbody>\n<tr>\n<td>Peso del cart\u00f3n gris<\/td>\n<td>1200g (\u00b15%)<\/td>\n<\/tr>\n<tr>\n<td>Impresi\u00f3n de superficies<\/td>\n<td>CMYK + laminaci\u00f3n mate<\/td>\n<\/tr>\n<tr>\n<td>Capacidad de carga<\/td>\n<td>Resistencia a la compresi\u00f3n est\u00e1tica \u226550kg<\/td>\n<\/tr>\n<tr>\n<td>Ciclo de entrega<\/td>\n<td>Pedidos normales 7-14 d\u00edas<\/td>\n<\/tr>\n<\/tbody>\n<\/table>","protected":false},"excerpt":{"rendered":"<p>El dise\u00f1o de esta caja para hojas de sierra es el de una caja con cierre magn\u00e9tico. La apariencia se basa en el elemento de la hoja de sierra como contenido central. La tapa est\u00e1 impresa con un patr\u00f3n de hoja de sierra, que transmite el prop\u00f3sito del producto de forma m\u00e1s intuitiva.<\/p>","protected":false},"featured_media":255,"template":"","meta":{"_kad_post_transparent":"default","_kad_post_title":"","_kad_post_layout":"default","_kad_post_sidebar_id":"","_kad_post_content_style":"default","_kad_post_vertical_padding":"default","_kad_post_feature":"","_kad_post_feature_position":"","_kad_post_header":false,"_kad_post_footer":false,"_kad_post_classname":""},"product_brand":[],"product_cat":[15,17],"product_tag":[76,75,74],"class_list":{"0":"post-254","1":"product","2":"type-product","3":"status-publish","4":"has-post-thumbnail","6":"product_cat-red-light-therapy","7":"product_cat-services","8":"product_tag-magnetic-closure-saw-blade-box","9":"product_tag-saw-blade-packaging-box-factory","10":"product_tag-saw-blade-rigid-box","12":"first","13":"instock","14":"shipping-taxable","15":"product-type-simple","16":"entry","17":"content-bg","18":"loop-entry"},"_links":{"self":[{"href":"https:\/\/red-lighttherapy.com\/es_es\/wp-json\/wp\/v2\/product\/254","targetHints":{"allow":["GET"]}}],"collection":[{"href":"https:\/\/red-lighttherapy.com\/es_es\/wp-json\/wp\/v2\/product"}],"about":[{"href":"https:\/\/red-lighttherapy.com\/es_es\/wp-json\/wp\/v2\/types\/product"}],"wp:featuredmedia":[{"embeddable":true,"href":"https:\/\/red-lighttherapy.com\/es_es\/wp-json\/wp\/v2\/media\/255"}],"wp:attachment":[{"href":"https:\/\/red-lighttherapy.com\/es_es\/wp-json\/wp\/v2\/media?parent=254"}],"wp:term":[{"taxonomy":"product_brand","embeddable":true,"href":"https:\/\/red-lighttherapy.com\/es_es\/wp-json\/wp\/v2\/product_brand?post=254"},{"taxonomy":"product_cat","embeddable":true,"href":"https:\/\/red-lighttherapy.com\/es_es\/wp-json\/wp\/v2\/product_cat?post=254"},{"taxonomy":"product_tag","embeddable":true,"href":"https:\/\/red-lighttherapy.com\/es_es\/wp-json\/wp\/v2\/product_tag?post=254"}],"curies":[{"name":"wp","href":"https:\/\/api.w.org\/{rel}","templated":true}]}}