{"id":248,"date":"2025-04-10T12:46:08","date_gmt":"2025-04-10T12:46:08","guid":{"rendered":"https:\/\/red-lighttherapy.com\/?post_type=product&#038;p=248"},"modified":"2025-04-10T13:04:37","modified_gmt":"2025-04-10T13:04:37","slug":"luxury-food-tea-irregular-shaped-gift-packaging-box-suppliers","status":"publish","type":"product","link":"https:\/\/red-lighttherapy.com\/es_es\/luxury-food-tea-irregular-shaped-gift-packaging-box-suppliers\/","title":{"rendered":"T\u00e9 de lujo con forma irregular Caja de embalaje de regalo Proveedores"},"content":{"rendered":"<h2 id=\"luxury-food-tea-shaped-gift-box\">T\u00e9 de lujo con forma irregular Caja de embalaje de regalo Proveedores<\/h2>\n<p>Como l\u00edder innovador en el campo de los envases de regalo de alta gama, estamos comprometidos con la integraci\u00f3n de la est\u00e9tica art\u00edstica con las funciones pr\u00e1cticas, y lanzamos el\u00a0<strong>Serie de cajas de regalo para t\u00e9 de forma octogonal<\/strong>que est\u00e1 especialmente dise\u00f1ado para que las marcas de alimentos y t\u00e9 de gama alta creen soluciones de envasado con reconocimiento y calidad. A continuaci\u00f3n se exponen las principales ventajas y detalles t\u00e9cnicos del producto:<\/p>\n<h2 id=\"-1-material-and-structure-scientific-protection-stable-and-durable-\"><strong>1. Material y estructura: protecci\u00f3n cient\u00edfica, estable y duradera.<\/strong><\/h2>\n<ul>\n<li><strong>Esqueleto de cart\u00f3n gris de alta resistencia<\/strong>: Tablero gris de alta densidad se utiliza como la estructura de soporte interno, combinado con 300g proceso de recubrimiento de papel recubierto, a trav\u00e9s de la tecnolog\u00eda de troquelado y sangr\u00eda precisa para formar una forma octogonal caja tridimensional, la resistencia a la compresi\u00f3n se incrementa en 40%, asegurando que el cuerpo de la caja no se deformar\u00e1 o agrietarse durante el transporte.<\/li>\n<li><strong>Dise\u00f1o del revestimiento amortiguador<\/strong>: La configuraci\u00f3n interna es una bandeja interior moldeada de una sola pieza de EVA blanca, que se adapta con precisi\u00f3n al t\u00e9 independiente en paquetes peque\u00f1os (como el t\u00e9 embolsado de 5g\/8g) a trav\u00e9s de la ranura de tarjeta dividida, combinada con la estructura de amortiguaci\u00f3n ondulada, absorbe eficazmente la vibraci\u00f3n del transporte y evita el desplazamiento del producto o los da\u00f1os por colisi\u00f3n.<\/li>\n<\/ul>\n<h2 id=\"-ii-innovative-design-fusion-of-geometric-aesthetics-and-cultural-symbols-\"><strong>2. Dise\u00f1o innovador: fusi\u00f3n de est\u00e9tica geom\u00e9trica y s\u00edmbolos culturales<\/strong><\/h2>\n<ul>\n<li><strong>Caja octogonal de forma especial<\/strong>: Rompiendo con la tradicional forma de caja cuadrada, con la estructura geom\u00e9trica octogonal como el lenguaje de dise\u00f1o central, las l\u00edneas angulares son a la vez duras y suaves, que no s\u00f3lo se hace eco del significado auspicioso de \"riqueza de todas las direcciones\" en la cultura tradicional, sino que tambi\u00e9n da caracter\u00edsticas est\u00e9ticas minimalistas modernas, y el reconocimiento de la pantalla del estante se incrementa en 60%.<\/li>\n<li><strong>Sistema visual en color<\/strong>: El color principal es el blanco mate puro, que simboliza la pureza natural del t\u00e9; las l\u00edneas rojas mate se utilizan para delinear los contornos, y el proceso local de estampaci\u00f3n en caliente se emplea para presentar motivos tradicionales como los motivos de nubes y los motivos de galones, formando un contraste tricolor rojo-oro-blanco, que combina la elegancia oriental y el sentido de la moda internacional.<\/li>\n<\/ul>\n<h2 id=\"-iii-process-details-seiko-quality-sensory-upgrade-\"><strong>3. Detalles del proceso: Calidad Seiko, mejora sensorial<\/strong><\/h2>\n<ul>\n<li><strong>Tecnolog\u00eda de impresi\u00f3n de alta definici\u00f3n<\/strong>: La impresi\u00f3n offset a cinco colores combinada con la tecnolog\u00eda UV local se utiliza para lograr una reproducci\u00f3n del color 98% del motivo. Los elementos dorados se presentan con un brillo tridimensional mediante estampaci\u00f3n en fr\u00edo o tecnolog\u00eda de polvo de siete colores. El error de precisi\u00f3n de los bordes es de \u22640,1 mm, lo que elimina defectos como el desbordamiento y las rebabas.<\/li>\n<li><strong>Tratamiento de la textura superficial<\/strong>: Se aplica una pel\u00edcula mate o una pel\u00edcula de terciopelo t\u00e1ctil para mejorar la resistencia al desgaste, y se utiliza el proceso de gofrado para realzar el sentido tridimensional del LOGOTIPO de la marca. Cuando se toca con la punta de los dedos, presenta una delicada textura mate o aterciopelada, ofreciendo una experiencia de alta gama desde la visi\u00f3n hasta el tacto.<\/li>\n<\/ul>\n<h2 id=\"-fourth-customized-service-in-depth-adaptation-to-brand-needs-\"><strong>4. Servicio personalizado: adaptaci\u00f3n en profundidad a las necesidades de la marca.<\/strong><\/h2>\n<ul>\n<li><strong>Dimensiones de personalizaci\u00f3n flexibles<\/strong>:<\/li>\n<li><strong>Ajuste del tipo de caja<\/strong>: Admite el ajuste fino del \u00e1ngulo octogonal (como el \u00e1ngulo agudo de 60\u00b0 o el \u00e1ngulo obtuso de 120\u00b0), la ampliaci\u00f3n del tama\u00f1o (se puede personalizar la altura de 50-300 mm), y es adecuado para latas de t\u00e9 o envases de alimentos de diferentes especificaciones.<\/li>\n<li><strong>Dise\u00f1o visual<\/strong>: Proporcionar marca LOGO estampaci\u00f3n en caliente \/ serigraf\u00eda de seda, la optimizaci\u00f3n de dise\u00f1o gr\u00e1fico, la implantaci\u00f3n de elementos culturales (tales como fuentes de caligraf\u00eda, s\u00edmbolos regionales), y 20 bibliotecas de dise\u00f1o b\u00e1sico puede adaptarse r\u00e1pidamente a las necesidades.<\/li>\n<li><strong>Servicio de ventanilla \u00fanica<\/strong>: Desde las pruebas de modelado en 3D y la selecci\u00f3n de materiales hasta la producci\u00f3n en serie, la confirmaci\u00f3n de la primera muestra se completa en 15 d\u00edas, y la cantidad m\u00ednima de pedido de 3.000 piezas se entrega en 30 d\u00edas, con seguimiento log\u00edstico global.<\/li>\n<\/ul>\n<h2 id=\"-v-quality-control-and-environmental-protection-strict-standards-sustainable-concept-\"><strong>5. Control de calidad y protecci\u00f3n del medio ambiente: Normas estrictas, concepto sostenible<\/strong><\/h2>\n<ul>\n<li><strong>Inspecci\u00f3n de calidad de toda la cadena<\/strong>: Certificaci\u00f3n del sistema de calidad ISO9001 superada, 12 indicadores como la densidad del cart\u00f3n gris (\u2265800g\/m\u00b3) y la resistencia al estallido del papel estucado (\u2265400kPa) se comprueban lote a lote para garantizar el cumplimiento de las normas de seguridad alimentaria.<\/li>\n<li><strong>Sistema de producci\u00f3n ecol\u00f3gica<\/strong>: Adoptando papel ecol\u00f3gico con certificaci\u00f3n FSC y tinta al agua, el proceso de producci\u00f3n consigue un vertido cero de aguas residuales, y la caja de regalo puede reciclarse y degradarse a un ritmo de m\u00e1s de 90%, lo que ayuda a la marca a aplicar la estrategia ESG.<\/li>\n<\/ul>\n<h2 id=\"application-scenarios-and-value-empowerment\">Escenarios de aplicaci\u00f3n y potenciaci\u00f3n del valor<\/h2>\n<p>Esta serie de cajas de regalo es adecuada para regalos de gama alta como t\u00e9 Pu'er, t\u00e9 de roca y alimentos preciosos, especialmente para\u00a0<strong>regalos de empresa, marcas conjuntas, ediciones limitadas navide\u00f1as<\/strong>\u00a0y otras necesidades de marketing. Mediante un dise\u00f1o octogonal diferenciado, la implantaci\u00f3n de s\u00edmbolos culturales y servicios personalizados, ayuda a las marcas a establecer\u00a0<strong>\"reconocimiento de un vistazo\"<\/strong>\u00a0memoria visual entre productos similares de la competencia, y aumentar el espacio premium del producto en m\u00e1s de 30%.<\/p>","protected":false},"excerpt":{"rendered":"<p>La forma de esta caja de regalo es un dise\u00f1o octogonal, con un forro blanco en el interior y un dise\u00f1o de estructura de partici\u00f3n, que puede encajar con precisi\u00f3n el peque\u00f1o paquete de t\u00e9 en el interior y fijar la posici\u00f3n del producto, combinando practicidad y belleza.<\/p>","protected":false},"featured_media":250,"template":"","meta":{"_kad_post_transparent":"default","_kad_post_title":"","_kad_post_layout":"default","_kad_post_sidebar_id":"","_kad_post_content_style":"default","_kad_post_vertical_padding":"default","_kad_post_feature":"","_kad_post_feature_position":"","_kad_post_header":false,"_kad_post_footer":false,"_kad_post_classname":""},"product_brand":[],"product_cat":[15,17],"product_tag":[73,71,72],"class_list":{"0":"post-248","1":"product","2":"type-product","3":"status-publish","4":"has-post-thumbnail","6":"product_cat-red-light-therapy","7":"product_cat-services","8":"product_tag-food-tea-box-suppliers","9":"product_tag-food-tea-gift-packaging","10":"product_tag-luxury-food-gift-box","12":"first","13":"instock","14":"shipping-taxable","15":"product-type-simple","16":"entry","17":"content-bg","18":"loop-entry"},"_links":{"self":[{"href":"https:\/\/red-lighttherapy.com\/es_es\/wp-json\/wp\/v2\/product\/248","targetHints":{"allow":["GET"]}}],"collection":[{"href":"https:\/\/red-lighttherapy.com\/es_es\/wp-json\/wp\/v2\/product"}],"about":[{"href":"https:\/\/red-lighttherapy.com\/es_es\/wp-json\/wp\/v2\/types\/product"}],"wp:featuredmedia":[{"embeddable":true,"href":"https:\/\/red-lighttherapy.com\/es_es\/wp-json\/wp\/v2\/media\/250"}],"wp:attachment":[{"href":"https:\/\/red-lighttherapy.com\/es_es\/wp-json\/wp\/v2\/media?parent=248"}],"wp:term":[{"taxonomy":"product_brand","embeddable":true,"href":"https:\/\/red-lighttherapy.com\/es_es\/wp-json\/wp\/v2\/product_brand?post=248"},{"taxonomy":"product_cat","embeddable":true,"href":"https:\/\/red-lighttherapy.com\/es_es\/wp-json\/wp\/v2\/product_cat?post=248"},{"taxonomy":"product_tag","embeddable":true,"href":"https:\/\/red-lighttherapy.com\/es_es\/wp-json\/wp\/v2\/product_tag?post=248"}],"curies":[{"name":"wp","href":"https:\/\/api.w.org\/{rel}","templated":true}]}}