{"id":236,"date":"2025-04-10T12:21:10","date_gmt":"2025-04-10T12:21:10","guid":{"rendered":"https:\/\/red-lighttherapy.com\/?post_type=product&#038;p=236"},"modified":"2025-04-10T12:32:14","modified_gmt":"2025-04-10T12:32:14","slug":"custom-wine-spirit-liquor-paper-tube-packaging-box-wholesale","status":"publish","type":"product","link":"https:\/\/red-lighttherapy.com\/es_es\/custom-wine-spirit-liquor-paper-tube-packaging-box-wholesale\/","title":{"rendered":"Licor de vino personalizado tubo de papel Caja de embalaje al por mayor"},"content":{"rendered":"<h2 id=\"-customized-red-and-gold-curled-cylinder-packaging-box-for-wine-and-spirits-\"><strong>Caja de embalaje cil\u00edndrica rizada roja y dorada personalizada para vino y licores<\/strong><\/h2>\n<h2 id=\"-core-product-design-\"><strong>Dise\u00f1o de productos b\u00e1sicos<\/strong><\/h2>\n<ol>\n<li><strong>Material y estructura<\/strong><\/li>\n<li><strong>Material de superficie de papel estucado respetuoso con el medio ambiente<\/strong>: Papel estucado seleccionado con un gramaje superior a 200 g\/m\u00b2 como material de superficie, la superficie es lisa y delicada, con una excelente idoneidad para la impresi\u00f3n, y puede presentar con precisi\u00f3n detalles del proceso como la estampaci\u00f3n en caliente y la impresi\u00f3n en color. El cuerpo del cilindro adopta un proceso de curvado en espiral, y la rigidez se mejora mediante un proceso de montaje multicapa para garantizar que la caja del cilindro no se deforme al soportar peso (una sola botella de vino tinto\/espirituosos), teniendo en cuenta la protecci\u00f3n del medio ambiente y la durabilidad.<\/li>\n<li><strong>Cilindro rizado Tipo caja<\/strong>: Dise\u00f1o de estructura cil\u00edndrica de tubo de papel, l\u00edneas suaves sin bordes ni esquinas, c\u00f3moda apertura y cierre hacia arriba y hacia abajo, y buen sellado. El di\u00e1metro y la altura del cuerpo del cilindro se pueden personalizar para satisfacer las necesidades de las botellas de vino est\u00e1ndar de 750 ml y las botellas de formas especiales.<\/li>\n<li><strong>Tecnolog\u00eda de la decoraci\u00f3n y dise\u00f1o visual<\/strong><\/li>\n<li><strong>Tecnolog\u00eda de estampaci\u00f3n en caliente<\/strong>: Utilizando la tecnolog\u00eda local de estampaci\u00f3n en caliente UV, se dise\u00f1an l\u00edneas radiales o patrones de vid en el cuerpo principal del barril, a juego con el logotipo de la marca o patrones auspiciosos, transmitiendo un ambiente festivo y lujoso, adecuado para regalos de vacaciones, banquetes de boda y otras escenas.<\/li>\n<li><strong>Combinaci\u00f3n cl\u00e1sica de colores rojo y dorado<\/strong>: El color principal es el rojo chino muy saturado, combinado con elementos de estampaci\u00f3n en caliente, y el impacto visual se realza mediante el contraste de colores, resaltando la textura de alta gama y la connotaci\u00f3n cultural del producto.<\/li>\n<li><strong>Estructura de protecci\u00f3n interna<\/strong><\/li>\n<li><strong>Forro de marco dorado<\/strong>: Marco amortiguador de EVA dorada de 0,5 mm de grosor incorporado, que se ajusta firmemente al cuerpo de la botella para evitar ara\u00f1azos durante el transporte; la superficie del marco est\u00e1 cubierta con pel\u00edcula mate, que resalta la textura de la botella de vino de forma discreta. Admite la actualizaci\u00f3n a forro de flocado o estructura de partici\u00f3n personalizada para satisfacer las necesidades del envasado combinado de varias botellas.<\/li>\n<\/ol>\n<h2 id=\"-advantages-of-customized-services-\"><strong>Ventajas de los servicios personalizados<\/strong><\/h2>\n<ol>\n<li><strong>Opciones de personalizaci\u00f3n flexibles<\/strong><\/li>\n<li><strong>Patr\u00f3n y tama\u00f1o<\/strong>: Admite impresi\u00f3n a todo color, estampaci\u00f3n en caliente parcial, gofrado y otros procesos, que pueden integrarse en la marca VI, temas festivos o ilustraciones art\u00edsticas; los errores de altura y di\u00e1metro del barril se controlan dentro de \u00b10,5 mm, ajust\u00e1ndose con precisi\u00f3n a las necesidades del cliente.<\/li>\n<li><strong>Mejora del material<\/strong>: Cart\u00f3n dorado y plateado opcional, se puede utilizar papel especial (como imitaci\u00f3n de grano de cuero, pel\u00edcula t\u00e1ctil) para realzar la textura, o se puede a\u00f1adir revestimiento impermeable para mejorar la practicidad.<\/li>\n<li><strong>Garant\u00eda de producci\u00f3n y entrega<\/strong><\/li>\n<li><strong>Capacidad de producci\u00f3n eficiente<\/strong>: Equipado con m\u00e1quina de perfilado totalmente autom\u00e1tica y l\u00ednea de producci\u00f3n de estampaci\u00f3n en caliente, la capacidad de producci\u00f3n diaria alcanza m\u00e1s de 10.000.000 PCS, soporta 500 PCS de pedido m\u00ednimo, y el ciclo de entrega de grandes pedidos se acorta a 7-10 d\u00edas laborables.<\/li>\n<li><strong>Servicio integral<\/strong>: Desde el dise\u00f1o de modelos 3D, la confirmaci\u00f3n de pruebas hasta la producci\u00f3n en serie, el seguimiento durante todo el proceso, la provisi\u00f3n de libros de muestras de materiales, las pruebas de procesos y las soluciones log\u00edsticas de embalaje para garantizar tanto la calidad como la puntualidad.<\/li>\n<\/ol>\n<h2 id=\"-application-scenarios-and-competitiveness-\"><strong>Escenarios de aplicaci\u00f3n y competitividad<\/strong><\/h2>\n<ul>\n<li><strong>Adaptaci\u00f3n del escenario<\/strong>: Aplicable a envases de regalo como vino tinto, licores, t\u00e9 de alta gama, fragancias, etc., teniendo en cuenta m\u00faltiples escenarios como exposici\u00f3n en supermercados, transporte de comercio electr\u00f3nico, eventos flash de marca, etc.<\/li>\n<li><strong>Certificaci\u00f3n medioambiental<\/strong>: El material principal ha superado la certificaci\u00f3n forestal FSC, cumple las normas de protecci\u00f3n medioambiental REACH de la UE para la exportaci\u00f3n y admite el suministro transfronterizo.<\/li>\n<\/ul>","protected":false},"excerpt":{"rendered":"<p>Esta caja es una caja de tubo de papel rizado con l\u00edneas suaves, f\u00e1cil de abrir y cerrar, tecnolog\u00eda de estampaci\u00f3n en caliente en oro y decoraci\u00f3n de l\u00edneas radiales, que resulta adecuada para festivales o escenas de regalos.<\/p>","protected":false},"featured_media":240,"template":"","meta":{"_kad_post_transparent":"default","_kad_post_title":"","_kad_post_layout":"default","_kad_post_sidebar_id":"","_kad_post_content_style":"default","_kad_post_vertical_padding":"default","_kad_post_feature":"","_kad_post_feature_position":"","_kad_post_header":false,"_kad_post_footer":false,"_kad_post_classname":""},"product_brand":[],"product_cat":[15,17],"product_tag":[67,66,65],"class_list":{"0":"post-236","1":"product","2":"type-product","3":"status-publish","4":"has-post-thumbnail","6":"product_cat-red-light-therapy","7":"product_cat-services","8":"product_tag-custom-wine-box-wholesale","9":"product_tag-spirit-liquor-paper-tube","10":"product_tag-wine-paper-tube-packaging","12":"first","13":"instock","14":"shipping-taxable","15":"product-type-simple","16":"entry","17":"content-bg","18":"loop-entry"},"_links":{"self":[{"href":"https:\/\/red-lighttherapy.com\/es_es\/wp-json\/wp\/v2\/product\/236","targetHints":{"allow":["GET"]}}],"collection":[{"href":"https:\/\/red-lighttherapy.com\/es_es\/wp-json\/wp\/v2\/product"}],"about":[{"href":"https:\/\/red-lighttherapy.com\/es_es\/wp-json\/wp\/v2\/types\/product"}],"wp:featuredmedia":[{"embeddable":true,"href":"https:\/\/red-lighttherapy.com\/es_es\/wp-json\/wp\/v2\/media\/240"}],"wp:attachment":[{"href":"https:\/\/red-lighttherapy.com\/es_es\/wp-json\/wp\/v2\/media?parent=236"}],"wp:term":[{"taxonomy":"product_brand","embeddable":true,"href":"https:\/\/red-lighttherapy.com\/es_es\/wp-json\/wp\/v2\/product_brand?post=236"},{"taxonomy":"product_cat","embeddable":true,"href":"https:\/\/red-lighttherapy.com\/es_es\/wp-json\/wp\/v2\/product_cat?post=236"},{"taxonomy":"product_tag","embeddable":true,"href":"https:\/\/red-lighttherapy.com\/es_es\/wp-json\/wp\/v2\/product_tag?post=236"}],"curies":[{"name":"wp","href":"https:\/\/api.w.org\/{rel}","templated":true}]}}