{"id":224,"date":"2025-04-10T11:54:03","date_gmt":"2025-04-10T11:54:03","guid":{"rendered":"https:\/\/red-lighttherapy.com\/?post_type=product&#038;p=224"},"modified":"2025-04-10T12:08:39","modified_gmt":"2025-04-10T12:08:39","slug":"high-quality-customized-jewelry-drawer-gift-box-wholesale","status":"publish","type":"product","link":"https:\/\/red-lighttherapy.com\/es_es\/high-quality-customized-jewelry-drawer-gift-box-wholesale\/","title":{"rendered":"Alta Calidad Personalizado Caj\u00f3n de joyer\u00eda Caja de regalo al por mayor"},"content":{"rendered":"<h2 id=\"-high-quality-custom-jewelry-drawer-gift-box-product-description-\"><strong>Alta calidad personalizado joyer\u00eda caj\u00f3n caja de regalo descripci\u00f3n del producto<\/strong><\/h2>\n<h2 id=\"-1-environmentally-friendly-materials-ingenious-choice-\"><strong>1. Materiales respetuosos con el medio ambiente, elecci\u00f3n ingeniosa<\/strong><\/h2>\n<p>Esta caja de regalo para el caj\u00f3n de las joyas utiliza\u00a0<strong>papel estucado y cart\u00f3n simple negro gris<\/strong>\u00a0como materiales principales, teniendo en cuenta tanto la protecci\u00f3n del medio ambiente como la durabilidad.<\/p>\n<ul>\n<li><strong>Papel estucado<\/strong>: La superficie es suave y delicada, y el alto brillo garantiza que el color de impresi\u00f3n sea pleno. Al mismo tiempo, tiene una excelente resistencia al desgarro y a la presi\u00f3n, proporcionando una s\u00f3lida protecci\u00f3n a las joyas.<\/li>\n<li><strong>Tablero \u00fanico negro gris<\/strong>: Se procesa con tecnolog\u00eda respetuosa con el medio ambiente, no tiene olor irritante, cumple las normas medioambientales internacionales (como RoHS), tiene rigidez y resistencia a la deformaci\u00f3n, y es adecuado para el transporte a larga distancia y el almacenamiento a largo plazo.<\/li>\n<li><strong>Certificaci\u00f3n medioambiental<\/strong>: Todos los materiales han superado la certificaci\u00f3n forestal FSC y las pruebas de degradabilidad, lo que ayuda a la marca a practicar el concepto de desarrollo sostenible.<\/li>\n<\/ul>\n<h2 id=\"-two-and-four-color-printing-technology-artistic-brand-expression-\"><strong>2. Y tecnolog\u00eda de impresi\u00f3n en cuatricrom\u00eda, expresi\u00f3n art\u00edstica de la marca.<\/strong><\/h2>\n<p>A trav\u00e9s de\u00a0<strong>tecnolog\u00eda de impresi\u00f3n en cuatricrom\u00eda (CMYK)<\/strong>El logotipo de la marca y los elementos visuales se restauran con precisi\u00f3n, lo que confiere a la caja de regalo una presentaci\u00f3n art\u00edstica:<\/p>\n<ul>\n<li><strong>Impresi\u00f3n de alta definici\u00f3n<\/strong>: Se utilizan puntos de alta precisi\u00f3n de 300 l\u00edneas\/pulgada para garantizar que los bordes de las fuentes del LOGO sean n\u00edtidos y claros, que los detalles sean definidos y que se eviten los problemas de diferencias de color y manchas.<\/li>\n<li><strong>Rendimiento del color<\/strong>: Mediante la superposici\u00f3n de cian, magenta, amarillo y negro,\u00a0<strong>99% Cobertura de la gama de colores Pantone<\/strong>\u00a0de la marca VI y se refuerza la unidad visual.<\/li>\n<li><strong>Tecnolog\u00eda de fuente dorada mate<\/strong>: El color negro principal se combina con\u00a0<strong>estampaci\u00f3n en caliente parcial en oro mate<\/strong>, y la fuente presenta una textura met\u00e1lica esmerilada, formando un contraste claro y oscuro con el cuerpo de la caja, mostrando un estilo lujoso de forma discreta.<\/li>\n<\/ul>\n<h2 id=\"-three-black-and-gold-aesthetic-design-creating-visual-memory-points-\"><strong>3. Dise\u00f1o est\u00e9tico en negro y dorado, que crea puntos de memoria visual<\/strong><\/h2>\n<p>Utilizando\u00a0<strong>estilo minimalista en negro y dorado<\/strong>\u00a0como lenguaje de dise\u00f1o b\u00e1sico, creamos s\u00edmbolos est\u00e9ticos exclusivos de la marca:<\/p>\n<ul>\n<li><strong>Combinaci\u00f3n del color principal<\/strong>: La cl\u00e1sica base negra simboliza estabilidad y misterio, y el adorno dorado mate del LOGO realza el foco visual. El contraste de color es fuerte y por capas.<\/li>\n<li><strong>Integraci\u00f3n del logotipo de la marca<\/strong>: El LOGOTIPO adopta la tecnolog\u00eda de relieve incrustado o impresi\u00f3n tridimensional UV, que conecta a la perfecci\u00f3n con el cuerpo de la caja, mejora el reconocimiento t\u00e1ctil y visual, y refuerza el conocimiento de la marca.<\/li>\n<li><strong>Experiencia interactiva extra\u00edble<\/strong>: La cinta dorada tira con suavidad y sin obst\u00e1culos, y el dise\u00f1o de apertura tipo caj\u00f3n proporciona\u00a0<strong>un sentido ritual para abrir la caja<\/strong>que responde a las necesidades emocionales de \"coleccionar\" y \"revelar\" joyas de alta gama.<\/li>\n<\/ul>\n<h2 id=\"-four-multi-functional-lining-customization-all-round-protection-\"><strong>4. Personalizaci\u00f3n del forro multifuncional, protecci\u00f3n integral<\/strong><\/h2>\n<p>Proporcionar soluciones de revestimiento diversificadas para satisfacer las necesidades de protecci\u00f3n de las distintas categor\u00edas de joyas:<\/p>\n<ul>\n<li><strong>Algod\u00f3n perlado<\/strong>: Suave y resistente a los golpes, adecuado para gemas fr\u00e1giles, jade, etc., para reducir los da\u00f1os por vibraciones durante el transporte.<\/li>\n<li><strong>Material EVA<\/strong>Estructura de alta densidad, resistente al desgaste y a los golpes, adecuada para fijar joyas de metal y joyas con incrustaciones.<\/li>\n<li><strong>Flocado con esponja<\/strong>: Superficie recubierta de tela de terciopelo o sat\u00e9n, de tacto delicado, mejora la est\u00e9tica de la pantalla y evita ara\u00f1azos.<\/li>\n<li><strong>Mamparas a medida<\/strong>: Admite dise\u00f1os estructurales como compartimentos, ranuras y cajas anidadas, separa con flexibilidad collares, anillos, pendientes, etc., y optimiza el aprovechamiento del espacio.<\/li>\n<\/ul>\n<h2 id=\"-v-large-scale-production-strength-one-stop-customization-service-\"><strong>5. Fuerza de producci\u00f3n a gran escala, servicio de personalizaci\u00f3n integral<\/strong><\/h2>\n<p>Confiar en\u00a0<strong>5.320 metros cuadrados de taller inteligente<\/strong>\u00a0, ofrecen soluciones de personalizaci\u00f3n eficaces y precisas:<\/p>\n<ul>\n<li><strong>Cadena de producci\u00f3n flexible<\/strong>: Equipada con elevadores de carga de 5 toneladas y equipos de corte totalmente autom\u00e1ticos, admite con flexibilidad pedidos de 100 a 100.000 piezas y acorta el ciclo de entrega en 30%.<\/li>\n<li><strong>Examen previo del efecto 3D<\/strong>: Mediante la tecnolog\u00eda de modelado virtual, la estructura de la caja, la textura del material y el efecto de impresi\u00f3n se presentan por adelantado para garantizar un error cero en el dise\u00f1o.<\/li>\n<li><strong>Control de calidad<\/strong>: Implementar el sistema de gesti\u00f3n de calidad ISO 9001, cada lote de productos se somete a 12 pruebas estrictas (incluyendo la prueba de carga, tolerancia a la humedad, etc.), y la tasa calificada alcanza 99.8%.<\/li>\n<\/ul>\n<h2 id=\"-advantages-of-cooperation-\"><strong>Ventajas de la cooperaci\u00f3n<\/strong>:<\/h2>\n<ul>\n<li><strong>Equipo de dise\u00f1o exclusivo<\/strong>: Proporcionar apoyo creativo integral, desde el boceto conceptual hasta la producci\u00f3n en serie, y explorar en profundidad los elementos culturales de la marca.<\/li>\n<li><strong>Optimizaci\u00f3n de costes<\/strong>: Las compras a gran escala reducen el coste unitario, y los pedidos completos disfrutan de descuentos exclusivos y subvenciones log\u00edsticas.<\/li>\n<li><strong>Apoyo a la certificaci\u00f3n medioambiental<\/strong>: Ayudar a los clientes a solicitar el logotipo de envasado ecol\u00f3gico y mejorar la imagen de responsabilidad social de la marca.<\/li>\n<\/ul>","protected":false},"excerpt":{"rendered":"<p>Esta caja de papel para cajones es principalmente negra, con fuentes doradas mate estampadas en caliente, que se complementan entre s\u00ed. La combinaci\u00f3n de colores es armoniosa y en capas, lo que crea un efecto visual lujoso y elegante para los consumidores.<\/p>","protected":false},"featured_media":228,"template":"","meta":{"_kad_post_transparent":"default","_kad_post_title":"","_kad_post_layout":"default","_kad_post_sidebar_id":"","_kad_post_content_style":"default","_kad_post_vertical_padding":"default","_kad_post_feature":"","_kad_post_feature_position":"","_kad_post_header":false,"_kad_post_footer":false,"_kad_post_classname":""},"product_brand":[],"product_cat":[15,20,17],"product_tag":[60,59,61],"class_list":{"0":"post-224","1":"product","2":"type-product","3":"status-publish","4":"has-post-thumbnail","6":"product_cat-red-light-therapy","7":"product_cat-led-face-light-therapy","8":"product_cat-services","9":"product_tag-customized-jewelry-gift-box","10":"product_tag-jewelry-drawer-box","11":"product_tag-jewelry-gift-box-wholesale","13":"first","14":"instock","15":"shipping-taxable","16":"product-type-simple","17":"entry","18":"content-bg","19":"loop-entry"},"_links":{"self":[{"href":"https:\/\/red-lighttherapy.com\/es_es\/wp-json\/wp\/v2\/product\/224","targetHints":{"allow":["GET"]}}],"collection":[{"href":"https:\/\/red-lighttherapy.com\/es_es\/wp-json\/wp\/v2\/product"}],"about":[{"href":"https:\/\/red-lighttherapy.com\/es_es\/wp-json\/wp\/v2\/types\/product"}],"wp:featuredmedia":[{"embeddable":true,"href":"https:\/\/red-lighttherapy.com\/es_es\/wp-json\/wp\/v2\/media\/228"}],"wp:attachment":[{"href":"https:\/\/red-lighttherapy.com\/es_es\/wp-json\/wp\/v2\/media?parent=224"}],"wp:term":[{"taxonomy":"product_brand","embeddable":true,"href":"https:\/\/red-lighttherapy.com\/es_es\/wp-json\/wp\/v2\/product_brand?post=224"},{"taxonomy":"product_cat","embeddable":true,"href":"https:\/\/red-lighttherapy.com\/es_es\/wp-json\/wp\/v2\/product_cat?post=224"},{"taxonomy":"product_tag","embeddable":true,"href":"https:\/\/red-lighttherapy.com\/es_es\/wp-json\/wp\/v2\/product_tag?post=224"}],"curies":[{"name":"wp","href":"https:\/\/api.w.org\/{rel}","templated":true}]}}