{"id":218,"date":"2025-04-10T11:34:05","date_gmt":"2025-04-10T11:34:05","guid":{"rendered":"https:\/\/red-lighttherapy.com\/?post_type=product&#038;p=218"},"modified":"2025-04-12T08:10:32","modified_gmt":"2025-04-12T08:10:32","slug":"custom-design-knife-circular-saw-blade-packaging-box-factory","status":"publish","type":"product","link":"https:\/\/red-lighttherapy.com\/es_es\/custom-design-knife-circular-saw-blade-packaging-box-factory\/","title":{"rendered":"Cuchillo de dise\u00f1o personalizado de la hoja de sierra circular Caja de embalaje de f\u00e1brica"},"content":{"rendered":"<h2 id=\"-customized-circular-saw-blade-packaging-box-product-description-\"><strong>Personalizado circular hoja de sierra caja de embalaje descripci\u00f3n del producto<\/strong><\/h2>\n<h2 id=\"-1-material-and-structural-design-\"><strong>1. Material y dise\u00f1o estructural<\/strong><\/h2>\n<p>Adopta un cart\u00f3n r\u00edgido para l\u00e1ser de 183 g de alto peso y una estructura compuesta de cart\u00f3n art\u00edstico gris engrosado de 1200 g, por lo que tiene resistencia a la presi\u00f3n, resistencia a los impactos y rigidez. El cart\u00f3n gris tiene un fuerte apoyo, evitando eficazmente la deformaci\u00f3n de extrusi\u00f3n durante el transporte, y la superficie del cart\u00f3n l\u00e1ser es resistente al desgaste y resistente a los ara\u00f1azos.<\/p>\n<h2 id=\"-2-functional-box-design-\"><strong>2. Dise\u00f1o funcional de la caja<\/strong><\/h2>\n<p>La caja abatible se combina con un dise\u00f1o de cierre magn\u00e9tico o a presi\u00f3n, f\u00e1cil de abrir y cerrar y con una excelente estanqueidad. La tapa de la caja se puede aplanar completamente para exponer el producto; una vez cerrada, queda bien ajustada, es a prueba de polvo y humedad, y tiene en cuenta las necesidades de los escenarios de exposici\u00f3n minorista y almacenamiento industrial.<\/p>\n<h2 id=\"-3-innovative-appearance-design-\"><strong>3. Dise\u00f1o de aspecto innovador<\/strong><\/h2>\n<ul>\n<li><strong>Elementos b\u00e1sicos<\/strong>: Inspirado en la est\u00e9tica de la maquinaria de engranajes, presenta un efecto din\u00e1mico de gradiente de color mediante la tecnolog\u00eda de grabado l\u00e1ser en 3D, y muestra un brillo met\u00e1lico de varios niveles bajo la refracci\u00f3n de la luz, realzando la sensaci\u00f3n de tecnolog\u00eda y los puntos de memoria visual de la marca.<\/li>\n<li><strong>Combinaci\u00f3n de colores<\/strong>: El color principal es el azul marino intenso, que simboliza la profesionalidad y la fiabilidad, complementado por el reflejo iridiscente del proceso l\u00e1ser, formando una jerarqu\u00eda visual de lo din\u00e1mico y lo est\u00e1tico, y potenciando el reconocimiento del lineal.<\/li>\n<li><strong>Logotipo de la marca<\/strong>: Admite el proceso de estampaci\u00f3n en caliente\/UV de alta precisi\u00f3n para imprimir el LOGOTIPO y los par\u00e1metros del producto, y los bordes del texto son n\u00edtidos y sin rebabas para garantizar que la informaci\u00f3n de la marca sea clara y llamativa.<\/li>\n<\/ul>\n<h2 id=\"-4-refined-lining-system-\"><strong>4. Sistema de revestimiento perfeccionado<\/strong><\/h2>\n<p>El forro utiliza espuma EVA blanca respetuosa con el medio ambiente o bandeja bl\u00edster, y el molde se abre con precisi\u00f3n para adaptarse al arco de la hoja de sierra circular y conseguir una fijaci\u00f3n de 360\u00b0 sin \u00e1ngulo muerto. La superficie del forro est\u00e1 cubierta con terciopelo fino para evitar ara\u00f1azos en la superficie de la hoja de sierra, al tiempo que mejora la sensaci\u00f3n de calidad al desembalar.<\/p>\n<h2 id=\"-5-full-link-customization-service-\"><strong>5. Servicio de personalizaci\u00f3n de enlaces completos<\/strong><\/h2>\n<ul>\n<li><strong>Adaptaci\u00f3n personalizada<\/strong>: Admite la personalizaci\u00f3n de tama\u00f1os de hoja de sierra con un di\u00e1metro de 80-500 mm, y el cuerpo de la caja puede a\u00f1adir intercaladores, ranuras para accesorios o bolsillos manuales seg\u00fan sea necesario.<\/li>\n<li><strong>Implantaci\u00f3n profunda de la marca<\/strong>: Proporcionar composici\u00f3n gr\u00e1fica, implantaci\u00f3n de c\u00f3digos QR, impresi\u00f3n de informaci\u00f3n multiling\u00fce y otros servicios para satisfacer las necesidades del comercio transfronterizo, cajas de regalo promocionales y otros escenarios.<\/li>\n<li><strong>Actualizaci\u00f3n del proceso<\/strong>: UV local opcional, gofrado, serigraf\u00eda y otros m\u00e1s de 20 posprocesamientos para conseguir etiquetas antifalsificaci\u00f3n, texturas antideslizantes y otras funciones especiales.<\/li>\n<\/ul>\n<h2 id=\"-6-intelligent-manufacturing-and-quality-control-system-\"><strong>6. Sistema inteligente de fabricaci\u00f3n y control de calidad<\/strong><\/h2>\n<p>La f\u00e1brica est\u00e1 equipada con troqueladoras totalmente autom\u00e1ticas, m\u00e1quinas de impresi\u00f3n digital y l\u00edneas de producci\u00f3n de rejilla l\u00e1ser, y adopta el sistema de gesti\u00f3n de calidad ISO9001, desde el borrador de dise\u00f1o hasta el producto acabado para lograr 72 horas de pruebas r\u00e1pidas y 15 d\u00edas de entrega de lotes. Cada lote de productos pasa una prueba de vibraci\u00f3n de transporte simulada y una prueba de soporte de carga para garantizar que la resistencia a la ca\u00edda del embalaje es \u22651,5 metros.<\/p>\n<h2 id=\"-7-application-scenarios-and-added-value-\"><strong>7. Escenarios de aplicaci\u00f3n y valor a\u00f1adido<\/strong><\/h2>\n<p>Adecuado para hojas de sierra circular de grado industrial, hojas de corte de diamante, accesorios de sierra de panel electr\u00f3nico y otros envases de herramientas de precisi\u00f3n, que se pueden ampliar a cajas de regalo de juegos de herramientas de gama alta o cajas de exposici\u00f3n para distribuidores. Fortalecer la imagen profesional de la marca a trav\u00e9s de envases y ayudar a la prima de ventas terminal.<\/p>\n<h2 id=\"-technical-parameters-\"><strong>Par\u00e1metros t\u00e9cnicos<\/strong><\/h2>\n<table>\n<thead>\n<tr>\n<th>Proyecto<\/th>\n<th>Especificaciones<\/th>\n<\/tr>\n<\/thead>\n<tbody>\n<tr>\n<td>Material<\/td>\n<td>183 g de cart\u00f3n l\u00e1ser + 1200 g de cart\u00f3n gris<\/td>\n<\/tr>\n<tr>\n<td>Colores de impresi\u00f3n<\/td>\n<td>Impresi\u00f3n de alta fidelidad de 4-8 colores (calibraci\u00f3n de color Pantone)<\/td>\n<\/tr>\n<tr>\n<td>Tama\u00f1o de la caja<\/td>\n<td>Admite la personalizaci\u00f3n del di\u00e1metro 80-500 mm<\/td>\n<\/tr>\n<tr>\n<td>Cantidad m\u00ednima de pedido<\/td>\n<td>500 (admite la producci\u00f3n flexible de lotes peque\u00f1os)<\/td>\n<\/tr>\n<tr>\n<td>Certificaci\u00f3n medioambiental<\/td>\n<td>Certificaci\u00f3n forestal FSC\/materiales degradables opcional<\/td>\n<\/tr>\n<\/tbody>\n<\/table>","protected":false},"excerpt":{"rendered":"<p>Un dise\u00f1o de caja con cierre magn\u00e9tico, f\u00e1cil de abrir y cerrar, que resulta a la vez pr\u00e1ctico y expositivo. Utiliza tecnolog\u00eda l\u00e1ser para presentar un efecto de color degradado, que tiene un fuerte impacto visual.<\/p>","protected":false},"featured_media":219,"template":"","meta":{"_kad_post_transparent":"default","_kad_post_title":"","_kad_post_layout":"default","_kad_post_sidebar_id":"","_kad_post_content_style":"default","_kad_post_vertical_padding":"default","_kad_post_feature":"","_kad_post_feature_position":"","_kad_post_header":false,"_kad_post_footer":false,"_kad_post_classname":""},"product_brand":[],"product_cat":[15,17],"product_tag":[57,56,58],"class_list":{"0":"post-218","1":"product","2":"type-product","3":"status-publish","4":"has-post-thumbnail","6":"product_cat-red-light-therapy","7":"product_cat-services","8":"product_tag-custom-saw-blade-packaging","9":"product_tag-saw-blade-packaging-box","10":"product_tag-saw-blade-packaging-factory","12":"first","13":"instock","14":"shipping-taxable","15":"product-type-simple","16":"entry","17":"content-bg","18":"loop-entry"},"_links":{"self":[{"href":"https:\/\/red-lighttherapy.com\/es_es\/wp-json\/wp\/v2\/product\/218","targetHints":{"allow":["GET"]}}],"collection":[{"href":"https:\/\/red-lighttherapy.com\/es_es\/wp-json\/wp\/v2\/product"}],"about":[{"href":"https:\/\/red-lighttherapy.com\/es_es\/wp-json\/wp\/v2\/types\/product"}],"wp:featuredmedia":[{"embeddable":true,"href":"https:\/\/red-lighttherapy.com\/es_es\/wp-json\/wp\/v2\/media\/219"}],"wp:attachment":[{"href":"https:\/\/red-lighttherapy.com\/es_es\/wp-json\/wp\/v2\/media?parent=218"}],"wp:term":[{"taxonomy":"product_brand","embeddable":true,"href":"https:\/\/red-lighttherapy.com\/es_es\/wp-json\/wp\/v2\/product_brand?post=218"},{"taxonomy":"product_cat","embeddable":true,"href":"https:\/\/red-lighttherapy.com\/es_es\/wp-json\/wp\/v2\/product_cat?post=218"},{"taxonomy":"product_tag","embeddable":true,"href":"https:\/\/red-lighttherapy.com\/es_es\/wp-json\/wp\/v2\/product_tag?post=218"}],"curies":[{"name":"wp","href":"https:\/\/api.w.org\/{rel}","templated":true}]}}