{"id":211,"date":"2025-04-10T11:03:57","date_gmt":"2025-04-10T11:03:57","guid":{"rendered":"https:\/\/red-lighttherapy.com\/?post_type=product&#038;p=211"},"modified":"2025-04-10T11:17:27","modified_gmt":"2025-04-10T11:17:27","slug":"personalized-perfume-bottle-paper-box-packaging-wholesale","status":"publish","type":"product","link":"https:\/\/red-lighttherapy.com\/es_es\/personalized-perfume-bottle-paper-box-packaging-wholesale\/","title":{"rendered":"Botella de Perfume Personalizada Caja de Papel de Embalaje al por Mayor"},"content":{"rendered":"<h2 id=\"customized-perfume-paper-box-packaging-an-environmental-and-luxurious-feast-from-design-to-experience\">Envases de papel personalizados para perfumes: un fest\u00edn ecol\u00f3gico y lujoso desde el dise\u00f1o hasta la experiencia<\/h2>\n<p>En un momento en que la competencia en el mercado de los perfumes es feroz, el envase no es s\u00f3lo una c\u00e1scara protectora para el producto, sino tambi\u00e9n el primer medio de comunicaci\u00f3n de las marcas con los consumidores. Una caja de papel para perfumes personalizada que sea a la vez pr\u00e1ctica y art\u00edstica puede transformar el valor de la marca en una experiencia sensorial t\u00e1ctil mediante una combinaci\u00f3n innovadora de materiales, artesan\u00eda y estructura. A continuaci\u00f3n se analiza el dise\u00f1o innovador de las cajas de embalaje para perfumes personalizadas desde siete dimensiones fundamentales.<\/p>\n<p><img fetchpriority=\"high\" decoding=\"async\" class=\"wp-image-212 size-full\" src=\"https:\/\/red-lighttherapy.com\/wp-content\/uploads\/2025\/04\/Perfume-Bottle-Paper-Box-001.jpg\" alt=\"Caja de papel para frascos de perfume\" width=\"1000\" height=\"1000\" srcset=\"https:\/\/red-lighttherapy.com\/wp-content\/uploads\/2025\/04\/Perfume-Bottle-Paper-Box-001.jpg 1000w, https:\/\/red-lighttherapy.com\/wp-content\/uploads\/2025\/04\/Perfume-Bottle-Paper-Box-001-300x300.jpg 300w, https:\/\/red-lighttherapy.com\/wp-content\/uploads\/2025\/04\/Perfume-Bottle-Paper-Box-001-150x150.jpg 150w, https:\/\/red-lighttherapy.com\/wp-content\/uploads\/2025\/04\/Perfume-Bottle-Paper-Box-001-768x768.jpg 768w, https:\/\/red-lighttherapy.com\/wp-content\/uploads\/2025\/04\/Perfume-Bottle-Paper-Box-001-12x12.jpg 12w, https:\/\/red-lighttherapy.com\/wp-content\/uploads\/2025\/04\/Perfume-Bottle-Paper-Box-001-600x600.jpg 600w, https:\/\/red-lighttherapy.com\/wp-content\/uploads\/2025\/04\/Perfume-Bottle-Paper-Box-001-100x100.jpg 100w\" sizes=\"(max-width: 1000px) 100vw, 1000px\" \/><\/p>\n<h2 id=\"1-drawer-box-type-a-perfect-balance-between-ritual-sense-and-convenience-\">1.\u00a0<strong>Tipo caj\u00f3n: un equilibrio perfecto entre sentido ritual y comodidad<\/strong><\/h2>\n<p>La caja tipo caj\u00f3n se ha convertido en la primera opci\u00f3n para el envasado de perfumes de alta gama por su\u00a0<strong>estructura de caja de doble capa<\/strong>\u00a0y\u00a0<strong>dise\u00f1o de apertura extra\u00edble<\/strong>. El cuerpo de la caja adopta\u00a0<strong>Tecnolog\u00eda de corte en bisel de 15<\/strong>\u00a0para garantizar una apertura y cierre suaves y sin atascos, y con\u00a0<strong>amortiguaci\u00f3n magn\u00e9tica<\/strong>\u00a0o\u00a0<strong>carril gu\u00eda invisible<\/strong>, proporciona a los usuarios una sensaci\u00f3n de ritual de \"extracci\u00f3n sedosa\". Este dise\u00f1o no solo resulta c\u00f3modo para que los clientes finales lo utilicen repetidamente, sino que tambi\u00e9n refuerza los puntos de recuerdo de la marca mediante\u00a0<strong>experiencia interactiva din\u00e1mica<\/strong>. Por ejemplo, la marca internacional LANVIN transform\u00f3 en su d\u00eda el proceso de apertura en un juego visual mediante la decoraci\u00f3n con espejos incorporados de la caja del caj\u00f3n.<\/p>\n<h2 id=\"2-environmentally-friendly-materials-a-dual-commitment-to-sustainability-and-quality-\">2.\u00a0<strong>Materiales respetuosos con el medio ambiente: un doble compromiso con la sostenibilidad y la calidad<\/strong><\/h2>\n<p>El cuerpo de la caja es de\u00a0<strong>Cart\u00f3n gris reciclable de 1000 g<\/strong>\u00a0como el esqueleto, y la superficie est\u00e1 cubierta de\u00a0<strong>Papel estucado con certificaci\u00f3n FSC<\/strong>que se componen de cola ecol\u00f3gica a base de agua. Se a\u00f1ade fibra de paja 30% a la materia prima del cart\u00f3n gris, lo que reduce la huella de carbono en 63% en comparaci\u00f3n con los materiales tradicionales; el papel estucado se imprime con\u00a0<strong>tinta al agua<\/strong>\u00a0y\u00a0<strong>Revestimiento mate UV<\/strong>\u00a0para evitar las emisiones de COV. Esta combinaci\u00f3n no s\u00f3lo cumple la norma RoHS de la UE, sino que tambi\u00e9n supera la\u00a0<strong>Certificaci\u00f3n mundial de reciclado GRS<\/strong>convirti\u00e9ndose en un \"pase verde\" favorecido por los consumidores de la Generaci\u00f3n Z.<\/p>\n<h2 id=\"3-visual-impact-the-golden-rule-of-color-and-craftsmanship-\">3.\u00a0<strong>Impacto visual: la regla de oro del color y la artesan\u00eda<\/strong><\/h2>\n<p>El color principal es\u00a0<strong>azul marino intenso<\/strong>\u00a0(Pantone 19-4052 Classic Blue), y m\u00e1s de 90% de cobertura de la gama de colores se logra a trav\u00e9s de\u00a0<strong>serigraf\u00eda nanom\u00e9trica<\/strong>. La estampaci\u00f3n en caliente de plata adopta\u00a0<strong>tecnolog\u00eda de estampaci\u00f3n en fr\u00edo<\/strong>y utiliza tecnolog\u00eda de relieve tridimensional de precisi\u00f3n de 0,1 mm para delinear el LOGO de la marca o motivos abstractos en la superficie de la caja. Por ejemplo, una caja personalizada combina patrones de constelaciones con meteoritos estampados en plata, presentando un efecto din\u00e1mico de \"cielo estrellado que fluye\" bajo la refracci\u00f3n de la luz, y la tasa de conversi\u00f3n de apertura de la caja aument\u00f3 en 27%.<\/p>\n<h2 id=\"4-protection-system-scientific-buffering-and-precise-adaptation-\">4.\u00a0<strong>Sistema de protecci\u00f3n: amortiguaci\u00f3n cient\u00edfica y adaptaci\u00f3n precisa<\/strong><\/h2>\n<p>La bandeja interior adopta\u00a0<strong>Proceso de troquelado de EVA y compuesto de esponja respetuoso con el medio ambiente<\/strong>con una densidad de 45 kg\/m\u00b3. A trav\u00e9s de\u00a0<strong>Escaneado l\u00e1ser 3D<\/strong>, se obtienen los datos de forma del frasco de perfume y se personaliza una ranura de forma especial con un ajuste de 98%. La superficie del forro se cubre con\u00a0<strong>flocado reciclable PETG<\/strong>y la densidad de la fibra de terciopelo es de 12.000 hebras\/cm\u00b2, que tiene funciones antideslizantes y amortiguadoras. Los datos de las pruebas demuestran que la estructura puede resistir un impacto de ca\u00edda de 1,2 metros, lo que supone una protecci\u00f3n 3 veces superior a la del algod\u00f3n perlado ordinario.<\/p>\n<h2 id=\"5-tactile-upgrade-delicate-expression-of-matte-film-technology-\">5.\u00a0<strong>Mejora t\u00e1ctil: delicada expresi\u00f3n de la tecnolog\u00eda de pel\u00edcula mate<\/strong><\/h2>\n<p>Tras la impresi\u00f3n, la superficie de la caja se cubre con\u00a0<strong>Pel\u00edcula mate de 12\u03bcm<\/strong>y se forma un tacto similar a la piel gracias a la tecnolog\u00eda de prensado en caliente. El exclusivo\u00a0<strong>propiedad de reflexi\u00f3n difusa<\/strong>\u00a0de pel\u00edcula mate puede eliminar 90% de residuos de huellas dactilares, al tiempo que mejora la saturaci\u00f3n del color y la resistencia al rayado. Los experimentos comparativos demuestran que la capacidad antidecoloraci\u00f3n del envase de pel\u00edcula mate en un entorno h\u00famedo es 40% superior a la de la pel\u00edcula brillante, y la textura mate est\u00e1 m\u00e1s en consonancia con el posicionamiento de lujo discreto de los perfumes de gama alta.<\/p>\n<h2 id=\"6-interactive-details-sensory-economics-of-ribbon-handles-\">6.\u00a0<strong>Detalles interactivos: econom\u00eda sensorial de las asas de cinta<\/strong><\/h2>\n<p>La parte superior de la caja est\u00e1 incrustada con un\u00a0<strong>cinta jacquard de seda<\/strong>la anchura se optimiza a 28 mm por ergonom\u00eda, y los usos finales\u00a0<strong>tecnolog\u00eda de sellado de bordes mediante prensado en caliente<\/strong>\u00a0para evitar descarrilamientos. La cinta puede personalizarse con los colores tem\u00e1ticos de la marca e implantarse con\u00a0<strong>Chips NFC<\/strong>\u00a0o\u00a0<strong>tinta sensible a la temperatura<\/strong>. Escanee el c\u00f3digo para ir a la p\u00e1gina de la historia de la marca. Una marca de perfumes nicho transforma el proceso de unboxing en una experiencia de inmersi\u00f3n multisensorial ti\u00f1endo la cinta con fragancia de lavanda, y la tasa de recompra ha aumentado un 34%.<\/p>\n<h2 id=\"7-full-dimensional-customization-unlimited-possibilities-for-flexible-production-\">7.\u00a0<strong>Personalizaci\u00f3n completa: posibilidades ilimitadas para una producci\u00f3n flexible<\/strong><\/h2>\n<p>Cinco niveles de personalizaci\u00f3n, desde el dise\u00f1o hasta la entrega:<\/p>\n<ol>\n<li><strong>Tipo de caja<\/strong>: proporcionan 6 estructuras b\u00e1sicas, como caja de cajones, tapa superior e inferior, y admiten el desarrollo de cajas con formas especiales;<\/li>\n<li><strong>Material<\/strong>: 12 combinaciones opcionales de cart\u00f3n gris montado sobre papel estucado, cuero gofrado, compuesto met\u00e1lico, etc;<\/li>\n<li><strong>Proceso<\/strong>: admiten 8 superposiciones de procesos, como UV local, gofrado, l\u00e1ser, etc;<\/li>\n<li><strong>Componentes inteligentes<\/strong>: pueden implantarse con m\u00f3dulos interactivos como tiras de luz LED y c\u00f3digos de identificaci\u00f3n AR;<\/li>\n<li><strong>Flexibilidad de los lotes<\/strong>Pedido m\u00ednimo de 500 unidades, entrega de muestras en 48 horas y producci\u00f3n en serie acelerada en 72 horas.<\/li>\n<\/ol>\n<h2 id=\"conclusion-redefine-the-value-chain-of-perfume-packaging\">Conclusiones: Redefinir la cadena de valor del envasado de perfumes<\/h2>\n<p>Esta caja de papel para perfumes personalizada construye un sistema de valor de circuito cerrado desde la producci\u00f3n hasta el consumo mediante la colisi\u00f3n de\u00a0<strong>tecnolog\u00eda medioambiental<\/strong>\u00a0y\u00a0<strong>artesan\u00eda de lujo<\/strong>. Cuando las yemas de los dedos de los consumidores se deslizan sobre la superficie de pel\u00edcula mate, oyen la sutil fricci\u00f3n de los cajones al ser extra\u00eddos y ven los t\u00f3tems de la marca entrelazados con plata y azul, estas experiencias multidimensionales acabar\u00e1n por asentarse en la fidelidad a la marca. En una era en la que el desarrollo sostenible y el consumo personalizado van de la mano, este tipo de dise\u00f1o no solo satisface las necesidades empresariales, sino que tambi\u00e9n se convierte en un soporte concreto para que las empresas practiquen el concepto ESG.<\/p>","protected":false},"excerpt":{"rendered":"<p>Un lujoso estuche para perfumes en forma de caj\u00f3n f\u00e1cil de abrir y cerrar. Los motivos y textos se estampan en caliente en color plata para que su marca destaque.<\/p>","protected":false},"featured_media":212,"template":"","meta":{"_kad_post_transparent":"default","_kad_post_title":"","_kad_post_layout":"default","_kad_post_sidebar_id":"","_kad_post_content_style":"default","_kad_post_vertical_padding":"default","_kad_post_feature":"","_kad_post_feature_position":"","_kad_post_header":false,"_kad_post_footer":false,"_kad_post_classname":""},"product_brand":[],"product_cat":[15,20,17],"product_tag":[53,54,55],"class_list":{"0":"post-211","1":"product","2":"type-product","3":"status-publish","4":"has-post-thumbnail","6":"product_cat-red-light-therapy","7":"product_cat-led-face-light-therapy","8":"product_cat-services","9":"product_tag-perfume-bottle-paper-box","10":"product_tag-perfume-box-packaging","11":"product_tag-personalized-perfume-packaging","13":"first","14":"instock","15":"shipping-taxable","16":"product-type-simple","17":"entry","18":"content-bg","19":"loop-entry"},"_links":{"self":[{"href":"https:\/\/red-lighttherapy.com\/es_es\/wp-json\/wp\/v2\/product\/211","targetHints":{"allow":["GET"]}}],"collection":[{"href":"https:\/\/red-lighttherapy.com\/es_es\/wp-json\/wp\/v2\/product"}],"about":[{"href":"https:\/\/red-lighttherapy.com\/es_es\/wp-json\/wp\/v2\/types\/product"}],"wp:featuredmedia":[{"embeddable":true,"href":"https:\/\/red-lighttherapy.com\/es_es\/wp-json\/wp\/v2\/media\/212"}],"wp:attachment":[{"href":"https:\/\/red-lighttherapy.com\/es_es\/wp-json\/wp\/v2\/media?parent=211"}],"wp:term":[{"taxonomy":"product_brand","embeddable":true,"href":"https:\/\/red-lighttherapy.com\/es_es\/wp-json\/wp\/v2\/product_brand?post=211"},{"taxonomy":"product_cat","embeddable":true,"href":"https:\/\/red-lighttherapy.com\/es_es\/wp-json\/wp\/v2\/product_cat?post=211"},{"taxonomy":"product_tag","embeddable":true,"href":"https:\/\/red-lighttherapy.com\/es_es\/wp-json\/wp\/v2\/product_tag?post=211"}],"curies":[{"name":"wp","href":"https:\/\/api.w.org\/{rel}","templated":true}]}}