{"id":186,"date":"2025-04-10T08:21:48","date_gmt":"2025-04-10T08:21:48","guid":{"rendered":"https:\/\/red-lighttherapy.com\/?post_type=product&#038;p=186"},"modified":"2025-04-10T10:35:53","modified_gmt":"2025-04-10T10:35:53","slug":"high-end-custom-vip-card-gift-box-with-velvet-coated-holder","status":"publish","type":"product","link":"https:\/\/red-lighttherapy.com\/es_es\/high-end-custom-vip-card-gift-box-with-velvet-coated-holder\/","title":{"rendered":"Caja de regalo personalizada de alta gama para tarjetas VIP con soporte revestido de terciopelo"},"content":{"rendered":"<h2 id=\"exclusive-customization-interpretation-of-luxury-ingenious-design-and-environmental-innovation-of-high-end-vip-card-gift-boxes\">Personalizaci\u00f3n exclusiva, interpretaci\u00f3n del lujo: ingenioso dise\u00f1o e innovaci\u00f3n medioambiental de las cajas regalo para tarjetas VIP de gama alta<\/h2>\n<p>En el campo de las cajas de regalo para empresas de gama alta, el embalaje de tarjetas VIP no es s\u00f3lo un portador de imagen de marca, sino tambi\u00e9n una expresi\u00f3n concreta de la distinguida experiencia del usuario. Este art\u00edculo toma como ejemplo una caja de regalo personalizada que combina ingeniosos conceptos artesanales y de protecci\u00f3n del medio ambiente para analizar sus siete aspectos principales de dise\u00f1o y mostrar c\u00f3mo lograr un doble avance funcional y est\u00e9tico mediante la innovaci\u00f3n en los detalles.<\/p>\n<h2 id=\"1-material-innovation-the-art-of-balancing-firmness-and-luxury\">1. Innovaci\u00f3n material: el arte de equilibrar firmeza y lujo<\/h2>\n<p>El cuerpo principal de la caja de regalo adopta una estructura compuesta de\u00a0<strong>cart\u00f3n gris de alta resistencia<\/strong>\u00a0y\u00a0<strong>papel de cartas dorado<\/strong>. La capacidad de compresi\u00f3n del cart\u00f3n gris proporciona un soporte estable para el envase, mientras que la superficie del papel cart\u00f3n dorado presenta una delicada textura a trav\u00e9s de\u00a0<strong>grabado por l\u00e1ser<\/strong>\u00a0y\u00a0<strong>Proceso de estampaci\u00f3n en caliente UV<\/strong>formando un halo dorado fluido bajo la refracci\u00f3n de la luz. Esta combinaci\u00f3n de materiales no s\u00f3lo confiere a la caja de regalo\u00a0<strong>durabilidad a nivel empresarial<\/strong>pero tambi\u00e9n transmite un lenguaje visual discreto y lujoso a trav\u00e9s del brillo met\u00e1lico.<\/p>\n<h2 id=\"2-upgraded-touch-a-win-win-design-of-environmental-protection-and-high-end\">2. Tacto mejorado: un dise\u00f1o en el que todos ganan con la protecci\u00f3n del medio ambiente y la gama alta.<\/h2>\n<p>La bandeja interior utiliza\u00a0<strong>esponja ecol\u00f3gica degradable<\/strong>\u00a0como base, y la superficie se cubre con\u00a0<strong>tecnolog\u00eda de flocado aterciopelado<\/strong>. La densidad de la superficie aterciopelada alcanza las 12.000 fibras por cent\u00edmetro cuadrado, y el tacto es tan suave como la seda. Esta esponja respetuosa con el medio ambiente no s\u00f3lo cumple los\u00a0<strong>Norma RoHS de la UE<\/strong>Adem\u00e1s, su estructura microporosa puede amortiguar eficazmente las vibraciones y proteger las tarjetas VIP de los da\u00f1os causados por el transporte. El uso de la tecnolog\u00eda de flocado hace que cada extracci\u00f3n de tarjeta sea un\u00a0<strong>disfrute sensorial de las yemas de los dedos<\/strong>en l\u00ednea con el posicionamiento de gama alta de la marca.<\/p>\n<h2 id=\"3-structural-ingenuity-the-fusion-of-ritual-sense-and-practicality\">3. Ingenio estructural: fusi\u00f3n de sentido ritual y sentido pr\u00e1ctico<\/h2>\n<p>La caja de regalo adopta un\u00a0<strong>estructura de cierre magn\u00e9tico de ventosa abatible<\/strong>. La hebilla magn\u00e9tica se ha calculado con precisi\u00f3n para alcanzar el\u00a0<strong>Umbral de aspiraci\u00f3n 15N<\/strong>. Al abrirse y cerrarse, se acompa\u00f1a de un crujiente sonido de \"tic-tac\", formando un \u00fanico\u00a0<strong>punto de memoria auditiva<\/strong>. El borde del cuerpo de la caja se procesa con un\u00a0<strong>Proceso de biselado de 5<\/strong>, que no s\u00f3lo evita ara\u00f1azos en la mano, sino que tambi\u00e9n mejora la suavidad de apertura. La combinaci\u00f3n de estructura magn\u00e9tica y dise\u00f1o de tapa abatible sublima la \u00fanica funci\u00f3n del envase tradicional en una\u00a0<strong>ritual de apertura<\/strong>La l\u00f3gica de la experiencia de los envases de lujo.<\/p>\n<h2 id=\"4-interactive-innovation-the-ultimate-expression-of-humanized-details\">4. Innovaci\u00f3n interactiva: la m\u00e1xima expresi\u00f3n de los detalles humanizados<\/h2>\n<p>La parte superior est\u00e1 incrustada con un\u00a0<strong>asa de cinta de jacquard de seda<\/strong>cuya anchura est\u00e1 optimizada a 28 mm por ergonom\u00eda, y se adapta a la curvatura de la palma de la mano al sujetarla. El extremo de la cinta utiliza\u00a0<strong>tecnolog\u00eda de sellado de bordes mediante prensado en caliente<\/strong>\u00a0para evitar el descarrilamiento, y se puede personalizar con el color del logotipo de la marca para que los accesorios funcionales sean un\u00a0<strong>publicidad m\u00f3vil de marcas<\/strong>. Este dise\u00f1o no s\u00f3lo mejora la portabilidad, sino que refuerza la conexi\u00f3n emocional entre los usuarios y las marcas a trav\u00e9s del tacto.<\/p>\n<h2 id=\"5-visual-language-the-golden-interpretation-of-brand-value\">5. Lenguaje visual: la interpretaci\u00f3n \u00e1urea del valor de marca<\/h2>\n<p>La superficie de la caja adopta\u00a0<strong>tecnolog\u00eda de estampaci\u00f3n en caliente en oro rosa<\/strong>y el texto y el motivo se presentan con un efecto de relieve tridimensional mediante\u00a0<strong>Tecnolog\u00eda de nanoimpresi\u00f3n de 0,1 mm de precisi\u00f3n<\/strong>. La capa de estampaci\u00f3n en caliente se superpone con\u00a0<strong>revestimiento antioxidante<\/strong>\u00a0para garantizar que el color permanezca estable en un entorno h\u00famedo. El dise\u00f1ador utiliza h\u00e1bilmente\u00a0<strong>composici\u00f3n circular<\/strong>\u00a0y\u00a0<strong>dibujo lineal apaisado<\/strong>\u00a0combinar la est\u00e9tica oriental con el minimalismo moderno, para que el LOGO de la marca transmita profundidad cultural en un espacio reducido.<\/p>\n<h2 id=\"6-customization-freedom-unlimited-extension-of-brand-personality\">6. Libertad de personalizaci\u00f3n: extensi\u00f3n ilimitada de la personalidad de la marca<\/h2>\n<p>Soportes para cajas de regalo\u00a0<strong>sistema de personalizaci\u00f3n en cinco dimensiones<\/strong>:<\/p>\n<ol>\n<li><strong>Estructura de la caja<\/strong>: Hay 6 tipos de cajas disponibles, incluidas las de tipo caj\u00f3n, tapa superior e inferior, etc;<\/li>\n<li><strong>Combinaci\u00f3n de materiales<\/strong>: 12 materiales de superficie disponibles, incluidos papel t\u00e1ctil y cuero repujado;<\/li>\n<li><strong>Superposici\u00f3n de procesos<\/strong>: admite hasta 8 combinaciones de procesos, incluidos UV local, gofrado, l\u00e1ser, etc;<\/li>\n<li><strong>M\u00f3dulo de funciones<\/strong>: chip NFC incorporado o tinta que cambia de color sensible a la temperatura y otros componentes inteligentes;<\/li>\n<li><strong>Certificaci\u00f3n medioambiental<\/strong>: ha superado la certificaci\u00f3n forestal FSC y las normas mundiales de reciclaje GRS.<\/li>\n<\/ol>\n<h2 id=\"7-green-revolution-a-model-of-sustainable-packaging\">7. Revoluci\u00f3n Verde: Un modelo de envasado sostenible<\/h2>\n<p>Todo el material de la caja es\u00a0<strong>98% reciclable<\/strong>\u00a0el tablero gris utiliza\u00a0<strong>pulpa reciclada de fibra de paja<\/strong>\u00a0y el revestimiento de cart\u00f3n dorado utiliza\u00a0<strong>tinta ecol\u00f3gica a base de agua<\/strong>\u00a0. En comparaci\u00f3n con los envases met\u00e1licos tradicionales, un solo producto reduce\u00a0<strong>Huella de carbono del 63%<\/strong>\u00a0. La esponja interior se degrada en el suelo mediante\u00a0<strong>tecnolog\u00eda de poliuretano biol\u00f3gico<\/strong>\u00a0y la fibra de flocado utiliza\u00a0<strong>Poli\u00e9ster reciclable PETG<\/strong>\u00a0Construir una cadena ecol\u00f3gica completa, desde la producci\u00f3n hasta los residuos.<\/p>\n<h2 id=\"conclusion-defining-a-new-standard-for-high-end-packaging\">Conclusiones: Definir una nueva norma para los envases de gama alta<\/h2>\n<p>El dise\u00f1o de esta caja regalo para tarjetas VIP rompe con las limitaciones de los envases tradicionales en cuanto a materiales, estructura, interacci\u00f3n, etc., y redefine la connotaci\u00f3n de la personalizaci\u00f3n de alta gama mediante la colisi\u00f3n de\u00a0<strong>tecnolog\u00eda medioambiental<\/strong>\u00a0y\u00a0<strong>artesan\u00eda de lujo<\/strong>\u00a0. Cuando los clientes deslizan las yemas de los dedos sobre el flocado de terciopelo, el crujiente sonido de la hebilla magn\u00e9tica resuena en sus o\u00eddos y la huella de marca del oro rosa se refleja en sus ojos, la superposici\u00f3n de estas experiencias multisensoriales acabar\u00e1 transform\u00e1ndose en un profundo reconocimiento del valor de la marca. Hoy en d\u00eda, cuando el concepto de sostenibilidad est\u00e1 profundamente arraigado en la mente de la gente, este tipo de dise\u00f1o no s\u00f3lo satisface las necesidades empresariales, sino que tambi\u00e9n se convierte en un importante veh\u00edculo para que las empresas cumplan con sus responsabilidades sociales.<\/p>","protected":false},"excerpt":{"rendered":"<p>Una caja de regalo para tarjetas VIP de alta gama con servicios gratuitos de impresi\u00f3n personalizada y soporte revestido de terciopelo. Viene con cinta de seda y texto estampado en caliente en rosa palo.<\/p>","protected":false},"featured_media":187,"template":"","meta":{"_kad_post_transparent":"default","_kad_post_title":"","_kad_post_layout":"default","_kad_post_sidebar_id":"","_kad_post_content_style":"default","_kad_post_vertical_padding":"default","_kad_post_feature":"","_kad_post_feature_position":"","_kad_post_header":false,"_kad_post_footer":false,"_kad_post_classname":""},"product_brand":[],"product_cat":[15,27,17],"product_tag":[50,49,48],"class_list":{"0":"post-186","1":"product","2":"type-product","3":"status-publish","4":"has-post-thumbnail","6":"product_cat-red-light-therapy","7":"product_cat-red-light-therapy-belt","8":"product_cat-services","9":"product_tag-custom-vip-card-box","10":"product_tag-high-end-gift-box","11":"product_tag-vip-card-gift-box","13":"first","14":"instock","15":"shipping-taxable","16":"product-type-simple","17":"entry","18":"content-bg","19":"loop-entry"},"_links":{"self":[{"href":"https:\/\/red-lighttherapy.com\/es_es\/wp-json\/wp\/v2\/product\/186","targetHints":{"allow":["GET"]}}],"collection":[{"href":"https:\/\/red-lighttherapy.com\/es_es\/wp-json\/wp\/v2\/product"}],"about":[{"href":"https:\/\/red-lighttherapy.com\/es_es\/wp-json\/wp\/v2\/types\/product"}],"wp:featuredmedia":[{"embeddable":true,"href":"https:\/\/red-lighttherapy.com\/es_es\/wp-json\/wp\/v2\/media\/187"}],"wp:attachment":[{"href":"https:\/\/red-lighttherapy.com\/es_es\/wp-json\/wp\/v2\/media?parent=186"}],"wp:term":[{"taxonomy":"product_brand","embeddable":true,"href":"https:\/\/red-lighttherapy.com\/es_es\/wp-json\/wp\/v2\/product_brand?post=186"},{"taxonomy":"product_cat","embeddable":true,"href":"https:\/\/red-lighttherapy.com\/es_es\/wp-json\/wp\/v2\/product_cat?post=186"},{"taxonomy":"product_tag","embeddable":true,"href":"https:\/\/red-lighttherapy.com\/es_es\/wp-json\/wp\/v2\/product_tag?post=186"}],"curies":[{"name":"wp","href":"https:\/\/api.w.org\/{rel}","templated":true}]}}