{"id":1820,"date":"2025-04-20T07:09:19","date_gmt":"2025-04-20T07:09:19","guid":{"rendered":"https:\/\/red-lighttherapy.com\/?post_type=product&#038;p=1820"},"modified":"2025-04-22T08:20:42","modified_gmt":"2025-04-22T08:20:42","slug":"texture-fancy-paper-lid-and-base-gift-box-for-jewelry-rings","status":"publish","type":"product","link":"https:\/\/red-lighttherapy.com\/es_es\/texture-fancy-paper-lid-and-base-gift-box-for-jewelry-rings\/","title":{"rendered":"Tapa y Base de Papel Textura Fancy Caja de Regalo para Anillos de Joyer\u00eda"},"content":{"rendered":"<h2 id=\"-product-name-tiangong-series-jewelry-storage-box\">Tapa y Base de Papel Textura Fancy Caja de Regalo para Anillos de Joyer\u00eda<\/h2>\n<h2 id=\"-1-opening-and-closing-design-of-the-top-and-bottom-lid-both-tightness-and-smoothness-\"><strong>1. Dise\u00f1o de apertura y cierre de la tapa y la caja base: estanqueidad y suavidad<\/strong><\/h2>\n<p>Inauguraci\u00f3n y dise\u00f1o de cierre de la tapa superior e inferior: ambos tercios y lubricantes. La tapa superior e inferior adopta un sistema de cierre magn\u00e9tico preciso para asegurar que la caja de la tapa se ajusta originalmente al cuerpo, y no es f\u00e1cil de perder o abiertamente durante el transporte, proporcionando 360 \u00b0 para la joyer\u00eda. El carril de apertura y cierre est\u00e1 adaptado ergon\u00f3micamente, y puede abrirse suavemente y cerrarse con el mismo empuje de la mano. El funcionamiento es c\u00f3modo y corresponde a los h\u00e1bitos de los consumidores modernos.<\/p>\n<h2 id=\"-2-universally-compatible-box-type-flexible-response-to-various-jewelry-sizes-\"><strong>2. Tipo de caja universalmente compatible: respuesta flexible a diversos tama\u00f1os de joyas<\/strong><\/h2>\n<p>El interior de la caja adopta un dise\u00f1o modular en capas que est\u00e1 equipado con ranuras ajustables para tarjetas de franela y divisi\u00f3n de esponja, apoyando el almacenamiento estable de varios tama\u00f1os, tales como joyas de anillos, collares y pendientes. Mediante el ajuste de la altura y la vacante de los compartimentos, puede ser compatible con la joyer\u00eda con una altura de 1-5 cm, cumple con el rendimiento y las necesidades de almacenamiento de muchas escenas.<\/p>\n<h2 id=\"-3-textured-paper-material-both-texture-and-environmental-protection-\"><strong>3. Material de papel texturizado: textura y protecci\u00f3n del medio ambiente<\/strong><\/h2>\n<ul>\n<li><strong>Mejora visual y t\u00e1ctil<\/strong>: La superficie adopta una tecnolog\u00eda especial de repujado para formar una fina textura tridimensional, que presenta una textura mate bajo la refracci\u00f3n de la luz, y tiene un tacto c\u00e1lido y delicado, formando un contraste est\u00e9tico con el brillo de las joyas.<\/li>\n<li><strong>Estructura ligera y compresiva<\/strong>: Se selecciona un cart\u00f3n gris de alta resistencia compuesto de Papel Texturado, el peso de la caja es de s\u00f3lo 180g, y la resistencia a la compresi\u00f3n alcanza los 50kg\/\u33a1, teniendo en cuenta tanto la ligereza como la durabilidad.<\/li>\n<li><strong>Certificaci\u00f3n medioambiental<\/strong>: El material ha superado la certificaci\u00f3n forestal FSC, el proceso de producci\u00f3n consigue la adici\u00f3n cero de pl\u00e1stico y el ciclo de degradaci\u00f3n es inferior a 6 meses, lo que cumple las normas de desarrollo sostenible ESG.<\/li>\n<\/ul>\n<h2 id=\"-4-brand-logo-and-color-aesthetics-\"><strong>4. Logotipo de la marca y est\u00e9tica del color<\/strong><\/h2>\n<ul>\n<li><strong>Tecnolog\u00eda de impresi\u00f3n precisa<\/strong>: La tapa de la caja utiliza tecnolog\u00eda de micro-tallado UV para imprimir el logotipo de la marca, la precisi\u00f3n de la l\u00ednea alcanza 0,1 mm, y no hay rebabas ni manchas en el borde, lo que refuerza la imagen profesional de la marca.<\/li>\n<li><strong>Dise\u00f1o verde claro<\/strong>: Pantone 13-6008 TPG (verde niebla suave) es el color principal, inspirado en el jade natural. Este color de baja saturaci\u00f3n alivia la fatiga visual y encaja con la doble b\u00fasqueda de naturaleza y alta gama de la industria joyera.<\/li>\n<\/ul>\n<h2 id=\"-5-multi-layer-protective-lining-system-\"><strong>5. Sistema de revestimiento protector multicapa<\/strong><\/h2>\n<p>El forro adopta una estructura de tres capas de \"franela + esponja de alta densidad + cart\u00f3n gris\":<\/p>\n<ul>\n<li><strong>Capa de franela<\/strong>: terciopelo corto ultrafino de 2 mm para reducir los da\u00f1os por fricci\u00f3n de las joyas y absorber el polvo al mismo tiempo.<\/li>\n<li><strong>Capa de esponja<\/strong>: Esponja de rebote de 5 mm para amortiguar las vibraciones del transporte y mejorar la resistencia a los impactos de 40%.<\/li>\n<li><strong>Capa de cart\u00f3n gris<\/strong>: Tablero gris espesado de 1,5 mm, que soporta el cuerpo de la caja sin deformarse y soporta hasta 2 kg.<\/li>\n<\/ul>\n<h2 id=\"-applicable-scenarios-\"><strong>Escenarios aplicables<\/strong><\/h2>\n<ul>\n<li><strong>Venta al por menor<\/strong>expositor de mostrador, caja de regalo<\/li>\n<li><strong>Uso personal<\/strong>almacenamiento dom\u00e9stico, transporte de viaje<\/li>\n<li><strong>Personalizaci\u00f3n de la marca<\/strong>Regalos de empresa, edici\u00f3n limitada, envases exclusivos<\/li>\n<\/ul>","protected":false},"excerpt":{"rendered":"<p>Con la est\u00e9tica natural y el funcionalismo como n\u00facleo, a trav\u00e9s de la innovadora combinaci\u00f3n de estructura ergon\u00f3mica y materiales respetuosos con el medio ambiente, redefinimos el valor pr\u00e1ctico y la expresi\u00f3n art\u00edstica de los envases de joyer\u00eda, y ayudamos a las marcas a crear una imagen de mercado sostenible y de gama alta.<\/p>","protected":false},"featured_media":2137,"template":"","meta":{"_kad_post_transparent":"default","_kad_post_title":"","_kad_post_layout":"default","_kad_post_sidebar_id":"","_kad_post_content_style":"default","_kad_post_vertical_padding":"default","_kad_post_feature":"","_kad_post_feature_position":"","_kad_post_header":false,"_kad_post_footer":false,"_kad_post_classname":""},"product_brand":[],"product_cat":[15,19,17],"product_tag":[542,541,540],"class_list":{"0":"post-1820","1":"product","2":"type-product","3":"status-publish","4":"has-post-thumbnail","6":"product_cat-red-light-therapy","7":"product_cat-red-light-therapy-stand","8":"product_cat-services","9":"product_tag-fancy-paper-rings-box","10":"product_tag-lid-and-base-gift-box","11":"product_tag-texture-paper-jewelry-gift-box","13":"first","14":"instock","15":"shipping-taxable","16":"product-type-simple","17":"entry","18":"content-bg","19":"loop-entry"},"_links":{"self":[{"href":"https:\/\/red-lighttherapy.com\/es_es\/wp-json\/wp\/v2\/product\/1820","targetHints":{"allow":["GET"]}}],"collection":[{"href":"https:\/\/red-lighttherapy.com\/es_es\/wp-json\/wp\/v2\/product"}],"about":[{"href":"https:\/\/red-lighttherapy.com\/es_es\/wp-json\/wp\/v2\/types\/product"}],"wp:featuredmedia":[{"embeddable":true,"href":"https:\/\/red-lighttherapy.com\/es_es\/wp-json\/wp\/v2\/media\/2137"}],"wp:attachment":[{"href":"https:\/\/red-lighttherapy.com\/es_es\/wp-json\/wp\/v2\/media?parent=1820"}],"wp:term":[{"taxonomy":"product_brand","embeddable":true,"href":"https:\/\/red-lighttherapy.com\/es_es\/wp-json\/wp\/v2\/product_brand?post=1820"},{"taxonomy":"product_cat","embeddable":true,"href":"https:\/\/red-lighttherapy.com\/es_es\/wp-json\/wp\/v2\/product_cat?post=1820"},{"taxonomy":"product_tag","embeddable":true,"href":"https:\/\/red-lighttherapy.com\/es_es\/wp-json\/wp\/v2\/product_tag?post=1820"}],"curies":[{"name":"wp","href":"https:\/\/api.w.org\/{rel}","templated":true}]}}