{"id":1273,"date":"2025-04-17T14:52:03","date_gmt":"2025-04-17T14:52:03","guid":{"rendered":"https:\/\/red-lighttherapy.com\/?post_type=product&#038;p=1273"},"modified":"2025-04-20T07:09:12","modified_gmt":"2025-04-20T07:09:12","slug":"distributor-custom-vintage-tea-rigid-drawer-boxes-packaging","status":"publish","type":"product","link":"https:\/\/red-lighttherapy.com\/es_es\/distributor-custom-vintage-tea-rigid-drawer-boxes-packaging\/","title":{"rendered":"Distribuidor T\u00e9 Vintage Personalizado Cajones R\u00edgidos Embalaje"},"content":{"rendered":"<h2 id=\"-customized-retro-tea-rigid-drawer-box-packaging-product-description-\"><strong>Caja r\u00edgida para t\u00e9 retro personalizada Descripci\u00f3n del producto<\/strong><\/h2>\n<h2 id=\"-1-spot-color-printing-and-craft-design-\"><strong>1. Impresi\u00f3n en colores directos y dise\u00f1o artesanal<\/strong><\/h2>\n<p>Este papel de superficie de caja de cajones de papel de t\u00e9 retro est\u00e1 hecho de\u00a0<strong>papel estucado<\/strong>\u00a0material. En\u00a0<strong>tecnolog\u00eda de impresi\u00f3n de colores directos<\/strong>\u00a0restaura con precisi\u00f3n el tono de color retro, y se complementa con\u00a0<strong>proceso UV parcial<\/strong>\u00a0para que el dibujo o el texto tengan un tacto tridimensional y un brillo suave, y se potencien los sentidos visual y t\u00e1ctil. La gran suavidad y absorci\u00f3n de tinta del papel estucado garantizan la plenitud del color de impresi\u00f3n y la nitidez de los detalles. Combinado con las caracter\u00edsticas de resistencia al desgaste de la tecnolog\u00eda UV, resalta el temperamento de alta gama y la herencia cultural de la marca.<\/p>\n<h2 id=\"-2-classic-paper-drawer-box-opening-and-closing-design-\"><strong>2. Dise\u00f1o cl\u00e1sico de apertura y cierre de la caja del caj\u00f3n de papel<\/strong><\/h2>\n<p>El envase adopta un\u00a0<strong>estructura de la caja del caj\u00f3n de papel<\/strong>El dise\u00f1o del caj\u00f3n de papel no s\u00f3lo es pr\u00e1ctico para tomar el t\u00e9, sino que tambi\u00e9n puede aumentar la interacci\u00f3n con el consumidor al mostrar gradualmente el contenido de la caja interna. El dise\u00f1o del caj\u00f3n de papel no s\u00f3lo es c\u00f3modo para tomar el t\u00e9, sino que tambi\u00e9n puede aumentar la interacci\u00f3n de la experiencia del consumidor al mostrar gradualmente el contenido de la caja interior. Este dise\u00f1o se inspira en la cultura tradicional del t\u00e9, combinada con la est\u00e9tica moderna, lo que confiere al producto una sensaci\u00f3n de ritual de \"abrir una caja como si fuera un tesoro\".<\/p>\n<h2 id=\"-3-high-density-sponge-lining-protection-\"><strong>3. Protecci\u00f3n de forro de esponja de alta densidad<\/strong><\/h2>\n<p>El revestimiento interior utiliza\u00a0<strong>Esponja ecol\u00f3gica de alta densidad de 35 kg<\/strong>La esponja de t\u00e9, que est\u00e1 cortada con precisi\u00f3n y dise\u00f1ada con una bandeja incrustada para fijar firmemente la torta de t\u00e9 o el ladrillo de t\u00e9 para evitar sacudidas y colisiones durante el transporte o el almacenamiento. La esponja tiene una excelente elasticidad y resistencia a la presi\u00f3n, puede mantener una forma estable durante mucho tiempo y proporcionar protecci\u00f3n f\u00edsica y amortiguaci\u00f3n de temperatura y humedad para el t\u00e9.<\/p>\n<h2 id=\"-4-warm-color-inner-box-visual-presentation-\"><strong>4. Presentaci\u00f3n visual de la caja interior en colores c\u00e1lidos<\/strong><\/h2>\n<p>La caja interior lleva impreso\u00a0<strong>Papel estucado de 157 g<\/strong>, con colores c\u00e1lidos como tono principal (como el beige y el ocre), y la textura retro se realza mediante tecnolog\u00eda mate o de estampaci\u00f3n en caliente. La delicada superficie y la base de gran blancura del papel estucado, combinadas con la suave transici\u00f3n crom\u00e1tica, crean una atm\u00f3sfera visual de \"exquisito almac\u00e9n de t\u00e9\", haci\u00e9ndose eco de las propiedades naturales y las connotaciones culturales del t\u00e9.<\/p>\n<h2 id=\"-5-factory-qualifications-and-design-support-\"><strong>5. Cualificaciones de f\u00e1brica y apoyo al dise\u00f1o<\/strong><\/h2>\n<p>El fabricante ha\u00a0<strong>naves industriales independientes<\/strong>\u00a0y un equipo de dise\u00f1o profesional, dotados de equipos avanzados como la l\u00ednea de producci\u00f3n alemana BHS y la tecnolog\u00eda de preimpresi\u00f3n digital, que pueden lograr un servicio integral desde el dise\u00f1o hasta la producci\u00f3n en serie. El equipo sabe hacer sugerencias personalizadas basadas en las caracter\u00edsticas de las categor\u00edas de t\u00e9 (como el Pu'er y el t\u00e9 blanco), como estructuras en capas adaptadas a los ladrillos de t\u00e9 de distintos a\u00f1os, o la integraci\u00f3n de patrones tradicionales con elementos minimalistas modernos.<\/p>\n<h2 id=\"-6-environmental-certification-and-high-cost-performance-\"><strong>6. Certificaci\u00f3n medioambiental y alto rendimiento econ\u00f3mico<\/strong><\/h2>\n<p>La f\u00e1brica ha superado la certificaci\u00f3n FSC One para garantizar que el material de envasado procede de bosques gestionados de forma continua, y utiliza procesos respetuosos con el medio ambiente, como la tinta al agua y el forro degradable. Gracias a la producci\u00f3n a gran escala y a una gesti\u00f3n inteligente (como el almac\u00e9n de papel base y la log\u00edstica autom\u00e1tica), controlamos los costes garantizando la calidad, y ofrecemos a los clientes soluciones respetuosas con el medio ambiente y asequibles.<\/p>","protected":false},"excerpt":{"rendered":"<p>Este producto es adecuado para marcas de t\u00e9 de gama alta, regalos culturales y productos de t\u00e9 coleccionables. El tama\u00f1o, el tipo de caja (como tapas superior e inferior, cajas con formas especiales) y los accesorios (cintas, accesorios de ferreter\u00eda) pueden personalizarse. Mediante la coordinaci\u00f3n de materiales, artesan\u00eda y dise\u00f1o, no s\u00f3lo satisface las necesidades de la est\u00e9tica retro, sino que tambi\u00e9n tiene en cuenta las funciones pr\u00e1cticas de protecci\u00f3n, ayudando a las marcas a aumentar el valor a\u00f1adido y a crear una competitividad diferenciada en el mercado.<\/p>","protected":false},"featured_media":1815,"template":"","meta":{"_kad_post_transparent":"default","_kad_post_title":"","_kad_post_layout":"default","_kad_post_sidebar_id":"","_kad_post_content_style":"default","_kad_post_vertical_padding":"default","_kad_post_feature":"","_kad_post_feature_position":"","_kad_post_header":false,"_kad_post_footer":false,"_kad_post_classname":""},"product_brand":[],"product_cat":[15,20,17],"product_tag":[537,539,538],"class_list":{"0":"post-1273","1":"product","2":"type-product","3":"status-publish","4":"has-post-thumbnail","6":"product_cat-red-light-therapy","7":"product_cat-led-face-light-therapy","8":"product_cat-services","9":"product_tag-custom-rigid-drawer-boxes","10":"product_tag-drawer-rigid-boxes","11":"product_tag-tea-box-packaging","13":"first","14":"instock","15":"shipping-taxable","16":"product-type-simple","17":"entry","18":"content-bg","19":"loop-entry"},"_links":{"self":[{"href":"https:\/\/red-lighttherapy.com\/es_es\/wp-json\/wp\/v2\/product\/1273","targetHints":{"allow":["GET"]}}],"collection":[{"href":"https:\/\/red-lighttherapy.com\/es_es\/wp-json\/wp\/v2\/product"}],"about":[{"href":"https:\/\/red-lighttherapy.com\/es_es\/wp-json\/wp\/v2\/types\/product"}],"wp:featuredmedia":[{"embeddable":true,"href":"https:\/\/red-lighttherapy.com\/es_es\/wp-json\/wp\/v2\/media\/1815"}],"wp:attachment":[{"href":"https:\/\/red-lighttherapy.com\/es_es\/wp-json\/wp\/v2\/media?parent=1273"}],"wp:term":[{"taxonomy":"product_brand","embeddable":true,"href":"https:\/\/red-lighttherapy.com\/es_es\/wp-json\/wp\/v2\/product_brand?post=1273"},{"taxonomy":"product_cat","embeddable":true,"href":"https:\/\/red-lighttherapy.com\/es_es\/wp-json\/wp\/v2\/product_cat?post=1273"},{"taxonomy":"product_tag","embeddable":true,"href":"https:\/\/red-lighttherapy.com\/es_es\/wp-json\/wp\/v2\/product_tag?post=1273"}],"curies":[{"name":"wp","href":"https:\/\/api.w.org\/{rel}","templated":true}]}}