{"id":1231,"date":"2025-04-17T07:44:07","date_gmt":"2025-04-17T07:44:07","guid":{"rendered":"https:\/\/red-lighttherapy.com\/?post_type=product&#038;p=1231"},"modified":"2025-04-17T07:59:39","modified_gmt":"2025-04-17T07:59:39","slug":"custom-printed-hemp-cbd-essential-oil-box-brand-manufacturer","status":"publish","type":"product","link":"https:\/\/red-lighttherapy.com\/es_es\/custom-printed-hemp-cbd-essential-oil-box-brand-manufacturer\/","title":{"rendered":"Caja de aceite esencial de c\u00e1\u00f1amo CBD con impresi\u00f3n personalizada Fabricante de la marca"},"content":{"rendered":"<h2 id=\"-customized-solution-for-hemp-cbd-essential-oil-box-\"><strong>Soluci\u00f3n personalizada para la caja de aceite esencial de c\u00e1\u00f1amo CBD<\/strong><\/h2>\n<h2 id=\"1-compression-and-shock-resistant-structure-\">1.\u00a0<strong>Estructura resistente a la compresi\u00f3n y a los golpes<\/strong><\/h2>\n<p>La estructura combinada de cart\u00f3n ondulado compuesto de doble capa y bandeja interior amortiguadora de EVA incorporada se adopta para dispersar la presi\u00f3n externa mediante el principio de la mec\u00e1nica de panal para garantizar que las botellas de vidrio no se aprieten ni se da\u00f1en durante el transporte y el almacenamiento. La ranura troquelada de la bandeja interior se adapta con precisi\u00f3n a la botella de aceite esencial est\u00e1ndar de 5-30 ml, consiguiendo un aprovechamiento del espacio de 96%, teniendo en cuenta la estabilidad de la exposici\u00f3n de una sola caja y el apilamiento de varias cajas.<\/p>\n<h2 id=\"2-right-angle-edge-and-modular-assembly-\">2.\u00a0<strong>Borde en \u00e1ngulo recto y montaje modular<\/strong><\/h2>\n<p>El proceso de plegado en \u00e1ngulo recto de 90\u00b0 refuerza la rigidez del cuerpo de la caja y evita el problema de concentraci\u00f3n de tensiones causado por las esquinas redondeadas; el dise\u00f1o de cierre de leng\u00fceta sin cola simplifica el proceso de montaje, reduce los costes de mano de obra y confiere al envase un riguroso temperamento est\u00e9tico industrial.<\/p>\n<h2 id=\"3-right-angle-edge-shelf-competitiveness-\">3.\u00a0<strong>Competitividad de las estanter\u00edas de \u00e1ngulo recto<\/strong><\/h2>\n<p>El pulcro contorno en \u00e1ngulo recto crea una sensaci\u00f3n de confianza profesional en los cosm\u00e9ticos farmac\u00e9uticos, maximiza la planitud de la superficie de exposici\u00f3n y garantiza que la informaci\u00f3n de la etiqueta no se deforme visualmente al exponerla en el estante. Con el tratamiento mate de la superficie, se mejora el reconocimiento del texto en entornos con mucha luz, cumpliendo los requisitos obligatorios de legibilidad de los productos CBD de la UE para listas de ingredientes, advertencias y otra informaci\u00f3n.<\/p>\n<h2 id=\"4-color-system-and-psychological-application-\">4.\u00a0<strong>Sistema de colores y aplicaci\u00f3n psicol\u00f3gica<\/strong><\/h2>\n<ul>\n<li><strong>Color principal: verde oscuro<\/strong>\u00a0Simboliza la naturaleza y lo org\u00e1nico, se hace eco de las propiedades de extracci\u00f3n vegetal de los ingredientes del CBD y cumple las especificaciones de color de advertencia de la UE para envases de CBD.<\/li>\n<\/ul>\n<h2 id=\"5-high-definition-printing-technology-guarantee-\">5.\u00a0<strong>Garant\u00eda de tecnolog\u00eda de impresi\u00f3n de alta definici\u00f3n<\/strong><\/h2>\n<p>Utilizan impresi\u00f3n digital UV de 1200 ppp para garantizar que la informaci\u00f3n clave, como microtipos y c\u00f3digos de lote, sea clara y legible, y el rendimiento antidesgaste se verifica mediante pruebas de fricci\u00f3n para satisfacer las necesidades de trazabilidad de la informaci\u00f3n de todos los eslabones de la cadena de suministro.<\/p>\n<h2 id=\"6-fsc-certified-environmentally-friendly-substrate-\">6.\u00a0<strong>Sustrato ecol\u00f3gico con certificaci\u00f3n FSC<\/strong><\/h2>\n<p>Selecciona el cart\u00f3n blanco FSC Mix Credit (300 g\/m\u00b2), que ha superado la certificaci\u00f3n de gesti\u00f3n forestal sostenible, y su huella de carbono es 42% inferior a la del papel tradicional. El proceso de laminaci\u00f3n al agua de la superficie consigue una reciclabilidad de 100%, lo que cumple los requisitos obligatorios de los mercados europeo y estadounidense de envases respetuosos con el medio ambiente y refuerza la expresi\u00f3n de valor \"natural y org\u00e1nico\" de la marca.<\/p>","protected":false},"excerpt":{"rendered":"<p>Esta caja de cart\u00f3n utiliza el verde oscuro y el amarillo brillante como psicolog\u00eda visual principal, que cumple con las normas de advertencia de productos CBD de la UE. Se centra en ofrecer soluciones de envasado profesionales para productos cannabinoides de grado cosmec\u00e9utico, y crea un sistema visual de marca que cumple las normas internacionales con la est\u00e9tica funcional como n\u00facleo.<\/p>","protected":false},"featured_media":1234,"template":"","meta":{"_kad_post_transparent":"default","_kad_post_title":"","_kad_post_layout":"default","_kad_post_sidebar_id":"","_kad_post_content_style":"default","_kad_post_vertical_padding":"default","_kad_post_feature":"","_kad_post_feature_position":"","_kad_post_header":false,"_kad_post_footer":false,"_kad_post_classname":""},"product_brand":[],"product_cat":[15,24,17],"product_tag":[481,478,482],"class_list":{"0":"post-1231","1":"product","2":"type-product","3":"status-publish","4":"has-post-thumbnail","6":"product_cat-red-light-therapy","7":"product_cat-red-light-therapy-bed","8":"product_cat-services","9":"product_tag-cbd-oil-boxes","10":"product_tag-custom-cannabis-boxes","11":"product_tag-get-hemp-oil-boxes-printing","13":"first","14":"instock","15":"shipping-taxable","16":"product-type-simple","17":"entry","18":"content-bg","19":"loop-entry"},"_links":{"self":[{"href":"https:\/\/red-lighttherapy.com\/es_es\/wp-json\/wp\/v2\/product\/1231","targetHints":{"allow":["GET"]}}],"collection":[{"href":"https:\/\/red-lighttherapy.com\/es_es\/wp-json\/wp\/v2\/product"}],"about":[{"href":"https:\/\/red-lighttherapy.com\/es_es\/wp-json\/wp\/v2\/types\/product"}],"wp:featuredmedia":[{"embeddable":true,"href":"https:\/\/red-lighttherapy.com\/es_es\/wp-json\/wp\/v2\/media\/1234"}],"wp:attachment":[{"href":"https:\/\/red-lighttherapy.com\/es_es\/wp-json\/wp\/v2\/media?parent=1231"}],"wp:term":[{"taxonomy":"product_brand","embeddable":true,"href":"https:\/\/red-lighttherapy.com\/es_es\/wp-json\/wp\/v2\/product_brand?post=1231"},{"taxonomy":"product_cat","embeddable":true,"href":"https:\/\/red-lighttherapy.com\/es_es\/wp-json\/wp\/v2\/product_cat?post=1231"},{"taxonomy":"product_tag","embeddable":true,"href":"https:\/\/red-lighttherapy.com\/es_es\/wp-json\/wp\/v2\/product_tag?post=1231"}],"curies":[{"name":"wp","href":"https:\/\/api.w.org\/{rel}","templated":true}]}}