{"id":1219,"date":"2025-04-17T07:00:44","date_gmt":"2025-04-17T07:00:44","guid":{"rendered":"https:\/\/red-lighttherapy.com\/?post_type=product&#038;p=1219"},"modified":"2025-04-17T07:11:35","modified_gmt":"2025-04-17T07:11:35","slug":"custom-hemp-oil-magnetic-closure-rigid-boxes-china-wholesale","status":"publish","type":"product","link":"https:\/\/red-lighttherapy.com\/es_es\/custom-hemp-oil-magnetic-closure-rigid-boxes-china-wholesale\/","title":{"rendered":"Aceite de c\u00e1\u00f1amo personalizado cierre magn\u00e9tico cajas r\u00edgidas China al por mayor"},"content":{"rendered":"<h2 id=\"-customized-sesame-oil-magnetic-buckle-hard-box-china-wholesale-product-description-\">Aceite de c\u00e1\u00f1amo personalizado cierre magn\u00e9tico cajas r\u00edgidas China al por mayor<\/h2>\n<h2 id=\"-1-innovative-magnetic-box-design-taking-into-account-convenience-and-ritual-sense-\"><strong>1. Innovador dise\u00f1o de caja de cierre magn\u00e9tico, teniendo en cuenta la comodidad y el sentido ritual.<\/strong><\/h2>\n<p>Esta caja de embalaje adopta\u00a0<strong>estructura de cierre magn\u00e9tico<\/strong>Gracias a la cooperaci\u00f3n de la hoja de succi\u00f3n de cierre magn\u00e9tico de alta precisi\u00f3n y la hoja de gu\u00eda de tapa magn\u00e9tica, puede abrirse y cerrarse f\u00e1cilmente con una sola mano. La fuerza magn\u00e9tica ha sido probada cient\u00edficamente para garantizar un acceso r\u00e1pido al cuerpo del frasco y mantener la integridad del envase cuando est\u00e1 cerrado, evitando la apertura accidental durante el transporte o el almacenamiento. El dise\u00f1o de la tapa abatible del cuerpo de la caja se ajusta a la ergonom\u00eda, se abre y se cierra suavemente sin atascarse, lo que proporciona a los usuarios una sensaci\u00f3n de ritual al desembalar, al tiempo que satisface las necesidades de comodidad del uso de alta frecuencia.<\/p>\n<h2 id=\"-2-modern-aesthetic-design-suitable-for-multiple-scenes-\"><strong>2. Dise\u00f1o est\u00e9tico moderno, adecuado para m\u00faltiples escenas<\/strong><\/h2>\n<p>El envase utiliza\u00a0<strong>n\u00edtidas l\u00edneas rectas<\/strong>\u00a0como lenguaje central, abandona la decoraci\u00f3n redundante y presenta una sencilla belleza geom\u00e9trica. La secci\u00f3n dorada ha optimizado la proporci\u00f3n del tipo de caja, que es adecuada para diversas escenas de exposici\u00f3n, como estanter\u00edas de supermercados, mostradores de marcas y plataformas de comercio electr\u00f3nico. La superficie adopta el tono negro puro mate, con el logotipo de la marca de estampaci\u00f3n en caliente\/artesan\u00eda de plata, creando un\u00a0<strong>tranquilo y atmosf\u00e9rico<\/strong>\u00a0experiencia visual, que encaja con el posicionamiento natural y de gama alta del aceite de CBD en el mercado y marca una clara diferencia con los productos de la competencia.<\/p>\n<h2 id=\"-3-coated-paper-reinforced-structure-long-term-protection-of-contents-\"><strong>3. Estructura reforzada de papel revestido, protecci\u00f3n a largo plazo del contenido<\/strong><\/h2>\n<p>El cuerpo de la caja utiliza\u00a0<strong>Sustrato de papel estucado de 450 g<\/strong>, que se procesa mediante laminaci\u00f3n y proceso de pegado multicapa, y la resistencia a la compresi\u00f3n se incrementa en 30%, que puede soportar los golpes de transporte y la presi\u00f3n de apilamiento. El interior est\u00e1 combinado con forro EVA de alta densidad,\u00a0<strong>troquelado con precisi\u00f3n<\/strong>\u00a0de acuerdo con el contorno del cuerpo de la botella, y el cuerpo de la botella se fija firmemente para evitar el desgaste o las fugas causadas por las sacudidas. Se han a\u00f1adido protectores anticolisi\u00f3n en las cuatro esquinas del cuerpo de la caja para mejorar a\u00fan m\u00e1s la resistencia a los impactos y garantizar la seguridad del almacenamiento a largo plazo.<\/p>\n<h2 id=\"-4-seiko-quality-details-show-ingenuity-\"><strong>4. Calidad Seiko, los detalles muestran ingenio<\/strong><\/h2>\n<p>Adoptar\u00a0<strong>moldes de alta precisi\u00f3n y tecnolog\u00eda de troquelado totalmente autom\u00e1tica<\/strong>Las costuras del cuerpo de la caja son lisas y sin rebabas, y la amortiguaci\u00f3n de apertura y cierre de las solapas es moderada, lo que garantiza una experiencia de uso sin problemas. La impresi\u00f3n de la superficie utiliza la tecnolog\u00eda de impresi\u00f3n offset de cuatro colores + barniz UV local, el patr\u00f3n es claro y delicado, la saturaci\u00f3n del color es alta, y es resistente al desgaste y a los ara\u00f1azos. La junta del forro adopta la tecnolog\u00eda de laminaci\u00f3n ultras\u00f3nica para evitar la contaminaci\u00f3n del pegamento y cumplir las normas de seguridad de los envases de grado alimentario.<\/p>\n<h2 id=\"-5-full-dimensional-customization-service-empowering-brand-marketing-\"><strong>5. Servicio de personalizaci\u00f3n integral, que potencia el marketing de la marca<\/strong><\/h2>\n<p>Admite las siguientes soluciones de personalizaci\u00f3n flexibles:<\/p>\n<ul>\n<li><strong>Tama\u00f1o y tipo de caja<\/strong>: Se adapta a las especificaciones de las botellas de aceite de s\u00e9samo de 50ml-500ml, y puede desarrollar tipos de caja innovadores, como tipo caj\u00f3n y tipo libro;<\/li>\n<li><strong>Imprimir contenido<\/strong>: Soporta la impresi\u00f3n a toda p\u00e1gina del logotipo de la marca, eslogan, c\u00f3digo antifalsificaci\u00f3n, etc., y puede a\u00f1adir l\u00e1ser antifalsificaci\u00f3n, c\u00f3digo QR de datos variables y otros procesos;<\/li>\n<li><strong>Estructura del revestimiento interior<\/strong>: Proporcionan opciones de EVA, esponja, flocado y otros materiales, admiten el dise\u00f1o de compartimentos de partici\u00f3n y satisfacen las necesidades de los envases combinados de varias botellas;<\/li>\n<li><strong>Actualizaci\u00f3n magn\u00e9tica<\/strong>: Hebilla magn\u00e9tica fuerte opcional (1,0CM) o hebilla magn\u00e9tica ordinaria (1,4CM\/1,8CM) para adaptarse a diferentes requisitos de carga.<\/li>\n<\/ul>\n<h2 id=\"-6-mature-supply-chain-guarantee-efficient-delivery-without-worries-\"><strong>6. Garant\u00eda de cadena de suministro madura, entrega eficaz sin preocupaciones<\/strong><\/h2>\n<p>Confiar en\u00a0<strong>16 a\u00f1os de experiencia profesional en producci\u00f3n de envases<\/strong>, la f\u00e1brica est\u00e1 equipada con una l\u00ednea de producci\u00f3n totalmente autom\u00e1tica y un sistema de control de calidad ISO para lograr una conexi\u00f3n eficaz de toda la cadena, desde el dise\u00f1o y las pruebas hasta la producci\u00f3n en serie.<\/p>\n<ul>\n<li><strong>Garant\u00eda de control de calidad<\/strong>: Las materias primas cuentan con la certificaci\u00f3n SGS, y en el proceso de producci\u00f3n se aplican 6 procesos de inspecci\u00f3n de calidad, con una tasa de defectos inferior a 0,3%;<\/li>\n<li><strong>Respuesta r\u00e1pida<\/strong>: Ciclo de pruebas de 2-3 d\u00edas, pedido m\u00ednimo de 500 unidades;<\/li>\n<li><strong>Tecnolog\u00eda de alta dificultad<\/strong>: Buenos en procesos complejos, como cajas de formas especiales, estructuras magn\u00e9ticas de succi\u00f3n y materiales degradables respetuosos con el medio ambiente, que ayudan a las marcas a abrirse paso entre una competencia homog\u00e9nea.<\/li>\n<\/ul>\n<h2 id=\"-application-scenarios-\"><strong>Escenarios de aplicaci\u00f3n<\/strong><\/h2>\n<ul>\n<li><strong>Marca de aceite de s\u00e9samo de gama alta<\/strong>: En l\u00ednea con el tono de los productos naturales y org\u00e1nicos, realzar el espacio premium de la terminal;<\/li>\n<li><strong>Mercado de la personalizaci\u00f3n de regalos<\/strong>: Refuerce la singularidad de las cajas de regalo navide\u00f1as y las soluciones de personalizaci\u00f3n para empresas mediante un dise\u00f1o exclusivo;<\/li>\n<li><strong>Comercio electr\u00f3nico transfronterizo<\/strong>: Cumpla las normas internacionales de transporte y reduzca los riesgos de p\u00e9rdidas log\u00edsticas transfronterizas.<\/li>\n<\/ul>","protected":false},"excerpt":{"rendered":"<p>Este dise\u00f1o de caja con tapa magn\u00e9tica permite a los usuarios acceder r\u00e1pidamente al frasco manteniendo la integridad del envase, teniendo en cuenta la comodidad y el ritual, con l\u00edneas cuidadas, en l\u00ednea con la est\u00e9tica moderna, y adecuado para una gran variedad de escenarios de exposici\u00f3n. El cuerpo de la caja utiliza un tono negro puro para transmitir la profesionalidad de la marca y la fiabilidad del producto, que encaja con el posicionamiento de mercado natural y de gama alta del aceite de CBD y es f\u00e1cil de diferenciar de los productos de la competencia.<\/p>","protected":false},"featured_media":1221,"template":"","meta":{"_kad_post_transparent":"default","_kad_post_title":"","_kad_post_layout":"default","_kad_post_sidebar_id":"","_kad_post_content_style":"default","_kad_post_vertical_padding":"default","_kad_post_feature":"","_kad_post_feature_position":"","_kad_post_header":false,"_kad_post_footer":false,"_kad_post_classname":""},"product_brand":[],"product_cat":[15,27,17],"product_tag":[477,476,469],"class_list":{"0":"post-1219","1":"product","2":"type-product","3":"status-publish","4":"has-post-thumbnail","6":"product_cat-red-light-therapy","7":"product_cat-red-light-therapy-belt","8":"product_cat-services","9":"product_tag-branded-cbd-tincture-boxes","10":"product_tag-cbd-hemp-oil-boxes","11":"product_tag-custom-hemp-oil-boxes","13":"first","14":"instock","15":"shipping-taxable","16":"product-type-simple","17":"entry","18":"content-bg","19":"loop-entry"},"_links":{"self":[{"href":"https:\/\/red-lighttherapy.com\/es_es\/wp-json\/wp\/v2\/product\/1219","targetHints":{"allow":["GET"]}}],"collection":[{"href":"https:\/\/red-lighttherapy.com\/es_es\/wp-json\/wp\/v2\/product"}],"about":[{"href":"https:\/\/red-lighttherapy.com\/es_es\/wp-json\/wp\/v2\/types\/product"}],"wp:featuredmedia":[{"embeddable":true,"href":"https:\/\/red-lighttherapy.com\/es_es\/wp-json\/wp\/v2\/media\/1221"}],"wp:attachment":[{"href":"https:\/\/red-lighttherapy.com\/es_es\/wp-json\/wp\/v2\/media?parent=1219"}],"wp:term":[{"taxonomy":"product_brand","embeddable":true,"href":"https:\/\/red-lighttherapy.com\/es_es\/wp-json\/wp\/v2\/product_brand?post=1219"},{"taxonomy":"product_cat","embeddable":true,"href":"https:\/\/red-lighttherapy.com\/es_es\/wp-json\/wp\/v2\/product_cat?post=1219"},{"taxonomy":"product_tag","embeddable":true,"href":"https:\/\/red-lighttherapy.com\/es_es\/wp-json\/wp\/v2\/product_tag?post=1219"}],"curies":[{"name":"wp","href":"https:\/\/api.w.org\/{rel}","templated":true}]}}