{"id":1206,"date":"2025-04-17T06:38:12","date_gmt":"2025-04-17T06:38:12","guid":{"rendered":"https:\/\/red-lighttherapy.com\/?post_type=product&#038;p=1206"},"modified":"2025-04-17T06:50:23","modified_gmt":"2025-04-17T06:50:23","slug":"premium-custom-wax-hemp-3ml-5ml-7ml-concentrate-packaging","status":"publish","type":"product","link":"https:\/\/red-lighttherapy.com\/es_es\/premium-custom-wax-hemp-3ml-5ml-7ml-concentrate-packaging\/","title":{"rendered":"Envasado concentrado de cera de c\u00e1\u00f1amo premium personalizado 3ml 5ml 7ml"},"content":{"rendered":"<h2 id=\"-customized-hemp-wax-concentrate-packaging-product-description-\"><strong>Premium Custom Cera C\u00e1\u00f1amo 3ml 5ml 7ml Envasado Concentrado Descripci\u00f3n del producto<\/strong><\/h2>\n<h2 id=\"-1-innovative-magnetic-flip-cover-structure-stable-and-convenient-opening-experience-\"><strong>1. Innovadora estructura de tapa abatible magn\u00e9tica: experiencia de apertura estable y c\u00f3moda.<\/strong><\/h2>\n<p>Adoptando el dise\u00f1o de tapa abatible magn\u00e9tica, con im\u00e1n NdFeB de alta resistencia como n\u00facleo de cierre, se consigue la experiencia de funcionamiento \"tocar y abrir\" con una sola mano gracias a la precisa distribuci\u00f3n de los polos magn\u00e9ticos. Las piezas de succi\u00f3n magn\u00e9tica incorporadas en la tapa de la caja forman una adsorci\u00f3n anisotr\u00f3pica con los imanes del cuerpo de la caja. Cuando el \u00e1ngulo de apertura y cierre alcanza los 90\u00b0, puede rebotar autom\u00e1ticamente al estado completamente abierto, evitando el problema del atasco de la tapa deslizante tradicional.<\/p>\n<ul>\n<li><strong>Optimizaci\u00f3n de la estabilidad<\/strong>: La fuerza de succi\u00f3n magn\u00e9tica est\u00e1 calculada mec\u00e1nicamente para adaptarse al peso de las botellas de 3ml\/5ml\/7ml para garantizar que no se abran accidentalmente durante el transporte, y soporta la apertura y cierre repetidos durante m\u00e1s de 5.000 veces sin deformarse.<\/li>\n<li><strong>Detalles ergon\u00f3micos<\/strong>: El borde de la tapa de la caja tiene una ranura de arco reservada, y la fricci\u00f3n de la zona de presi\u00f3n del pulgar se ha mejorado para satisfacer las necesidades de uso eficiente en escenarios de consumo r\u00e1pido.<\/li>\n<\/ul>\n<h2 id=\"-2-modular-display-system-brand-visual-unity-solution-\"><strong>2. Sistema de exposici\u00f3n modular: Soluci\u00f3n de unidad visual de marca<\/strong><\/h2>\n<p>El sistema de envasado es compatible con la exposici\u00f3n en estanter\u00edas de venta al por menor y la combinaci\u00f3n de cajas de regalo, y se construye una matriz visual mediante un dise\u00f1o de tama\u00f1o estandarizado (gradiente de altura de la caja de 3 ml\/5 ml\/7 ml con una diferencia de 15 mm).<\/p>\n<ul>\n<li><strong>L\u00f3gica combinada<\/strong>: La caja \u00fanica adopta una estructura de tapa superior e inferior, y el conjunto de caja de regalo utiliza una ranura para tarjetas integrada para lograr un empalme perfecto de m\u00faltiples especificaciones. La caja exterior utiliza simult\u00e1neamente la misma combinaci\u00f3n de colores y el mismo tipo de caja para mejorar el impacto visual del terminal.<\/li>\n<li><strong>Impresi\u00f3n de marca<\/strong>: El logotipo invisible de la marca UV est\u00e1 impreso en el interior de la tapa de la caja, y el contacto de memoria se forma en el momento de abrir y cerrar. El estado cerrado transmite los atributos de la categor\u00eda a trav\u00e9s del cuerpo verde unificado de la caja.<\/li>\n<\/ul>\n<h2 id=\"-3-double-upgrade-of-environmental-protection-and-protection-fsc-certified-cardboard-pressure-resistant-coated-paper-\"><strong>3. Doble mejora de la protecci\u00f3n del medio ambiente Cart\u00f3n certificado FSC + papel estucado resistente a la presi\u00f3n<\/strong><\/h2>\n<ul>\n<li><strong>Materiales sostenibles<\/strong>: Se utiliza cart\u00f3n certificado 100% FSC, se puede comprobar la trazabilidad de la materia prima y se imprime con tinta de soja a base de agua. Ha superado las pruebas de metales pesados y compuestos org\u00e1nicos vol\u00e1tiles de la SGS y cumple las normas de grado de contacto con alimentos de la FDA.<\/li>\n<li><strong>Protecci\u00f3n estructural<\/strong>El cart\u00f3n recubierto de 2,5 mm de grosor se elabora mediante el proceso de compuesto ondulado, con una resistencia a la compresi\u00f3n de 12KGF\/cm\u00b2, que se destina a los puntos d\u00e9biles de las esquinas de las botellas de aceite de vidrio\/pl\u00e1stico, y la prueba de ca\u00edda supera la norma de transporte ISTA 3A.<\/li>\n<\/ul>\n<h2 id=\"-4-precision-manufacturing-process-ultimate-opening-and-closing-experience-guarantee-\"><strong>4. Proceso de fabricaci\u00f3n de precisi\u00f3n: m\u00e1xima garant\u00eda de apertura y cierre<\/strong><\/h2>\n<ul>\n<li><strong>Tecnolog\u00eda de troquelado l\u00e1ser<\/strong>: El sistema de troquelado Kurz alem\u00e1n con una precisi\u00f3n de 0,01 mm logra un procesamiento sin rebabas de la esquina R del borde de la caja, y el error de profundidad de pre-indentaci\u00f3n de la l\u00ednea de plegado es \u22640,2 mm, asegurando que la fuerza de apertura sea estable en el rango de 0,8-1,2N.<\/li>\n<li><strong>Sistema de mordida<\/strong>: El cuerpo de la caja adopta un mecanismo de cierre triple de \"doble gancho + asistencia de succi\u00f3n magn\u00e9tica\". Seg\u00fan las mediciones de laboratorio, el desplazamiento de la tapa de la caja es &lt;0,3 mm tras 200 aperturas y cierres consecutivos, lo que es significativamente mejor que la media del sector.<\/li>\n<\/ul>\n<h2 id=\"-5-color-strategy-and-minimalist-aesthetics-establishing-category-mental-cognition-\"><strong>5. Estrategia del color y est\u00e9tica minimalista: Establecimiento de la categor\u00eda cognici\u00f3n mental<\/strong><\/h2>\n<ul>\n<li><strong>Aplicaci\u00f3n de la psicolog\u00eda del color<\/strong>: El color principal del cuerpo de la caja es el Pantone 17-0230TN (verde vena de la hoja de cannabis), y se utiliza el proceso de impresi\u00f3n en degradado de 5 niveles para simular la textura original de la planta. Los estudios de mercado demuestran que este sistema de color puede aumentar la asociaci\u00f3n \"natural y org\u00e1nico\" de los usuarios objetivo en 43%.<\/li>\n<li><strong>Dise\u00f1o de decoraci\u00f3n<\/strong>: Abandonando procesos tradicionales como la estampaci\u00f3n en caliente\/gofrado, se crea una imagen profesional a trav\u00e9s de la superficie curvada tridimensional de la caja, y s\u00f3lo se utiliza el proceso de gofrado a nivel de micras en el cart\u00f3n del forro interior para presentar el LOGO de la marca, consiguiendo un enfoque visual de \"menos es m\u00e1s\".<\/li>\n<\/ul>","protected":false},"excerpt":{"rendered":"<p>La estructura de la caja de cierre magn\u00e9tico combina estabilidad y facilidad de manejo. Puede abrirse y cerrarse f\u00e1cilmente con una sola mano, lo que facilita a los consumidores su r\u00e1pida adquisici\u00f3n. Utiliza cart\u00f3n con certificaci\u00f3n FSC para garantizar que las materias primas proceden de bosques gestionados de forma sostenible, lo que cumple los requisitos de propiedades naturales de la categor\u00eda de salud para la protecci\u00f3n del medio ambiente. Es adecuado para la exposici\u00f3n en estanter\u00edas de comercios o la combinaci\u00f3n de cajas de regalo, lo que refuerza visualmente la unidad de la marca.<\/p>","protected":false},"featured_media":1207,"template":"","meta":{"_kad_post_transparent":"default","_kad_post_title":"","_kad_post_layout":"default","_kad_post_sidebar_id":"","_kad_post_content_style":"default","_kad_post_vertical_padding":"default","_kad_post_feature":"","_kad_post_feature_position":"","_kad_post_header":false,"_kad_post_footer":false,"_kad_post_classname":""},"product_brand":[],"product_cat":[15,27,17],"product_tag":[471,470,472],"class_list":{"0":"post-1206","1":"product","2":"type-product","3":"status-publish","4":"has-post-thumbnail","6":"product_cat-red-light-therapy","7":"product_cat-red-light-therapy-belt","8":"product_cat-services","9":"product_tag-best-concentrate-packaging-wholesale","10":"product_tag-concentrate-packaging-box","11":"product_tag-custom-concentrate-packaging-wholesale","13":"first","14":"instock","15":"shipping-taxable","16":"product-type-simple","17":"entry","18":"content-bg","19":"loop-entry"},"_links":{"self":[{"href":"https:\/\/red-lighttherapy.com\/es_es\/wp-json\/wp\/v2\/product\/1206","targetHints":{"allow":["GET"]}}],"collection":[{"href":"https:\/\/red-lighttherapy.com\/es_es\/wp-json\/wp\/v2\/product"}],"about":[{"href":"https:\/\/red-lighttherapy.com\/es_es\/wp-json\/wp\/v2\/types\/product"}],"wp:featuredmedia":[{"embeddable":true,"href":"https:\/\/red-lighttherapy.com\/es_es\/wp-json\/wp\/v2\/media\/1207"}],"wp:attachment":[{"href":"https:\/\/red-lighttherapy.com\/es_es\/wp-json\/wp\/v2\/media?parent=1206"}],"wp:term":[{"taxonomy":"product_brand","embeddable":true,"href":"https:\/\/red-lighttherapy.com\/es_es\/wp-json\/wp\/v2\/product_brand?post=1206"},{"taxonomy":"product_cat","embeddable":true,"href":"https:\/\/red-lighttherapy.com\/es_es\/wp-json\/wp\/v2\/product_cat?post=1206"},{"taxonomy":"product_tag","embeddable":true,"href":"https:\/\/red-lighttherapy.com\/es_es\/wp-json\/wp\/v2\/product_tag?post=1206"}],"curies":[{"name":"wp","href":"https:\/\/api.w.org\/{rel}","templated":true}]}}