{"id":1199,"date":"2025-04-17T06:17:17","date_gmt":"2025-04-17T06:17:17","guid":{"rendered":"https:\/\/red-lighttherapy.com\/?post_type=product&#038;p=1199"},"modified":"2025-04-17T06:37:57","modified_gmt":"2025-04-17T06:37:57","slug":"trader-custom-cbd-tincture-hemp-oil-packaging-cardboard-box","status":"publish","type":"product","link":"https:\/\/red-lighttherapy.com\/es_es\/trader-custom-cbd-tincture-hemp-oil-packaging-cardboard-box\/","title":{"rendered":"Trader Custom CBD Tintura C\u00e1\u00f1amo Aceite Embalaje Caja de cart\u00f3n"},"content":{"rendered":"<h2 id=\"cbd-tincture-hemp-oil-packaging-paper-box-product-description\">CBD Tintura Aceite de C\u00e1\u00f1amo Embalaje Caja de Papel Descripci\u00f3n del producto<\/h2>\n<h2 id=\"1-minimalist-geometric-cutting-\">1.\u00a0<strong>Corte geom\u00e9trico minimalista<\/strong><\/h2>\n<p>Se adopta el dise\u00f1o de caja tridimensional angular, y las l\u00edneas son sencillas y ordenadas, lo que est\u00e1 en consonancia con la tendencia de envasado de la industria del CBD que persigue un sentido de tecnolog\u00eda y profesionalidad (rem\u00edtase al estilo sencillo de la marca Gaoai CBD). La estructura hexa\u00e9drica se empalma a la perfecci\u00f3n mediante un preciso proceso de plegado, y la tapa y el cuerpo de la caja se abren y cierran mediante hebilla magn\u00e9tica o leng\u00fceta, lo que tiene en cuenta tanto la belleza como la practicidad.<\/p>\n<h2 id=\"2-flat-transportation-optimization-\">2.\u00a0<strong>Optimizaci\u00f3n del transporte de pisos<\/strong><\/h2>\n<p>El cuerpo de la caja adopta un dise\u00f1o de estructura plegable, que se apila de forma plana cuando se env\u00eda, y el volumen de transporte se reduce en 60%, lo que reduce significativamente los costes log\u00edsticos (similar al proceso de aplanado de las bolsas de papel ecol\u00f3gicas FSC). Cuando se utiliza, basta con desplegarlo para recuperar la forma tridimensional, sin necesidad de pegarlo, lo que est\u00e1 en consonancia con el concepto de econom\u00eda circular.<\/p>\n<h2 id=\"3-gradient-blue-green-aesthetics-\">3.\u00a0<strong>Est\u00e9tica degradada azul-verde<\/strong><\/h2>\n<p>El color principal es una transici\u00f3n de gradiente azul-verde, que simula el flujo de las venas naturales de las hojas de cannabis, y la base blanca realza el contraste de color y mejora el atractivo de exposici\u00f3n en los estantes (inspirado en la estrategia de equilibrio de color de la marca Gaoai CBD). El proceso de gradiente utiliza para la impresi\u00f3n tinta al agua respetuosa con el medio ambiente, con una cobertura de la gama crom\u00e1tica de 98%, lo que garantiza la saturaci\u00f3n del color al tiempo que cumple las normas de seguridad alimentaria.<\/p>\n<h2 id=\"4-hierarchical-layout-of-information-\">4.\u00a0<strong>Disposici\u00f3n jer\u00e1rquica de la informaci\u00f3n<\/strong><\/h2>\n<ul>\n<li><strong>Datos clave m\u00e1s destacados<\/strong>: El contenido de CBD (por ejemplo, \"500mg\/10ml\"), la dosis recomendada (por ejemplo, \"1 gota = 2,5mg\") y otra informaci\u00f3n b\u00e1sica utilizan fuentes sans serif en negrita, el tama\u00f1o de la fuente se ampl\u00eda en 20%, y se colocan en la zona central visual frontal (en l\u00ednea con la demanda de los consumidores de transparencia en la dosificaci\u00f3n).<\/li>\n<li><strong>Integraci\u00f3n de informaci\u00f3n auxiliar<\/strong>: La informaci\u00f3n de menor importancia, como la lista de ingredientes, el logotipo de la certificaci\u00f3n FSC y el logotipo de reciclable, est\u00e1n dispuestos uniformemente en el lateral, y el dise\u00f1o se mantiene ordenado mediante el uso de fuentes peque\u00f1as en escala de grises.<\/li>\n<\/ul>\n<h2 id=\"5-fsc-certified-paper-base-\">5.\u00a0<strong>Base de papel con certificaci\u00f3n FSC<\/strong><\/h2>\n<p>La caja de papel utiliza cart\u00f3n de celulosa regenerada con certificaci\u00f3n FSC-COC, y el origen de la pulpa de madera puede rastrearse hasta bosques gestionados de forma sostenible para garantizar la transparencia de la cadena de suministro (de acuerdo con las normas de la UE sobre exenci\u00f3n de impuestos sobre el pl\u00e1stico). A la capa interior se le a\u00f1ade un revestimiento de celof\u00e1n de calidad alimentaria, que tiene un rendimiento impermeable y a prueba de aceite de IPX4, en sustituci\u00f3n del revestimiento de pl\u00e1stico tradicional.<\/p>\n<h2 id=\"6-environmental-protection-throughout-the-entire-life-cycle-\">6.\u00a0<strong>Protecci\u00f3n del medio ambiente durante todo el ciclo de vida<\/strong><\/h2>\n<ul>\n<li><strong>Reciclable<\/strong>: Compatible con el sistema de reciclaje de papel usado, tasa de reciclaje de fibra &gt; 95%;<\/li>\n<li><strong>Compostable<\/strong>: \u00cdndice de degradaci\u00f3n &gt; 90% en 180 d\u00edas en condiciones de compostaje industrial;<\/li>\n<li><strong>Producci\u00f3n baja en carbono<\/strong>: La huella de carbono se reduce en 42% en comparaci\u00f3n con los envases tradicionales.<\/li>\n<\/ul>\n<h2 id=\"7-scene-adaptation-and-brand-value-\">7.\u00a0<strong>Adaptaci\u00f3n del escenario y valor de marca<\/strong><\/h2>\n<ol>\n<li><strong>Ventajas de la exposici\u00f3n minorista<\/strong>\u00a0El dise\u00f1o plano de la fachada ofrece un amplio espacio de exposici\u00f3n para historias de marca y declaraciones de salud, como la impresi\u00f3n de puntos de venta diferenciados como \"procedente de granjas ecol\u00f3gicas suizas\" y \"sin agentes sint\u00e9ticos a\u00f1adidos\" (haci\u00e9ndose eco de la demanda de calidad y trazabilidad de los consumidores).<\/li>\n<li><strong>Experiencia de usuario mejorada<\/strong><\/li>\n<li><strong>Dise\u00f1o antitoques<\/strong>: Forro de EVA personalizado incrustado en la caja para fijar el frasco cuentagotas de cristal y evitar colisiones durante el transporte;<\/li>\n<li><strong>Ampliaci\u00f3n interactiva<\/strong>: En el reverso se ha reservado una zona para el c\u00f3digo QR, y al escanear el c\u00f3digo se puede saltar a la p\u00e1gina de trazabilidad del producto o a la herramienta de c\u00e1lculo de dosis.<\/li>\n<\/ol>","protected":false},"excerpt":{"rendered":"<p>Este envase de caja de cart\u00f3n tiene l\u00edneas sencillas y n\u00edtidas y bordes afilados, lo que concuerda con la tendencia de envasado del aceite de CBD y el aceite de cannabis. La fachada plana ofrece un amplio espacio de exposici\u00f3n para la informaci\u00f3n visual y es adecuada para la exposici\u00f3n minorista.<\/p>","protected":false},"featured_media":1202,"template":"","meta":{"_kad_post_transparent":"default","_kad_post_title":"","_kad_post_layout":"default","_kad_post_sidebar_id":"","_kad_post_content_style":"default","_kad_post_vertical_padding":"default","_kad_post_feature":"","_kad_post_feature_position":"","_kad_post_header":false,"_kad_post_footer":false,"_kad_post_classname":""},"product_brand":[],"product_cat":[15,24,17],"product_tag":[467,466,469],"class_list":{"0":"post-1199","1":"product","2":"type-product","3":"status-publish","4":"has-post-thumbnail","6":"product_cat-red-light-therapy","7":"product_cat-red-light-therapy-bed","8":"product_cat-services","9":"product_tag-custom-cbd-packaging","10":"product_tag-custom-cbd-packaging-boxes","11":"product_tag-custom-hemp-oil-boxes","13":"first","14":"instock","15":"shipping-taxable","16":"product-type-simple","17":"entry","18":"content-bg","19":"loop-entry"},"_links":{"self":[{"href":"https:\/\/red-lighttherapy.com\/es_es\/wp-json\/wp\/v2\/product\/1199","targetHints":{"allow":["GET"]}}],"collection":[{"href":"https:\/\/red-lighttherapy.com\/es_es\/wp-json\/wp\/v2\/product"}],"about":[{"href":"https:\/\/red-lighttherapy.com\/es_es\/wp-json\/wp\/v2\/types\/product"}],"wp:featuredmedia":[{"embeddable":true,"href":"https:\/\/red-lighttherapy.com\/es_es\/wp-json\/wp\/v2\/media\/1202"}],"wp:attachment":[{"href":"https:\/\/red-lighttherapy.com\/es_es\/wp-json\/wp\/v2\/media?parent=1199"}],"wp:term":[{"taxonomy":"product_brand","embeddable":true,"href":"https:\/\/red-lighttherapy.com\/es_es\/wp-json\/wp\/v2\/product_brand?post=1199"},{"taxonomy":"product_cat","embeddable":true,"href":"https:\/\/red-lighttherapy.com\/es_es\/wp-json\/wp\/v2\/product_cat?post=1199"},{"taxonomy":"product_tag","embeddable":true,"href":"https:\/\/red-lighttherapy.com\/es_es\/wp-json\/wp\/v2\/product_tag?post=1199"}],"curies":[{"name":"wp","href":"https:\/\/api.w.org\/{rel}","templated":true}]}}