{"id":1192,"date":"2025-04-17T03:53:24","date_gmt":"2025-04-17T03:53:24","guid":{"rendered":"https:\/\/red-lighttherapy.com\/?post_type=product&#038;p=1192"},"modified":"2025-04-17T06:22:08","modified_gmt":"2025-04-17T06:22:08","slug":"wholesale-cannabis-concentrate-magnetic-lid-packaging-boxes","status":"publish","type":"product","link":"https:\/\/red-lighttherapy.com\/es_es\/wholesale-cannabis-concentrate-magnetic-lid-packaging-boxes\/","title":{"rendered":"Venta al Mayor de Concentrados de Cannabis Cajas de Embalaje con Tapa Magn\u00e9tica"},"content":{"rendered":"<h2 id=\"-product-description-of-paper-drawer-box-for-marijuana-concentrate-magnetic-cover-\"><strong>Descripci\u00f3n del producto Caja Caj\u00f3n de Papel para Concentrado de Marihuana Tapa Magn\u00e9tica<\/strong><\/h2>\n<h2 id=\"-1-paper-drawer-box-slide-rail-design-easy-and-efficient-opening-and-closing-\"><strong>1. Dise\u00f1o de riel de deslizamiento de caja de caj\u00f3n de papel, apertura y cierre f\u00e1cil y eficiente.<\/strong><\/h2>\n<ul>\n<li><strong>Posicionamiento preciso y antica\u00edda<\/strong>: La gu\u00eda de deslizamiento est\u00e1 calculada con precisi\u00f3n, y la tapa de la caja se bloquea autom\u00e1ticamente en la posici\u00f3n preestablecida durante la apertura y el cierre para evitar deslizamientos accidentales y garantizar la estabilidad durante el uso.<\/li>\n<\/ul>\n<h2 id=\"-2-double-childproof-lock-mechanism-safe-and-worry-free-\"><strong>2. Mecanismo de bloqueo doble a prueba de ni\u00f1os, seguro y sin preocupaciones<\/strong><\/h2>\n<ul>\n<li><strong>Pulse para desbloquear la tecnolog\u00eda<\/strong>: En el lateral del cuerpo de la caja hay un interruptor de presi\u00f3n oculto, y un adulto tiene que pulsarlo con una fuerza espec\u00edfica antes de que la tapa de la caja se deslice de forma sincronizada, lo que impide eficazmente que los ni\u00f1os la abran por error.<\/li>\n<li><strong>Fuerza de succi\u00f3n magn\u00e9tica ajustable<\/strong>: Al personalizar la fuerza de adsorci\u00f3n del im\u00e1n, se equilibra la seguridad de los ni\u00f1os y la facilidad de uso de los adultos, y se puede manejar f\u00e1cilmente con s\u00f3lo la fuerza de los dedos de un adulto.<\/li>\n<\/ul>\n<h2 id=\"-3-stable-and-shock-resistant-structure-upgraded-portable-experience-\"><strong>3. Estructura estable y resistente a los golpes, experiencia port\u00e1til mejorada<\/strong><\/h2>\n<ul>\n<li><strong>Ranura para tarjetas personalizadas integrada<\/strong>: Moldeado con precisi\u00f3n de acuerdo con el tama\u00f1o del concentrado (como embotellado y embolsado), con forro de EVA a prueba de golpes, fijar firmemente el contenido, cero sacudidas durante el transporte, y evitar da\u00f1os por colisi\u00f3n.<\/li>\n<li><strong>Dise\u00f1o ligero y port\u00e1til<\/strong>: El grosor y el peso del cuerpo de la caja est\u00e1n optimizados, teniendo en cuenta tanto la protecci\u00f3n como la portabilidad, adecuada para las necesidades de equipaje de mano o de almacenamiento apilado.<\/li>\n<\/ul>\n<h2 id=\"-4-coated-paper-multi-layer-composite-material-pressure-resistant-and-damage-resistant-\"><strong>4. Material compuesto multicapa de papel revestido, resistente a la presi\u00f3n y a los da\u00f1os.<\/strong><\/h2>\n<ul>\n<li><strong>Sustrato de alta resistencia<\/strong>: Se utiliza papel estucado grueso de 400 g, y la superficie est\u00e1 recubierta de una pel\u00edcula ecol\u00f3gica mate\/brillante, resistente a la presi\u00f3n, a la humedad y a los ara\u00f1azos, y puede soportar el apilamiento y la extrusi\u00f3n durante el transporte log\u00edstico.<\/li>\n<li><strong>Dise\u00f1o reciclable<\/strong>: El material es resistente y duradero, admite m\u00faltiples aperturas y cierres y la reutilizaci\u00f3n, reduce el coste de sustituci\u00f3n del envase y se ajusta al concepto de protecci\u00f3n medioambiental.<\/li>\n<\/ul>\n<h2 id=\"-5-high-precision-printing-technology-excellent-visual-texture-\"><strong>5. Tecnolog\u00eda de impresi\u00f3n de alta precisi\u00f3n, excelente textura visual.<\/strong><\/h2>\n<ul>\n<li><strong>Tecnolog\u00eda de impresi\u00f3n UV a todo color<\/strong>: Admite patrones complejos, como colores degradados y brillo met\u00e1lico, con una saturaci\u00f3n de color superior a 95%, y no es f\u00e1cil que se decolore tras las pruebas de fricci\u00f3n.<\/li>\n<li><strong>Procesos de superficie diversificados<\/strong>: Estampaci\u00f3n en caliente, gofrado, UV local y otros procesos opcionales para aumentar el reconocimiento de la marca y mejorar la calidad del envase.<\/li>\n<\/ul>\n<h2 id=\"-6-minimalist-white-tone-conveying-a-professional-brand-image-\"><strong>6. Tono blanco minimalista, que transmite una imagen de marca profesional.<\/strong><\/h2>\n<ul>\n<li><strong>Caja blanca pura<\/strong>: Con el blanco como color base, simboliza la seguridad, la profesionalidad y la limpieza, se adapta al posicionamiento de los productos de cannabis de grado m\u00e9dico y refuerza la confianza del consumidor.<\/li>\n<li><strong>Adaptaci\u00f3n visual flexible<\/strong>: Admite el embellecimiento parcial del color de la marca, la textura degradada o el LOGO minimalista, resalta la personalidad en la sencillez y evita el exceso de dise\u00f1o.<\/li>\n<\/ul>\n<h2 id=\"-7-all-round-customization-service-empowering-brand-differentiation-\"><strong>7. Servicio integral de personalizaci\u00f3n, que potencia la diferenciaci\u00f3n de la marca<\/strong><\/h2>\n<ul>\n<li><strong>Adaptaci\u00f3n flexible del tama\u00f1o<\/strong>: Admite la personalizaci\u00f3n del tama\u00f1o completo, desde microfrascos de 10 ml hasta latas de gran capacidad de 100 ml, para satisfacer las necesidades de la l\u00ednea de productos.<\/li>\n<li><strong>Integraci\u00f3n profunda de la marca<\/strong>: Color de caja personalizable (como color degradado, negro mate), motivo (ilustraci\u00f3n, motivo geom\u00e9trico), informaci\u00f3n de texto (declaraci\u00f3n reglamentaria, instrucciones de uso), etc., para crear un sistema de identificaci\u00f3n de marca \u00fanico.<\/li>\n<\/ul>\n<h2 id=\"-application-scenarios-\"><strong>Escenarios de aplicaci\u00f3n<\/strong><\/h2>\n<ul>\n<li><strong>Venta al por mayor y al por menor<\/strong>: Aplicable al envasado a granel B2B y a la exposici\u00f3n de venta terminal de productos como concentrados de cannabis, aceite de CBD, extractos de cera, etc.<\/li>\n<li><strong>Adaptaci\u00f3n multiescenario<\/strong>: Satisfacen las necesidades de m\u00faltiples escenarios, como el almacenamiento y el transporte, la exposici\u00f3n en tiendas y el transporte diario por parte de los usuarios, teniendo en cuenta la practicidad y la comunicaci\u00f3n de la marca.<\/li>\n<\/ul>","protected":false},"excerpt":{"rendered":"<p>Esta caja de embalaje con tapa magn\u00e9tica para concentrados de cannabis est\u00e1 especialmente dise\u00f1ada para marcas de productos de cannabis de gama alta. Combina funcionalidad y valor est\u00e9tico, con una estructura innovadora, protecci\u00f3n de seguridad y servicios personalizados como n\u00facleo, satisfaciendo plenamente las necesidades de almacenamiento de productos, transporte y exhibici\u00f3n de la marca, ayudando a mejorar la experiencia del usuario y la imagen profesional de la marca.<\/p>","protected":false},"featured_media":1194,"template":"","meta":{"_kad_post_transparent":"default","_kad_post_title":"","_kad_post_layout":"default","_kad_post_sidebar_id":"","_kad_post_content_style":"default","_kad_post_vertical_padding":"default","_kad_post_feature":"","_kad_post_feature_position":"","_kad_post_header":false,"_kad_post_footer":false,"_kad_post_classname":""},"product_brand":[],"product_cat":[15,27,17],"product_tag":[467,466,468],"class_list":{"0":"post-1192","1":"product","2":"type-product","3":"status-publish","4":"has-post-thumbnail","6":"product_cat-red-light-therapy","7":"product_cat-red-light-therapy-belt","8":"product_cat-services","9":"product_tag-custom-cbd-packaging","10":"product_tag-custom-cbd-packaging-boxes","11":"product_tag-magnetic-lid-boxes-for-concentrate","13":"first","14":"instock","15":"shipping-taxable","16":"product-type-simple","17":"entry","18":"content-bg","19":"loop-entry"},"_links":{"self":[{"href":"https:\/\/red-lighttherapy.com\/es_es\/wp-json\/wp\/v2\/product\/1192","targetHints":{"allow":["GET"]}}],"collection":[{"href":"https:\/\/red-lighttherapy.com\/es_es\/wp-json\/wp\/v2\/product"}],"about":[{"href":"https:\/\/red-lighttherapy.com\/es_es\/wp-json\/wp\/v2\/types\/product"}],"wp:featuredmedia":[{"embeddable":true,"href":"https:\/\/red-lighttherapy.com\/es_es\/wp-json\/wp\/v2\/media\/1194"}],"wp:attachment":[{"href":"https:\/\/red-lighttherapy.com\/es_es\/wp-json\/wp\/v2\/media?parent=1192"}],"wp:term":[{"taxonomy":"product_brand","embeddable":true,"href":"https:\/\/red-lighttherapy.com\/es_es\/wp-json\/wp\/v2\/product_brand?post=1192"},{"taxonomy":"product_cat","embeddable":true,"href":"https:\/\/red-lighttherapy.com\/es_es\/wp-json\/wp\/v2\/product_cat?post=1192"},{"taxonomy":"product_tag","embeddable":true,"href":"https:\/\/red-lighttherapy.com\/es_es\/wp-json\/wp\/v2\/product_tag?post=1192"}],"curies":[{"name":"wp","href":"https:\/\/api.w.org\/{rel}","templated":true}]}}