{"id":1185,"date":"2025-04-17T03:35:56","date_gmt":"2025-04-17T03:35:56","guid":{"rendered":"https:\/\/red-lighttherapy.com\/?post_type=product&#038;p=1185"},"modified":"2025-04-17T14:44:35","modified_gmt":"2025-04-17T14:44:35","slug":"purchase-luxury-lipstick-tube-gift-set-magnetic-lid-boxes","status":"publish","type":"product","link":"https:\/\/red-lighttherapy.com\/es_es\/purchase-luxury-lipstick-tube-gift-set-magnetic-lid-boxes\/","title":{"rendered":"Comprar Set de Regalo de Tubos de Barra de Labios de Lujo Cajas con Tapa Magn\u00e9tica"},"content":{"rendered":"<h2 id=\"product-description-of-luxury-lipstick-tube-gift-box-with-magnetic-lid\">Descripci\u00f3n del producto Caja de regalo con tubo de barra de labios de lujo y tapa magn\u00e9tica<\/h2>\n<h2 id=\"-1-innovative-magnetic-opening-and-closing-system-with-both-ritual-and-practicality-\"><strong>1. Innovador sistema magn\u00e9tico de apertura y cierre, tan ritual como pr\u00e1ctico<\/strong><\/h2>\n<p>Esta caja de regalo adopta\u00a0<strong>dise\u00f1o de la estructura magn\u00e9tica de apertura y cierre<\/strong>El sistema de apertura y cierre de la caja, con componentes magn\u00e9ticos anulares de alta resistencia incorporados, permite el cierre estable de la tapa y el cuerpo de la caja mediante la alineaci\u00f3n precisa del anillo magn\u00e9tico uno y el anillo magn\u00e9tico dos. La apertura y el cierre pueden completarse con un empuje de una sola mano. En comparaci\u00f3n con el dise\u00f1o tradicional de hebilla, la operaci\u00f3n es m\u00e1s c\u00f3moda y no hay riesgo de desgaste mec\u00e1nico. El momento del cierre va acompa\u00f1ado de un n\u00edtido sonido de \"clic\", lo que confiere al proceso de apertura una elegante sensaci\u00f3n de ritual, que se ajusta a la experiencia de uso de los productos de belleza de gama alta.<\/p>\n<h2 id=\"-2-precision-magnetic-closure-system-to-ensure-safety-and-convenience-\"><strong>2. Sistema de cierre magn\u00e9tico de precisi\u00f3n para garantizar la seguridad y la comodidad<\/strong><\/h2>\n<p>El sistema de cierre magn\u00e9tico se basa en\u00a0<strong>dise\u00f1o de doble anillo magn\u00e9tico<\/strong>, con una distribuci\u00f3n uniforme de la fuerza magn\u00e9tica y una fuerza de adsorci\u00f3n l\u00edder en el sector, lo que garantiza que el cuerpo de la caja permanezca bien cerrado durante el transporte o una ca\u00edda accidental, para evitar que la barra de labios se disperse o contamine. El borde de la tapa de la caja adopta\u00a0<strong>tratamiento de biselado<\/strong>, que se adapta a la ergonom\u00eda, y la apertura y cierre con una sola mano es suave y sin obst\u00e1culos, teniendo en cuenta los h\u00e1bitos de uso y las necesidades de escena de las usuarias.<\/p>\n<h2 id=\"-3-modular-lining-design-efficient-storage-and-display-\"><strong>3. Dise\u00f1o de revestimiento modular, almacenamiento y exposici\u00f3n eficientes<\/strong><\/h2>\n<p>El interior de la caja de regalo utiliza\u00a0<strong>forro de TPU personalizado<\/strong>, que se forma mediante un preciso corte por l\u00e1ser para formar ranuras independientes para tarjetas, aptas para tubos de barras de labios de diferentes especificaciones (como cil\u00edndricos, cuadrados, etc.). Cada barra de labios se ajusta firmemente a la ranura de la tarjeta despu\u00e9s de ser incrustado, y el dise\u00f1o anti-vibraci\u00f3n evita que la pasta se da\u00f1e por colisi\u00f3n. El forro puede desmontarse y reorganizarse, lo que permite la libre disposici\u00f3n de 6 a 12 barras de labios, teniendo en cuenta la funci\u00f3n de almacenamiento y la belleza de la presentaci\u00f3n visual, y satisfaciendo las necesidades de exposici\u00f3n \"a nivel de colecci\u00f3n\" de los consumidores.<\/p>\n<h2 id=\"-4-environmentally-friendly-materials-and-structural-reinforcement-double-protection-\"><strong>4. Materiales respetuosos con el medio ambiente y refuerzo estructural, doble protecci\u00f3n<\/strong><\/h2>\n<p>El cuerpo principal de la caja de regalo est\u00e1 hecho de\u00a0<strong>Papel estucado con certificaci\u00f3n FSC<\/strong>con un revestimiento mate respetuoso con el medio ambiente en la superficie, una dureza de 2000 g\/m\u00b2 y una resistencia a la compresi\u00f3n m\u00e1s de 3 veces superior a la de las cajas de papel normales. En su interior lleva incrustado un marco ligero de aleaci\u00f3n de aluminio, que se combina a la perfecci\u00f3n con la caja de papel mediante remaches para mejorar la capacidad de carga general. Puede soportar 50 kg de presi\u00f3n est\u00e1tica sin deformarse y resistir eficazmente la extrusi\u00f3n externa. El material cumple las normas de protecci\u00f3n medioambiental REACH de la UE, teniendo en cuenta una textura lujosa y conceptos sostenibles.<\/p>\n<h2 id=\"-5-high-precision-printing-technology-double-upgrade-of-vision-and-touch-\"><strong>5. Tecnolog\u00eda de impresi\u00f3n de alta precisi\u00f3n, doble mejora de la visi\u00f3n y el tacto.<\/strong><\/h2>\n<p>La superficie de la caja adopta\u00a0<strong>Serigraf\u00eda a 6 colores + tecnolog\u00eda de estampaci\u00f3n en caliente UV parcial<\/strong>La precisi\u00f3n de los bordes de los bloques de color y los patrones de impresi\u00f3n de los labios alcanza los 0,1 mm, sin manchas ni rebabas (como la tecnolog\u00eda de envasado de barras de labios de Dior). Los bloques de color utilizan tintas de color especiales Pantone para restaurar m\u00e1s de 95% del color real de la barra de labios, lo que resulta pr\u00e1ctico para que los consumidores identifiquen r\u00e1pidamente el n\u00famero de color. Se ha comprobado la resistencia al desgaste de la capa de impresi\u00f3n, que permanece brillante tras abrirla y cerrarla 500 veces, lo que demuestra la tecnolog\u00eda de impresi\u00f3n de vanguardia de la f\u00e1brica.<\/p>\n<h2 id=\"-6-aesthetic-detail-design-to-enhance-brand-tonality-\"><strong>6. Dise\u00f1o de detalles est\u00e9ticos para realzar la tonalidad de la marca<\/strong><\/h2>\n<p>El forro y el cuerpo de la caja adoptan\u00a0<strong>dise\u00f1o de polvo degradado del mismo sistema de color<\/strong>En el interior de la caja, el polvo de flor de cerezo es mate, mientras que el polvo de coral es nacarado. La consistencia del color est\u00e1 calibrada por un espectrofot\u00f3metro profesional para mejorar la armon\u00eda visual general. La caja incluye un compartimento con espejo magn\u00e9tico, que puede utilizarse como espejo de maquillaje. El borde del espejo lleva incrustaciones de tiras decorativas de oro rosa del mismo sistema crom\u00e1tico que el anillo del im\u00e1n, y los detalles transmiten el gen de marca de lujo.<\/p>\n<h2 id=\"-applicable-scenarios-\"><strong>Escenarios aplicables<\/strong><\/h2>\n<ul>\n<li><strong>Regalo de Navidad<\/strong>: El ritual magn\u00e9tico de apertura y cierre se adapta al ambiente festivo de San Valent\u00edn, Navidad, etc.<\/li>\n<li><strong>Personalizaci\u00f3n de la marca<\/strong>: Soporta LOGO estampaci\u00f3n en caliente, chapado en color personalizado de los anillos de im\u00e1n (oro \/ oro rosa \/ platino)<\/li>\n<li><strong>Expositor comercial<\/strong>: El revestimiento modular se adapta a las necesidades de exposici\u00f3n multiservicio del mostrador<\/li>\n<\/ul>","protected":false},"excerpt":{"rendered":"<p>El sistema de cierre magn\u00e9tico garantiza que la caja quede firmemente cerrada y puede abrirse y cerrarse f\u00e1cilmente con una sola mano. Es m\u00e1s c\u00f3modo que las hebillas tradicionales. Se pueden colocar varias barras de labios en orden en el interior mediante una colocaci\u00f3n precisa. Tiene un alto aprovechamiento del espacio y es antivibraciones, lo que facilita su almacenamiento y exposici\u00f3n.<\/p>","protected":false},"featured_media":1174,"template":"","meta":{"_kad_post_transparent":"default","_kad_post_title":"","_kad_post_layout":"default","_kad_post_sidebar_id":"","_kad_post_content_style":"default","_kad_post_vertical_padding":"default","_kad_post_feature":"","_kad_post_feature_position":"","_kad_post_header":false,"_kad_post_footer":false,"_kad_post_classname":""},"product_brand":[],"product_cat":[15,27,17],"product_tag":[459,457,458],"class_list":{"0":"post-1185","1":"product","2":"type-product","3":"status-publish","4":"has-post-thumbnail","6":"product_cat-red-light-therapy","7":"product_cat-red-light-therapy-belt","8":"product_cat-services","9":"product_tag-lipstick-gift-set-boxes","10":"product_tag-luxury-lipstick-boxes","11":"product_tag-magnetic-lid-boxes","13":"first","14":"instock","15":"shipping-taxable","16":"product-type-simple","17":"entry","18":"content-bg","19":"loop-entry"},"_links":{"self":[{"href":"https:\/\/red-lighttherapy.com\/es_es\/wp-json\/wp\/v2\/product\/1185","targetHints":{"allow":["GET"]}}],"collection":[{"href":"https:\/\/red-lighttherapy.com\/es_es\/wp-json\/wp\/v2\/product"}],"about":[{"href":"https:\/\/red-lighttherapy.com\/es_es\/wp-json\/wp\/v2\/types\/product"}],"wp:featuredmedia":[{"embeddable":true,"href":"https:\/\/red-lighttherapy.com\/es_es\/wp-json\/wp\/v2\/media\/1174"}],"wp:attachment":[{"href":"https:\/\/red-lighttherapy.com\/es_es\/wp-json\/wp\/v2\/media?parent=1185"}],"wp:term":[{"taxonomy":"product_brand","embeddable":true,"href":"https:\/\/red-lighttherapy.com\/es_es\/wp-json\/wp\/v2\/product_brand?post=1185"},{"taxonomy":"product_cat","embeddable":true,"href":"https:\/\/red-lighttherapy.com\/es_es\/wp-json\/wp\/v2\/product_cat?post=1185"},{"taxonomy":"product_tag","embeddable":true,"href":"https:\/\/red-lighttherapy.com\/es_es\/wp-json\/wp\/v2\/product_tag?post=1185"}],"curies":[{"name":"wp","href":"https:\/\/api.w.org\/{rel}","templated":true}]}}