{"id":1173,"date":"2025-04-17T01:17:56","date_gmt":"2025-04-17T01:17:56","guid":{"rendered":"https:\/\/red-lighttherapy.com\/?post_type=product&#038;p=1173"},"modified":"2025-04-17T14:43:42","modified_gmt":"2025-04-17T14:43:42","slug":"vendor-order-custom-rigid-drawer-box-sigwarjewelry-packaging","status":"publish","type":"product","link":"https:\/\/red-lighttherapy.com\/es_es\/vendor-order-custom-rigid-drawer-box-sigwarjewelry-packaging\/","title":{"rendered":"Encargo de Proveedor Caja R\u00edgida a Medida Sigwarjewelry Packaging"},"content":{"rendered":"<h2 id=\"-product-description-of-sigwarjewelry-custom-hard-drawer-box-paper-drawer-box-\"><strong>Descripci\u00f3n del producto Caja de cajones r\u00edgida a medida\u00a0<\/strong><\/h2>\n<h2>1.\u00a0<strong>Ergon\u00f3mico <\/strong><strong>Caj\u00f3n <\/strong><strong>Dise\u00f1o<\/strong><\/h2>\n<p>El caj\u00f3n de papel cuenta con un sistema de apertura y cierre sin esfuerzo, combinado con un dise\u00f1o estructural de precisi\u00f3n y una tecnolog\u00eda de moldeado de alta precisi\u00f3n. Las juntas entre el cuerpo de la caja y el caj\u00f3n est\u00e1n reforzadas para evitar holguras o atascos, y la experiencia de funcionamiento puede mantenerse sin problemas incluso con un uso frecuente.<\/p>\n<h2 id=\"2-fsc-certified-environmentally-friendly-materials-\">2.\u00a0<strong>Materiales respetuosos con el medio ambiente con certificaci\u00f3n FSC<\/strong><\/h2>\n<p>Las materias primas est\u00e1n hechas de fibras de madera de bosques sostenibles certificadas por el FSC (Forest Stewardship Council) para garantizar que todo el proceso de producci\u00f3n cumple las normas medioambientales. El material tiene en cuenta tanto los conceptos de protecci\u00f3n medioambiental como las propiedades f\u00edsicas, y la resistencia a la compresi\u00f3n alcanza el nivel l\u00edder del sector, protegiendo eficazmente los productos internos de las p\u00e9rdidas durante el transporte.<\/p>\n<h2 id=\"3-high-strength-coated-paper-structure-\">3.\u00a0<strong>Estructura de papel estucado de alta resistencia<\/strong><\/h2>\n<p>El cuerpo de la caja est\u00e1 hecho de material de papel revestido de 300 g\/m\u00b2, y la dureza y estabilidad se mejoran mediante un proceso compuesto de varias capas, y la capacidad de carga puede alcanzar m\u00e1s de 5 kg. El dise\u00f1o del espacio interior se ha calculado cient\u00edficamente para admitir particiones modulares (sustrato o compartimentos opcionales), maximizar el uso del volumen y es adecuado para productos exquisitos como joyas y relojes.<\/p>\n<h2 id=\"4-durable-nylon-handle-\">4.\u00a0<strong>Mango de nailon resistente<\/strong><\/h2>\n<p>El mango est\u00e1 fabricado con un cintur\u00f3n de nailon de alta resistencia con una fuerza de tracci\u00f3n de m\u00e1s de 100 kg. No se ha roto tras decenas de miles de pruebas de tracci\u00f3n. Al mismo tiempo, se adapta a la curvatura de la palma de la mano para mejorar la comodidad de transporte. Admite la personalizaci\u00f3n del ancho del asa, el color y la impresi\u00f3n del LOGO para mejorar el reconocimiento de la marca.<\/p>\n<h2 id=\"-customized-service-and-production-advantages-\"><strong>Servicio personalizado y ventajas de producci\u00f3n<\/strong><\/h2>\n<ul>\n<li><strong>Pruebas r\u00e1pidas en 48 horas<\/strong>: Apoy\u00e1ndose en el sistema de pruebas digitales, los renders 3D y las muestras f\u00edsicas se entregan simult\u00e1neamente para restituir con precisi\u00f3n los detalles del dise\u00f1o.<\/li>\n<li><strong>Cantidad m\u00ednima de pedido flexible<\/strong>: Admite una cantidad m\u00ednima de pedido de 500 piezas para satisfacer las necesidades de producci\u00f3n de prueba de las marcas peque\u00f1as y medianas, y el ciclo de producci\u00f3n en masa se acorta a 7-10 d\u00edas laborables.<\/li>\n<li><strong>Altamente personalizado<\/strong>:<\/li>\n<li><strong>Talla<\/strong>: Altamente personalizado.<\/li>\n<li><strong>Tecnolog\u00eda<\/strong>: Procesos de tratamiento de superficie opcionales, como estampaci\u00f3n en caliente, gofrado UV, serigraf\u00eda, gofrado, etc., adaptados a los requisitos de textura de lujo.<\/li>\n<\/ul>\n<h2 id=\"-applicable-scenarios-and-certification-guarantees-\"><strong>Escenarios aplicables y garant\u00edas de certificaci\u00f3n<\/strong><\/h2>\n<ul>\n<li><strong>Productos aplicables<\/strong>: Embalaje de joyas de alta gama, relojes, art\u00edculos de lujo, regalos personalizados y otros productos de alto valor a\u00f1adido.<\/li>\n<li><strong>Compromiso medioambiental<\/strong>: Todo el proceso cumple con la certificaci\u00f3n FSC de la cadena de producci\u00f3n y supervisi\u00f3n de ventas, y proporciona documentos de certificaci\u00f3n de materiales de protecci\u00f3n medioambiental trazables.<\/li>\n<li><strong>Servicio de garant\u00eda<\/strong>: Proporcionar 12 meses de garant\u00eda de calidad, apoyar la inspecci\u00f3n de calidad por fases de los pedidos de lotes y garantizar la coherencia de las entregas.<\/li>\n<\/ul>","protected":false},"excerpt":{"rendered":"<p>El sistema de apertura y cierre de la caja del caj\u00f3n de papel tiene un dise\u00f1o ergon\u00f3mico, con un funcionamiento suave y que ahorra mano de obra. Est\u00e1 fabricado con materiales certificados FSC, teniendo en cuenta tanto los conceptos de protecci\u00f3n medioambiental como las propiedades f\u00edsicas. Cuenta con un sistema de prueba r\u00e1pida en 48 horas, admite una cantidad m\u00ednima de pedido de 500 unidades y puede personalizarse en gran medida para adaptarse a su producto.<\/p>","protected":false},"featured_media":1179,"template":"","meta":{"_kad_post_transparent":"default","_kad_post_title":"","_kad_post_layout":"default","_kad_post_sidebar_id":"","_kad_post_content_style":"default","_kad_post_vertical_padding":"default","_kad_post_feature":"","_kad_post_feature_position":"","_kad_post_header":false,"_kad_post_footer":false,"_kad_post_classname":""},"product_brand":[],"product_cat":[15,20,17],"product_tag":[460,461,462],"class_list":{"0":"post-1173","1":"product","2":"type-product","3":"status-publish","4":"has-post-thumbnail","6":"product_cat-red-light-therapy","7":"product_cat-led-face-light-therapy","8":"product_cat-services","9":"product_tag-custom-drawer-box","10":"product_tag-order-custom-rigid-box","11":"product_tag-sigwarjewelry-packaging-box-order","13":"first","14":"instock","15":"shipping-taxable","16":"product-type-simple","17":"entry","18":"content-bg","19":"loop-entry"},"_links":{"self":[{"href":"https:\/\/red-lighttherapy.com\/es_es\/wp-json\/wp\/v2\/product\/1173","targetHints":{"allow":["GET"]}}],"collection":[{"href":"https:\/\/red-lighttherapy.com\/es_es\/wp-json\/wp\/v2\/product"}],"about":[{"href":"https:\/\/red-lighttherapy.com\/es_es\/wp-json\/wp\/v2\/types\/product"}],"wp:featuredmedia":[{"embeddable":true,"href":"https:\/\/red-lighttherapy.com\/es_es\/wp-json\/wp\/v2\/media\/1179"}],"wp:attachment":[{"href":"https:\/\/red-lighttherapy.com\/es_es\/wp-json\/wp\/v2\/media?parent=1173"}],"wp:term":[{"taxonomy":"product_brand","embeddable":true,"href":"https:\/\/red-lighttherapy.com\/es_es\/wp-json\/wp\/v2\/product_brand?post=1173"},{"taxonomy":"product_cat","embeddable":true,"href":"https:\/\/red-lighttherapy.com\/es_es\/wp-json\/wp\/v2\/product_cat?post=1173"},{"taxonomy":"product_tag","embeddable":true,"href":"https:\/\/red-lighttherapy.com\/es_es\/wp-json\/wp\/v2\/product_tag?post=1173"}],"curies":[{"name":"wp","href":"https:\/\/api.w.org\/{rel}","templated":true}]}}