{"id":1144,"date":"2025-04-16T13:04:28","date_gmt":"2025-04-16T13:04:28","guid":{"rendered":"https:\/\/red-lighttherapy.com\/?post_type=product&#038;p=1144"},"modified":"2025-04-17T08:50:20","modified_gmt":"2025-04-17T08:50:20","slug":"glitter-magnetic-closure-paper-box-for-wig-hair-extension","status":"publish","type":"product","link":"https:\/\/red-lighttherapy.com\/es_es\/glitter-magnetic-closure-paper-box-for-wig-hair-extension\/","title":{"rendered":"Glitter Cierre Magn\u00e9tico Caja de Papel para Peluca Extensi\u00f3n de Pelo"},"content":{"rendered":"<h2 id=\"-glitter-paper-magnetic-wig-extension-paper-box-product-manual-\"><strong>Glitter papel magn\u00e9tico peluca extensi\u00f3n caja de papel manual del producto<\/strong><\/h2>\n<h2 id=\"1-magnetic-closure-system-\">1.\u00a0<strong>Sistema de cierre magn\u00e9tico<\/strong><\/h2>\n<ul>\n<li><strong>Dise\u00f1o de circuito magn\u00e9tico de precisi\u00f3n<\/strong>: Adopta im\u00e1n permanente NdFeB de grado N52, con circuito magn\u00e9tico de disposici\u00f3n multipolar anular, para conseguir una fuerza de aspiraci\u00f3n de 12N en un solo punto, apertura y cierre suaves, y estanqueidad IP54.<\/li>\n<li><strong>Optimizaci\u00f3n del funcionamiento con una sola mano<\/strong>: Gracias al \u00e1ngulo de posicionamiento c\u00f3nico de 60\u00b0 y al dise\u00f1o de colaboraci\u00f3n de la hebilla el\u00e1stica, el punto magn\u00e9tico se alinea autom\u00e1ticamente y puede desbloquearse girando 15\u00b0. El error de apertura y cierre con una sola mano es inferior a 0,3 mm.<\/li>\n<li><strong>Apertura antiaccidental<\/strong>: El punto magn\u00e9tico coincide con la estructura de mordida de la ranura de la tarjeta, y se requiere un par de rotaci\u00f3n de 5N para separar. La prueba de vibraci\u00f3n de transporte supera la norma ISTA 3A.<\/li>\n<\/ul>\n<h2 id=\"2-box-structure-\">2.\u00a0<strong>Estructura de la caja<\/strong><\/h2>\n<ul>\n<li><strong>Tipo de caja de optimizaci\u00f3n geom\u00e9trica<\/strong>: Basado en el an\u00e1lisis y c\u00e1lculo de elementos finitos, adopta un dise\u00f1o de l\u00ednea de pliegue hexa\u00e9drica, con un error de borde de \u00b10,5 mm y una resistencia a la compresi\u00f3n de 800 kg\/m\u00b2.<\/li>\n<li><strong>Sistema de mordida de precisi\u00f3n<\/strong>: La tapa y la caja inferior adoptan una estructura de anidaci\u00f3n escalonada de 2 mm, con nervios de refuerzo de chapa de acero magn\u00e9tico de 0,5 mm, el rendimiento global antica\u00edda se mejora en 40%.<\/li>\n<\/ul>\n<h2 id=\"3-environmentally-friendly-materials-\">3.\u00a0<strong>Materiales respetuosos con el medio ambiente<\/strong><\/h2>\n<ul>\n<li><strong>Cart\u00f3n certificado FSC<\/strong>: Adopta un sustrato de cart\u00f3n gris doble de 1,5 mm de grosor, con una pel\u00edcula flash de 120 g\/m\u00b2 en la superficie, y ha superado la certificaci\u00f3n medioambiental SGS de metales pesados y REACH.<\/li>\n<li><strong>Cinta antiest\u00e1tica<\/strong>: La cinta negra est\u00e1 tratada con revestimiento de nanocarbono, con una resistencia superficial de \u226410\u2076\u03a9 y un tiempo de decaimiento est\u00e1tico de &lt;0,5s, lo que garantiza que no se deforme durante el transporte.<\/li>\n<\/ul>","protected":false},"excerpt":{"rendered":"<p>Esta caja de embalaje est\u00e1 especialmente dise\u00f1ada para productos de extensi\u00f3n de pelucas, y combina la tecnolog\u00eda de cierre magn\u00e9tico y la artesan\u00eda de materiales respetuosos con el medio ambiente para crear una soluci\u00f3n de embalaje de gama alta que es a la vez est\u00e9tica y funcional. El cuerpo de la caja adopta una estructura geom\u00e9trica afilada, con una superficie de papel brillante y un sistema magn\u00e9tico de apertura y cierre para garantizar la seguridad del transporte y la facilidad de uso.<\/p>","protected":false},"featured_media":1146,"template":"","meta":{"_kad_post_transparent":"default","_kad_post_title":"","_kad_post_layout":"default","_kad_post_sidebar_id":"","_kad_post_content_style":"default","_kad_post_vertical_padding":"default","_kad_post_feature":"","_kad_post_feature_position":"","_kad_post_header":false,"_kad_post_footer":false,"_kad_post_classname":""},"product_brand":[],"product_cat":[15,27,17],"product_tag":[444,445,446],"class_list":{"0":"post-1144","1":"product","2":"type-product","3":"status-publish","4":"has-post-thumbnail","6":"product_cat-red-light-therapy","7":"product_cat-red-light-therapy-belt","8":"product_cat-services","9":"product_tag-glitter-paper-for-wig","10":"product_tag-magnetic-closure-box-for-hair-extension","11":"product_tag-wig-hair-extension-paper-box","13":"first","14":"instock","15":"shipping-taxable","16":"product-type-simple","17":"entry","18":"content-bg","19":"loop-entry"},"_links":{"self":[{"href":"https:\/\/red-lighttherapy.com\/es_es\/wp-json\/wp\/v2\/product\/1144","targetHints":{"allow":["GET"]}}],"collection":[{"href":"https:\/\/red-lighttherapy.com\/es_es\/wp-json\/wp\/v2\/product"}],"about":[{"href":"https:\/\/red-lighttherapy.com\/es_es\/wp-json\/wp\/v2\/types\/product"}],"wp:featuredmedia":[{"embeddable":true,"href":"https:\/\/red-lighttherapy.com\/es_es\/wp-json\/wp\/v2\/media\/1146"}],"wp:attachment":[{"href":"https:\/\/red-lighttherapy.com\/es_es\/wp-json\/wp\/v2\/media?parent=1144"}],"wp:term":[{"taxonomy":"product_brand","embeddable":true,"href":"https:\/\/red-lighttherapy.com\/es_es\/wp-json\/wp\/v2\/product_brand?post=1144"},{"taxonomy":"product_cat","embeddable":true,"href":"https:\/\/red-lighttherapy.com\/es_es\/wp-json\/wp\/v2\/product_cat?post=1144"},{"taxonomy":"product_tag","embeddable":true,"href":"https:\/\/red-lighttherapy.com\/es_es\/wp-json\/wp\/v2\/product_tag?post=1144"}],"curies":[{"name":"wp","href":"https:\/\/api.w.org\/{rel}","templated":true}]}}