{"id":1120,"date":"2025-04-16T12:06:57","date_gmt":"2025-04-16T12:06:57","guid":{"rendered":"https:\/\/red-lighttherapy.com\/?post_type=product&#038;p=1120"},"modified":"2025-04-16T12:20:07","modified_gmt":"2025-04-16T12:20:07","slug":"magnetic-closure-cosmetic-eyelash-glitter-paper-box-solution","status":"publish","type":"product","link":"https:\/\/red-lighttherapy.com\/es_es\/magnetic-closure-cosmetic-eyelash-glitter-paper-box-solution\/","title":{"rendered":"Cierre Magn\u00e9tico Cosm\u00e9ticos Pesta\u00f1as Purpurina Caja de Papel Soluci\u00f3n"},"content":{"rendered":"<h2 id=\"product-description-of-magnetic-clamp-eyelash-glitter-paper-box-solution\">Descripci\u00f3n de producto de la soluci\u00f3n de la caja de papel del brillo de la pesta\u00f1a de la abrazadera magn\u00e9tica<\/h2>\n<h2 id=\"-1-magnetic-opening-and-closing-system-precise-alignment-one-hand-operation-and-upgraded-sealing-\"><strong>1. Sistema magn\u00e9tico de apertura y cierre: alineaci\u00f3n precisa, funcionamiento con una sola mano y sellado mejorado.<\/strong><\/h2>\n<ul>\n<li><strong>Dise\u00f1o de precisi\u00f3n magn\u00e9tica<\/strong>: Adoptando una fuerte tecnolog\u00eda de alineaci\u00f3n magn\u00e9tica, los componentes de la hebilla magn\u00e9tica se ajustan con precisi\u00f3n mediante polos magn\u00e9ticos para lograr la apertura y el cierre sin desviaci\u00f3n, y se ajustan firmemente despu\u00e9s del cierre, con mejor resistencia al polvo y a la humedad que las cajas de hebilla tradicionales.<\/li>\n<li><strong>Manejo c\u00f3modo con una sola mano<\/strong>: Optimizar la fuerza magn\u00e9tica y el \u00e1ngulo de apertura y cierre, y la operaci\u00f3n se puede completar con un empuje con una sola mano, que es adecuado para los consumidores a sacarlo r\u00e1pidamente todos los d\u00edas y mejorar la experiencia del usuario.<\/li>\n<li><strong>Sellado mejorado<\/strong>: Combinado con ranura para tarjeta y doble cierre magn\u00e9tico, garantiza que no quede ning\u00fan hueco despu\u00e9s de cerrar la caja, protege eficazmente el brillo de pesta\u00f1as de la contaminaci\u00f3n externa y prolonga la vida \u00fatil del producto.<\/li>\n<\/ul>\n<h2 id=\"-2-standardized-size-adaptation-unified-display-aesthetics-\"><strong>2. Adaptaci\u00f3n de tama\u00f1o estandarizada, est\u00e9tica de visualizaci\u00f3n unificada<\/strong><\/h2>\n<ul>\n<li><strong>Compatibilidad con tallas normales<\/strong>: Tama\u00f1o personalizado, adecuado para productos de uso general, como m\u00e1scaras de pesta\u00f1as individuales y conjuntos de purpurina multicolor, con una gran compatibilidad.<\/li>\n<li><strong>Ventajas de la pantalla apilable<\/strong>: Las l\u00edneas de la caja son cuadradas y n\u00edtidas, y la superficie de exposici\u00f3n es plana y uniforme cuando se apila. Se puede combinar de forma flexible en una matriz de estante o forma creativa para mejorar el impacto visual de la marca.<\/li>\n<\/ul>\n<h2 id=\"-3-minimalist-aesthetic-design-sharp-edges-and-full-of-modern-sense-\"><strong>3. Dise\u00f1o est\u00e9tico minimalista: bordes afilados y lleno de sentido moderno<\/strong><\/h2>\n<ul>\n<li><strong>Lenguaje estructural tridimensional<\/strong>: El cuerpo de la caja adopta l\u00edneas de plegado en \u00e1ngulo recto y tecnolog\u00eda de corte plano, con bordes y esquinas afilados, combinado con material de papel de purpurina de textura mate, presentando un fr\u00edo sentido de la tecnolog\u00eda y un moderno estilo minimalista.<\/li>\n<li><strong>Mejora del logotipo de la marca<\/strong>: Admite estampaci\u00f3n en caliente, gofrado y otros procesos para personalizar el LOGO de la marca, resalta el tono de gama alta con l\u00edneas sencillas, en l\u00ednea con la preferencia est\u00e9tica de los consumidores j\u00f3venes por el \"menos es m\u00e1s\".<\/li>\n<\/ul>\n<h2 id=\"-4-glitter-paper-material-both-wear-resistance-and-luxury-\"><strong>4. Glitter Material de papel: tanto la resistencia al desgaste y de lujo.<\/strong><\/h2>\n<ul>\n<li><strong>Superficie muy duradera<\/strong>: Se utiliza el sustrato Glitter Paper, que es 40% m\u00e1s resistente al desgaste que el papel de estampaci\u00f3n en caliente ordinario, con una excelente resistencia a los ara\u00f1azos, y no es f\u00e1cil de rayar durante el transporte y el uso.<\/li>\n<li><strong>Tecnolog\u00eda de estampaci\u00f3n en caliente de lujo<\/strong>Tecnolog\u00eda de estampaci\u00f3n en caliente\/plateado en caliente a nivel microm\u00e9trico, precisi\u00f3n del borde del patr\u00f3n de \u00b10,1 mm, combinada con un efecto de rejilla din\u00e1mica, presenta una textura brillante de varios niveles bajo la refracci\u00f3n de la luz.<\/li>\n<\/ul>\n<h2 id=\"-5-flexible-production-service-fast-response-sustainable-supply-\"><strong>5. Servicio de producci\u00f3n flexible: respuesta r\u00e1pida, suministro sostenible<\/strong><\/h2>\n<ul>\n<li><strong>Cantidad m\u00ednima de pedido flexible<\/strong>Soporte de pedidos flexibles de 500 a 2 millones de piezas, para satisfacer la producci\u00f3n de prueba de las marcas incipientes y la demanda por lotes de las grandes marcas, sin restricciones de umbral m\u00ednimo de pedido.<\/li>\n<li><strong>Ciclo de pruebas extremadamente r\u00e1pido<\/strong>: bas\u00e1ndose en el sistema de molde digital, el ciclo de pruebas se acorta a 72 horas, proporcionando 3 combinaciones b\u00e1sicas de colores y 2 combinaciones de procesos de servicios r\u00e1pidos de confirmaci\u00f3n de muestras.<\/li>\n<\/ul>\n<h2 id=\"-6-environmental-certification-and-sustainability-\"><strong>6. Certificaci\u00f3n medioambiental y sostenibilidad<\/strong><\/h2>\n<ul>\n<li><strong>Materias primas con certificaci\u00f3n FSC<\/strong>: El 100% del material base de la caja de papel utiliza papel certificado FSC para garantizar que las materias primas provienen de las normas ambientales de la Uni\u00f3n Europea y las marcas ESG para adaptarse a los requisitos estrat\u00e9gicos, los bosques gestionados de forma continua.<\/li>\n<li><strong>Dise\u00f1o reciclable<\/strong>: El cuerpo de la caja no tiene estructura de uni\u00f3n por pegamento, y los componentes magn\u00e9ticos de succi\u00f3n se pueden separar y separar, lo que es conveniente para la clasificaci\u00f3n y el reciclaje, reduce la carga ambiental.<\/li>\n<\/ul>\n<h2 id=\"-core-advantages-\"><strong>Principales ventajas<\/strong><\/h2>\n<ul>\n<li><strong>Integraci\u00f3n de la tecnolog\u00eda<\/strong>: Apertura y cierre magn\u00e9ticos + material de papel Glitter + proceso de estampaci\u00f3n en caliente, teniendo en cuenta la funcionalidad y el atractivo visual.<\/li>\n<li><strong>Para empresas<\/strong>: Cadena de suministro flexible y pruebas r\u00e1pidas, que reducen los costes de prueba y error de las marcas y aceleran su lanzamiento al mercado.<\/li>\n<li><strong>Responsabilidad medioambiental<\/strong>: La certificaci\u00f3n FSC y el dise\u00f1o reciclable ayudan a las marcas a crear una imagen ecol\u00f3gica.<\/li>\n<\/ul>","protected":false},"excerpt":{"rendered":"<p>Esta caja de embalaje tiene bordes afilados y l\u00edneas limpias, mostrando una moderna est\u00e9tica minimalista. El sistema magn\u00e9tico de apertura y cierre est\u00e1 alineado con precisi\u00f3n, es f\u00e1cil de manejar con una sola mano y tiene un sellado m\u00e1s fuerte que las cajas de hebilla normales. El material de papel brillante es muy resistente al desgaste para adaptarse a los productos de pesta\u00f1as corrientes.<\/p>","protected":false},"featured_media":1121,"template":"","meta":{"_kad_post_transparent":"default","_kad_post_title":"","_kad_post_layout":"default","_kad_post_sidebar_id":"","_kad_post_content_style":"default","_kad_post_vertical_padding":"default","_kad_post_feature":"","_kad_post_feature_position":"","_kad_post_header":false,"_kad_post_footer":false,"_kad_post_classname":""},"product_brand":[],"product_cat":[15,28,27,17],"product_tag":[434,436,435],"class_list":{"0":"post-1120","1":"product","2":"type-product","3":"status-publish","4":"has-post-thumbnail","6":"product_cat-red-light-therapy","7":"product_cat-customize","8":"product_cat-red-light-therapy-belt","9":"product_cat-services","10":"product_tag-glitter-eyelash-packaging","11":"product_tag-glitter-paper-eyelash-box","12":"product_tag-magnetic-closure-box-for-cosmetic","14":"first","15":"instock","16":"shipping-taxable","17":"product-type-simple","18":"entry","19":"content-bg","20":"loop-entry"},"_links":{"self":[{"href":"https:\/\/red-lighttherapy.com\/es_es\/wp-json\/wp\/v2\/product\/1120","targetHints":{"allow":["GET"]}}],"collection":[{"href":"https:\/\/red-lighttherapy.com\/es_es\/wp-json\/wp\/v2\/product"}],"about":[{"href":"https:\/\/red-lighttherapy.com\/es_es\/wp-json\/wp\/v2\/types\/product"}],"wp:featuredmedia":[{"embeddable":true,"href":"https:\/\/red-lighttherapy.com\/es_es\/wp-json\/wp\/v2\/media\/1121"}],"wp:attachment":[{"href":"https:\/\/red-lighttherapy.com\/es_es\/wp-json\/wp\/v2\/media?parent=1120"}],"wp:term":[{"taxonomy":"product_brand","embeddable":true,"href":"https:\/\/red-lighttherapy.com\/es_es\/wp-json\/wp\/v2\/product_brand?post=1120"},{"taxonomy":"product_cat","embeddable":true,"href":"https:\/\/red-lighttherapy.com\/es_es\/wp-json\/wp\/v2\/product_cat?post=1120"},{"taxonomy":"product_tag","embeddable":true,"href":"https:\/\/red-lighttherapy.com\/es_es\/wp-json\/wp\/v2\/product_tag?post=1120"}],"curies":[{"name":"wp","href":"https:\/\/api.w.org\/{rel}","templated":true}]}}