{"id":1115,"date":"2025-04-16T10:55:19","date_gmt":"2025-04-16T10:55:19","guid":{"rendered":"https:\/\/red-lighttherapy.com\/?post_type=product&#038;p=1115"},"modified":"2025-04-16T12:06:44","modified_gmt":"2025-04-16T12:06:44","slug":"custom-magnetic-closure-glitter-paper-box-jewelry-necklace","status":"publish","type":"product","link":"https:\/\/red-lighttherapy.com\/es_es\/custom-magnetic-closure-glitter-paper-box-jewelry-necklace\/","title":{"rendered":"Personalizado Cierre Magn\u00e9tico Glitter Caja de Papel Joyer\u00eda Collar"},"content":{"rendered":"<h2 id=\"-customized-magnetic-buckle-glitter-paper-box-jewelry-necklace-product-description-\"><strong>Cierre magn\u00e9tico personalizado Glitter collar de joyer\u00eda caja de papel Descripci\u00f3n del producto<\/strong><\/h2>\n<h2 id=\"-1-magnetic-flip-top-ritual-sense-\"><strong>1. Sentido Ritual Magn\u00e9tico Flip-top<\/strong><\/h2>\n<p>Este joyero adopta una estructura de tapa abatible magn\u00e9tica patentada. El cuerpo de la caja y la tapa se alinean con precisi\u00f3n y se cierran mediante imanes de alta precisi\u00f3n. La fuerza de succi\u00f3n es 1,5 veces superior a la norma del sector. Puede abrirse y cerrarse libremente con una sola mano. Cuando se cierra, se acompa\u00f1a de un n\u00edtido efecto de sonido magn\u00e9tico, que da a la caja una sensaci\u00f3n de ritual como desprecintar una joya. El interior de la caja est\u00e1 reforzado con una ranura anular rectangular reforzada y emparejado con componentes amortiguadores el\u00e1sticos para garantizar la resistencia a la presi\u00f3n y a los golpes durante el transporte. La estabilidad ha superado 100.000 pruebas de apertura y cierre, cumpliendo los requisitos de durabilidad para el almacenamiento de joyas de alta gama.<\/p>\n<h2 id=\"-2-minimalist-aesthetics-and-practical-details-\"><strong>2. Est\u00e9tica minimalista y detalles pr\u00e1cticos<\/strong><\/h2>\n<p>La caja de regalo esboza un moderno contorno minimalista con l\u00edneas de corte geom\u00e9tricas. El proceso de moldeado de alta precisi\u00f3n con una tolerancia de 0,5 mm garantiza que el cuerpo de la caja quede bien ajustado. Los bordes se pulen 3 veces, y el tacto es delicado y sin rebabas. El punto de cierre magn\u00e9tico est\u00e1 oculto en el borde interior de la tapa de la caja, y el ribete met\u00e1lico mate hace que se integre visualmente y est\u00e9 en consonancia con la est\u00e9tica del dise\u00f1o contempor\u00e1neo.<\/p>\n<h2 id=\"-3-glitter-paper-glitter-craftsmanship-\"><strong>3. Papel de purpurina artesan\u00eda de purpurina<\/strong><\/h2>\n<p>El cuerpo de la caja est\u00e1 hecho de papel de purpurina personalizado (Glitter Paper), y la superficie est\u00e1 chapada con part\u00edculas de purpurina de nivel microm\u00e9trico mediante un proceso de curado UV. Bajo la refracci\u00f3n de la luz, presenta un brillo degradado como la arena de las estrellas de las galaxias, y tiene una resistencia IP5X al desgaste y a los ara\u00f1azos. El grosor del material es de s\u00f3lo 1,2 mm, que es 30% m\u00e1s ligero que los joyeros tradicionales, y tiene tanto portabilidad como impacto visual.<\/p>\n<h2 id=\"-4-flocking-groove-protection-system-\"><strong>4. Sistema de protecci\u00f3n de las ranuras de flocado<\/strong><\/h2>\n<p>La disposici\u00f3n de partici\u00f3n personalizada dentro de la caja, la ranura del collar adopta la tecnolog\u00eda de modelado de escaneo 3D, que se adapta con precisi\u00f3n a diferentes longitudes de cadena y tama\u00f1os de colgante. La superficie de la ranura est\u00e1 cubierta con flocado de microfibra de 0,8 mm, y el coeficiente de fricci\u00f3n es \u22640,3 para evitar ara\u00f1azos en las joyas de metal; el dise\u00f1o de la ranura de la tarjeta en forma de U puede fijar la hebilla del collar para evitar enredos y nudos, y es adecuado para una variedad de estilos, tales como cadenas de clav\u00edcula y cadenas largas.<\/p>\n<h2 id=\"-5-pink-and-purple-collide-with-glitter-\"><strong>5. Rosa y morado chocan con purpurina<\/strong><\/h2>\n<p>El color principal de la caja es rosa y morado. La capa inferior est\u00e1 serigrafiada con 6 colores y superpuesta con un revestimiento nacarado. El brillo de la superficie est\u00e1 pulido con chorro de arena para presentar un efecto de dispersi\u00f3n de la luz de las estrellas. Bajo el cambio de luz, puede simular las dos atm\u00f3sferas de luz matinal y rosa crepuscular, reforzando el gen rom\u00e1ntico femenino.<\/p>\n<h2 id=\"-6-hot-stamping-slogan-strengthens-memory-\"><strong>6. El eslogan dorado estampado en caliente refuerza la memoria<\/strong><\/h2>\n<p>El eslogan de la marca se imprime en el interior de la tapa de la caja con tecnolog\u00eda de estampaci\u00f3n en caliente por l\u00e1ser. El tipo de letra adopta un efecto de relieve tridimensional de 0,1 mm. El dorado y el fondo rosa y morado forman un contraste visual, y la propuesta de valor de la marca se transmite nada m\u00e1s abrir la caja.<\/p>\n<h2 id=\"-7-flexible-customization-scheme-\"><strong>7. Esquema de personalizaci\u00f3n flexible<\/strong><\/h2>\n<p>Admite la personalizaci\u00f3n de todas las dimensiones, desde el tipo de caja y su tama\u00f1o hasta su funci\u00f3n:<\/p>\n<ul>\n<li><strong>Tipo de caja<\/strong>: Caja cuadrada\/caja redonda\/caja en forma de coraz\u00f3n opcional, la posici\u00f3n de la hebilla magn\u00e9tica puede ajustarse hacia el lateral o la parte superior;<\/li>\n<li><strong>Color<\/strong>: Proporcionar 12 opciones b\u00e1sicas de color Pantone, apoyar la personalizaci\u00f3n especial proporci\u00f3n de brillo del color;<\/li>\n<li><strong>Eslogan<\/strong>: Puede sustituirse por el nombre del cliente, una fecha conmemorativa o un mensaje exclusivo, la biblioteca de fuentes contiene 15 versiones ling\u00fc\u00edsticas;<\/li>\n<li><strong>Forro<\/strong>: Forro de flocado\/seda\/esponja opcional, la disposici\u00f3n de las ranuras permite la reorganizaci\u00f3n por categor\u00edas de joyas.<\/li>\n<\/ul>\n<h2 id=\"-8-environmental-protection-and-quality-control-guarantee-\"><strong>8. Protecci\u00f3n del medio ambiente y garant\u00eda de control de calidad<\/strong><\/h2>\n<p>El cuerpo de la caja es sustrato de papel ecol\u00f3gico certificado FSC, y el proceso de producci\u00f3n utiliza adhesivos a base de agua y tintas sin benceno; cada lote de productos acabados se prueba a temperatura y humedad constantes durante 72 horas para garantizar que el rendimiento de absorci\u00f3n magn\u00e9tica y la tasa de deformaci\u00f3n de la caja son \u22640,5%.<\/p>","protected":false},"excerpt":{"rendered":"<ul>\n<li><strong>Regalo de marca de joyer\u00eda<\/strong>: Como envase est\u00e1ndar de los collares de gama alta, mejora la experiencia de desembalaje y el prestigio de la marca;<\/li>\n<li><strong>Colecci\u00f3n personal conmemorativa<\/strong>: Personalizado nombre y aniversario, se convierte en un portador emocional para bodas y regalos de aniversario;<\/li>\n<li><strong>Atrezzo para tiendas<\/strong>: El dise\u00f1o magn\u00e9tico de apertura y cierre de la vitrina es c\u00f3modo para que los clientes se prueben las joyas, a la vez que protege su aspecto.<\/li>\n<\/ul>","protected":false},"featured_media":1117,"template":"","meta":{"_kad_post_transparent":"default","_kad_post_title":"","_kad_post_layout":"default","_kad_post_sidebar_id":"","_kad_post_content_style":"default","_kad_post_vertical_padding":"default","_kad_post_feature":"","_kad_post_feature_position":"","_kad_post_header":false,"_kad_post_footer":false,"_kad_post_classname":""},"product_brand":[],"product_cat":[15,27,17],"product_tag":[432,431,433],"class_list":{"0":"post-1115","1":"product","2":"type-product","3":"status-publish","4":"has-post-thumbnail","6":"product_cat-red-light-therapy","7":"product_cat-red-light-therapy-belt","8":"product_cat-services","9":"product_tag-glitter-paper-jewelry-box","10":"product_tag-magnetic-closure-box","11":"product_tag-necklace-paper-box","13":"first","14":"instock","15":"shipping-taxable","16":"product-type-simple","17":"entry","18":"content-bg","19":"loop-entry"},"_links":{"self":[{"href":"https:\/\/red-lighttherapy.com\/es_es\/wp-json\/wp\/v2\/product\/1115","targetHints":{"allow":["GET"]}}],"collection":[{"href":"https:\/\/red-lighttherapy.com\/es_es\/wp-json\/wp\/v2\/product"}],"about":[{"href":"https:\/\/red-lighttherapy.com\/es_es\/wp-json\/wp\/v2\/types\/product"}],"wp:featuredmedia":[{"embeddable":true,"href":"https:\/\/red-lighttherapy.com\/es_es\/wp-json\/wp\/v2\/media\/1117"}],"wp:attachment":[{"href":"https:\/\/red-lighttherapy.com\/es_es\/wp-json\/wp\/v2\/media?parent=1115"}],"wp:term":[{"taxonomy":"product_brand","embeddable":true,"href":"https:\/\/red-lighttherapy.com\/es_es\/wp-json\/wp\/v2\/product_brand?post=1115"},{"taxonomy":"product_cat","embeddable":true,"href":"https:\/\/red-lighttherapy.com\/es_es\/wp-json\/wp\/v2\/product_cat?post=1115"},{"taxonomy":"product_tag","embeddable":true,"href":"https:\/\/red-lighttherapy.com\/es_es\/wp-json\/wp\/v2\/product_tag?post=1115"}],"curies":[{"name":"wp","href":"https:\/\/api.w.org\/{rel}","templated":true}]}}