{"id":1109,"date":"2025-04-16T09:00:28","date_gmt":"2025-04-16T09:00:28","guid":{"rendered":"https:\/\/red-lighttherapy.com\/?post_type=product&#038;p=1109"},"modified":"2025-04-16T09:38:13","modified_gmt":"2025-04-16T09:38:13","slug":"trading-textured-paper-portable-power-bank-drawer-boxes","status":"publish","type":"product","link":"https:\/\/red-lighttherapy.com\/es_es\/trading-textured-paper-portable-power-bank-drawer-boxes\/","title":{"rendered":"Cajas Caj\u00f3n para Power Bank Port\u00e1til de Papel Texturado Trading"},"content":{"rendered":"<h2 id=\"-product-description-of-portable-power-bank-pull-out-box-\"><strong>Descripci\u00f3n de producto de la caja port\u00e1til del estilo del resbalador del f\u00f3sforo del banco de la energ\u00eda<\/strong><\/h2>\n<h2 id=\"1-high-grade-textured-specialty-paper-\">1.\u00a0<strong>Papel especial texturizado de alta calidad<\/strong><\/h2>\n<p>El embalaje exterior del producto est\u00e1 hecho de papel especial texturizado 120G de alta calidad, con una superficie delicada y estratificada, que confiere al embalaje una sensaci\u00f3n de alta calidad de la serie misteriosa. La textura \u00fanica y los efectos de luces y sombras del papel especial, combinados con colores oscuros o met\u00e1licos, pueden encajar perfectamente con el tono de la marca y crear una experiencia visual discreta y lujosa.<\/p>\n<h2 id=\"2-drawer-type-box-structure-\">2.\u00a0<strong>Estructura de caja tipo caj\u00f3n<\/strong><\/h2>\n<p>Se adopta el dise\u00f1o extra\u00edble, que es suave y ritual. Los usuarios pueden extraer f\u00e1cilmente el power bank, teniendo en cuenta la comodidad y el ritual. La estructura interna se apoya en 1200G tablero gris de alta densidad para asegurar que el cuerpo de la caja es fuerte y resistente a la presi\u00f3n, y el interior es plana y lisa, protegiendo el banco de energ\u00eda de los impactos durante el transporte o el uso diario.<\/p>\n<h2 id=\"3-gold-stamping-technology-is-the-finishing-touch-\">3.\u00a0<strong>La tecnolog\u00eda de estampaci\u00f3n en caliente en oro es el toque final<\/strong><\/h2>\n<p>La superficie del envase utiliza la tecnolog\u00eda de \"l\u00e1mina dorada estampada en caliente\", y el logotipo o motivo de la marca se presenta en l\u00edneas o bloques dorados, reflejando el brillo met\u00e1lico en diferentes \u00e1ngulos de luz, realzando el reconocimiento visual de la marca y el tono de gama alta.<\/p>\n<h2 id=\"4-professional-adaptation-solution-\">4.\u00a0<strong>Soluci\u00f3n de adaptaci\u00f3n profesional<\/strong><\/h2>\n<p>Bas\u00e1ndonos en el tama\u00f1o, la capacidad y los escenarios de uso de la energ\u00eda m\u00f3vil (como negocios, exteriores y regalos), ofrecemos un servicio de recomendaci\u00f3n de tipo caja uno a uno. Por ejemplo:<\/p>\n<ul>\n<li><strong>Fuente de alimentaci\u00f3n compacta<\/strong>: Recomendamos una caja extra\u00edble estrecha y larga para facilitar el transporte;<\/li>\n<li><strong>Fuente de alimentaci\u00f3n de gran capacidad<\/strong>: Con dise\u00f1o de compartimento reforzado para mejorar la protecci\u00f3n.<\/li>\n<\/ul>\n<h2 id=\"5-efficient-service-guarantee-\">5.\u00a0<strong>Garant\u00eda de servicio eficaz<\/strong><\/h2>\n<ul>\n<li><strong>Entrega rel\u00e1mpago<\/strong>: El plazo de entrega est\u00e1ndar es de 5-7 d\u00edas, y el servicio acelerado puede acortarse a 3 d\u00edas para satisfacer necesidades urgentes;<\/li>\n<li><strong>Compromiso de calidad<\/strong>: Inspecci\u00f3n de calidad completa para garantizar que el cuerpo de la caja no tiene ara\u00f1azos, la estampaci\u00f3n en caliente no se cae y la extracci\u00f3n es suave;<\/li>\n<li><strong>Servicio personalizado<\/strong>: Admite necesidades personalizadas como la personalizaci\u00f3n del LOGOTIPO y la selecci\u00f3n del material del forro (como esponja EVA, franela).<\/li>\n<\/ul>\n<h2 id=\"6-fsc-forest-certification-\">6.\u00a0<strong>Certificaci\u00f3n forestal FSC<\/strong><\/h2>\n<p>Todos los papeles especiales y cartones grises cuentan con la certificaci\u00f3n forestal FSC para garantizar que las materias primas proceden de bosques gestionados de forma sostenible y cumplen los estrictos requisitos de las marcas de gama alta en materia de protecci\u00f3n del medio ambiente y responsabilidad social.<\/p>\n<h3 id=\"7-applicable-scenarios-\">7.\u00a0<strong>Escenarios aplicables<\/strong><\/h3>\n<ul>\n<li><strong>Regalos de empresa<\/strong>: Tecnolog\u00eda de estampaci\u00f3n en caliente y papel especial de color oscuro para transmitir el sentimiento de nobleza de la marca;<\/li>\n<li><strong>Productos tecnol\u00f3gicos<\/strong>: Potencia los atributos tecnol\u00f3gicos mediante un dise\u00f1o minimalista y una textura met\u00e1lica;<\/li>\n<li><strong>Equipamiento exterior<\/strong>: Utilice papel especial resistente al desgaste y a la humedad para adaptarse a las situaciones de uso en exteriores.<\/li>\n<\/ul>\n<h2 id=\"-v-summary-of-core-advantages-\"><strong>8. Resumen de las principales ventajas<\/strong><\/h2>\n<table>\n<thead>\n<tr>\n<th>Dimensiones ventajosas<\/th>\n<th>Descripci\u00f3n espec\u00edfica<\/th>\n<\/tr>\n<\/thead>\n<tbody>\n<tr>\n<td><strong>Tecnolog\u00eda de materiales<\/strong><\/td>\n<td>Combinaci\u00f3n de papel especial y cart\u00f3n gris, bonita y resistente a la presi\u00f3n; la tecnolog\u00eda de estampaci\u00f3n en caliente mejora el reconocimiento de la marca<\/td>\n<\/tr>\n<tr>\n<td><strong>Dise\u00f1o estructural<\/strong><\/td>\n<td>El dise\u00f1o extra\u00edble es c\u00f3modo y pr\u00e1ctico, adecuado para fuentes de alimentaci\u00f3n de varios tama\u00f1os, y tiene un alto aprovechamiento del espacio interno.<\/td>\n<\/tr>\n<tr>\n<td><strong>Certificaci\u00f3n medioambiental<\/strong><\/td>\n<td>Materiales con certificaci\u00f3n FSC, conforme a las normas medioambientales internacionales<\/td>\n<\/tr>\n<tr>\n<td><strong>Respuesta del servicio<\/strong><\/td>\n<td>Un equipo profesional ofrece soluciones personalizadas y un seguimiento completo desde el dise\u00f1o hasta la entrega<\/td>\n<\/tr>\n<\/tbody>\n<\/table>","protected":false},"excerpt":{"rendered":"<p>La caja del caj\u00f3n de papel puede abrirse y cerrarse f\u00e1cilmente. Est\u00e1 fabricada con papel especial texturizado 120G y cart\u00f3n gris 1200G. Es resistente, duradero y tiene un aire misterioso y de gama alta. La superficie adopta el proceso de alta gama \"l\u00e1mina de oro estampada en caliente\" para resaltar la sensaci\u00f3n dorada de la marca y mostrar el tono de la marca.<\/p>","protected":false},"featured_media":1112,"template":"","meta":{"_kad_post_transparent":"default","_kad_post_title":"","_kad_post_layout":"default","_kad_post_sidebar_id":"","_kad_post_content_style":"default","_kad_post_vertical_padding":"default","_kad_post_feature":"","_kad_post_feature_position":"","_kad_post_header":false,"_kad_post_footer":false,"_kad_post_classname":""},"product_brand":[],"product_cat":[15,20,17],"product_tag":[429,428,430],"class_list":{"0":"post-1109","1":"product","2":"type-product","3":"status-publish","4":"has-post-thumbnail","6":"product_cat-red-light-therapy","7":"product_cat-led-face-light-therapy","8":"product_cat-services","9":"product_tag-match-style-box-for-power-bank","10":"product_tag-portable-power-bank-packaging-box","11":"product_tag-power-bank-slider-packaging-box","13":"first","14":"instock","15":"shipping-taxable","16":"product-type-simple","17":"entry","18":"content-bg","19":"loop-entry"},"_links":{"self":[{"href":"https:\/\/red-lighttherapy.com\/es_es\/wp-json\/wp\/v2\/product\/1109","targetHints":{"allow":["GET"]}}],"collection":[{"href":"https:\/\/red-lighttherapy.com\/es_es\/wp-json\/wp\/v2\/product"}],"about":[{"href":"https:\/\/red-lighttherapy.com\/es_es\/wp-json\/wp\/v2\/types\/product"}],"wp:featuredmedia":[{"embeddable":true,"href":"https:\/\/red-lighttherapy.com\/es_es\/wp-json\/wp\/v2\/media\/1112"}],"wp:attachment":[{"href":"https:\/\/red-lighttherapy.com\/es_es\/wp-json\/wp\/v2\/media?parent=1109"}],"wp:term":[{"taxonomy":"product_brand","embeddable":true,"href":"https:\/\/red-lighttherapy.com\/es_es\/wp-json\/wp\/v2\/product_brand?post=1109"},{"taxonomy":"product_cat","embeddable":true,"href":"https:\/\/red-lighttherapy.com\/es_es\/wp-json\/wp\/v2\/product_cat?post=1109"},{"taxonomy":"product_tag","embeddable":true,"href":"https:\/\/red-lighttherapy.com\/es_es\/wp-json\/wp\/v2\/product_tag?post=1109"}],"curies":[{"name":"wp","href":"https:\/\/api.w.org\/{rel}","templated":true}]}}