{"id":1103,"date":"2025-04-16T08:41:45","date_gmt":"2025-04-16T08:41:45","guid":{"rendered":"https:\/\/red-lighttherapy.com\/?post_type=product&#038;p=1103"},"modified":"2025-04-16T09:00:18","modified_gmt":"2025-04-16T09:00:18","slug":"maker-magnetic-closure-box-for-hair-extensions-removal-device","status":"publish","type":"product","link":"https:\/\/red-lighttherapy.com\/es_es\/maker-magnetic-closure-box-for-hair-extensions-removal-device\/","title":{"rendered":"Maker Caja de cierre magn\u00e9tico para extensiones de cabello Dispositivo de depilaci\u00f3n"},"content":{"rendered":"<h2 id=\"magnetic-closure-wig-extension-disassembly-device-packaging-box-product-description\">Cierre magn\u00e9tico peluca extensi\u00f3n desmontaje dispositivo embalaje caja descripci\u00f3n del producto<\/h2>\n<h2 id=\"-1-appearance-design-simple-and-stylish-book-shaped-box-body-enhances-exquisiteness-\"><strong>1. Dise\u00f1o de apariencia: simple y elegante, el cuerpo de la caja en forma de libro realza la exquisitez.<\/strong><\/h2>\n<p>Este producto adopta el dise\u00f1o de serie blanco claro, presentado en la cl\u00e1sica estructura de caja en forma de libro, de l\u00edneas sencillas y suaves y aspecto elegante. La superficie del cuerpo de la caja est\u00e1 impresa con papel estucado de 157 GSM, lo que resalta el estilo ligero de lujo. El dise\u00f1o del cierre magn\u00e9tico se inspira en los populares productos de caja de succi\u00f3n magn\u00e9tica, que resulta c\u00f3modo de abrir y cerrar y se cierra con firmeza, mejorando la experiencia del usuario y realzando al mismo tiempo la sensaci\u00f3n de alta gama.<\/p>\n<h2 id=\"-2-internal-and-external-double-color-contrast-combination-of-function-and-aesthetics-\"><strong>2. Doble contraste de color interior y exterior, combinaci\u00f3n de funci\u00f3n y est\u00e9tica<\/strong><\/h2>\n<p>La caja exterior es de color blanco claro, y la interior, de color blanco puro. El contraste de colores forma una jerarqu\u00eda visual, que puede mostrar claramente los detalles estructurales del alargador de peluca en la caja, y facilitar la r\u00e1pida identificaci\u00f3n del producto al exponerlo. Combinado con el forro troquelado en forma, garantiza un almacenamiento estable del producto.<\/p>\n<h2 id=\"-3-material-and-structure-professional-grade-protection-stable-and-durable-\"><strong>3. Material y estructura: protecci\u00f3n de calidad profesional, estable y duradera.<\/strong><\/h2>\n<ul>\n<li><strong>Material de base<\/strong>: Cart\u00f3n gris de alta resistencia de 1200 GSM, que tiene mejor resistencia a la presi\u00f3n que el cart\u00f3n ordinario y puede soportar los golpes del transporte y el apilamiento a largo plazo.<\/li>\n<li><strong>Tratamiento de superficies<\/strong>: Papel estucado de 157 GSM con pel\u00edcula mate, resistente a los ara\u00f1azos y al desgaste, tacto delicado y mayor reconocimiento de marca.<\/li>\n<li><strong>Forro interior<\/strong>: Personalizado mediante un proceso de troquelado de precisi\u00f3n, se adapta perfectamente al contorno del dispositivo de la peluca para evitar que el producto se sacuda o se desgaste.<\/li>\n<\/ul>\n<h2 id=\"-4-brand-empowerment-double-upgrade-of-texture-and-added-value-\"><strong>4. Potenciaci\u00f3n de la marca: Doble mejora de la textura y el valor a\u00f1adido<\/strong><\/h2>\n<p>El dise\u00f1o de la caja de embalaje incorpora detalles de lujo, como la apertura y cierre ocultos de las hebillas magn\u00e9ticas y las esquinas redondeadas para un tratamiento anticolisi\u00f3n. La parte posterior de la caja puede personalizarse con una zona de estampaci\u00f3n en caliente de la historia de la marca para reforzar la confianza de los consumidores en la artesan\u00eda y la calidad de la marca, y contribuir a aumentar el espacio premium.<\/p>\n<h2 id=\"-5-supply-chain-advantages-16-years-of-professional-guarantee-flexible-customization-\"><strong>5. Ventajas de la cadena de suministro: 16 a\u00f1os de garant\u00eda profesional, personalizaci\u00f3n flexible<\/strong><\/h2>\n<ul>\n<li><strong>Selecci\u00f3n de procesos<\/strong>: Admite m\u00e1s de 20 personalizaciones de proceso, como barniz local UV, gofrado, ajuste de la fuerza de adsorci\u00f3n magn\u00e9tica, etc.<\/li>\n<li><strong>Adaptaci\u00f3n del tama\u00f1o<\/strong>: El tama\u00f1o de la caja puede ajustarse a las distintas especificaciones de los dispositivos de peluca, con una cantidad m\u00ednima de pedido de 500 unidades para satisfacer las necesidades de las peque\u00f1as y medianas marcas.<\/li>\n<li><strong>Ventaja de costes<\/strong>: Adquisici\u00f3n a gran escala de materias primas, 15%-20% precio m\u00e1s bajo que productos similares, y un per\u00edodo de garant\u00eda de hasta 2 a\u00f1os.<\/li>\n<\/ul>\n<h2 id=\"-customization-process-description-\"><strong>Descripci\u00f3n del proceso de personalizaci\u00f3n<\/strong><\/h2>\n<ol>\n<li><strong>Comunicaci\u00f3n de la demanda<\/strong>: Indique la marca VI, el tama\u00f1o del producto y los requisitos funcionales (por ejemplo, si se necesitan bandas magn\u00e9ticas antirrobo).<\/li>\n<li><strong>Prueba 3D<\/strong>: Salida de cajas de muestras f\u00edsicas en un plazo de 72 horas para confirmar la estructura y los efectos visuales.<\/li>\n<li><strong>Producci\u00f3n en serie<\/strong>: Imprime con tinta al agua respetuosa con el medio ambiente, entrega en un plazo de 7 a 14 d\u00edas y admite seguimiento log\u00edstico global.<\/li>\n<\/ol>","protected":false},"excerpt":{"rendered":"<p>La caja adopta una serie simple y de moda de color blanco claro, el dise\u00f1o de la caja de tapa magn\u00e9tica es simple y elegante, dando a la gente una sensaci\u00f3n de refinamiento, y est\u00e1 hecha de cart\u00f3n gris 1200 GSM y papel recubierto 157 GSM. La estructura es estable y f\u00e1cil de proteger su peluca Dispositivo de depilaci\u00f3n Embalaje.<\/p>","protected":false},"featured_media":1104,"template":"","meta":{"_kad_post_transparent":"default","_kad_post_title":"","_kad_post_layout":"default","_kad_post_sidebar_id":"","_kad_post_content_style":"default","_kad_post_vertical_padding":"default","_kad_post_feature":"","_kad_post_feature_position":"","_kad_post_header":false,"_kad_post_footer":false,"_kad_post_classname":""},"product_brand":[],"product_cat":[15,28,27,17],"product_tag":[426,425,427],"class_list":{"0":"post-1103","1":"product","2":"type-product","3":"status-publish","4":"has-post-thumbnail","6":"product_cat-red-light-therapy","7":"product_cat-customize","8":"product_cat-red-light-therapy-belt","9":"product_cat-services","10":"product_tag-hair-removal-device-box","11":"product_tag-magnetic-hair-extensions-packaging-box","12":"product_tag-wig-magnetic-closure-box","14":"first","15":"instock","16":"shipping-taxable","17":"product-type-simple","18":"entry","19":"content-bg","20":"loop-entry"},"_links":{"self":[{"href":"https:\/\/red-lighttherapy.com\/es_es\/wp-json\/wp\/v2\/product\/1103","targetHints":{"allow":["GET"]}}],"collection":[{"href":"https:\/\/red-lighttherapy.com\/es_es\/wp-json\/wp\/v2\/product"}],"about":[{"href":"https:\/\/red-lighttherapy.com\/es_es\/wp-json\/wp\/v2\/types\/product"}],"wp:featuredmedia":[{"embeddable":true,"href":"https:\/\/red-lighttherapy.com\/es_es\/wp-json\/wp\/v2\/media\/1104"}],"wp:attachment":[{"href":"https:\/\/red-lighttherapy.com\/es_es\/wp-json\/wp\/v2\/media?parent=1103"}],"wp:term":[{"taxonomy":"product_brand","embeddable":true,"href":"https:\/\/red-lighttherapy.com\/es_es\/wp-json\/wp\/v2\/product_brand?post=1103"},{"taxonomy":"product_cat","embeddable":true,"href":"https:\/\/red-lighttherapy.com\/es_es\/wp-json\/wp\/v2\/product_cat?post=1103"},{"taxonomy":"product_tag","embeddable":true,"href":"https:\/\/red-lighttherapy.com\/es_es\/wp-json\/wp\/v2\/product_tag?post=1103"}],"curies":[{"name":"wp","href":"https:\/\/api.w.org\/{rel}","templated":true}]}}