{"id":1091,"date":"2025-04-16T07:58:12","date_gmt":"2025-04-16T07:58:12","guid":{"rendered":"https:\/\/red-lighttherapy.com\/?post_type=product&#038;p=1091"},"modified":"2025-04-16T08:13:25","modified_gmt":"2025-04-16T08:13:25","slug":"agency-luxury-lid-and-base-box-for-clothing-sock-packaging","status":"publish","type":"product","link":"https:\/\/red-lighttherapy.com\/es_es\/agency-luxury-lid-and-base-box-for-clothing-sock-packaging\/","title":{"rendered":"Agencia Tapa de lujo y caja base para embalaje de calcetines de ropa"},"content":{"rendered":"<h2 id=\"-product-instructions-for-the-agent-of-luxury-clothing-and-socks-packaging-heaven-and-earth-box-\">Agencia de lujo de la tapa y la base de la caja de ropa de calcetines de embalaje Descripci\u00f3n del producto<\/h2>\n<h2 id=\"-1-visual-presentation-a-balance-between-simplicity-and-luxury-\"><strong>1. Presentaci\u00f3n visual: Equilibrio entre sencillez y lujo<\/strong><\/h2>\n<ul>\n<li><strong>Combinaci\u00f3n de colores y logotipo<\/strong>: El cuerpo de la caja est\u00e1 recubierto de papel especial negro mate, y la superficie es delicada; el logotipo est\u00e1 grabado en relieve o estampado en caliente (opcional), y se utiliza el efecto de microestampado monocromo para mejorar el reconocimiento de la marca, evitar la interferencia de colores complejos y adaptarse al temperamento sobrio de las marcas de gama alta.<\/li>\n<li><strong>Lenguaje de modelado<\/strong>: La caja cuadrada tiene l\u00edneas n\u00edtidas y carece de adornos superfluos. La textura del papel y el nivel de luces y sombras la realzan, poniendo de relieve la filosof\u00eda de dise\u00f1o de \"menos es m\u00e1s\".<\/li>\n<\/ul>\n<h2 id=\"-2-structure-and-opening-and-closing-experience-\"><strong>2. Estructura y experiencia de apertura y cierre<\/strong><\/h2>\n<ul>\n<li><strong>Dise\u00f1o de la cubierta de la cabeza y de la tierra<\/strong>: Las tapas superior e inferior encajan con precisi\u00f3n, y la apertura y el cierre son suaves y estables. Al abrirse, la tapa se desliza de forma natural, dejando al descubierto el producto del interior, lo que confiere al proceso de desempaquetado una sensaci\u00f3n de ritual como la de una caja de regalo y mejora la experiencia del primer contacto del cliente.<\/li>\n<li><strong>Capacidad de carga y durabilidad<\/strong>: El papel especial de alto gramaje de 120 g est\u00e1 recubierto de cart\u00f3n de 1,5 mm de grosor, con una resistencia a la compresi\u00f3n 1,2 veces superior a la norma del sector, lo que garantiza que no se deformar\u00e1 durante el transporte y el almacenamiento a largo plazo.<\/li>\n<\/ul>\n<h2 id=\"-3-material-and-process-details-\"><strong>3. Detalles del material y del proceso<\/strong><\/h2>\n<ul>\n<li><strong>Material de la caja exterior<\/strong>: La superficie del papel especial tiene un tratamiento antiara\u00f1azos, es resistente a las huellas dactilares y f\u00e1cil de limpiar; la capa central de cart\u00f3n utiliza materiales respetuosos con el medio ambiente con certificaci\u00f3n FSC, lo que se ajusta al concepto de sostenibilidad.<\/li>\n<li><strong>Forro a medida<\/strong>: Proporcionar esponja EVA, algod\u00f3n perla o flocado bandeja interior y otras opciones, y puede personalizar las ranuras de acuerdo con el tama\u00f1o de los calcetines para lograr la doble funci\u00f3n de fijaci\u00f3n del producto y protecci\u00f3n contra golpes, adecuado para paquetes individuales y dobles, juegos de cajas de regalo y otras necesidades.<\/li>\n<\/ul>\n<h2 id=\"-4-customized-service-\"><strong>4. 4. Servicio personalizado<\/strong><\/h2>\n<ul>\n<li><strong>Flexibilidad de impresi\u00f3n<\/strong>: Admite impresi\u00f3n UV, serigraf\u00eda o estampaci\u00f3n en caliente de logotipos, esl\u00f3ganes de marca y dise\u00f1os, y puede igualar los colores planos Pantone para garantizar la coherencia visual.<\/li>\n<li><strong>Adaptaci\u00f3n del tama\u00f1o<\/strong>: Ajuste el tama\u00f1o de la caja seg\u00fan las especificaciones del producto del cliente (como la longitud y la altura del calcet\u00edn), con una cantidad m\u00ednima de pedido de 500 unidades para satisfacer las necesidades de personalizaci\u00f3n de lotes peque\u00f1os y medianos.<\/li>\n<\/ul>\n<h2 id=\"-5-quality-assurance-system-\"><strong>5. 5. Sistema de garant\u00eda de calidad<\/strong><\/h2>\n<ul>\n<li><strong>Norma de producci\u00f3n<\/strong>: Confiando en 16 a\u00f1os de experiencia profesional en impresi\u00f3n y envasado, utilizando m\u00e1quinas de troquelado totalmente autom\u00e1ticas y sistemas de control de calidad para garantizar que el error del cuerpo de la caja es \u22640,5 mm, y la tasa cualificada de los productos acabados alcanza el 99,8%.<\/li>\n<li><strong>Compromiso de servicio<\/strong>: Seguimiento completo desde la prueba del dise\u00f1o hasta la entrega del lote, devoluciones y cambios sin preocupaciones durante 30 d\u00edas y respuesta a las necesidades personalizadas en un plazo de 72 horas.<\/li>\n<\/ul>\n<h2 id=\"-6-application-scenarios-\"><strong>6. Escenarios de aplicaci\u00f3n<\/strong><\/h2>\n<ul>\n<li><strong>Venta al por menor de gama alta<\/strong>: Como envase expositor de una tienda de marca, realza el atractivo de la estanter\u00eda.<\/li>\n<li><strong>Mercado de regalos<\/strong>: Con cintas o precintos de cintura, mejore las cajas de regalo navide\u00f1as para aumentar el valor de los regalos.<\/li>\n<li><strong>Log\u00edstica de comercio electr\u00f3nico<\/strong>: Optimizar el dise\u00f1o de la estructura s\u00edsmica, reducir las p\u00e9rdidas de transporte y reducir los costes posventa.<\/li>\n<\/ul>","protected":false},"excerpt":{"rendered":"<p>Esta caja con tapa y base est\u00e1 dise\u00f1ada para prendas y accesorios de gama alta. Combina una est\u00e9tica sencilla con funciones pr\u00e1cticas para crear una soluci\u00f3n de embalaje con un sentido tanto de ceremonia como de calidad. El cuerpo de la caja adopta una estructura cl\u00e1sica de tapa y base, con un color principal negro y un logotipo de la marca. Utiliza un lenguaje de dise\u00f1o minimalista para transmitir un tono de marca discreto y lujoso, adecuado para art\u00edculos de lujo, ropa ligera de lujo y escenas de regalo.<\/p>","protected":false},"featured_media":1095,"template":"","meta":{"_kad_post_transparent":"default","_kad_post_title":"","_kad_post_layout":"default","_kad_post_sidebar_id":"","_kad_post_content_style":"default","_kad_post_vertical_padding":"default","_kad_post_feature":"","_kad_post_feature_position":"","_kad_post_header":false,"_kad_post_footer":false,"_kad_post_classname":""},"product_brand":[],"product_cat":[15,30,19,17],"product_tag":[421,419,420],"class_list":{"0":"post-1091","1":"product","2":"type-product","3":"status-publish","4":"has-post-thumbnail","6":"product_cat-red-light-therapy","7":"product_cat-dropshipping","8":"product_cat-red-light-therapy-stand","9":"product_cat-services","10":"product_tag-custom-clothing-sock-packaging","11":"product_tag-lid-and-base-box-for-clothing","12":"product_tag-lid-and-base-box-for-sock","14":"first","15":"instock","16":"shipping-taxable","17":"product-type-simple","18":"entry","19":"content-bg","20":"loop-entry"},"_links":{"self":[{"href":"https:\/\/red-lighttherapy.com\/es_es\/wp-json\/wp\/v2\/product\/1091","targetHints":{"allow":["GET"]}}],"collection":[{"href":"https:\/\/red-lighttherapy.com\/es_es\/wp-json\/wp\/v2\/product"}],"about":[{"href":"https:\/\/red-lighttherapy.com\/es_es\/wp-json\/wp\/v2\/types\/product"}],"wp:featuredmedia":[{"embeddable":true,"href":"https:\/\/red-lighttherapy.com\/es_es\/wp-json\/wp\/v2\/media\/1095"}],"wp:attachment":[{"href":"https:\/\/red-lighttherapy.com\/es_es\/wp-json\/wp\/v2\/media?parent=1091"}],"wp:term":[{"taxonomy":"product_brand","embeddable":true,"href":"https:\/\/red-lighttherapy.com\/es_es\/wp-json\/wp\/v2\/product_brand?post=1091"},{"taxonomy":"product_cat","embeddable":true,"href":"https:\/\/red-lighttherapy.com\/es_es\/wp-json\/wp\/v2\/product_cat?post=1091"},{"taxonomy":"product_tag","embeddable":true,"href":"https:\/\/red-lighttherapy.com\/es_es\/wp-json\/wp\/v2\/product_tag?post=1091"}],"curies":[{"name":"wp","href":"https:\/\/api.w.org\/{rel}","templated":true}]}}