{"id":1080,"date":"2025-04-16T07:33:52","date_gmt":"2025-04-16T07:33:52","guid":{"rendered":"https:\/\/red-lighttherapy.com\/?post_type=product&#038;p=1080"},"modified":"2025-04-16T07:57:50","modified_gmt":"2025-04-16T07:57:50","slug":"top-and-bottom-packaging-boxes-vendor-for-phone-accessories","status":"publish","type":"product","link":"https:\/\/red-lighttherapy.com\/es_es\/top-and-bottom-packaging-boxes-vendor-for-phone-accessories\/","title":{"rendered":"Vendedor de cajas de embalaje superior e inferior para accesorios de telefon\u00eda"},"content":{"rendered":"<h2 id=\"-mobile-phone-accessories-box-packaging-solution-\"><strong>Soluci\u00f3n de embalaje en caja para accesorios de telefon\u00eda m\u00f3vil<\/strong><\/h2>\n<h2 id=\"-i-core-material-environmentally-friendly-and-stable-\"><strong>1. Material del n\u00facleo: respetuoso con el medio ambiente y estable<\/strong><\/h2>\n<p><strong>Papel de cobre doble de m\u00e1s de 300 g<\/strong>\u00a0se utiliza como papel de superficie, y\u00a0<strong>cart\u00f3n blanco de alta densidad gris por una cara<\/strong>\u00a0se utiliza como base para crear una estructura de caja s\u00f3lida y estable. La superficie del papel de cobre es suave y delicada, con una alta reproducci\u00f3n del color, lo que garantiza patrones impresos claros y brillantes; el cart\u00f3n gris proporciona una excelente resistencia a la presi\u00f3n y durabilidad, fijando eficazmente los accesorios del tel\u00e9fono m\u00f3vil (como cargadores, cables de datos, auriculares, etc.) para evitar sacudidas y colisiones durante el transporte. Todos los materiales cumplen las normas de protecci\u00f3n del medio ambiente, apoyan el reciclaje y la reutilizaci\u00f3n, y responden a la tendencia del embalaje ecol\u00f3gico.<\/p>\n<h2 id=\"-ii-appearance-design-simple-and-atmospheric-the-brand-image-is-vivid-on-the-box-\"><strong>2. Dise\u00f1o de apariencia: simple y atmosf\u00e9rica, la imagen de marca es v\u00edvida en la caja.<\/strong><\/h2>\n<ol>\n<li>El cuerpo de la caja se basa en\u00a0<strong>blanco puro<\/strong>\u00a0y adopta\u00a0<strong>tecnolog\u00eda de impresi\u00f3n en cuatricrom\u00eda (CMYK)<\/strong>\u00a0para presentar con precisi\u00f3n el logotipo y la informaci\u00f3n gr\u00e1fica del cliente, garantizando la saturaci\u00f3n del color y la estratificaci\u00f3n de los detalles.<\/li>\n<li>Ayuda\u00a0<strong>degradado, tintas planas, estampaci\u00f3n en caliente<\/strong>\u00a0y otros procesos especiales, como realzar el brillo local mediante la impresi\u00f3n UV o utilizar la tecnolog\u00eda de gofrado para resaltar el sentido tridimensional del logotipo de la marca.<\/li>\n<li>La superficie de las cajas superior e inferior adopta\u00a0<strong>tecnolog\u00eda de laminaci\u00f3n de pel\u00edcula mate<\/strong>\u00a0para mejorar la resistencia al desgaste y el rendimiento antiincrustante, y no es f\u00e1cil dejar huellas ni ara\u00f1azos en el uso diario, al tiempo que realza la textura del cuerpo de la caja.<\/li>\n<\/ol>\n<h2 id=\"-three-structural-optimization-humanized-opening-and-closing-and-adaptability-\"><strong>3. optimizaci\u00f3n estructural: apertura y cierre humanizados y adaptabilidad<\/strong><\/h2>\n<ol>\n<li><strong>F\u00e1cil de abrir y cerrar<\/strong>: La tapa de la caja y el fondo de la caja adoptan tecnolog\u00eda de troquelado de precisi\u00f3n, y el dise\u00f1o de ralentizaci\u00f3n del aire garantiza que el fondo de la caja caiga suavemente al abrir la caja (consulte la estructura patentada de Apple).<\/li>\n<li><strong>Posici\u00f3n lateral de los dedos<\/strong>: El lateral est\u00e1 reservado con una ranura en forma de arco, que puede abrirse f\u00e1cilmente con una mano para mejorar la experiencia del usuario.<\/li>\n<li>Proporcione\u00a0<strong>cuadrado, hexagonal, tipo caj\u00f3n, tipo aspiraci\u00f3n magn\u00e9tica<\/strong>\u00a0y otros tipos de cajas para adaptarse a diferentes tama\u00f1os de accesorios y necesidades de exposici\u00f3n. Por ejemplo:<\/li>\n<li><strong>Cajonera<\/strong>: Adecuado para conjuntos combinados de varios accesorios, el dise\u00f1o de tiro lateral es f\u00e1cil de clasificar y almacenar.<\/li>\n<li><strong>Caja con hebilla magn\u00e9tica<\/strong>: La mejor opci\u00f3n para los modelos de gama alta, con un cierre estable y un fuerte sentido de la ceremonia.<\/li>\n<\/ol>\n<h2 id=\"-fourth-customized-service-flexibly-meet-personalized-needs-\"><strong>4. Servicio a medida: satisface con flexibilidad las necesidades personalizadas<\/strong><\/h2>\n<ol>\n<li>Admite el dise\u00f1o personalizado de toda la superficie de la caja, que puede integrarse con historias de marca, par\u00e1metros de producto o ilustraciones art\u00edsticas. Por ejemplo:<\/li>\n<li><strong>Ahuecamiento parcial<\/strong>: Con una ventana transparente para mostrar los detalles de los accesorios.<\/li>\n<li><strong>Elementos culturales<\/strong>: Combinado con la tecnolog\u00eda de estampaci\u00f3n en caliente para presentar motivos tradicionales y resaltar el tono del producto.<\/li>\n<li>Personaliza la estructura del forro seg\u00fan el tama\u00f1o de los accesorios (como auriculares inal\u00e1mbricos, fuentes de alimentaci\u00f3n m\u00f3viles) y el uso\u00a0<strong>Bandejas de bl\u00edster de EVA o cart\u00f3n alveolar<\/strong>\u00a0para fijar el producto, teniendo en cuenta tanto la protecci\u00f3n como la ligereza.<\/li>\n<\/ol>\n<h2 id=\"-v-production-capacity-and-quality-control-guarantee-\"><strong>5. Capacidad de producci\u00f3n y garant\u00eda de control de calidad<\/strong><\/h2>\n<ol>\n<li>Con\u00a0<strong>5.320 metros cuadrados de modernos talleres<\/strong>, equipada con troqueladoras totalmente autom\u00e1ticas, l\u00edneas de impresi\u00f3n UV y equipos de laminado respetuosos con el medio ambiente, soporta una capacidad de producci\u00f3n diaria de m\u00e1s de 100.000 piezas, y el ciclo de entrega se acorta a\u00a0<strong>15-20 d\u00edas laborables<\/strong>.<\/li>\n<li>Desde el almacenamiento de materias primas hasta la entrega de productos acabados, aplicamos\u00a0<strong>procesos de inspecci\u00f3n de calidad de seis niveles<\/strong>, incluida la detecci\u00f3n de diferencias de color (\u0394E\u22641,5), la prueba de ca\u00edda (1,5 metros de altura sin da\u00f1os), la prueba de resistencia a la humedad y a la intemperie, etc.<\/li>\n<\/ol>\n<h2 id=\"-vi-application-scenarios-and-case-studies-\"><strong>6. Escenarios de aplicaci\u00f3n y casos pr\u00e1cticos<\/strong><\/h2>\n<ul>\n<li><strong>Accesorios de gama alta<\/strong>como la caja de auriculares Bluetooth inal\u00e1mbricos adopta una caja de succi\u00f3n magn\u00e9tica + dise\u00f1o de Logo estampado en caliente para mejorar la experiencia de unboxing.<\/li>\n<li><strong>Juego respetuoso con el medio ambiente<\/strong>: utilizando cart\u00f3n gris degradable y tinta de impresi\u00f3n, en consonancia con el concepto de desarrollo sostenible.<\/li>\n<\/ul>\n<h2 id=\"-choose-us-you-will-get-\"><strong>El\u00edjanos, obtendr\u00e1:<\/strong><\/h2>\n<p>\u2705\u00a0<strong>Equipo de dise\u00f1o profesional<\/strong>: Servicio 1 a 1 desde la comunicaci\u00f3n de la demanda hasta la confirmaci\u00f3n de las pruebas. \u2705\u00a0<strong>Entrega eficaz<\/strong>: Los pedidos acelerados pueden ser enviados en tan r\u00e1pido como 7 d\u00edas, apoyando el seguimiento log\u00edstico global. \u2705\u00a0<strong>Optimizaci\u00f3n de costes<\/strong>: Aprovisionamiento a gran escala y producci\u00f3n ajustada, 15%-20% inferior al precio medio del mercado.<\/p>","protected":false},"excerpt":{"rendered":"<p>El color de la tapa y la base de la caja es blanco puro, y se utiliza el proceso de impresi\u00f3n en cuatricrom\u00eda para imprimir con precisi\u00f3n el logotipo del cliente en ella. Este dise\u00f1o crea un estilo general sencillo y elegante. Se seleccionan materiales de alta calidad, con papel estucado como papel frontal y cart\u00f3n gris blanco por una sola cara como base. El cuerpo de la caja es s\u00f3lido y estable, y el producto puede fijarse de forma fiable.<\/p>","protected":false},"featured_media":1089,"template":"","meta":{"_kad_post_transparent":"default","_kad_post_title":"","_kad_post_layout":"default","_kad_post_sidebar_id":"","_kad_post_content_style":"default","_kad_post_vertical_padding":"default","_kad_post_feature":"","_kad_post_feature_position":"","_kad_post_header":false,"_kad_post_footer":false,"_kad_post_classname":""},"product_brand":[],"product_cat":[15,19,17],"product_tag":[417,418,416],"class_list":{"0":"post-1080","1":"product","2":"type-product","3":"status-publish","4":"has-post-thumbnail","6":"product_cat-red-light-therapy","7":"product_cat-red-light-therapy-stand","8":"product_cat-services","9":"product_tag-phone-accessories-packaging-boxes","10":"product_tag-phone-packaging-boxes-vendor","11":"product_tag-top-and-bottom-packaging-boxes","13":"first","14":"instock","15":"shipping-taxable","16":"product-type-simple","17":"entry","18":"content-bg","19":"loop-entry"},"_links":{"self":[{"href":"https:\/\/red-lighttherapy.com\/es_es\/wp-json\/wp\/v2\/product\/1080","targetHints":{"allow":["GET"]}}],"collection":[{"href":"https:\/\/red-lighttherapy.com\/es_es\/wp-json\/wp\/v2\/product"}],"about":[{"href":"https:\/\/red-lighttherapy.com\/es_es\/wp-json\/wp\/v2\/types\/product"}],"wp:featuredmedia":[{"embeddable":true,"href":"https:\/\/red-lighttherapy.com\/es_es\/wp-json\/wp\/v2\/media\/1089"}],"wp:attachment":[{"href":"https:\/\/red-lighttherapy.com\/es_es\/wp-json\/wp\/v2\/media?parent=1080"}],"wp:term":[{"taxonomy":"product_brand","embeddable":true,"href":"https:\/\/red-lighttherapy.com\/es_es\/wp-json\/wp\/v2\/product_brand?post=1080"},{"taxonomy":"product_cat","embeddable":true,"href":"https:\/\/red-lighttherapy.com\/es_es\/wp-json\/wp\/v2\/product_cat?post=1080"},{"taxonomy":"product_tag","embeddable":true,"href":"https:\/\/red-lighttherapy.com\/es_es\/wp-json\/wp\/v2\/product_tag?post=1080"}],"curies":[{"name":"wp","href":"https:\/\/api.w.org\/{rel}","templated":true}]}}