{"id":1074,"date":"2025-04-16T07:17:06","date_gmt":"2025-04-16T07:17:06","guid":{"rendered":"https:\/\/red-lighttherapy.com\/?post_type=product&#038;p=1074"},"modified":"2025-04-16T07:33:44","modified_gmt":"2025-04-16T07:33:44","slug":"custom-black-slide-drawer-t-shirt-clothes-packaging-dealers","status":"publish","type":"product","link":"https:\/\/red-lighttherapy.com\/es_es\/custom-black-slide-drawer-t-shirt-clothes-packaging-dealers\/","title":{"rendered":"Caj\u00f3n deslizante negro personalizado Distribuidores de embalaje de ropa de camiseta"},"content":{"rendered":"<h2 id=\"-customized-black-drawer-style-t-shirt-clothing-packaging-solution-\"><strong>Soluci\u00f3n de envasado de prendas de vestir de estilo caj\u00f3n negro a medida<\/strong><\/h2>\n<h2 id=\"1-advanced-materials-and-craftsmanship-\">1.\u00a0<strong>Materiales y artesan\u00eda avanzados<\/strong><\/h2>\n<ul>\n<li><strong>Combinaci\u00f3n de papel especial y cart\u00f3n gris<\/strong>: El embalaje exterior utiliza papel especial texturizado 120G, que tiene una superficie delicada y estratificada, y se combina con un forro de cart\u00f3n gris de alta densidad 1200G para garantizar que la caja sea r\u00edgida y resistente a la presi\u00f3n, teniendo en cuenta tanto la textura del aspecto como las prestaciones de protecci\u00f3n.<\/li>\n<li><strong>Bendici\u00f3n de la tecnolog\u00eda de estampaci\u00f3n del bronce<\/strong>: La superficie utiliza tecnolog\u00eda de estampaci\u00f3n tridimensional en oro, y el logotipo o motivo de la marca salta sobre el papel con un brillo met\u00e1lico, presentando un lujoso aspecto \"dorado\", que realza el reconocimiento y la tonalidad de la marca.<\/li>\n<\/ul>\n<h2 id=\"2-drawer-style-structure-design-\">2.\u00a0<strong>Dise\u00f1o de estructura tipo caj\u00f3n<\/strong><\/h2>\n<ul>\n<li><strong>Ceremonia y comodidad coexisten<\/strong>: La forma de la caja del caj\u00f3n se inspira en el dise\u00f1o cl\u00e1sico de almacenamiento, y la extracci\u00f3n es suave y lisa. El proceso de apertura y cierre proporciona a los usuarios una \"sensaci\u00f3n de ceremonia de desembalaje\", al tiempo que facilita el almacenamiento y la recuperaci\u00f3n repetida de camisetas. La estructura de la caja se ha calculado con precisi\u00f3n para garantizar que el caj\u00f3n y la caja exterior est\u00e9n firmemente unidos para evitar holguras.<\/li>\n<li><strong>Ajuste ergon\u00f3mico<\/strong>: Personalice la proporci\u00f3n de la caja seg\u00fan el tama\u00f1o de plegado de la camiseta, y recomiende la estructura de caj\u00f3n de una o varias capas (como cajas de regalo de varias piezas), adecuada para regalos de empresa, ventas de edici\u00f3n limitada y otros escenarios.<\/li>\n<\/ul>\n<h2 id=\"3-environmental-certification-and-sustainable-concept-\">3.\u00a0<strong>Certificaci\u00f3n medioambiental y concepto sostenible<\/strong><\/h2>\n<ul>\n<li><strong>Certificaci\u00f3n forestal FSC<\/strong>: Todos los materiales de embalaje cuentan con la certificaci\u00f3n FSC para garantizar que la fuente de papel cumple las normas de gesti\u00f3n forestal sostenible y satisfacer las necesidades de las marcas de gama alta en materia de protecci\u00f3n del medio ambiente y responsabilidad social.<\/li>\n<li><strong>Dise\u00f1o reciclable<\/strong>: Adopta pegamento ecol\u00f3gico y l\u00e1mina de estampaci\u00f3n en caliente degradable, teniendo en cuenta tanto la belleza como la protecci\u00f3n del medio ambiente, ayudando a la marca a transmitir valores ecol\u00f3gicos.<\/li>\n<\/ul>\n<h2 id=\"4-service-system-and-advantages-\">4.\u00a0<strong>Sistema de servicios y ventajas<\/strong><\/h2>\n<ul>\n<li><strong>Soluci\u00f3n profesional personalizada<\/strong>: Desde el tama\u00f1o de la camiseta, el tono de la marca hasta los escenarios de uso (como cajas de regalo para vacaciones o ventas conjuntas), ofrecemos sugerencias personalizadas sobre el tipo de caja, el proceso y el dise\u00f1o visual para mejorar la adaptabilidad de los productos y los envases.<\/li>\n<li><strong>Garant\u00eda de entrega rel\u00e1mpago<\/strong>: Confiando en l\u00edneas de producci\u00f3n inteligentes (como el corte por l\u00e1ser y la tecnolog\u00eda de moldeo por compresi\u00f3n), admiten pedidos de lotes peque\u00f1os a grandes, y entregan tan r\u00e1pido como 72 horas, y la inspecci\u00f3n de calidad completa para garantizar que el producto terminado es impecable.<\/li>\n<li><strong>Alta rentabilidad<\/strong>: Reducci\u00f3n de costes mediante la optimizaci\u00f3n de la combinaci\u00f3n de procesos (como la estampaci\u00f3n en caliente parcial + papel especial liso), manteniendo al mismo tiempo una textura de gama alta, adecuada para las diversas necesidades de marcas de nueva creaci\u00f3n hasta art\u00edculos de lujo.<\/li>\n<\/ul>\n<h2 id=\"5-application-scenarios-and-cases-\">5.\u00a0<strong>Escenarios y casos de aplicaci\u00f3n<\/strong><\/h2>\n<ul>\n<li><strong>Modelos de articulaciones de lujo<\/strong>: La caja caj\u00f3n negra de estampaci\u00f3n en caliente con papel de textura mate resalta la escasez y el valor de colecci\u00f3n de las camisetas de edici\u00f3n limitada (caso de referencia: l\u00f3gica de dise\u00f1o del embalaje de la caja r\u00edgida de LV).<\/li>\n<li><strong>Set de regalo navide\u00f1o<\/strong>: La estructura multicapa del caj\u00f3n permite guardar camisetas y accesorios, y la impresi\u00f3n oculta de la parte trasera se puede personalizar con motivos navide\u00f1os para aumentar la sorpresa al abrir la caja.<\/li>\n<li><strong>Evento flash de la marca<\/strong>: Combine la estampaci\u00f3n en caliente luminosa o la tecnolog\u00eda de cambio de color sensible a la temperatura (como el dise\u00f1o de estadio luminoso de SOULGOODS) para crear envases interactivos que atraigan a los j\u00f3venes consumidores a hacer fotos y difundirlas.<\/li>\n<\/ul>","protected":false},"excerpt":{"rendered":"<p>Caj\u00f3n de papel, f\u00e1cil de sacar y m\u00e1s conveniente, hecho de papel especial texturizado de alta calidad, la misteriosa serie de sensaci\u00f3n de gama alta, el material utilizado es 120G papel especial texturizado y 1200G cart\u00f3n r\u00edgido, fuerte y duradero<\/p>","protected":false},"featured_media":1078,"template":"","meta":{"_kad_post_transparent":"default","_kad_post_title":"","_kad_post_layout":"default","_kad_post_sidebar_id":"","_kad_post_content_style":"default","_kad_post_vertical_padding":"default","_kad_post_feature":"","_kad_post_feature_position":"","_kad_post_header":false,"_kad_post_footer":false,"_kad_post_classname":""},"product_brand":[],"product_cat":[15,30,20,17],"product_tag":[414,415,413],"class_list":{"0":"post-1074","1":"product","2":"type-product","3":"status-publish","4":"has-post-thumbnail","6":"product_cat-red-light-therapy","7":"product_cat-dropshipping","8":"product_cat-led-face-light-therapy","9":"product_cat-services","10":"product_tag-clothes-packaging-dealers","11":"product_tag-custom-black-clothes-box","12":"product_tag-drawer-t-shirt-packaging","14":"first","15":"instock","16":"shipping-taxable","17":"product-type-simple","18":"entry","19":"content-bg","20":"loop-entry"},"_links":{"self":[{"href":"https:\/\/red-lighttherapy.com\/es_es\/wp-json\/wp\/v2\/product\/1074","targetHints":{"allow":["GET"]}}],"collection":[{"href":"https:\/\/red-lighttherapy.com\/es_es\/wp-json\/wp\/v2\/product"}],"about":[{"href":"https:\/\/red-lighttherapy.com\/es_es\/wp-json\/wp\/v2\/types\/product"}],"wp:featuredmedia":[{"embeddable":true,"href":"https:\/\/red-lighttherapy.com\/es_es\/wp-json\/wp\/v2\/media\/1078"}],"wp:attachment":[{"href":"https:\/\/red-lighttherapy.com\/es_es\/wp-json\/wp\/v2\/media?parent=1074"}],"wp:term":[{"taxonomy":"product_brand","embeddable":true,"href":"https:\/\/red-lighttherapy.com\/es_es\/wp-json\/wp\/v2\/product_brand?post=1074"},{"taxonomy":"product_cat","embeddable":true,"href":"https:\/\/red-lighttherapy.com\/es_es\/wp-json\/wp\/v2\/product_cat?post=1074"},{"taxonomy":"product_tag","embeddable":true,"href":"https:\/\/red-lighttherapy.com\/es_es\/wp-json\/wp\/v2\/product_tag?post=1074"}],"curies":[{"name":"wp","href":"https:\/\/api.w.org\/{rel}","templated":true}]}}