{"id":1061,"date":"2025-04-16T06:22:13","date_gmt":"2025-04-16T06:22:13","guid":{"rendered":"https:\/\/red-lighttherapy.com\/?post_type=product&#038;p=1061"},"modified":"2025-04-16T06:54:40","modified_gmt":"2025-04-16T06:54:40","slug":"trading-logo-custom-printed-shopping-paper-bags-for-clothing","status":"publish","type":"product","link":"https:\/\/red-lighttherapy.com\/es_es\/trading-logo-custom-printed-shopping-paper-bags-for-clothing\/","title":{"rendered":"Logotipo comercial Bolsas de papel impresas personalizadas para ropa"},"content":{"rendered":"<h2 id=\"-trading-logo-custom-printed-shopping-paper-bags-for-clothing-product-description-\"><strong>Bolsos de papel impresos modificados para requisitos particulares de la insignia del comercio para la ropa Descripci\u00f3n de producto<\/strong><\/h2>\n<h2 id=\"-1-aesthetic-design-axially-symmetrical-geometric-shapes-and-mexican-totem-elements-\"><strong>1. Dise\u00f1o est\u00e9tico: Formas geom\u00e9tricas axialmente sim\u00e9tricas y elementos t\u00f3tem mexicanos.<\/strong><\/h2>\n<ul>\n<li><strong>Est\u00e9tica sim\u00e9trica<\/strong>: La bolsa de papel adopta un dise\u00f1o geom\u00e9trico sim\u00e9trico, que transmite textura de alta gama y sensaci\u00f3n de orden a trav\u00e9s del lenguaje visual del equilibrio de espejos a izquierda y derecha, lo que se ajusta al concepto central de \"la simetr\u00eda aporta confort visual y asociaci\u00f3n de calidad\" en el dise\u00f1o moderno de envases.<\/li>\n<li><strong>Fusi\u00f3n cultural<\/strong>: El visual principal de la superficie incorpora elementos t\u00f3tem mexicanos tradicionales, como patrones geom\u00e9tricos de la civilizaci\u00f3n maya o s\u00edmbolos de estilo azteca, con ricos colores \u00e9tnicos (como el rojo alfarero y el a\u00f1il), lo que no s\u00f3lo pone de relieve la inclusividad cultural de la marca, sino que tambi\u00e9n confiere a la bolsa de papel un reconocimiento art\u00edstico \u00fanico.<\/li>\n<\/ul>\n<h2 id=\"-2-structural-optimization-bottom-load-bearing-reinforcement-and-flattening-adaptation-\"><strong>2. Optimizaci\u00f3n estructural: refuerzo de la carga inferior y adaptaci\u00f3n del aplanamiento<\/strong><\/h2>\n<ul>\n<li><strong>Proceso de refuerzo del fondo<\/strong>: Se adopta el dise\u00f1o de estructura de caja inferior de cierre autom\u00e1tico, y se mejora el soporte inferior mediante un troquelado preciso y un proceso de pegado de cart\u00f3n de doble capa. Puede soportar las necesidades de transporte de productos planos como trajes de ba\u00f1o y toallas de playa, y evitar la deformaci\u00f3n debida al apilamiento o la extrusi\u00f3n.<\/li>\n<li><strong>Mejora de la adaptabilidad<\/strong>: La proporci\u00f3n del cuerpo de la bolsa se ha calculado mec\u00e1nicamente, y el espacio interior puede adaptarse con flexibilidad al plegado y almacenamiento de prendas finas y ligeras. Al mismo tiempo, se reserva el tope del borde para reducir la p\u00e9rdida por fricci\u00f3n.<\/li>\n<\/ul>\n<h2 id=\"-3-material-selection-environmentally-friendly-high-weight-white-cardboard-and-thickened-ribbon-\"><strong>3. Selecci\u00f3n de materiales: cart\u00f3n blanco de alto gramaje respetuoso con el medio ambiente y cinta gruesa<\/strong><\/h2>\n<ul>\n<li><strong>Certificaci\u00f3n medioambiental<\/strong>: Se selecciona cart\u00f3n blanco de alto gramaje de 280 g\/m\u00b2, y el material cuenta con la certificaci\u00f3n forestal FSC para garantizar que las materias primas proceden de bosques gestionados de forma sostenible, teniendo en cuenta tanto la rigidez como las propiedades de protecci\u00f3n del medio ambiente.<\/li>\n<li><strong>Asa de carga<\/strong>: Las asas dobles est\u00e1n hechas de cinta engrosada (anchura \u2265 20 mm), con un n\u00facleo de fibra de tracci\u00f3n incrustado en el interior, y la carga de un solo lado puede alcanzar los 8 kg, lo que garantiza la comodidad y la durabilidad de la mano.<\/li>\n<\/ul>\n<h2 id=\"-4-customization-flexibility-and-process-combination-\"><strong>4. Flexibilidad de personalizaci\u00f3n y combinaci\u00f3n de procesos<\/strong><\/h2>\n<ul>\n<li><strong>Proceso modular<\/strong>: Admite la combinaci\u00f3n modular de procesos como la estampaci\u00f3n en caliente, el gofrado y el barnizado local UV. Por ejemplo, las l\u00edneas del t\u00f3tem utilizan la estampaci\u00f3n en caliente para realzar el efecto tridimensional, y el logotipo de la marca puede superponerse con un dise\u00f1o de sellado magn\u00e9tico para potenciar la sensaci\u00f3n de apertura y cierre.<\/li>\n<li><strong>Pocos pedidos<\/strong>: La cantidad m\u00ednima de pedido es de 500 unidades, lo que permite una gran personalizaci\u00f3n del tama\u00f1o, el color y el patr\u00f3n, sin costes adicionales de molde, para satisfacer las necesidades de pedidos de prueba ligeros de marcas peque\u00f1as y medianas.<\/li>\n<\/ul>\n<h2 id=\"-5-production-guarantee-and-production-capacity-advantage-\"><strong>5. Garant\u00eda de producci\u00f3n y ventaja de capacidad de producci\u00f3n<\/strong><\/h2>\n<ul>\n<li><strong>Certificaci\u00f3n de cualificaci\u00f3n<\/strong>: Confiando en la f\u00e1brica certificada ISO 9001\/FSC con 16 a\u00f1os de cualificaciones, todo el proceso cumple con el sistema internacional de protecci\u00f3n medioambiental y gesti\u00f3n de calidad para garantizar que el producto pasa la prueba de seguridad SGS.<\/li>\n<li><strong>Entrega eficaz<\/strong>: La f\u00e1brica tiene una capacidad de producci\u00f3n diaria de 1 mill\u00f3n de piezas, admite pruebas en 72 horas y entrega de lotes en 15 d\u00edas, y est\u00e1 equipada con un sistema de almacenamiento inteligente para garantizar la tasa de cumplimiento de los pedidos durante la temporada alta.<\/li>\n<\/ul>\n<p id=\"-application-scenarios-suitable-for-clothing-stores-e-commerce-gift-packaging-brand-flash-events-and-other-scenarios-with-both-functionality-and-brand-communication-value-through-the-dual-innovation-of-vision-and-structure-it-helps-customers-establish-a-differentiated-image-in-the-competitive-market-\"><strong>Escenarios de aplicaci\u00f3n<\/strong>: Adecuado para tiendas de ropa, envases de regalo de comercio electr\u00f3nico, eventos flash de marca y otros escenarios, con valor tanto de funcionalidad como de comunicaci\u00f3n de marca. Mediante la doble innovaci\u00f3n de visi\u00f3n y estructura, ayuda a los clientes a establecer una imagen diferenciada en el mercado competitivo.<\/p>","protected":false},"excerpt":{"rendered":"<p>Esta bolsa de papel para regalo tiene una forma geom\u00e9trica sim\u00e9trica en el eje central, que aporta una sensaci\u00f3n de equilibrio visual. El fuerte fondo de carga evita que el producto se deforme durante el transporte. Puede utilizarse para productos planos, como ba\u00f1adores y toallas de playa.<\/p>","protected":false},"featured_media":1062,"template":"","meta":{"_kad_post_transparent":"default","_kad_post_title":"","_kad_post_layout":"default","_kad_post_sidebar_id":"","_kad_post_content_style":"default","_kad_post_vertical_padding":"default","_kad_post_feature":"","_kad_post_feature_position":"","_kad_post_header":false,"_kad_post_footer":false,"_kad_post_classname":""},"product_brand":[],"product_cat":[15,30,17],"product_tag":[407,409,408],"class_list":{"0":"post-1061","1":"product","2":"type-product","3":"status-publish","4":"has-post-thumbnail","6":"product_cat-red-light-therapy","7":"product_cat-dropshipping","8":"product_cat-services","9":"product_tag-custom-paper-bags-for-clothing","10":"product_tag-logo-custom-clothing-paper-bags","11":"product_tag-shopping-paper-bags","13":"first","14":"instock","15":"shipping-taxable","16":"product-type-simple","17":"entry","18":"content-bg","19":"loop-entry"},"_links":{"self":[{"href":"https:\/\/red-lighttherapy.com\/es_es\/wp-json\/wp\/v2\/product\/1061","targetHints":{"allow":["GET"]}}],"collection":[{"href":"https:\/\/red-lighttherapy.com\/es_es\/wp-json\/wp\/v2\/product"}],"about":[{"href":"https:\/\/red-lighttherapy.com\/es_es\/wp-json\/wp\/v2\/types\/product"}],"wp:featuredmedia":[{"embeddable":true,"href":"https:\/\/red-lighttherapy.com\/es_es\/wp-json\/wp\/v2\/media\/1062"}],"wp:attachment":[{"href":"https:\/\/red-lighttherapy.com\/es_es\/wp-json\/wp\/v2\/media?parent=1061"}],"wp:term":[{"taxonomy":"product_brand","embeddable":true,"href":"https:\/\/red-lighttherapy.com\/es_es\/wp-json\/wp\/v2\/product_brand?post=1061"},{"taxonomy":"product_cat","embeddable":true,"href":"https:\/\/red-lighttherapy.com\/es_es\/wp-json\/wp\/v2\/product_cat?post=1061"},{"taxonomy":"product_tag","embeddable":true,"href":"https:\/\/red-lighttherapy.com\/es_es\/wp-json\/wp\/v2\/product_tag?post=1061"}],"curies":[{"name":"wp","href":"https:\/\/api.w.org\/{rel}","templated":true}]}}