{"id":1047,"date":"2025-04-16T05:49:00","date_gmt":"2025-04-16T05:49:00","guid":{"rendered":"https:\/\/red-lighttherapy.com\/?post_type=product&#038;p=1047"},"modified":"2025-04-16T06:20:53","modified_gmt":"2025-04-16T06:20:53","slug":"holographic-paper-lid-and-base-software-accessories-boxes","status":"publish","type":"product","link":"https:\/\/red-lighttherapy.com\/es_es\/holographic-paper-lid-and-base-software-accessories-boxes\/","title":{"rendered":"Elegante caja de regalo con tapa y base Soluci\u00f3n de embalaje para relojes inteligentes"},"content":{"rendered":"<h2 id=\"-holographic-paper-lid-and-base-software-accessories-boxes-\"><strong>Tapa y base de papel hologr\u00e1fico Accesorios de software Cajas<\/strong><\/h2>\n<h2 id=\"-1-standard-lid-and-lid-structure-precise-opening-and-closing-experience-\"><strong>1. Tapa est\u00e1ndar y estructura de la tapa, experiencia precisa de apertura y cierre.<\/strong><\/h2>\n<ul>\n<li>El cuerpo de la caja y la tapa est\u00e1n formados por moldes de alta precisi\u00f3n para lograr una coincidencia de tolerancia milim\u00e9trica, lo que garantiza una apertura y cierre suaves.<\/li>\n<li>El forro puede personalizarse con una capa amortiguadora de EVA o franela, adecuada para accesorios de diferentes tama\u00f1os, que proporciona una protecci\u00f3n integral.<\/li>\n<\/ul>\n<h2 id=\"-2-right-angle-folding-process-three-dimensional-load-bearing-design-\"><strong>2. Proceso de plegado en \u00e1ngulo recto, dise\u00f1o de carga tridimensional.<\/strong><\/h2>\n<ul>\n<li>El proceso de plegado en \u00e1ngulo recto de 90\u00b0 refuerza la estructura de la caja para garantizar que su forma sea recta y no se deforme, con una capacidad de carga de m\u00e1s de 3 kg, adecuada para productos pesados como joyas y componentes electr\u00f3nicos de precisi\u00f3n.<\/li>\n<li>El proceso de laminado interior y exterior a doble cara mejora la resistencia al desgaste y a la presi\u00f3n del papel y prolonga la vida \u00fatil del envase.<\/li>\n<\/ul>\n<h2 id=\"-3-183g-holographic-iridescent-paper-dynamic-visual-hierarchy-\"><strong>3. Papel hologr\u00e1fico iridiscente de 183 g, jerarqu\u00eda visual din\u00e1mica<\/strong><\/h2>\n<ul>\n<li>El papel hologr\u00e1fico especial utiliza tecnolog\u00eda de capas l\u00e1ser de nanonivel para lograr un efecto de gradiente iridiscente multi\u00e1ngulo, que presenta un brillo met\u00e1lico fluido bajo la refracci\u00f3n de la luz, y puede transmitir una sensaci\u00f3n de lujo sin decoraci\u00f3n adicional.<\/li>\n<li>La superficie del papel tiene un tacto delicado, con textura mate y propiedades altamente reflectantes, adecuado para procesos personalizados como la estampaci\u00f3n en caliente del LOGO de la marca y el gofrado UV.<\/li>\n<\/ul>\n<h2 id=\"-4-minimalist-design-focusing-on-material-aesthetics-\"><strong>4. Dise\u00f1o minimalista, centrado en la est\u00e9tica de los materiales<\/strong><\/h2>\n<ul>\n<li>Abandonando adornos superfluos como hebillas y cintas met\u00e1licas, el efecto de luz iridiscente y la estructura en forma de caja del propio papel transmiten una sensaci\u00f3n de lujo, que satisface las necesidades est\u00e9ticas de sencillez y alta gama de los consumidores modernos.<\/li>\n<li>Los colores tem\u00e1ticos hologr\u00e1ficos, como el negro mate, el plateado fantas\u00eda y el azul estrellado, son opcionales para adaptarse a la tonalidad de las distintas marcas.<\/li>\n<\/ul>\n<h2 id=\"-5-strengthen-the-sense-of-unboxing-ceremony-and-adapt-to-high-value-scenarios-\"><strong>5. Reforzar el sentido de la ceremonia de unboxing y adaptarse a los escenarios de alto valor<\/strong><\/h2>\n<ul>\n<li>Dise\u00f1ado espec\u00edficamente para art\u00edculos de lujo y productos tecnol\u00f3gicos (como dispositivos inteligentes para llevar puestos, dongles de software, auriculares de gama alta, etc.), mejora la primera impresi\u00f3n que tienen los usuarios de la calidad del producto gracias a los efectos din\u00e1micos de iridiscencia y a la experiencia precisa de apertura y cierre.<\/li>\n<li>Adecuado para productos de edici\u00f3n limitada, cajas de regalo para socios y otros escenarios que necesiten reforzar los puntos de recuerdo de la marca.<\/li>\n<\/ul>\n<h2 id=\"-6-technical-parameters-\"><strong>6. 6. Par\u00e1metros t\u00e9cnicos<\/strong><\/h2>\n<ul>\n<li><strong>Material<\/strong>: Papel iridiscente hologr\u00e1fico de 183 g + forro de cart\u00f3n gris de 1,5 mm<\/li>\n<li><strong>Proceso<\/strong>plegado en \u00e1ngulo recto, plastificado, estampado en caliente\/impresi\u00f3n UV (opcional)<\/li>\n<li><strong>Estructura<\/strong>: tapa superior e inferior est\u00e1ndar (tapa abatible personalizable, cierre magn\u00e9tico y otras variantes)<\/li>\n<li><strong>Soporte de carga<\/strong>: soporte de carga est\u00e1tica \u22653kg, antica\u00edda din\u00e1mica mediante ensayo ISTA 1A<\/li>\n<li><strong>Protecci\u00f3n del medio ambiente<\/strong>: Material de papel reciclable 100%, conforme a la certificaci\u00f3n FSC<\/li>\n<\/ul>\n<h2 id=\"-7-applicable-scenarios-\"><strong>7. Escenarios aplicables<\/strong><\/h2>\n<ul>\n<li><strong>\u00c1mbito tecnol\u00f3gico<\/strong>software dongle, unidad flash USB, correa para reloj inteligente, accesorios para auriculares, etc.<\/li>\n<li><strong>Productos de lujo<\/strong>joyas, relojes, cajas de regalo de edici\u00f3n limitada<\/li>\n<li><strong>Electr\u00f3nica de consumo<\/strong>: accesorios para tel\u00e9fonos m\u00f3viles, componentes para dispositivos de RV, perif\u00e9ricos para juegos<\/li>\n<li><strong>Personalizaci\u00f3n de la marca<\/strong>Embalaje exclusivo para socios, cajas de regalo conmemorativas del acontecimiento<\/li>\n<\/ul>\n<h2 id=\"-8-customized-service-\"><strong>8. 8. Servicio personalizado<\/strong><\/h2>\n<ul>\n<li>Admite la personalizaci\u00f3n flexible del tama\u00f1o, el grosor, el material de revestimiento y el tratamiento de la superficie (estampaci\u00f3n en caliente\/estampaci\u00f3n\/UV parcial).<\/li>\n<li>Ofrece pedidos de lotes peque\u00f1os (MOQ 500 piezas) y un plazo de entrega de 7-14 d\u00edas.<\/li>\n<\/ul>","protected":false},"excerpt":{"rendered":"<p>Este producto est\u00e1 dise\u00f1ado para accesorios de software de gama alta, productos electr\u00f3nicos y art\u00edculos de lujo. Utiliza un innovador papel iridiscente hologr\u00e1fico de 183 g, combinado con una estructura est\u00e1ndar de tapa superior e inferior y tecnolog\u00eda de plegado en \u00e1ngulo recto para crear una soluci\u00f3n de embalaje con valor tanto funcional como est\u00e9tico. El cuerpo de la caja y la tapa encajan con precisi\u00f3n, y la apertura y el cierre son suaves y sin atascos. El dise\u00f1o minimalista transmite una textura de gama alta, se adapta a las necesidades de envasado de productos de alto valor a\u00f1adido y crea una experiencia envolvente de desembalaje para los usuarios.<\/p>","protected":false},"featured_media":1052,"template":"","meta":{"_kad_post_transparent":"default","_kad_post_title":"","_kad_post_layout":"default","_kad_post_sidebar_id":"","_kad_post_content_style":"default","_kad_post_vertical_padding":"default","_kad_post_feature":"","_kad_post_feature_position":"","_kad_post_header":false,"_kad_post_footer":false,"_kad_post_classname":""},"product_brand":[],"product_cat":[15,19,17],"product_tag":[406,404,405],"class_list":{"0":"post-1047","1":"product","2":"type-product","3":"status-publish","4":"has-post-thumbnail","6":"product_cat-red-light-therapy","7":"product_cat-red-light-therapy-stand","8":"product_cat-services","9":"product_tag-elegant-smart-watch-packaging-box","10":"product_tag-lid-and-base-smart-watch-box","11":"product_tag-smart-watch-packaging-solution","13":"first","14":"instock","15":"shipping-taxable","16":"product-type-simple","17":"entry","18":"content-bg","19":"loop-entry"},"_links":{"self":[{"href":"https:\/\/red-lighttherapy.com\/es_es\/wp-json\/wp\/v2\/product\/1047","targetHints":{"allow":["GET"]}}],"collection":[{"href":"https:\/\/red-lighttherapy.com\/es_es\/wp-json\/wp\/v2\/product"}],"about":[{"href":"https:\/\/red-lighttherapy.com\/es_es\/wp-json\/wp\/v2\/types\/product"}],"wp:featuredmedia":[{"embeddable":true,"href":"https:\/\/red-lighttherapy.com\/es_es\/wp-json\/wp\/v2\/media\/1052"}],"wp:attachment":[{"href":"https:\/\/red-lighttherapy.com\/es_es\/wp-json\/wp\/v2\/media?parent=1047"}],"wp:term":[{"taxonomy":"product_brand","embeddable":true,"href":"https:\/\/red-lighttherapy.com\/es_es\/wp-json\/wp\/v2\/product_brand?post=1047"},{"taxonomy":"product_cat","embeddable":true,"href":"https:\/\/red-lighttherapy.com\/es_es\/wp-json\/wp\/v2\/product_cat?post=1047"},{"taxonomy":"product_tag","embeddable":true,"href":"https:\/\/red-lighttherapy.com\/es_es\/wp-json\/wp\/v2\/product_tag?post=1047"}],"curies":[{"name":"wp","href":"https:\/\/api.w.org\/{rel}","templated":true}]}}