{"id":1028,"date":"2025-04-16T04:58:19","date_gmt":"2025-04-16T04:58:19","guid":{"rendered":"https:\/\/red-lighttherapy.com\/?post_type=product&#038;p=1028"},"modified":"2025-04-16T05:42:55","modified_gmt":"2025-04-16T05:42:55","slug":"holographic-laser-paper-rainbow-a5-deep-gift-box-with-ribbon","status":"publish","type":"product","link":"https:\/\/red-lighttherapy.com\/es_es\/holographic-laser-paper-rainbow-a5-deep-gift-box-with-ribbon\/","title":{"rendered":"Papel L\u00e1ser Hologr\u00e1fico Arco Iris A5 Caja de Regalo Profunda con Cinta"},"content":{"rendered":"<h2 id=\"-holographic-laser-paper-rainbow-a5-deep-gift-box-with-ribbon-product-description-\"><strong>Papel L\u00e1ser Hologr\u00e1fico Arco Iris A5 Caja de Regalo Profunda con Cinta Descripci\u00f3n del Producto<\/strong><\/h2>\n<h2 id=\"-1-industrial-aesthetic-design-highlighting-high-end-texture-\"><strong>1. Dise\u00f1o est\u00e9tico industrial, destacando la textura de alta gama<\/strong><\/h2>\n<ul>\n<li><strong>L\u00edneas limpias y est\u00e9tica angulosa<\/strong>: Una vez desplegada, la caja de regalo adopta un dise\u00f1o de corte geom\u00e9trico minimalista. Las l\u00edneas del cuerpo de la caja son n\u00edtidas y suaves, con bordes y esquinas n\u00edtidos. Combina la est\u00e9tica industrial moderna y el sentido art\u00edstico. Es adecuada para las necesidades de embalaje de art\u00edculos de gran valor, como art\u00edculos de lujo, joyas y relojes.<\/li>\n<li><strong>Estructura de caja profunda tridimensional<\/strong>: El dise\u00f1o de la caja profunda A5 optimiza el uso del espacio mediante proporciones de plegado precisas, aumenta la sensaci\u00f3n visual de profundidad y es adecuado para escenas que requieren la exposici\u00f3n en capas de joyas, cosm\u00e9ticos, etc.<\/li>\n<\/ul>\n<h2 id=\"-2-modular-folding-process-taking-into-account-both-function-and-efficiency-\"><strong>2. Proceso de plegado modular, teniendo en cuenta tanto la funci\u00f3n como la eficiencia.<\/strong><\/h2>\n<ul>\n<li><strong>Dise\u00f1o de transporte compacto<\/strong>: Tras el plegado, el volumen se comprime hasta 1\/4 del estado desplegado, y el empalme sin cola se consigue mediante la tecnolog\u00eda de hendido prensado previo, lo que reduce los costes de almacenamiento y log\u00edstica en 30%.<\/li>\n<li><strong>Durabilidad y estabilidad<\/strong>: Se adopta el proceso de hendido modular patentado. El cuerpo de la caja sigue manteniendo un \u00edndice de deformaci\u00f3n de 95% tras 500 pruebas de apertura y cierre, lo que resulta adecuado para las necesidades de usos m\u00faltiples de los regalos de gama alta (como la exposici\u00f3n de colecciones y el embalaje para reutilizaci\u00f3n en festivales).<\/li>\n<\/ul>\n<h2 id=\"-3-environmentally-friendly-materials-and-process-certification-\"><strong>3. Certificaci\u00f3n de materiales y procesos respetuosos con el medio ambiente<\/strong><\/h2>\n<ul>\n<li><strong>Base de papel especial de alto gramaje<\/strong>: Se selecciona cart\u00f3n ecol\u00f3gico certificado FSC de 400 g\/m\u00b2, y la densidad de la base de papel alcanza los 0,85 g\/cm\u00b3, que tiene rigidez y plasticidad, y admite procesos secundarios como la estampaci\u00f3n en caliente y el gofrado.<\/li>\n<li><strong>Producci\u00f3n sostenible<\/strong>: Todo el proceso adopta la tecnolog\u00eda de impresi\u00f3n con tinta al agua y laminaci\u00f3n sin disolventes, que cumple las normas de protecci\u00f3n medioambiental REACH de la UE, supera la certificaci\u00f3n de huella de carbono y satisface los requisitos de acceso al mercado en Europa y Estados Unidos.<\/li>\n<\/ul>\n<h2 id=\"-4-holographic-iridescent-dynamic-effect-\"><strong>4. Efecto din\u00e1mico iridiscente hologr\u00e1fico<\/strong><\/h2>\n<ul>\n<li><strong>Capa \u00f3ptica nanom\u00e9trica<\/strong>: La superficie se compone de una pel\u00edcula hologr\u00e1fica l\u00e1ser, que realiza cambios iridiscentes din\u00e1micos de 360\u00b0 mediante la tecnolog\u00eda de rejilla de difracci\u00f3n, presentando un efecto de luz arco iris fluida bajo luz intensa (rango de longitud de onda 380-780 nm), mejorando el reconocimiento visual del producto.<\/li>\n<li><strong>Lucha contra la falsificaci\u00f3n y potenciaci\u00f3n de las marcas<\/strong>: Los patrones hologr\u00e1ficos admiten tecnolog\u00edas de cifrado personalizadas, como microtexto y columnas luminosas din\u00e1micas, que combinan las funciones de lucha contra la falsificaci\u00f3n con la mejora de la imagen de marca.<\/li>\n<\/ul>\n<h2 id=\"-5-digital-customization-service-\"><strong>5. Servicio de personalizaci\u00f3n digital<\/strong><\/h2>\n<ul>\n<li><strong>Control inteligente de todo el proceso de producci\u00f3n<\/strong>: Desde el modelado 3D hasta las pruebas, se utilizan algoritmos de IA para optimizar el dise\u00f1o estructural (compatible con m\u00e1s de 20 tipos de cajas, como tapas superiores e inferiores, cajas con forma de libro, cajas con cajones, etc.), y las cajas de muestra se entregan en 48 horas.<\/li>\n<li><strong>Adaptaci\u00f3n funcional profunda<\/strong>:<\/li>\n<li><strong>Apertura y cierre magn\u00e9ticos<\/strong>: Im\u00e1n de neodimio invisible incorporado, fuerza de succi\u00f3n \u22650,5N, posicionamiento preciso sin desviaci\u00f3n.<\/li>\n<li><strong>Dise\u00f1o de ventanas<\/strong>: Soporta la apertura de la ventana de PET parcialmente transparente, transmitancia de luz \u2265 92%, y se empareja con una cinta (cinta de poli\u00e9ster \/ acetato opcional) para mejorar el sentido de la ceremonia de apertura.<\/li>\n<li><strong>Ampliaci\u00f3n del proceso de superficie<\/strong>: Compatible con estampado en caliente de patr\u00f3n claro, gofrado, barnizado local UV y otros procesos para satisfacer las necesidades personalizadas de la marca.<\/li>\n<\/ul>\n<h2 id=\"-application-scenarios-and-compatibility-\"><strong>Escenarios de aplicaci\u00f3n y compatibilidad<\/strong><\/h2>\n<ul>\n<li><strong>Campos de gama alta<\/strong>Bolsos de lujo, joyas, aparatos electr\u00f3nicos de edici\u00f3n limitada y colecciones de arte.<\/li>\n<li><strong>Escenarios de protecci\u00f3n del medio ambiente<\/strong>: Totalmente reciclable y degradable, adaptada a la estrategia de marca neutra en carbono<\/li>\n<\/ul>","protected":false},"excerpt":{"rendered":"<p>Cuando es plegable, la caja presenta l\u00edneas limpias y bordes afilados, que reflejan una est\u00e9tica de dise\u00f1o industrial de alta gama. El papel hologr\u00e1fico presenta un din\u00e1mico efecto iridiscente bajo una luz intensa, lo que lo hace adecuado para m\u00faltiples escenarios de uso de art\u00edculos de gran valor, como regalos y joyas.<\/p>","protected":false},"featured_media":1034,"template":"","meta":{"_kad_post_transparent":"default","_kad_post_title":"","_kad_post_layout":"default","_kad_post_sidebar_id":"","_kad_post_content_style":"default","_kad_post_vertical_padding":"default","_kad_post_feature":"","_kad_post_feature_position":"","_kad_post_header":false,"_kad_post_footer":false,"_kad_post_classname":""},"product_brand":[],"product_cat":[15,22,17],"product_tag":[394,392,393],"class_list":{"0":"post-1028","1":"product","2":"type-product","3":"status-publish","4":"has-post-thumbnail","6":"product_cat-red-light-therapy","7":"product_cat-red-light-therapy-blanket","8":"product_cat-services","9":"product_tag-gift-box-with-ribbon","10":"product_tag-holographic-paper-gift-box","11":"product_tag-rainbow-a5-deep-gift-box","13":"first","14":"instock","15":"shipping-taxable","16":"product-type-simple","17":"entry","18":"content-bg","19":"loop-entry"},"_links":{"self":[{"href":"https:\/\/red-lighttherapy.com\/es_es\/wp-json\/wp\/v2\/product\/1028","targetHints":{"allow":["GET"]}}],"collection":[{"href":"https:\/\/red-lighttherapy.com\/es_es\/wp-json\/wp\/v2\/product"}],"about":[{"href":"https:\/\/red-lighttherapy.com\/es_es\/wp-json\/wp\/v2\/types\/product"}],"wp:featuredmedia":[{"embeddable":true,"href":"https:\/\/red-lighttherapy.com\/es_es\/wp-json\/wp\/v2\/media\/1034"}],"wp:attachment":[{"href":"https:\/\/red-lighttherapy.com\/es_es\/wp-json\/wp\/v2\/media?parent=1028"}],"wp:term":[{"taxonomy":"product_brand","embeddable":true,"href":"https:\/\/red-lighttherapy.com\/es_es\/wp-json\/wp\/v2\/product_brand?post=1028"},{"taxonomy":"product_cat","embeddable":true,"href":"https:\/\/red-lighttherapy.com\/es_es\/wp-json\/wp\/v2\/product_cat?post=1028"},{"taxonomy":"product_tag","embeddable":true,"href":"https:\/\/red-lighttherapy.com\/es_es\/wp-json\/wp\/v2\/product_tag?post=1028"}],"curies":[{"name":"wp","href":"https:\/\/api.w.org\/{rel}","templated":true}]}}