{"id":1022,"date":"2025-04-16T04:08:32","date_gmt":"2025-04-16T04:08:32","guid":{"rendered":"https:\/\/red-lighttherapy.com\/?post_type=product&#038;p=1022"},"modified":"2025-04-16T05:43:16","modified_gmt":"2025-04-16T05:43:16","slug":"silver-hologram-paper-folding-gift-sephora-packaging-boxes","status":"publish","type":"product","link":"https:\/\/red-lighttherapy.com\/es_es\/silver-hologram-paper-folding-gift-sephora-packaging-boxes\/","title":{"rendered":"Holograma de plata de papel plegable de regalo Sephora Cajas de embalaje"},"content":{"rendered":"<h2 id=\"-silver-hologram-paper-folding-gift-sephora-packaging-boxes-\"><strong>Holograma de plata de papel plegable de regalo Sephora Cajas de embalaje<\/strong><\/h2>\n<h2 id=\"-1-regular-folding-structure-design-both-functional-and-aesthetic-\"><strong>1. Dise\u00f1o de estructura plegable regular, tanto funcional como est\u00e9tico<\/strong><\/h2>\n<p>En\u00a0<strong>\"proceso combinado \"l\u00ednea de trazado + l\u00ednea de cuchilla<\/strong>\u00a0se utiliza para optimizar la disposici\u00f3n de la l\u00ednea de plegado y garantizar una apertura y cierre suaves y una forma estable. El cuerpo de la caja utiliza el\u00a0<strong>Estructura de enclavamiento en forma de L<\/strong>\u00a0para lograr un ajuste a presi\u00f3n preciso de las capas superior e inferior, mejorar la resistencia a la compresi\u00f3n y la estanqueidad del cierre, y evitar la apertura accidental durante el transporte. Configuraci\u00f3n interna\u00a0<strong>Tabiques estratificados extra\u00edbles<\/strong>\u00a0admiten el almacenamiento en particiones personalizadas, se adaptan a las necesidades fijas de cosm\u00e9ticos, perfumes y otros productos de distintos tama\u00f1os, y tienen en cuenta la capacidad y la portabilidad.<\/p>\n<h2 id=\"-2-flat-folding-design-efficient-adaptation-to-multiple-scenarios-\"><strong>2. Dise\u00f1o plegable plano, adaptaci\u00f3n eficaz a m\u00faltiples escenarios<\/strong><\/h2>\n<p>A trav\u00e9s de\u00a0<strong>l\u00edneas de plegado preconfiguradas y tecnolog\u00eda de cart\u00f3n alveolar<\/strong>, la caja de embalaje puede aplanarse completamente para su almacenamiento, y el \u00edndice de compresi\u00f3n se incrementa en\u00a0<strong>m\u00e1s de 50%<\/strong>lo que reduce enormemente los costes de almacenamiento y log\u00edstica. Es adecuado para el transporte a granel en el comercio electr\u00f3nico, la exposici\u00f3n r\u00e1pida al por menor y los escenarios de reutilizaci\u00f3n de los consumidores. El grosor tras el plegado es de s\u00f3lo\u00a0<strong>3 mm<\/strong>y una sola caja puede apilarse hasta\u00a0<strong>200<\/strong>mejorando significativamente la utilizaci\u00f3n del espacio.<\/p>\n<h2 id=\"-3-high-strength-environmentally-friendly-material-lightweight-and-load-bearing-\"><strong>3. Material ecol\u00f3gico de alta resistencia, ligero y resistente a la carga<\/strong><\/h2>\n<p>El cuerpo principal est\u00e1 hecho de\u00a0<strong>Papel estucado con certificaci\u00f3n FSC<\/strong>\u00a0(80 g\/m\u00b2), y se utiliza la tecnolog\u00eda de refuerzo de base de papel compuesto para conseguir\u00a0<strong>equilibrio entre ligereza y gran rigidez<\/strong>. La superficie del papel se recubre con\u00a0<strong>revestimiento ecol\u00f3gico a base de agua<\/strong>y la resistencia al desgarro aumenta en\u00a0<strong>30%<\/strong>. La caja \u00fanica puede soportar\u00a0<strong>2kg<\/strong>y puede cargar con seguridad art\u00edculos fr\u00e1giles como botellas de cristal. El dise\u00f1o de refuerzo del borde de la caja se combina con un asa ergon\u00f3mica, que es f\u00e1cil de sujetar con una mano, y tiene tanto portabilidad como durabilidad.<\/p>\n<h2 id=\"-4-sustainable-forest-management-environmental-certification-guarantee-\"><strong>4. Gesti\u00f3n forestal sostenible, garant\u00eda de certificaci\u00f3n medioambiental<\/strong><\/h2>\n<p>Las materias primas siguen estrictamente la\u00a0<strong>Normas de certificaci\u00f3n forestal FSC<\/strong>\u00a0(Forest Stewardship Council), lo que garantiza que el origen de la pulpa puede rastrearse hasta bosques gestionados de forma sostenible. En todo el proceso de producci\u00f3n se utilizan\u00a0<strong>adhesivo sin disolventes<\/strong>\u00a0y\u00a0<strong>proceso de baja cobertura de tinta<\/strong>\u00a0(&lt;20%), que cumple las normas de protecci\u00f3n medioambiental REACH de la UE y es compatible con\u00a0<strong>100% reciclable y degradable<\/strong>.<\/p>\n<h2 id=\"-5-holographic-iridescence-dynamic-display-visual-impact-upgrade-\"><strong>5. Pantalla din\u00e1mica de iridiscencia hologr\u00e1fica, mejora del impacto visual<\/strong><\/h2>\n<p>La aplicaci\u00f3n en superficie\u00a0<strong>tecnolog\u00eda hologr\u00e1fica de escritura directa de microestructuras de tercera generaci\u00f3n<\/strong>\u00a0presenta\u00a0<strong>efecto din\u00e1mico de gradiente iridiscente<\/strong>\u00a0mediante la disposici\u00f3n de rejillas nanom\u00e9tricas. Bajo la refracci\u00f3n de la luz,\u00a0<strong>transici\u00f3n de color multi\u00e1ngulo<\/strong>\u00a0(como azul plateado\u2192rojo p\u00farpura\u2192verde dorado), con\u00a0<strong>sustrato de capa de aluminio de alta reflectividad<\/strong>, la textura met\u00e1lica y la iridiscencia de la luz y la sombra se entrelazan, y el reconocimiento visual se mejora con\u00a0<strong>200%<\/strong>. Adecuado para la exposici\u00f3n de productos de belleza de gama alta para mejorar el atractivo de los estantes.<\/p>\n<h2 id=\"-6-minimalist-design-philosophy-function-oriented-aesthetics-\"><strong>6. Filosof\u00eda de dise\u00f1o minimalista, est\u00e9tica orientada a la funci\u00f3n<\/strong><\/h2>\n<p>Adhesi\u00f3n a la pol\u00edtica de Sephora\u00a0<strong>\"Menos es m\u00e1s\"<\/strong>\u00a0concepto de marca, se eliminan los elementos decorativos redundantes y se construyen niveles visuales con\u00a0<strong>l\u00edneas de corte geom\u00e9tricas<\/strong>\u00a0y\u00a0<strong>superficies de contraste mate-alto brillo<\/strong>. La superficie de la caja s\u00f3lo retiene el\u00a0<strong>logotipo de la marca grabado con l\u00e1ser<\/strong>, centr\u00e1ndose en las funciones b\u00e1sicas del producto y adapt\u00e1ndose al tono de los productos de lujo y minimalistas.<\/p>\n<h2 id=\"-applicable-scenarios-\"><strong>Escenarios aplicables<\/strong><\/h2>\n<ul>\n<li><strong>Log\u00edstica de comercio electr\u00f3nico<\/strong>: El plegado plano es adecuado para la clasificaci\u00f3n automatizada a fin de reducir las p\u00e9rdidas por transporte<\/li>\n<li><strong>Expositor comercial<\/strong>: La iridiscencia hologr\u00e1fica atrae el flujo de clientes y mejora la tasa de conversi\u00f3n de los terminales<\/li>\n<li><strong>Regalo de Navidad<\/strong>: Se puede personalizar para un uso secundario como caja de almacenamiento para ampliar el ciclo de vida.<\/li>\n<\/ul>","protected":false},"excerpt":{"rendered":"<p>Esta caja r\u00edgida adopta un dise\u00f1o de estructura plegable regular, con apertura y cierre suaves y forma estable, teniendo en cuenta tanto la capacidad de almacenamiento como la portabilidad. El papel hologr\u00e1fico presenta un din\u00e1mico degradado iridiscente con un efecto de visualizaci\u00f3n de alta intensidad. Ha superado la certificaci\u00f3n forestal FSC para garantizar que las materias primas son trazables y renovables, en l\u00ednea con la tendencia del desarrollo sostenible.<\/p>","protected":false},"featured_media":1026,"template":"","meta":{"_kad_post_transparent":"default","_kad_post_title":"","_kad_post_layout":"default","_kad_post_sidebar_id":"","_kad_post_content_style":"default","_kad_post_vertical_padding":"default","_kad_post_feature":"","_kad_post_feature_position":"","_kad_post_header":false,"_kad_post_footer":false,"_kad_post_classname":""},"product_brand":[],"product_cat":[15,28,22,17],"product_tag":[390,389,391],"class_list":{"0":"post-1022","1":"product","2":"type-product","3":"status-publish","4":"has-post-thumbnail","6":"product_cat-red-light-therapy","7":"product_cat-customize","8":"product_cat-red-light-therapy-blanket","9":"product_cat-services","10":"product_tag-hologram-folding-gift-boxes","11":"product_tag-holographic-laser-paperboard-gift-boxes","12":"product_tag-large-gift-boxes-holographic","14":"first","15":"instock","16":"shipping-taxable","17":"product-type-simple","18":"entry","19":"content-bg","20":"loop-entry"},"_links":{"self":[{"href":"https:\/\/red-lighttherapy.com\/es_es\/wp-json\/wp\/v2\/product\/1022","targetHints":{"allow":["GET"]}}],"collection":[{"href":"https:\/\/red-lighttherapy.com\/es_es\/wp-json\/wp\/v2\/product"}],"about":[{"href":"https:\/\/red-lighttherapy.com\/es_es\/wp-json\/wp\/v2\/types\/product"}],"wp:featuredmedia":[{"embeddable":true,"href":"https:\/\/red-lighttherapy.com\/es_es\/wp-json\/wp\/v2\/media\/1026"}],"wp:attachment":[{"href":"https:\/\/red-lighttherapy.com\/es_es\/wp-json\/wp\/v2\/media?parent=1022"}],"wp:term":[{"taxonomy":"product_brand","embeddable":true,"href":"https:\/\/red-lighttherapy.com\/es_es\/wp-json\/wp\/v2\/product_brand?post=1022"},{"taxonomy":"product_cat","embeddable":true,"href":"https:\/\/red-lighttherapy.com\/es_es\/wp-json\/wp\/v2\/product_cat?post=1022"},{"taxonomy":"product_tag","embeddable":true,"href":"https:\/\/red-lighttherapy.com\/es_es\/wp-json\/wp\/v2\/product_tag?post=1022"}],"curies":[{"name":"wp","href":"https:\/\/api.w.org\/{rel}","templated":true}]}}