{"id":1017,"date":"2025-04-16T03:57:29","date_gmt":"2025-04-16T03:57:29","guid":{"rendered":"https:\/\/red-lighttherapy.com\/?post_type=product&#038;p=1017"},"modified":"2025-04-16T04:08:23","modified_gmt":"2025-04-16T04:08:23","slug":"exporting-custom-luxury-magnetic-closure-rigid-shoes-boxes","status":"publish","type":"product","link":"https:\/\/red-lighttherapy.com\/es_es\/exporting-custom-luxury-magnetic-closure-rigid-shoes-boxes\/","title":{"rendered":"Exportaci\u00f3n de cajas de zapatos r\u00edgidas con cierre magn\u00e9tico de lujo personalizadas"},"content":{"rendered":"<h2 id=\"-product-description-of-exporting-custom-luxury-magnetic-closure-rigid-shoes-boxes-\"><strong>Descripci\u00f3n del producto de la exportaci\u00f3n de lujo personalizado cierre magn\u00e9tico cajas r\u00edgidas zapatos<\/strong><\/h2>\n<h2 id=\"1-magnetic-box-design-\">1.\u00a0<strong>Dise\u00f1o de caja magn\u00e9tica<\/strong><\/h2>\n<p>La tapa y el cuerpo de la caja adoptan un potente sistema magn\u00e9tico integrado, que se absorbe con precisi\u00f3n por la fuerza magn\u00e9tica al cerrarse para garantizar un sellado excelente y evitar eficazmente la apertura accidental durante el transporte o el almacenamiento. La disposici\u00f3n de doble banda magn\u00e9tica mejora la estabilidad de adsorci\u00f3n, y puede permanecer cerrada incluso cuando se inclina o vibra, proporcionando una protecci\u00f3n integral para los zapatos de gama alta.<\/p>\n<h2 id=\"2-folding-portability-and-structural-stability-\">2.\u00a0<strong>Portabilidad plegable y estabilidad estructural<\/strong><\/h2>\n<p>Se adopta el proceso de plegado preciso, y el volumen despu\u00e9s del plegado es s\u00f3lo 1\/3 del estado desplegado, lo que reduce significativamente los costes de log\u00edstica y almacenamiento. No se necesitan herramientas ni montajes complejos al desplegarla. El cuerpo de la caja recupera autom\u00e1ticamente la forma tridimensional a trav\u00e9s de la l\u00ednea de pre-indentaci\u00f3n, el borde se forma sin costuras, y la resistencia a la compresi\u00f3n alcanza los 20 kg\/capa, lo que satisface las necesidades de apilamiento de m\u00faltiples escenarios.<\/p>\n<h2 id=\"3-one-handed-opening-and-closing-flap-structure-\">3.\u00a0<strong>Estructura de solapa de apertura y cierre con una sola mano<\/strong><\/h2>\n<p>El innovador dise\u00f1o de la solapa, combinado con el \u00e1ngulo ergon\u00f3mico (65\u00b0 de apertura y cierre), puede manejarse suavemente con una sola mano. La bisagra est\u00e1 reforzada con papel revestido grueso y succi\u00f3n magn\u00e9tica. No se deforma tras miles de pruebas de apertura y cierre, teniendo en cuenta su comodidad y durabilidad.<\/p>\n<h2 id=\"4-high-weight-coated-paper-material-\">4.\u00a0<strong>Papel estucado de alto gramaje<\/strong><\/h2>\n<p>Se selecciona papel estucado de 320 g\/m\u00b2, y la superficie se trata con un estucado superbrillante, que aumenta la rigidez en 40% y la resistencia a la compresi\u00f3n es 1,5 veces superior a la norma del sector. El material es respetuoso con el medio ambiente y degradable, cumple la certificaci\u00f3n FSC, favorece el reciclaje y reduce la huella de carbono.<\/p>\n<h2 id=\"5-sustainable-development-design-\">5.\u00a0<strong>Dise\u00f1o de desarrollo sostenible<\/strong><\/h2>\n<p>El concepto ecol\u00f3gico se aplica en todo el proceso, desde las materias primas hasta la producci\u00f3n:<\/p>\n<ul>\n<li>Impresi\u00f3n con tinta a base de agua, sin vol\u00e1tiles nocivos<\/li>\n<li>Tasa de reciclado de residuos \u226595%<\/li>\n<li>Certificaci\u00f3n del sistema de gesti\u00f3n medioambiental ISO 14001<\/li>\n<\/ul>\n<h2 id=\"6-high-saturation-blue-visual-design-\">6.\u00a0<strong>Dise\u00f1o visual azul de alta saturaci\u00f3n<\/strong><\/h2>\n<p>El cuerpo de la caja adopta el azul cl\u00e1sico Pantone 286C, que tiene una alta saturaci\u00f3n de color y no desti\u00f1e, transmitiendo una imagen de marca profesional y estable. El tratamiento mate de la superficie evita los reflejos y es adecuado para regalos de empresa, embalajes de lujo, venta al por menor de gama alta y otros usos.<\/p>\n<h2 id=\"7-same-color-ribbon-handle-\">7.\u00a0<strong>Asa de cinta del mismo color<\/strong><\/h2>\n<p>El asa de cinta tejida azul es del mismo color que el cuerpo de la caja, con una fuerza de elevaci\u00f3n de 5 kg, teniendo en cuenta tanto la practicidad como el ritual. La interfaz del asa est\u00e1 oculta y reforzada para evitar el riesgo de desgarro, adecuada para un uso de alta frecuencia.<\/p>\n<h2 id=\"-application-scenarios-and-advantages-\"><strong>Escenarios de aplicaci\u00f3n y ventajas<\/strong><\/h2>\n<ul>\n<li><strong>Regalos de empresa<\/strong>: El asa de cinta y la apertura y cierre magn\u00e9ticos realzan la sensaci\u00f3n de ritual de desembalaje, id\u00f3neo para recuerdos personalizados para empresas.<\/li>\n<li><strong>Venta al por menor de lujo<\/strong>: El material de alta rigidez y el dise\u00f1o en color mejoran el grado de exposici\u00f3n de las mercanc\u00edas y reducen el espacio ocupado por las vitrinas.<\/li>\n<li><strong>Log\u00edstica transfronteriza<\/strong>: El dise\u00f1o plegable reduce el coste del transporte mar\u00edtimo y a\u00e9reo, y la resistencia a la presi\u00f3n garantiza la seguridad del transporte a larga distancia.<\/li>\n<\/ul>","protected":false},"excerpt":{"rendered":"<p>La tapa en forma de coraz\u00f3n y la cubierta superior e inferior se ajustan perfectamente a la caja, con contornos en forma de coraz\u00f3n por dentro y por fuera, visualmente unificados y emocionalmente atractivos. La tapa y el fondo est\u00e1n separados, lo que facilita su apertura y cierre, con un buen sellado, protegiendo eficazmente el contenido y realzando la sensaci\u00f3n de ceremonia al abrir la caja.<\/p>","protected":false},"featured_media":1018,"template":"","meta":{"_kad_post_transparent":"default","_kad_post_title":"","_kad_post_layout":"default","_kad_post_sidebar_id":"","_kad_post_content_style":"default","_kad_post_vertical_padding":"default","_kad_post_feature":"","_kad_post_feature_position":"","_kad_post_header":false,"_kad_post_footer":false,"_kad_post_classname":""},"product_brand":[],"product_cat":[15,30,22,17],"product_tag":[388,387,386],"class_list":{"0":"post-1017","1":"product","2":"type-product","3":"status-publish","4":"has-post-thumbnail","6":"product_cat-red-light-therapy","7":"product_cat-dropshipping","8":"product_cat-red-light-therapy-blanket","9":"product_cat-services","10":"product_tag-custom-shoes-boxes","11":"product_tag-magnetic-closure-boxes-for-shoes","12":"product_tag-rigid-shoes-boxes","14":"first","15":"instock","16":"shipping-taxable","17":"product-type-simple","18":"entry","19":"content-bg","20":"loop-entry"},"_links":{"self":[{"href":"https:\/\/red-lighttherapy.com\/es_es\/wp-json\/wp\/v2\/product\/1017","targetHints":{"allow":["GET"]}}],"collection":[{"href":"https:\/\/red-lighttherapy.com\/es_es\/wp-json\/wp\/v2\/product"}],"about":[{"href":"https:\/\/red-lighttherapy.com\/es_es\/wp-json\/wp\/v2\/types\/product"}],"wp:featuredmedia":[{"embeddable":true,"href":"https:\/\/red-lighttherapy.com\/es_es\/wp-json\/wp\/v2\/media\/1018"}],"wp:attachment":[{"href":"https:\/\/red-lighttherapy.com\/es_es\/wp-json\/wp\/v2\/media?parent=1017"}],"wp:term":[{"taxonomy":"product_brand","embeddable":true,"href":"https:\/\/red-lighttherapy.com\/es_es\/wp-json\/wp\/v2\/product_brand?post=1017"},{"taxonomy":"product_cat","embeddable":true,"href":"https:\/\/red-lighttherapy.com\/es_es\/wp-json\/wp\/v2\/product_cat?post=1017"},{"taxonomy":"product_tag","embeddable":true,"href":"https:\/\/red-lighttherapy.com\/es_es\/wp-json\/wp\/v2\/product_tag?post=1017"}],"curies":[{"name":"wp","href":"https:\/\/api.w.org\/{rel}","templated":true}]}}