{"id":1011,"date":"2025-04-16T03:44:51","date_gmt":"2025-04-16T03:44:51","guid":{"rendered":"https:\/\/red-lighttherapy.com\/?post_type=product&#038;p=1011"},"modified":"2025-04-16T03:57:17","modified_gmt":"2025-04-16T03:57:17","slug":"valentines-day-heart-shaped-gift-box-packaging-for-jewelry","status":"publish","type":"product","link":"https:\/\/red-lighttherapy.com\/es_es\/valentines-day-heart-shaped-gift-box-packaging-for-jewelry\/","title":{"rendered":"Caja de regalo en forma de coraz\u00f3n para joyas de San Valent\u00edn"},"content":{"rendered":"<h2 id=\"valentine-s-day-heart-shaped-jewelry-gift-box-packaging-product-description\">D\u00eda de San Valent\u00edn en forma de coraz\u00f3n joyer\u00eda Caja de regalo Embalaje Descripci\u00f3n del producto<\/h2>\n<h2 id=\"-1-heart-shaped-top-and-bottom-design-perfect-fusion-of-vision-and-emotion-\"><strong>1. Dise\u00f1o superior e inferior en forma de coraz\u00f3n: Fusi\u00f3n perfecta de visi\u00f3n y emoci\u00f3n<\/strong><\/h2>\n<p>La caja de regalo adopta una estructura de tapa superior e inferior en forma de coraz\u00f3n. La tapa y el cuerpo de la caja est\u00e1n formados integralmente con un suave contorno en forma de coraz\u00f3n, mostrando unidad visual y tensi\u00f3n emocional entre la apertura y el cierre. El interior de la tapa se puede personalizar con tecnolog\u00eda de estampado en caliente o en relieve, y con un dise\u00f1o de ventana hueca en forma de coraz\u00f3n, la joya se asoma cuando no se abre del todo, creando una sensaci\u00f3n de expectaci\u00f3n similar a un \"latido\".<\/p>\n<h2 id=\"-2-separate-opening-and-closing-structure-convenience-and-ritual-coexistence-\"><strong>2. Estructura separada de apertura y cierre: comodidad y coexistencia ritual<\/strong><\/h2>\n<p>La tapa y el fondo de la caja est\u00e1n separados, y el cierre sin costuras se consigue mediante hebillas precisas o dispositivos magn\u00e9ticos, lo que no s\u00f3lo garantiza el sellado (a prueba de polvo y humedad), sino que tambi\u00e9n confiere a la acci\u00f3n de apertura un elegante sentido ritual. El borde del forro adopta un proceso de rebordeado para evitar la fricci\u00f3n en la superficie de las joyas al abrir y cerrar, y los detalles reflejan la protecci\u00f3n de los objetos de valor.<\/p>\n<h2 id=\"-3-coated-paper-material-double-guarantee-of-firmness-and-beauty-\"><strong>3. Material de papel recubierto: doble garant\u00eda de firmeza y belleza<\/strong><\/h2>\n<p>El cuerpo principal de la caja de regalo est\u00e1 fabricado con 300 gramos de papel estucado de alto gramaje, recubierto con una pel\u00edcula mate, de tacto delicado y resistente a los ara\u00f1azos. La capa interior est\u00e1 reforzada con papel de cart\u00f3n gris, que tiene una capacidad de carga de m\u00e1s de 5 kg, y no es f\u00e1cil de deformar durante el transporte, lo que garantiza que el regalo es nuevo para desembalar de la f\u00e1brica de cajas.<\/p>\n<h2 id=\"-4-red-main-color-visual-communication-of-romantic-atmosphere-\"><strong>4. Color principal rojo: comunicaci\u00f3n visual de ambiente rom\u00e1ntico<\/strong><\/h2>\n<p>El cuerpo de la caja adopta el color rojo est\u00e1ndar de la carta de colores Pantone, y el proceso de impresi\u00f3n en cuatricrom\u00eda presenta un efecto de color uniforme y brillante, con proceso de estampaci\u00f3n local UV o en caliente, que resalta el sentido tridimensional del contorno en forma de coraz\u00f3n. Se pueden utilizar cintas opcionales o flores perennes del mismo color para realzar el ambiente festivo.<\/p>\n<h2 id=\"-5-high-resilience-sponge-lining-professional-grade-jewelry-protection-\"><strong>5. Forro de esponja de alta resistencia: protecci\u00f3n de joyas de calidad profesional.<\/strong><\/h2>\n<p>El forro utiliza esponja de alta densidad de 3 cm de grosor, que se corta mediante CNC para ajustarse al contorno en forma de coraz\u00f3n, y la profundidad de la ranura puede personalizarse (adecuada para diferentes formas de joyas, como anillos y collares). La superficie de la esponja est\u00e1 recubierta de franela corta, que es suave y respetuosa con la piel, y evita ara\u00f1ar los metales preciosos y las piedras preciosas. La prueba antis\u00edsmica demuestra que puede soportar un impacto de ca\u00edda de 1,2 metros y es apta para el transporte transfronterizo.<\/p>\n<h2 id=\"-6-customized-printing-service-deep-adaptation-of-brands-and-scenarios-\"><strong>6. Servicio de impresi\u00f3n personalizada: profunda adaptaci\u00f3n de marcas y escenarios.<\/strong><\/h2>\n<p>Admite diversos procesos, como serigraf\u00eda, estampaci\u00f3n en caliente, grabado por l\u00e1ser, etc., y puede imprimir contenidos personalizados como el LOGO corporativo, nombres de parejas, fechas conmemorativas, etc. en la tapa de la caja. Los modelos personalizados para bodas pueden imprimirse con votos estampados en caliente o motivos de rosas en relieve, y se recomienda que los regalos corporativos coincidan con la visi\u00f3n principal y el eslogan de la marca para aumentar el valor a\u00f1adido de la caja de regalo.<\/p>\n<h2 id=\"-7-made-by-a-local-old-factory-dual-commitment-of-quality-and-production-capacity-\"><strong>7. Fabricado por una antigua f\u00e1brica local: doble compromiso de calidad y capacidad de producci\u00f3n.<\/strong><\/h2>\n<p>Producido por Shenzhen Printing Factory, con 16 a\u00f1os de experiencia, utiliza m\u00e1quinas troqueladoras totalmente autom\u00e1ticas y l\u00edneas de inspecci\u00f3n de calidad, con una capacidad de producci\u00f3n mensual de m\u00e1s de 500.000 piezas, y admite pruebas aceleradas en 72 horas y entrega de pedidos al por mayor. Cada lote pasa 12 pruebas de control de calidad (incluyendo la planitud de las esquinas, la diferencia de color, la capacidad de carga, etc.) para garantizar que el error de consistencia de la producci\u00f3n en masa es \u22641mm.<\/p>\n<h2 id=\"-8-environmental-certification-sustainable-romantic-promise-\"><strong>8. Certificaci\u00f3n medioambiental: Promesa rom\u00e1ntica sostenible<\/strong><\/h2>\n<p>El material de la caja de regalo ha superado la certificaci\u00f3n de gesti\u00f3n forestal FSC y la certificaci\u00f3n del sistema de gesti\u00f3n ISO, y la tinta cumple las normas REACH de la UE, no es t\u00f3xica y es biodegradable. La esponja del forro es de material EVA apto para uso alimentario, ha superado las pruebas del SGS y es segura para el contacto con la piel.<\/p>\n<h2 id=\"-product-application-scenarios-\"><strong>Escenarios de aplicaci\u00f3n del producto<\/strong><\/h2>\n<ul>\n<li><strong>Regalo personal<\/strong>: Junto con cartas de amor personalizadas y flores eternas, cree una caja de regalo tem\u00e1tica de \"confesi\u00f3n conmovedora\".<\/li>\n<li><strong>Joyas de boda<\/strong>: En la caja se puede incrustar un tarjetero para alianzas, y el anillo se puede ver en cuanto se abre la caja, lo que refuerza la sensaci\u00f3n de ceremonia de pedida de mano.<\/li>\n<li><strong>Marca compartida<\/strong>: Las empresas pueden personalizar ediciones limitadas, combinando la imagen de IP y elementos en forma de coraz\u00f3n para aumentar la fidelidad de los clientes.<\/li>\n<\/ul>","protected":false},"excerpt":{"rendered":"<p>La tapa en forma de coraz\u00f3n y la cubierta superior e inferior se ajustan perfectamente a la caja, con contornos en forma de coraz\u00f3n por dentro y por fuera, visualmente unificados y emocionalmente atractivos. La tapa y el fondo est\u00e1n separados, lo que facilita su apertura y cierre, con un buen sellado, protegiendo eficazmente el contenido y realzando la sensaci\u00f3n de ceremonia al abrir la caja.<\/p>","protected":false},"featured_media":1016,"template":"","meta":{"_kad_post_transparent":"default","_kad_post_title":"","_kad_post_layout":"default","_kad_post_sidebar_id":"","_kad_post_content_style":"default","_kad_post_vertical_padding":"default","_kad_post_feature":"","_kad_post_feature_position":"","_kad_post_header":false,"_kad_post_footer":false,"_kad_post_classname":""},"product_brand":[],"product_cat":[15,17],"product_tag":[383,384,385],"class_list":{"0":"post-1011","1":"product","2":"type-product","3":"status-publish","4":"has-post-thumbnail","6":"product_cat-red-light-therapy","7":"product_cat-services","8":"product_tag-heart-shaped-gift-box","9":"product_tag-jewelry-packaging-box","10":"product_tag-valentines-day-gift-box","12":"first","13":"instock","14":"shipping-taxable","15":"product-type-simple","16":"entry","17":"content-bg","18":"loop-entry"},"_links":{"self":[{"href":"https:\/\/red-lighttherapy.com\/es_es\/wp-json\/wp\/v2\/product\/1011","targetHints":{"allow":["GET"]}}],"collection":[{"href":"https:\/\/red-lighttherapy.com\/es_es\/wp-json\/wp\/v2\/product"}],"about":[{"href":"https:\/\/red-lighttherapy.com\/es_es\/wp-json\/wp\/v2\/types\/product"}],"wp:featuredmedia":[{"embeddable":true,"href":"https:\/\/red-lighttherapy.com\/es_es\/wp-json\/wp\/v2\/media\/1016"}],"wp:attachment":[{"href":"https:\/\/red-lighttherapy.com\/es_es\/wp-json\/wp\/v2\/media?parent=1011"}],"wp:term":[{"taxonomy":"product_brand","embeddable":true,"href":"https:\/\/red-lighttherapy.com\/es_es\/wp-json\/wp\/v2\/product_brand?post=1011"},{"taxonomy":"product_cat","embeddable":true,"href":"https:\/\/red-lighttherapy.com\/es_es\/wp-json\/wp\/v2\/product_cat?post=1011"},{"taxonomy":"product_tag","embeddable":true,"href":"https:\/\/red-lighttherapy.com\/es_es\/wp-json\/wp\/v2\/product_tag?post=1011"}],"curies":[{"name":"wp","href":"https:\/\/api.w.org\/{rel}","templated":true}]}}