{"id":1005,"date":"2025-04-16T03:24:02","date_gmt":"2025-04-16T03:24:02","guid":{"rendered":"https:\/\/red-lighttherapy.com\/?post_type=product&#038;p=1005"},"modified":"2025-04-16T03:44:42","modified_gmt":"2025-04-16T03:44:42","slug":"brand-double-door-box-for-skincare-bottle-fragrance-perfume","status":"publish","type":"product","link":"https:\/\/red-lighttherapy.com\/es_es\/brand-double-door-box-for-skincare-bottle-fragrance-perfume\/","title":{"rendered":"Marca Doble Puerta Caja para Cuidado de la Piel Botella Perfume Fragancia"},"content":{"rendered":"<h2 id=\"-double-door-skin-care-perfume-bottle-box-product-description-\"><strong>Doble puerta de cuidado de la piel perfume botella caja descripci\u00f3n del producto<\/strong><\/h2>\n<h2 id=\"-1-box-design-and-positioning-\"><strong>1. Dise\u00f1o y colocaci\u00f3n de la caja<\/strong><\/h2>\n<p>En\u00a0<strong>Caja de regalo abierta por ambos lados<\/strong>\u00a0Se adopta la caja de doble puerta, y la estructura sim\u00e9trica crea una sensaci\u00f3n solemne, que se ajusta al posicionamiento de regalo de gama alta. El cuerpo de la caja se optimiza mediante l\u00edneas y proporciones geom\u00e9tricas, combinadas con el color principal negro y la tecnolog\u00eda de relieve con motivos florales azules, mostrando un equilibrio entre tranquilidad y sentido art\u00edstico. Cuando se abren las puertas dobles, el cuerpo de la caja se despliega lentamente como un tel\u00f3n de teatro, dando al proceso de desembalaje un fuerte sentido de ritual y transformando la exposici\u00f3n del producto en una experiencia envolvente.<\/p>\n<h2 id=\"-2-innovative-interactivity-and-unboxing-experience-\"><strong>2. Interactividad innovadora y experiencia unboxing<\/strong><\/h2>\n<p>El \u00fanico\u00a0<strong>estructura de bisagra de doble puerta<\/strong>\u00a0rompe con el dise\u00f1o tradicional de apertura y cierre por un solo lado y aumenta la sensaci\u00f3n de participaci\u00f3n del usuario:<\/p>\n<ul>\n<li><strong>Sorpresa<\/strong>: Cuando se abre la puerta, el frasco de perfume incorporado aparece gradualmente a medida que cambia el \u00e1ngulo de la caja, y la fijaci\u00f3n envolvente del forro de flocado EVA crea un impacto visual como \"desvelar el tesoro\".<\/li>\n<li><strong>Interactividad<\/strong>: Se pueden personalizar ilustraciones de historias de marca o mapas de componentes arom\u00e1ticos en el interior del panel de la puerta. Los usuarios pueden explorar los detalles volteando, tirando y realizando otras acciones para reforzar la conexi\u00f3n emocional.<\/li>\n<\/ul>\n<h2 id=\"-3-material-and-craft-details-\"><strong>3. Material y detalles artesanales<\/strong><\/h2>\n<ul>\n<li><strong>Sustrato de papel estucado<\/strong>: Se selecciona papel estucado de alto gramaje de 350 g, que es a la vez ligero y resistente a la presi\u00f3n para garantizar la resistencia a la deformaci\u00f3n durante el transporte. Al mismo tiempo, la superficie est\u00e1 recubierta de una pel\u00edcula mate para realzar el tacto delicado.<\/li>\n<li><strong>Tratamiento de precisi\u00f3n<\/strong>: Se utiliza tecnolog\u00eda de troquelado por l\u00e1ser y pegado automatizado, el error del borde del cuerpo de la caja es \u22640,1 mm, y la estructura de apertura y cierre est\u00e1 bien ajustada para evitar las rebabas y la holgura de las cajas tradicionales hechas a mano.<\/li>\n<li><strong>Tecnolog\u00eda de decoraci\u00f3n<\/strong>: El estampado de flores azules presenta un brillo tridimensional gracias a la tecnolog\u00eda local UV+plata caliente, y el fondo negro utiliza un revestimiento microperlado para presentar un efecto degradado discreto y lujoso bajo la luz y la sombra.<\/li>\n<\/ul>\n<h2 id=\"-4-functional-and-protective-design-\"><strong>4. Dise\u00f1o funcional y de protecci\u00f3n<\/strong><\/h2>\n<ul>\n<li><strong>Forro de flocado EVA<\/strong>: Ranuras personalizadas seg\u00fan la curva del cuerpo de la botella, el grosor del forro es de hasta 5 mm, y se utiliza flocado de alta densidad para amortiguar y resistir los golpes, a fin de evitar ara\u00f1azos y desplazamientos durante el transporte.<\/li>\n<li><strong>Estructura de la partici\u00f3n<\/strong>: Admite el dise\u00f1o en capas de la caja interior (como colocar frascos de perfume en la capa superior e incrustar instrucciones o ranuras para tarjetas de regalo en la capa inferior), lo que mejora el aprovechamiento del espacio y la funcionalidad.<\/li>\n<\/ul>\n<h2 id=\"-5-customized-service-and-brand-adaptation-\"><strong>5. Servicio personalizado y adaptaci\u00f3n de la marca<\/strong><\/h2>\n<ul>\n<li><strong>Personalizaci\u00f3n total<\/strong>: Admite el ajuste flexible del tama\u00f1o (adaptaci\u00f3n de la altura al tipo de botella de 15-30 cm), el \u00e1ngulo de apertura y cierre (ajustable de 90\u00b0 a 180\u00b0) y la estructura interna (capa intermedia\/hebilla magn\u00e9tica, etc.) para satisfacer las necesidades de diferenciaci\u00f3n de la marca.<\/li>\n<li><strong>Integraci\u00f3n de elementos de marca<\/strong>: Puede incorporar el logotipo de la marca estampado en caliente, microc\u00e1psulas de fragancia (al abrir la caja se libera la fragancia asociada) o etiquetas AR (al escanear el c\u00f3digo se activa la animaci\u00f3n de la historia de la marca) para lograr una profunda vinculaci\u00f3n entre el envase y la narrativa del producto.<\/li>\n<\/ul>","protected":false},"excerpt":{"rendered":"<p>Esta caja de regalo de doble puerta se basa en el concepto de \"abrir la ceremonia, sentir el lujo\". A trav\u00e9s de la innovaci\u00f3n estructural, la artesan\u00eda y la vinculaci\u00f3n sensorial, el envase pasa de ser un contenedor a convertirse en el principal portador de la experiencia de marca. Desde el momento sorpresa de abrir la caja hasta el tacto de los detalles, cada v\u00ednculo se hace eco del posicionamiento de gama alta, ayudando a la marca a establecer un reconocimiento diferenciado en la competencia del mercado.<\/p>","protected":false},"featured_media":1006,"template":"","meta":{"_kad_post_transparent":"default","_kad_post_title":"","_kad_post_layout":"default","_kad_post_sidebar_id":"","_kad_post_content_style":"default","_kad_post_vertical_padding":"default","_kad_post_feature":"","_kad_post_feature_position":"","_kad_post_header":false,"_kad_post_footer":false,"_kad_post_classname":""},"product_brand":[],"product_cat":[15,28,17],"product_tag":[381,382,380],"class_list":{"0":"post-1005","1":"product","2":"type-product","3":"status-publish","4":"has-post-thumbnail","6":"product_cat-red-light-therapy","7":"product_cat-customize","8":"product_cat-services","9":"product_tag-brand-perfume-box","10":"product_tag-custom-fragrance-box","11":"product_tag-double-door-box-for-skincare","13":"first","14":"instock","15":"shipping-taxable","16":"product-type-simple","17":"entry","18":"content-bg","19":"loop-entry"},"_links":{"self":[{"href":"https:\/\/red-lighttherapy.com\/es_es\/wp-json\/wp\/v2\/product\/1005","targetHints":{"allow":["GET"]}}],"collection":[{"href":"https:\/\/red-lighttherapy.com\/es_es\/wp-json\/wp\/v2\/product"}],"about":[{"href":"https:\/\/red-lighttherapy.com\/es_es\/wp-json\/wp\/v2\/types\/product"}],"wp:featuredmedia":[{"embeddable":true,"href":"https:\/\/red-lighttherapy.com\/es_es\/wp-json\/wp\/v2\/media\/1006"}],"wp:attachment":[{"href":"https:\/\/red-lighttherapy.com\/es_es\/wp-json\/wp\/v2\/media?parent=1005"}],"wp:term":[{"taxonomy":"product_brand","embeddable":true,"href":"https:\/\/red-lighttherapy.com\/es_es\/wp-json\/wp\/v2\/product_brand?post=1005"},{"taxonomy":"product_cat","embeddable":true,"href":"https:\/\/red-lighttherapy.com\/es_es\/wp-json\/wp\/v2\/product_cat?post=1005"},{"taxonomy":"product_tag","embeddable":true,"href":"https:\/\/red-lighttherapy.com\/es_es\/wp-json\/wp\/v2\/product_tag?post=1005"}],"curies":[{"name":"wp","href":"https:\/\/api.w.org\/{rel}","templated":true}]}}