{"id":1000,"date":"2025-04-16T03:15:01","date_gmt":"2025-04-16T03:15:01","guid":{"rendered":"https:\/\/red-lighttherapy.com\/?post_type=product&#038;p=1000"},"modified":"2025-04-16T03:25:59","modified_gmt":"2025-04-16T03:25:59","slug":"commercial-large-heart-shaped-gift-packaging-paper-boxes","status":"publish","type":"product","link":"https:\/\/red-lighttherapy.com\/es_es\/commercial-large-heart-shaped-gift-packaging-paper-boxes\/","title":{"rendered":"Cajas de papel grandes comerciales para regalo en forma de coraz\u00f3n"},"content":{"rendered":"<h2 id=\"-product-description-of-commercial-large-heart-shaped-gift-packaging-paper-box-\"><strong>Descripci\u00f3n de producto de la caja de papel grande comercial del embalaje del regalo de la forma del coraz\u00f3n<\/strong><\/h2>\n<h2 id=\"-1-structural-design-heart-shaped-top-and-bottom-cover-reshaping-emotional-expression-\"><strong>1. Dise\u00f1o estructural: Cubierta superior e inferior en forma de coraz\u00f3n, remodelaci\u00f3n de la expresi\u00f3n emocional<\/strong><\/h2>\n<p>Este producto adopta\u00a0<strong>estructura de la cubierta superior e inferior en forma de coraz\u00f3n<\/strong>La caja superior y la inferior encajan perfectamente gracias a su dise\u00f1o magn\u00e9tico de encaje a presi\u00f3n. La tapa superior y la caja inferior encajan firmemente mediante el dise\u00f1o de encaje a presi\u00f3n magn\u00e9tico, y el momento de apertura y cierre aporta una \"resonancia de latido\" con un fuerte sentido ritual, que satisface las necesidades emocionales del D\u00eda de San Valent\u00edn, bodas, aniversarios y otras escenas. El interior de la caja adopta\u00a0<strong>dise\u00f1o de tabiques en capas<\/strong>que puede separar de forma flexible bombones, joyas, regalos personalizados y otros art\u00edculos de diferentes tama\u00f1os, teniendo en cuenta tanto la belleza como la practicidad.<\/p>\n<h2 id=\"-2-material-and-environmental-protection-sustainable-forest-resources-global-certification-guarantee-\"><strong>2. Protecci\u00f3n material y medioambiental: recursos forestales sostenibles, garant\u00eda de certificaci\u00f3n global<\/strong><\/h2>\n<p>El producto utiliza\u00a0<strong>Materiales respetuosos con el medio ambiente con certificaci\u00f3n FSC<\/strong>y el material de base es una estructura compuesta de cart\u00f3n blanco de 250 g y papel ondulado de tres o cinco capas para garantizar la capacidad de carga y la durabilidad. Todo el papel procede de bosques gestionados de forma sostenible, cumple las normas medioambientales de la UE y los conceptos de econom\u00eda circular, favorece el reciclaje y la degradaci\u00f3n durante todo el ciclo de vida y ayuda a las marcas a transmitir valores ecol\u00f3gicos. La superficie de la caja est\u00e1 cubierta con\u00a0<strong>revestimiento de PE alimentario<\/strong>que tiene doble protecci\u00f3n contra la humedad y el aceite, y es adecuado para envases de regalo como alimentos y cosm\u00e9ticos que se ven f\u00e1cilmente afectados por el medio ambiente.<\/p>\n<h2 id=\"-3-visual-design-pink-tones-and-geometric-aesthetics-upgraded-layering-\"><strong>3. Dise\u00f1o visual: tonos rosas y est\u00e9tica geom\u00e9trica, estratificaci\u00f3n mejorada.<\/strong><\/h2>\n<p>El cuerpo de la caja est\u00e1 principalmente en\u00a0<strong>rosa niebla suave<\/strong>con\u00a0<strong>motivos geom\u00e9tricos tridimensionales en relieve<\/strong>que realzan la estratificaci\u00f3n visual mediante el entrelazado de l\u00edneas y el cambio de luces y sombras, resaltando la textura personalizada de alta gama. El dise\u00f1o se inspira en el arte minimalista moderno. Los elementos geom\u00e9tricos pueden expresarse de forma abstracta como flujo emocional, o personalizarse como s\u00edmbolos exclusivos de la marca (como patrones de deformaci\u00f3n del LOGO) para mejorar el reconocimiento de la marca.<\/p>\n<h2 id=\"-4-functional-highlights-transparent-window-direct-consumer-decision-making-\"><strong>4. Aspectos funcionales destacados: ventanilla transparente, toma directa de decisiones por el consumidor<\/strong><\/h2>\n<p>En\u00a0<strong>ventana el\u00edptica de PET transparente<\/strong>\u00a0est\u00e1 incrustada en el centro de la tapa de la caja, y los consumidores pueden ver directamente el contenido (como chocolate, frascos de perfume, etc.) sin desembalar, lo que reduce los costes de comunicaci\u00f3n y aumenta la confianza en la compra. El borde de la ventana adopta\u00a0<strong>Tecnolog\u00eda de ribeteado por estampaci\u00f3n en caliente UV<\/strong>que reproduce el estampado en caliente del cuerpo de la caja y es a la vez funcional y decorativo.<\/p>\n<h2 id=\"-5-process-details-three-dimensional-hot-stamping-luxurious-touch-\"><strong>5. Detalles del proceso: estampaci\u00f3n en caliente tridimensional, tacto lujoso.<\/strong><\/h2>\n<p>La superficie de la tapa de la caja utiliza\u00a0<strong>Tecnolog\u00eda de estampaci\u00f3n en caliente 3D<\/strong>, que combina la l\u00e1mina de oro con la textura en relieve mediante la tecnolog\u00eda de estampaci\u00f3n a alta temperatura para crear un logotipo de marca o una bendici\u00f3n con un toque c\u00f3ncavo y convexo, presentando visualmente un brillo met\u00e1lico y un nivel tridimensional. La parte estampada en caliente es resistente a la fricci\u00f3n y al pelado, y ha sido probada para soportar m\u00e1s de 1.000 veces el desgaste de apertura y cierre, lo que garantiza que siga manteniendo una textura lujosa tras un uso prolongado.<\/p>\n<h2 id=\"-6-scene-adaptation-a-multi-scene-marketing-tool-\"><strong>6. Adaptaci\u00f3n de escenas: una herramienta de marketing multiescena<\/strong><\/h2>\n<ul>\n<li><strong>Marketing de festivales<\/strong>: La forma de coraz\u00f3n y los elementos estampados en caliente encajan a la perfecci\u00f3n con los temas festivos, como el D\u00eda de San Valent\u00edn, el Festival Qixi y la Navidad, y se combinan con cintas o flores eternas para realzar el sentido de la ceremonia de entrega de regalos.<\/li>\n<li><strong>Recuerdos de boda<\/strong>: Admite la personalizaci\u00f3n de texto estampado en caliente, como los nombres de los reci\u00e9n casados y las fechas de la boda, y el forro puede ser de material satinado para realzar los atributos de personalizaci\u00f3n de alta gama.<\/li>\n<li><strong>Marca compartida<\/strong>: El dise\u00f1o de la ventana se combina con la estampaci\u00f3n en caliente de la imagen IP de la marca, lo que resulta adecuado para el envasado de productos de edici\u00f3n limitada en los sectores de la belleza, el lujo y otros.<\/li>\n<\/ul>","protected":false},"excerpt":{"rendered":"<p>Esta caja de regalo en forma de coraz\u00f3n tiene como n\u00facleo el dise\u00f1o emocional. Mediante la integraci\u00f3n de innovaci\u00f3n estructural, materiales respetuosos con el medio ambiente y artesan\u00eda de alta gama, crea una soluci\u00f3n de envasado comercial que es a la vez visualmente atractiva y funcional, ayudando a las marcas a destacar en el mercado de la econom\u00eda rom\u00e1ntica.<\/p>","protected":false},"featured_media":1001,"template":"","meta":{"_kad_post_transparent":"default","_kad_post_title":"","_kad_post_layout":"default","_kad_post_sidebar_id":"","_kad_post_content_style":"default","_kad_post_vertical_padding":"default","_kad_post_feature":"","_kad_post_feature_position":"","_kad_post_header":false,"_kad_post_footer":false,"_kad_post_classname":""},"product_brand":[],"product_cat":[15,19,17],"product_tag":[378,377,379],"class_list":{"0":"post-1000","1":"product","2":"type-product","3":"status-publish","4":"has-post-thumbnail","6":"product_cat-red-light-therapy","7":"product_cat-red-light-therapy-stand","8":"product_cat-services","9":"product_tag-jewelry-paper-gift-bag","10":"product_tag-luxury-jewelry-shopping-bag","11":"product_tag-sourcing-jewelry-gift-bag","13":"first","14":"instock","15":"shipping-taxable","16":"product-type-simple","17":"entry","18":"content-bg","19":"loop-entry"},"_links":{"self":[{"href":"https:\/\/red-lighttherapy.com\/es_es\/wp-json\/wp\/v2\/product\/1000","targetHints":{"allow":["GET"]}}],"collection":[{"href":"https:\/\/red-lighttherapy.com\/es_es\/wp-json\/wp\/v2\/product"}],"about":[{"href":"https:\/\/red-lighttherapy.com\/es_es\/wp-json\/wp\/v2\/types\/product"}],"wp:featuredmedia":[{"embeddable":true,"href":"https:\/\/red-lighttherapy.com\/es_es\/wp-json\/wp\/v2\/media\/1001"}],"wp:attachment":[{"href":"https:\/\/red-lighttherapy.com\/es_es\/wp-json\/wp\/v2\/media?parent=1000"}],"wp:term":[{"taxonomy":"product_brand","embeddable":true,"href":"https:\/\/red-lighttherapy.com\/es_es\/wp-json\/wp\/v2\/product_brand?post=1000"},{"taxonomy":"product_cat","embeddable":true,"href":"https:\/\/red-lighttherapy.com\/es_es\/wp-json\/wp\/v2\/product_cat?post=1000"},{"taxonomy":"product_tag","embeddable":true,"href":"https:\/\/red-lighttherapy.com\/es_es\/wp-json\/wp\/v2\/product_tag?post=1000"}],"curies":[{"name":"wp","href":"https:\/\/api.w.org\/{rel}","templated":true}]}}