{"id":994,"date":"2025-04-16T01:44:55","date_gmt":"2025-04-16T01:44:55","guid":{"rendered":"https:\/\/red-lighttherapy.com\/?post_type=product&#038;p=994"},"modified":"2025-04-16T02:03:53","modified_gmt":"2025-04-16T02:03:53","slug":"sourcing-luxury-jewelry-shopping-paper-gift-bag-with-ribbon","status":"publish","type":"product","link":"https:\/\/red-lighttherapy.com\/de_de\/sourcing-luxury-jewelry-shopping-paper-gift-bag-with-ribbon\/","title":{"rendered":"Sourcing Luxus Schmuck Einkaufen Papier Geschenk Tasche mit Schleife"},"content":{"rendered":"<h2 id=\"product-description-of-luxury-jewelry-shopping-paper-gift-bag\">Produktbeschreibung von Luxury Jewelry Shopping Paper Gift Bag<\/h2>\n<h2 id=\"-1-double-rope-handle-design-a-balance-between-practicality-and-aesthetics-\"><strong>1. Doppeltes Seilgriffdesign: ein Gleichgewicht zwischen Praktikabilit\u00e4t und \u00c4sthetik<\/strong><\/h2>\n<p>Der Griff besteht aus einer hochdichten, gewebten Doppelseilstruktur, und der Seilk\u00f6rper ist aus mattem Bandmaterial in der gleichen Farbe wie der Taschenk\u00f6rper gefertigt, um sicherzustellen, dass die Kraft gleichm\u00e4\u00dfig verteilt wird und die Hand beim Ziehen nicht einquetscht. Gute Lastaufnahmef\u00e4higkeit.<\/p>\n<h2 id=\"-2-stiff-angular-lines-three-dimensional-expression-of-high-end-tone-\"><strong>2. Steife, kantige Linien: dreidimensionaler Ausdruck von High-End-Klang<\/strong><\/h2>\n<p>Der Taschenk\u00f6rper verwendet ein patentiertes dreidimensionales Einkerbungsverfahren und nutzt die 120\u00b0 V-f\u00f6rmige Faltung und die rechtwinklige Kantenversiegelungstechnologie, um scharfe Kanten wie bei einem Schmuckst\u00fcck zu erzeugen. Das Papier besteht aus dickem FSC-zertifiziertem wei\u00dfem Karton, und die Faserschicht ist mit einer 7-lagigen Verbundstruktur versehen. Die Steifigkeit ist im Vergleich zu normalem Karton um 23% erh\u00f6ht, wodurch sichergestellt wird, dass der Taschenk\u00f6rper scharfkantig ist und beim Stehen nicht zusammenf\u00e4llt. Das Innenfutter ist mit einer 3 mm dicken EVA-Pufferschicht ausgestattet, die die H\u00e4rte der Schnur durch physische Unterst\u00fctzung weiter verst\u00e4rkt und die Schmuckst\u00fccke vor Quetschungen sch\u00fctzt.<\/p>\n<h2 id=\"-3-symmetrical-mechanical-structure-high-value-support-stability-\"><strong>3. Symmetrischer mechanischer Aufbau: hochwertige St\u00fctzstabilit\u00e4t<\/strong><\/h2>\n<p>Die symmetrische, kastenf\u00f6rmige Struktur basiert auf dem Goldenen Schnitt, und der Boden ist mit dem \"Well\"-Kreuzverst\u00e4rkungsverfahren ausgestattet, das eine Tragf\u00e4higkeit von mehr als 3 kg bietet. In die vier Ecken des Beutels sind lebensmittelechte ABS-Kunststoffplatten eingebettet, und es wird eine Ultraschall-Hei\u00dfpresstechnik verwendet, um das Risiko einer Verformung durch herk\u00f6mmliche Klebeverbindungen zu vermeiden. Laut Laborsimulationstests betr\u00e4gt der Neigungswinkel des Beutels \u22641,5\u00b0 nach einer kontinuierlichen Vibration von 2 Stunden unter Volllast, was weit \u00fcber dem Industriestandard liegt.<\/p>\n<h2 id=\"-4-open-lacing-design-a-fusion-of-ritual-sense-and-convenience-\"><strong>4. Offene Schn\u00fcrung Design: eine Verschmelzung von Ritual Sinn und Komfort<\/strong><\/h2>\n<p>Das Oberteil verf\u00fcgt \u00fcber ein innovatives offenes Schn\u00fcrsystem mit doppeltem Schieber und Magnetschnalle:<\/p>\n<ul>\n<li><strong>Funktionsweise<\/strong>: Der Schieber verf\u00fcgt \u00fcber eingebaute unsichtbare Magnete, die mit einem einzigen Druck in Sekundenschnelle ge\u00f6ffnet und geschlossen werden k\u00f6nnen, wodurch das m\u00fchsame Problem der herk\u00f6mmlichen Bandaufwicklung gel\u00f6st wird;<\/li>\n<li><strong>Ritueller Sinn<\/strong>: Mit einem 25 mm breiten rosa Satinband kann durch die dreidimensionale Schleifenbefestigung (Patentnummer ZL20253001.2) schnell eine vollst\u00e4ndige 3D-Schleife mit einer Knotenh\u00f6he von 4 cm geformt werden, und die optische Wirkung wird um 60% erh\u00f6ht.<\/li>\n<\/ul>\n<h2 id=\"-5-sustainable-material-selection-fsc-certification-and-environmentally-friendly-technology-\"><strong>5. Nachhaltige Materialauswahl: FSC-Zertifizierung und umweltfreundliche Technologie<\/strong><\/h2>\n<ul>\n<li><strong>Grundstoff<\/strong>: 100% FSC-zertifizierter wei\u00dfer Karton, 90% Wei\u00dfgrad und bestandener LFGB-Lebensmittelgeruchstest, kein Kontaminationsrisiko bei Kontakt mit Schmuck;<\/li>\n<li><strong>Beschichtung<\/strong>: Es wird ein umweltfreundlicher Lack auf Wasserbasis mit einem Glanzgrad von 85GU (Norm ISO 8254-1) verwendet, der einen UV-Umkehrdruck ohne Rissbildung erm\u00f6glicht;<\/li>\n<li><strong>Recycling<\/strong>: Der Taschenk\u00f6rper kann vollst\u00e4ndig in drei Komponenten zerlegt werden: Papier, Kunststoff und Metall, was das Recycling in der Gemeinde unterst\u00fctzt und den CO2-Fu\u00dfabdruck im Vergleich zu herk\u00f6mmlichen Verpackungen um 37% reduziert.<\/li>\n<\/ul>\n<h2 id=\"-6-brand-visual-enhancement-system-marketing-empowerment-of-pink-and-bow-\"><strong>6. System zur visuellen Aufwertung der Marke: Marketingst\u00e4rkung durch Rosa und Schleife<\/strong><\/h2>\n<ul>\n<li><strong>Farbstrategie<\/strong>: Die Hauptfarbe ist Pantone 13-2807TPX (weiches, mattes Rosa). Die Farbechtheitspr\u00fcfung zeigt, dass der Farbunterschied \u0394E\u22641,2 nach 6 Monaten Lichteinwirkung ist, und die Perlglanzbeschichtung weist eine samtartige Textur mit Farbverlauf auf;<\/li>\n<li><strong>Konfiguration des Bogens<\/strong>: Das Band enth\u00e4lt 32% Maulbeerseide, und die Breite ist nach dem Verh\u00e4ltnis der Fibonacci-Folge (25mm:15mm:9mm) gestaltet. Der K\u00f6rper hat ein eingebautes Memory-Stahldrahtskelett, das die dreidimensionale Form 72 Stunden lang ohne Verformung beibehalten kann;<\/li>\n<li><strong>Marke Exposition<\/strong>: Die Seite der Tasche ist f\u00fcr Hei\u00dfpr\u00e4gerillen reserviert, unterst\u00fctzt die Lasergravur von Markenlogos (Genauigkeit 0,1 mm), und auf der R\u00fcckseite befindet sich ein unsichtbarer NFC-Chipbereich, der durch Ber\u00fchrung auf das Marken-Applet springen kann.<\/li>\n<\/ul>\n<h2 id=\"-technical-parameters-\"><strong>Technische Parameter<\/strong><\/h2>\n<table>\n<thead>\n<tr>\n<th>Projekt<\/th>\n<th>Index<\/th>\n<th>Test Standard<\/th>\n<\/tr>\n<\/thead>\n<tbody>\n<tr>\n<td>Tragf\u00e4higkeit<\/td>\n<td>3,2 kg (statisch)\/2,5 kg (dynamisch)<\/td>\n<td>ASTM D5276<\/td>\n<\/tr>\n<tr>\n<td>Lebensdauer beim \u00d6ffnen und Schlie\u00dfen<\/td>\n<td>\u2265500 mal<\/td>\n<td>GB\/T 2679.7<\/td>\n<\/tr>\n<tr>\n<td>Farbechtheit<\/td>\n<td>Klasse 4-5 (leicht)<\/td>\n<td>ISO 105-B02<\/td>\n<\/tr>\n<tr>\n<td>Umweltzertifizierung<\/td>\n<td>FSC, LFGB, REACH<\/td>\n<td>Pr\u00fcfbericht eines Dritten<\/td>\n<\/tr>\n<\/tbody>\n<\/table>","protected":false},"excerpt":{"rendered":"<p>Diese Geschenkt\u00fcte aus Papier hat die Hauptfarbe Rosa und ist mit einem Schleifenband versehen, um einen dreidimensionalen Effekt zu erzielen. Sie ist mit doppelten Seilgriffen versehen, um Funktionalit\u00e4t mit k\u00fcnstlerischer \u00c4sthetik zu verbinden. Die symmetrische Struktur gew\u00e4hrleistet eine gleichm\u00e4\u00dfige Kraft und kann hochwertige Schmuckst\u00fccke stabil tragen.<\/p>","protected":false},"featured_media":995,"template":"","meta":{"_kad_post_transparent":"default","_kad_post_title":"","_kad_post_layout":"default","_kad_post_sidebar_id":"","_kad_post_content_style":"default","_kad_post_vertical_padding":"default","_kad_post_feature":"","_kad_post_feature_position":"","_kad_post_header":false,"_kad_post_footer":false,"_kad_post_classname":""},"product_brand":[],"product_cat":[15,17],"product_tag":[378,377,379],"class_list":{"0":"post-994","1":"product","2":"type-product","3":"status-publish","4":"has-post-thumbnail","6":"product_cat-red-light-therapy","7":"product_cat-services","8":"product_tag-jewelry-paper-gift-bag","9":"product_tag-luxury-jewelry-shopping-bag","10":"product_tag-sourcing-jewelry-gift-bag","12":"first","13":"instock","14":"shipping-taxable","15":"product-type-simple","16":"entry","17":"content-bg","18":"loop-entry"},"_links":{"self":[{"href":"https:\/\/red-lighttherapy.com\/de_de\/wp-json\/wp\/v2\/product\/994","targetHints":{"allow":["GET"]}}],"collection":[{"href":"https:\/\/red-lighttherapy.com\/de_de\/wp-json\/wp\/v2\/product"}],"about":[{"href":"https:\/\/red-lighttherapy.com\/de_de\/wp-json\/wp\/v2\/types\/product"}],"wp:featuredmedia":[{"embeddable":true,"href":"https:\/\/red-lighttherapy.com\/de_de\/wp-json\/wp\/v2\/media\/995"}],"wp:attachment":[{"href":"https:\/\/red-lighttherapy.com\/de_de\/wp-json\/wp\/v2\/media?parent=994"}],"wp:term":[{"taxonomy":"product_brand","embeddable":true,"href":"https:\/\/red-lighttherapy.com\/de_de\/wp-json\/wp\/v2\/product_brand?post=994"},{"taxonomy":"product_cat","embeddable":true,"href":"https:\/\/red-lighttherapy.com\/de_de\/wp-json\/wp\/v2\/product_cat?post=994"},{"taxonomy":"product_tag","embeddable":true,"href":"https:\/\/red-lighttherapy.com\/de_de\/wp-json\/wp\/v2\/product_tag?post=994"}],"curies":[{"name":"wp","href":"https:\/\/api.w.org\/{rel}","templated":true}]}}