{"id":988,"date":"2025-04-16T01:18:51","date_gmt":"2025-04-16T01:18:51","guid":{"rendered":"https:\/\/red-lighttherapy.com\/?post_type=product&#038;p=988"},"modified":"2025-04-20T06:05:30","modified_gmt":"2025-04-20T06:05:30","slug":"luxury-paper-gift-bags-for-cosmetics-perfume-distributors","status":"publish","type":"product","link":"https:\/\/red-lighttherapy.com\/de_de\/luxury-paper-gift-bags-for-cosmetics-perfume-distributors\/","title":{"rendered":"Luxus-Geschenktaschen aus Papier f\u00fcr Kosmetik- und Parf\u00fcmh\u00e4ndler"},"content":{"rendered":"<h2 id=\"-product-description-of-high-end-perfume-gift-bag-\"><strong>Produktbeschreibung von High-End-Kosmetik Parf\u00fcm Papier Geschenk Tasche<\/strong><\/h2>\n<h2 id=\"-1-double-strand-twisted-cotton-rope-handle-tensile-strength-and-ergonomic-design-\"><strong>1. Doppelstr\u00e4ngiger, gedrehter Baumwollseilgriff: Zugfestigkeit und ergonomisches Design<\/strong><\/h2>\n<p>annehmen.\u00a0<strong>Doppellitziges, hochdichtes Baumwollseil mit Zwirnverfahren<\/strong>Durch die Verflechtung mehrerer Faserstr\u00e4nge wird die Zugfestigkeit verbessert (\u226510 kg belastbar) und gleichzeitig das Griffgef\u00fchl optimiert. Die Oberfl\u00e4che des Seils ist mit einer Anti-Rutsch-Behandlung versehen, kombiniert mit einer pr\u00e4zisen Messung des Durchmessers und des Bogens, um sicherzustellen, dass der Druck der Handfl\u00e4che gleichm\u00e4\u00dfig verteilt wird und es keine Spuren auf dem Langzeitgriff gibt. Die beiden Enden des Baumwollseils sind mit einer hufeisenf\u00f6rmigen Schnallenstruktur mit verst\u00e4rktem Nietdesign befestigt, um das Risiko des Herunterfallens zu vermeiden.<\/p>\n<h2 id=\"-2-artistic-visual-rhythm-geometric-relief-pattern-design-\"><strong>2. K\u00fcnstlerischer visueller Rhythmus: geometrisches Reliefmusterdesign<\/strong><\/h2>\n<p>Die Hauptansicht des Taschenk\u00f6rpers verwendet\u00a0<strong>flie\u00dfendes geometrisches Reliefmuster<\/strong>Das dreidimensionale Pr\u00e4geverfahren zeigt eine Wellenstruktur mit abwechselnden Tiefen und Untiefen. Das Muster ist von der Bewegungsbahn der Parf\u00fcmmolek\u00fcle inspiriert, kombiniert mit dem matten Beschichtungsverfahren, und durch die Brechung von Licht und Schatten entsteht ein dynamischer visueller Rhythmus, der die k\u00fcnstlerische Tonalit\u00e4t der Marke verst\u00e4rkt. Die Seite wird durch einen Farbverlauf erg\u00e4nzt, der das Hauptmuster und die leere Fl\u00e4che miteinander verbindet und das \u00e4sthetische Gleichgewicht der Marke widerspiegelt.<\/p>\n<h2 id=\"-3-brand-logo-enhancement-dark-blue-base-and-hot-stamping-process-\"><strong>3. Markenlogo Verbesserung: dunkelblau Basis und Hei\u00dfpr\u00e4gung Prozess<\/strong><\/h2>\n<p>Die wichtigsten\u00a0<strong>Modell Tiefseeblau<\/strong>\u00a0verwendet die klassische Pantone-Farbnummer 19-4052 mit einem zentralen Markenlogo in Hei\u00dfpr\u00e4gung. Durch\u00a0<strong>Aus Deutschland importierte Kaltpr\u00e4getechnik<\/strong>Bei der Hei\u00dfpr\u00e4gung wird eine 0,1-mm-Pr\u00e4zisionslinienwiederherstellung erreicht, und die Dicke der Metallfolienschicht erreicht 12\u03bcm, was einen starken visuellen Kontrast auf der matten Taschenoberfl\u00e4che bildet. Laut Labortests ist die Hei\u00dfpr\u00e4geschicht auch nach 5.000 Reibungen nicht abgefallen und erf\u00fcllt die Standards f\u00fcr die Haltbarkeit von Luxusg\u00fctern.<\/p>\n<h2 id=\"-4-hidden-triangular-support-structure-no-load-shape-management-\"><strong>4. Versteckte dreieckige St\u00fctzstruktur: lastfreie Formverwaltung<\/strong><\/h2>\n<p>Innovativ eingebettet\u00a0<strong>faltbares dreieckiges Verkleidungssystem<\/strong>Die Tasche wird aus 1,2 mm dicker Graupappe per Laser geschnitten. Im leeren Zustand entfaltet sie sich automatisch zu einem dreieckigen Prismenrahmen, um die gerade Form der Tasche beizubehalten; nach dem Beladen schrumpft sie adaptiv mit dem Inhalt. Der Rand des Innenfutters ist mit leimfreien Steckschlitzen vorgebohrt. Nachdem die Verbraucher sie entfernt haben, k\u00f6nnen sie mit Hilfe von Schnallen wieder zu einer Desktop-Aufbewahrungsbox zusammengesetzt werden, um eine Sekund\u00e4rverpackung zu erhalten.<\/p>\n<h2 id=\"-5-fsc-certified-environmentally-friendly-material-system-\"><strong>5. FSC-zertifiziertes umweltfreundliches Materialsystem<\/strong><\/h2>\n<p>Der Hauptk\u00f6rper besteht aus\u00a0<strong>FSC-Mix-zertifizierter wei\u00dfer Karton<\/strong>\u00a0(Menge 300g\/\u33a1, Dicke 0,4mm), und die Oberfl\u00e4che ist mit einer pflanzlichen Beschichtung auf Wasserbasis versehen, die SGS-Tests bestanden und die Sicherheitsstandards f\u00fcr den Kontakt mit Lebensmitteln erreicht hat. Die Auskleidung besteht aus abbaubarer Maisst\u00e4rke-Synthetikfolie. Der Abbauzyklus des gesamten Beutels betr\u00e4gt \u2264180 Tage, und der CO2-Fu\u00dfabdruck ist im Vergleich zu herk\u00f6mmlichen Verpackungen um 42% reduziert.<\/p>\n<h2 id=\"-6-magnetic-safety-closure-system-\"><strong>6. Magnetisches Sicherheitsverschlusssystem<\/strong><\/h2>\n<p>Der Deckel ist ausgestattet mit\u00a0<strong>NdFeB Magnetische Druckknopfgruppe<\/strong>und die Schlie\u00dfkraft wurde mit Hilfe der mechanischen Simulation von ANSYS auf 0,8N-m optimiert. Die versetzte Anordnung der doppelten Magnetpole erm\u00f6glicht eine pr\u00e4zise Ausrichtung, und der Transportvibrationstest zeigt, dass der Magnetkraftabfall nach 10.000 \u00d6ffnungen und Schlie\u00dfungen weniger als 3% betr\u00e4gt. Der \u00d6ffnungs- und Verschlussteil ist zum Schutz der lackierten Kosmetikflasche mit einem kratzfesten Samtfutter ausgekleidet.<\/p>\n<h2 id=\"-7-die-cutting-and-indentation-rapid-prototyping-technology-\"><strong>7. Rapid-Prototyping-Technologie mit Stanzung und Vertiefung<\/strong><\/h2>\n<p>Die\u00a0<strong>digitales Stanzsystem<\/strong>\u00a0wird verwendet, um die 85\u00b0 pr\u00e4zise V-Nut zu vervollst\u00e4ndigen, erg\u00e4nzt durch die F\u00fchrungsmarkierung f\u00fcr die Vorfaltung. Das Personal des H\u00e4ndlers kann die dreidimensionale Formung des Beutels innerhalb von 30 Sekunden durchf\u00fchren, was die Arbeitskosten um 60% reduziert. Eine Anleitung zum Selbermachen wird mitgeliefert. Nachdem die Verbraucher die Tasche behalten haben, k\u00f6nnen sie sie durch Falten der vorgeschnittenen Linien in eine Schmuckaufbewahrungsbox mit sechs Rastern umwandeln und so den Lebenszyklus der Verpackung verl\u00e4ngern.<\/p>","protected":false},"excerpt":{"rendered":"<p>Diese dunkelblaue Papiert\u00fcte hat ein goldfarbenes, hei\u00dfgepr\u00e4gtes Folienlogo in der Mitte der Vorderseite, um die Erinnerung an die Marke zu verst\u00e4rken. Das doppelt gedrehte Baumwollseil verbessert die Zugfestigkeit und sorgt daf\u00fcr, dass der Druck der Handfl\u00e4che beim Tragen gleichm\u00e4\u00dfig verteilt wird. Es handelt sich um eine spezielle hochwertige Papiergeschenkt\u00fcte f\u00fcr Kosmetika und Parf\u00fcms.<\/p>","protected":false},"featured_media":989,"template":"","meta":{"_kad_post_transparent":"default","_kad_post_title":"","_kad_post_layout":"default","_kad_post_sidebar_id":"","_kad_post_content_style":"default","_kad_post_vertical_padding":"default","_kad_post_feature":"","_kad_post_feature_position":"","_kad_post_header":false,"_kad_post_footer":false,"_kad_post_classname":""},"product_brand":[],"product_cat":[15,28,17],"product_tag":[376,374,375],"class_list":{"0":"post-988","1":"product","2":"type-product","3":"status-publish","4":"has-post-thumbnail","6":"product_cat-red-light-therapy","7":"product_cat-customize","8":"product_cat-services","9":"product_tag-luxury-cosmetics-perfume-gift-bags","10":"product_tag-paper-gift-bags-for-cosmetics","11":"product_tag-perfume-shopping-bags","13":"first","14":"instock","15":"shipping-taxable","16":"product-type-simple","17":"entry","18":"content-bg","19":"loop-entry"},"_links":{"self":[{"href":"https:\/\/red-lighttherapy.com\/de_de\/wp-json\/wp\/v2\/product\/988","targetHints":{"allow":["GET"]}}],"collection":[{"href":"https:\/\/red-lighttherapy.com\/de_de\/wp-json\/wp\/v2\/product"}],"about":[{"href":"https:\/\/red-lighttherapy.com\/de_de\/wp-json\/wp\/v2\/types\/product"}],"wp:featuredmedia":[{"embeddable":true,"href":"https:\/\/red-lighttherapy.com\/de_de\/wp-json\/wp\/v2\/media\/989"}],"wp:attachment":[{"href":"https:\/\/red-lighttherapy.com\/de_de\/wp-json\/wp\/v2\/media?parent=988"}],"wp:term":[{"taxonomy":"product_brand","embeddable":true,"href":"https:\/\/red-lighttherapy.com\/de_de\/wp-json\/wp\/v2\/product_brand?post=988"},{"taxonomy":"product_cat","embeddable":true,"href":"https:\/\/red-lighttherapy.com\/de_de\/wp-json\/wp\/v2\/product_cat?post=988"},{"taxonomy":"product_tag","embeddable":true,"href":"https:\/\/red-lighttherapy.com\/de_de\/wp-json\/wp\/v2\/product_tag?post=988"}],"curies":[{"name":"wp","href":"https:\/\/api.w.org\/{rel}","templated":true}]}}