{"id":975,"date":"2025-04-15T15:41:40","date_gmt":"2025-04-15T15:41:40","guid":{"rendered":"https:\/\/red-lighttherapy.com\/?post_type=product&#038;p=975"},"modified":"2025-04-15T15:55:15","modified_gmt":"2025-04-15T15:55:15","slug":"customized-slider-child-resistant-box-rigid-boxes-wholesale","status":"publish","type":"product","link":"https:\/\/red-lighttherapy.com\/de_de\/customized-slider-child-resistant-box-rigid-boxes-wholesale\/","title":{"rendered":"Kundenspezifischer Schieber Kindersicherer Kasten Starre K\u00e4sten Gro\u00dfhandel"},"content":{"rendered":"<h3 id=\"-1-box-design-flexible-push-pull-pull-out-structure-suitable-for-multiple-scenarios-\"><strong>1. Box-Design: flexible Push-Pull\/Pull-Out-Struktur, geeignet f\u00fcr mehrere Szenarien<\/strong><\/h3>\n<p>Dieses Produkt verwendet\u00a0<strong>Push-Pull- oder Pull-Out-Dual-Mode-Box-Typ<\/strong>wobei sowohl Spa\u00df als auch Zweckm\u00e4\u00dfigkeit ber\u00fccksichtigt werden. Die Gr\u00f6\u00dfe der Box kann je nach Kundenwunsch angepasst werden, und die Oberfl\u00e4che Papier ist mit gedruckt\u00a0<strong>hochgl\u00e4nzendes glattes Papier<\/strong>und abgeglichen mit\u00a0<strong>eingedickter Karton, der geklebt wird<\/strong>\u00a0um Druckfestigkeit, Verschlei\u00dffestigkeit und visuelle Textur zu gew\u00e4hrleisten. Die Push-Pull-Struktur erf\u00fcllt die Kinderschutznormen (siehe die Anforderungen der FDA und der nationalen Normen f\u00fcr CRP) und verbessert gleichzeitig die Benutzerfreundlichkeit durch ein reibungsloses \u00d6ffnen und Schlie\u00dfen.<\/p>\n<h3 id=\"-2-brand-logo-technology-uv-hot-stamping-enhances-visual-impact-\"><strong>2. Markenlogo-Technologie: UV-\/Hei\u00dfpr\u00e4gung verst\u00e4rkt die visuelle Wirkung<\/strong><\/h3>\n<p>Text und Muster k\u00f6nnen verwenden\u00a0<strong>Dreidimensionale UV-Pr\u00e4gung, Hei\u00dfpr\u00e4gung, gepr\u00e4gte Hei\u00dfpr\u00e4gung<\/strong>\u00a0und andere Verfahren, um den Markenton durch Metalltextur und Hochglanzeffekte hervorzuheben. Zum Beispiel kann das UV-Verfahren einen Kontrast zwischen mattem und hellem Licht erzeugen, und das Hei\u00dfpr\u00e4geverfahren verleiht dem LOGO ein Gef\u00fchl von Luxus, das f\u00fcr die Bed\u00fcrfnisse von High-End-E-Zigarettenmarken geeignet ist.<\/p>\n<h3 id=\"-3-touch-optimization-soft-touch-coated-paper-improves-user-experience-\"><strong>3. Touch-Optimierung: Soft-Touch-beschichtetes Papier verbessert das Benutzererlebnis<\/strong><\/h3>\n<p>Die innere und \u00e4u\u00dfere Papierschicht besteht aus\u00a0<strong>Soft-Touch-Beschichtungstechnologie<\/strong>Das Design ist zart wie Seide und entspricht dem taktilen Ged\u00e4chtnis der Fingerspitzen der Verbraucher. Dieses Design verbessert nicht nur das Gef\u00fchl der Auspackzeremonie, sondern st\u00e4rkt auch den Wiedererkennungswert der Marke durch ein differenziertes taktiles Feedback, das sich besonders f\u00fcr E-Zigarettenprodukte eignet, bei denen das Benutzererlebnis im Vordergrund steht.<\/p>\n<h3 id=\"-4-fusion-of-natural-elements-sea-water-droplet-theme-design-\"><strong>4. Verschmelzung nat\u00fcrlicher Elemente: Meerwassertropfen als Motiv<\/strong><\/h3>\n<p>Die Oberfl\u00e4che der Box enth\u00e4lt\u00a0<strong>dynamische Wassertropfen und Licht- und Schattenverflechtungen<\/strong>\u00a0Es simuliert den Fluss von Wassertr\u00f6pfchen durch Farbverlaufsdruck, partielle UV- oder Laserfilmtechnologie und vermittelt das Markenkonzept von Umweltschutz und Reinheit. Dieses Design kann an Themen wie Meeresschutz und gesundes Leben angepasst werden, was dem Trend des Wandels der E-Zigarettenindustrie hin zu einer naturfreundlichen Ausrichtung entspricht.<\/p>\n<h3 id=\"-5-holiday-theme-customization-seasonal-elements-enhance-marketing-value-\"><strong>5. Anpassung des Feiertagsmotivs: saisonale Elemente erh\u00f6hen den Marketingwert<\/strong><\/h3>\n<p>Unterst\u00fctzung\u00a0<strong>Schneeflocken f\u00fcr Weihnachten, Laternen f\u00fcr das Fr\u00fchlingsfest, Herzen f\u00fcr den Valentinstag<\/strong>\u00a0und anderen Feiertagsmotiven anpassen und einen schnellen Austausch durch austauschbare Eins\u00e4tze, Laser-Hei\u00dfpr\u00e4gung oder partiellen Farbdruck erreichen. Das Weihnachtsmodell kann beispielsweise mit einer dreidimensionalen Schneeflockenpr\u00e4gung und einem roten Hintergrund mit Farbverlauf versehen werden, w\u00e4hrend das Fr\u00fchlingsfestmodell mit hei\u00dfgepr\u00e4gten Laternen und verhei\u00dfungsvollen Wolkenmustern ausgestattet ist, um die Eigenschaften von Weihnachtsgeschenken zu verbessern.<\/p>\n<h3 id=\"-6-r-d-strength-innovative-ability-to-keep-up-with-industry-trends-\"><strong>6. FuE-St\u00e4rke: Innovationsf\u00e4higkeit, um mit den Branchentrends Schritt zu halten<\/strong><\/h3>\n<p>Das Team setzt sich zusammen aus\u00a0<strong>Experten f\u00fcr Verpackungsdesign mit mehr als 16 Jahren Erfahrung<\/strong>die sich eingehend mit den Trends in der E-Zigarettenindustrie befassen, wie z. B. kindersichere \u00d6ffnungsstruktur und umweltfreundliche Materialanwendung. Schnelle Iteration wird durch modulares Design erreicht, wie z. B. die Aufr\u00fcstung der traditionellen oberen und unteren Abdeckung zu einer versteckten magnetischen Schnalle, die sowohl die Sicherheit als auch den technischen Sinn ber\u00fccksichtigt.<\/p>\n<h3 id=\"-7-industry-cooperation-mature-supply-chain-and-reputation-guarantee-\"><strong>7. Zusammenarbeit mit der Industrie: ausgereifte Lieferkette und Reputationsgarantie<\/strong><\/h3>\n<p>Genossenschaftskunden decken\u00a0<strong>RELX, MOTI, VAZO<\/strong>\u00a0und anderen f\u00fchrenden Marken und bietet einen Service aus einer Hand, vom Proofing bis zur Massenproduktion.\u00a0<strong>FSC-zertifiziertes umweltfreundliches Papier<\/strong>\u00a0und RoHS-Standard-Produktionsverfahren werden verwendet, um die Einhaltung der in- und ausl\u00e4ndischen Qualit\u00e4tspr\u00fcfungsanforderungen zu gew\u00e4hrleisten. Wir unterst\u00fctzen die Anpassung von Kleinserien (mindestens 500 St\u00fcck), und der Lieferzyklus verk\u00fcrzt sich auf 12-15 Tage.<\/p>","protected":false},"excerpt":{"rendered":"<p>Wir k\u00f6nnen Folgendes bieten<br \/>\n- E-Zigarettenmarke neue Produkteinf\u00fchrung Geschenkbox<br \/>\n- Limitierte Auflage der Ferienaktion<br \/>\n- Grenz\u00fcberschreitender E-Commerce, ma\u00dfgeschneiderte Verpackungsl\u00f6sungen usw.<\/p>","protected":false},"featured_media":981,"template":"","meta":{"_kad_post_transparent":"default","_kad_post_title":"","_kad_post_layout":"default","_kad_post_sidebar_id":"","_kad_post_content_style":"default","_kad_post_vertical_padding":"default","_kad_post_feature":"","_kad_post_feature_position":"","_kad_post_header":false,"_kad_post_footer":false,"_kad_post_classname":""},"product_brand":[],"product_cat":[15,40,17],"product_tag":[295,366,367],"class_list":{"0":"post-975","1":"product","2":"type-product","3":"status-publish","4":"has-post-thumbnail","6":"product_cat-red-light-therapy","7":"product_cat-red-light-therapy-panel","8":"product_cat-services","9":"product_tag-child-resistant-box","10":"product_tag-customized-slider-box","11":"product_tag-rigid-boxes-wholesale","13":"first","14":"instock","15":"shipping-taxable","16":"product-type-simple","17":"entry","18":"content-bg","19":"loop-entry"},"_links":{"self":[{"href":"https:\/\/red-lighttherapy.com\/de_de\/wp-json\/wp\/v2\/product\/975","targetHints":{"allow":["GET"]}}],"collection":[{"href":"https:\/\/red-lighttherapy.com\/de_de\/wp-json\/wp\/v2\/product"}],"about":[{"href":"https:\/\/red-lighttherapy.com\/de_de\/wp-json\/wp\/v2\/types\/product"}],"wp:featuredmedia":[{"embeddable":true,"href":"https:\/\/red-lighttherapy.com\/de_de\/wp-json\/wp\/v2\/media\/981"}],"wp:attachment":[{"href":"https:\/\/red-lighttherapy.com\/de_de\/wp-json\/wp\/v2\/media?parent=975"}],"wp:term":[{"taxonomy":"product_brand","embeddable":true,"href":"https:\/\/red-lighttherapy.com\/de_de\/wp-json\/wp\/v2\/product_brand?post=975"},{"taxonomy":"product_cat","embeddable":true,"href":"https:\/\/red-lighttherapy.com\/de_de\/wp-json\/wp\/v2\/product_cat?post=975"},{"taxonomy":"product_tag","embeddable":true,"href":"https:\/\/red-lighttherapy.com\/de_de\/wp-json\/wp\/v2\/product_tag?post=975"}],"curies":[{"name":"wp","href":"https:\/\/api.w.org\/{rel}","templated":true}]}}