{"id":964,"date":"2025-04-15T13:02:38","date_gmt":"2025-04-15T13:02:38","guid":{"rendered":"https:\/\/red-lighttherapy.com\/?post_type=product&#038;p=964"},"modified":"2025-04-15T16:32:49","modified_gmt":"2025-04-15T16:32:49","slug":"exporter-unique-marble-paper-shopping-gift-bag-for-hair-wigs","status":"publish","type":"product","link":"https:\/\/red-lighttherapy.com\/de_de\/exporter-unique-marble-paper-shopping-gift-bag-for-hair-wigs\/","title":{"rendered":"Exporteur Einzigartige Marmor Papier Einkaufen Geschenk Tasche f\u00fcr Haar Per\u00fccken"},"content":{"rendered":"<h2 id=\"-product-description-of-exporter-s-unique-marble-wig-special-eco-friendly-gift-bag-\"><strong>Produktbeschreibung von Exporter's Unique Marble Wig Special Eco-friendly Gift Bag<\/strong><\/h2>\n<h2 id=\"-i-core-environmental-protection-concept-fsc-certification-and-degradable-characteristics-\"><strong>1. Zentrales Umweltschutzkonzept: FSC-Zertifizierung und abbaubare Eigenschaften<\/strong><\/h2>\n<p>Dieses Produkt wird aus FSC-zertifiziertem, umweltfreundlichem Zellstoff hergestellt, und die Rohstoffe werden aus kontinuierlich bewirtschafteten W\u00e4ldern gewonnen, um sicherzustellen, dass der \u00f6kologische Fu\u00dfabdruck geringer ist als die Quelle. Der Zellstoff wird in einem sauberen Produktionsverfahren hergestellt und mit biologisch abbaubaren Zusatzstoffen kombiniert. Er kann in der nat\u00fcrlichen Umgebung innerhalb von 6-12 Monaten vollst\u00e4ndig in unsch\u00e4dliche Stoffe abgebaut werden, wodurch das Problem der Umweltverschmutzung durch herk\u00f6mmliche Kunststoffe vermieden wird. Der Taschenk\u00f6rper ist bedruckt mit\u00a0<strong>pflanzliche Tinte auf Wasserbasis<\/strong>Sie ist ungiftig und unbedenklich, entspricht den EU-Umweltschutznormen REACH und eignet sich f\u00fcr den Bedarf an umweltfreundlichen Verpackungen f\u00fcr hochwertige Per\u00fcckenprodukte.<\/p>\n<h2 id=\"-ii-innovative-process-die-cutting-creasing-and-flattening-design-\"><strong>2. Innovatives Verfahren: Stanzen, Rillen und Flachdr\u00fccken<\/strong><\/h2>\n<ul>\n<li><strong>Stanz-Rill-Verfahren<\/strong>: Der Rand des Beutels wird nahtlos durch eine hochpr\u00e4zise Stahlmesserform geschnitten, kombiniert mit einer Vorfalzlinie, die sicherstellt, dass sich der Papierbeutel reibungslos \u00f6ffnet und schlie\u00dft und die Struktur stabil ist. Das spezielle Design des quadratischen Bodens der Tasche erh\u00f6ht die Tragf\u00e4higkeit (kann 5 kg Per\u00fcckenprodukte tragen), und die Dicke nach dem Falten betr\u00e4gt nur 2 cm, was das Transportvolumen erheblich reduziert und spart\u00a0<strong>mehr als 40% der Transportkosten<\/strong>.<\/li>\n<li><strong>Automatisierte Produktionslinie<\/strong>: Es handelt sich um eine vollautomatische Stanz- und Rillmaschine mit einem intelligenten Korrektursystem und einer st\u00fcndlichen Produktionskapazit\u00e4t von\u00a0<strong>1,000,000<\/strong>und unterst\u00fctzt den schnellen Wechsel zwischen verschiedenen Spezifikationen, um den Anforderungen gro\u00dfer Exportauftr\u00e4ge gerecht zu werden.<\/li>\n<\/ul>\n<h2 id=\"-third-vision-and-touch-luxurious-marble-pattern-and-ergonomic-handle-\"><strong>3. Sehen und Anfassen: luxuri\u00f6ses Marmormuster und ergonomischer Griff<\/strong><\/h2>\n<ul>\n<li><strong>Wei\u00dfes Marmormuster auf Graubasis<\/strong>: Das matte Grau als Basis wird mit flie\u00dfenden wei\u00dfen Texturen kombiniert. \u00dcber\u00a0<strong>Plattendrucktechnik<\/strong>Der Farbkontrast erreicht 98%, was der Papiert\u00fcte die luxuri\u00f6se Textur von Naturstein verleiht. Die Oberfl\u00e4che ist mit umweltfreundlicher Mattenfolie bedeckt, die kratzfest, verschlei\u00dffest und empfindlich ist und sich f\u00fcr hochwertige Per\u00fcckenprodukte eignet. Ergonomisches Griffseil: Der Griff besteht aus gewebten Fasern mit einem Durchmesser von 8 mm und einer Zugfestigkeit von 200 kg, die sowohl weich als auch haltbar ist. Die Innenseite des Griffs nimmt eine gewellte Anti-Rutsch-Textur, die die Handfl\u00e4che Kurve passen, und es gibt keine Narbe, wenn es f\u00fcr eine lange Zeit zu halten, die entworfen wird.<\/li>\n<\/ul>\n<h2 id=\"-fourth-efficient-production-and-quality-assurance-\"><strong>4. Effiziente Produktion und Qualit\u00e4tssicherung<\/strong><\/h2>\n<ul>\n<li><strong>Ausschie\u00dfende Drucktechnik<\/strong>: Optimieren Sie die Layoutnutzung durch intelligente Satzsoftware, reduzieren Sie Makulatur und erh\u00f6hen Sie die Einzelblattdruckleistung auf 99,5%. Unterst\u00fctzung des kombinierten Drucks mehrerer Auftragsstapel, wodurch der Lieferzyklus auf 72 Stunden verk\u00fcrzt wird.<\/li>\n<li><strong>System der Qualit\u00e4tskontrolle<\/strong>: Automatisierte Qualit\u00e4tspr\u00fcfung w\u00e4hrend des gesamten Prozesses, einschlie\u00dflich Spannungskontrolle, Kalibrierung des Farbunterschieds, Belastungspr\u00fcfung usw., um sicherzustellen, dass jede Charge von Produkten die Normen des Qualit\u00e4tsmanagementsystems ISO 9001 erf\u00fcllt.<\/li>\n<\/ul>\n<h2 id=\"-application-scenarios-and-market-advantages-\"><strong>Anwendungsszenarien und Marktvorteile<\/strong><\/h2>\n<ul>\n<li><strong>Anpassungsf\u00e4higkeit an die Per\u00fcckenindustrie<\/strong>: Die Gr\u00f6\u00dfe der Tasche kann individuell angepasst werden, und das Futter kann mit einer feuchtigkeitsdichten Baumwollschicht ausgestattet werden, um die Form und den Glanz der Per\u00fccke zu sch\u00fctzen.<\/li>\n<li><strong>Marke Premium<\/strong>: Der doppelte Segen von Umweltschutzattributen und luxuri\u00f6sem Aussehen hilft der Marke, das Konzept der Nachhaltigkeit durch die Verpackung zu vermitteln und die Loyalit\u00e4t der Endverbraucher zu st\u00e4rken.<\/li>\n<\/ul>","protected":false},"excerpt":{"rendered":"<p>Der Taschenk\u00f6rper ist gestanzt und gerillt, l\u00e4sst sich leicht \u00f6ffnen und schlie\u00dfen und kann flach verschickt werden, um Transportkosten zu sparen. Sie wird aus FSC-zertifiziertem umweltfreundlichem Zellstoff hergestellt, der biologisch abbaubar und umweltfreundlich ist. Das Marmormuster mit grauem Hintergrund und wei\u00dfen Linien verleiht der Papiert\u00fcte einen Hauch von Luxus.<\/p>","protected":false},"featured_media":970,"template":"","meta":{"_kad_post_transparent":"default","_kad_post_title":"","_kad_post_layout":"default","_kad_post_sidebar_id":"","_kad_post_content_style":"default","_kad_post_vertical_padding":"default","_kad_post_feature":"","_kad_post_feature_position":"","_kad_post_header":false,"_kad_post_footer":false,"_kad_post_classname":""},"product_brand":[],"product_cat":[15,17],"product_tag":[373,371,372],"class_list":{"0":"post-964","1":"product","2":"type-product","3":"status-publish","4":"has-post-thumbnail","6":"product_cat-red-light-therapy","7":"product_cat-services","8":"product_tag-exporter-hair-wigs-bag","9":"product_tag-paper-shopping-bag-for-hair","10":"product_tag-unique-marble-paper-wigs-gift-bag","12":"first","13":"instock","14":"shipping-taxable","15":"product-type-simple","16":"entry","17":"content-bg","18":"loop-entry"},"_links":{"self":[{"href":"https:\/\/red-lighttherapy.com\/de_de\/wp-json\/wp\/v2\/product\/964","targetHints":{"allow":["GET"]}}],"collection":[{"href":"https:\/\/red-lighttherapy.com\/de_de\/wp-json\/wp\/v2\/product"}],"about":[{"href":"https:\/\/red-lighttherapy.com\/de_de\/wp-json\/wp\/v2\/types\/product"}],"wp:featuredmedia":[{"embeddable":true,"href":"https:\/\/red-lighttherapy.com\/de_de\/wp-json\/wp\/v2\/media\/970"}],"wp:attachment":[{"href":"https:\/\/red-lighttherapy.com\/de_de\/wp-json\/wp\/v2\/media?parent=964"}],"wp:term":[{"taxonomy":"product_brand","embeddable":true,"href":"https:\/\/red-lighttherapy.com\/de_de\/wp-json\/wp\/v2\/product_brand?post=964"},{"taxonomy":"product_cat","embeddable":true,"href":"https:\/\/red-lighttherapy.com\/de_de\/wp-json\/wp\/v2\/product_cat?post=964"},{"taxonomy":"product_tag","embeddable":true,"href":"https:\/\/red-lighttherapy.com\/de_de\/wp-json\/wp\/v2\/product_tag?post=964"}],"curies":[{"name":"wp","href":"https:\/\/api.w.org\/{rel}","templated":true}]}}