{"id":952,"date":"2025-04-15T11:34:00","date_gmt":"2025-04-15T11:34:00","guid":{"rendered":"https:\/\/red-lighttherapy.com\/?post_type=product&#038;p=952"},"modified":"2025-04-15T12:24:59","modified_gmt":"2025-04-15T12:24:59","slug":"dealers-custom-luxury-paper-shopping-gift-bags-for-clothing","status":"publish","type":"product","link":"https:\/\/red-lighttherapy.com\/de_de\/dealers-custom-luxury-paper-shopping-gift-bags-for-clothing\/","title":{"rendered":"H\u00e4ndler benutzerdefinierte Luxus-Papier-Einkaufsgeschenk-Taschen f\u00fcr Kleidung"},"content":{"rendered":"<h2>H\u00e4ndler benutzerdefinierte Luxus-Papier-Einkaufsgeschenk-Taschen f\u00fcr Kleidung<\/h2>\n<h2 id=\"1-color-and-visual-presentation-\">1.\u00a0<strong>Farbe und visuelle Darstellung<\/strong><\/h2>\n<ul>\n<li>Die Hauptfarbe ist\u00a0<strong>Pantone-Farbkarte kundenspezifisch zartrosa<\/strong>\u00a0(unterst\u00fctzt CMYK\/Pantone-Schmuckfarbenkalibrierung) und die\u00a0<strong>Vier-Farben-Offsetdruckverfahren<\/strong>\u00a0erzielt einen gleichm\u00e4\u00dfigen Farb\u00fcbergang, der einen frischen und eleganten visuellen Effekt erzeugt.<\/li>\n<li>Die Oberfl\u00e4che kann sein\u00a0<strong>matt\/gl\u00e4nzend beschichtet<\/strong>\u00a0um die Verschlei\u00dffestigkeit des Papiers zu erh\u00f6hen und gleichzeitig einen zarten Griff zu bewahren.<\/li>\n<\/ul>\n<h2 id=\"2-light-luxury-craft-details-\">2.\u00a0<strong>Leichte luxuri\u00f6se Handwerksdetails<\/strong><\/h2>\n<ul>\n<li><strong>Pr\u00e4zise Hei\u00dfpr\u00e4gung goldener Linien auf dem Rand<\/strong>: Mit importierter Hei\u00dfpr\u00e4gefolie aus Deutschland wird der Linienfehler auf 0,5 mm kontrolliert, um die Mikro-Luxus-Textur zu verbessern.<\/li>\n<li><strong>Dreidimensionale Schleife aus Band<\/strong>: Der dreidimensionale Umriss des Bogens wird durch die\u00a0<strong>3D-Pr\u00e4geverfahren<\/strong>Die matte Beschichtung oder das lokale UV-Verfahren kann gew\u00e4hlt werden, um den Glanzkontrast zu verst\u00e4rken, und ist in Verbindung mit handgefertigten Schn\u00fcrsenkeln noch fortschrittlicher.<\/li>\n<\/ul>\n<h2 id=\"3-humanized-functional-design-\">3.\u00a0<strong>Humanisiertes funktionales Design<\/strong><\/h2>\n<ul>\n<li><strong>Anti-Rutsch-Wellengriff<\/strong>: Das Seil ist hergestellt aus\u00a0<strong>dicker Nylonkern + geflochtene Schicht aus rutschfestem Baumwollgarn<\/strong>Der Greifbereich ist mit einer wellenf\u00f6rmigen Rille versehen, um den Hebedruck zu verteilen, und die Tragf\u00e4higkeit kann bis zu 8 kg betragen.<\/li>\n<li><strong>Untere Verst\u00e4rkungsstruktur<\/strong>: F\u00fcnf Lagen Verbundkarton (Dicke 0,4-0,6 mm) mit\u00a0<strong>Doppellagige Klebelinie<\/strong>\u00a0um die Stabilit\u00e4t von schweren Gegenst\u00e4nden zu gew\u00e4hrleisten.<\/li>\n<\/ul>\n<h2 id=\"4-multiple-printing-processes-\">4.\u00a0<strong>Mehrere Druckverfahren<\/strong><\/h2>\n<ul>\n<li><strong>UV-Pr\u00e4gung<\/strong>: Lokale erhabene Bilder und Texte sind ber\u00fchrbar und eignen sich zur Verst\u00e4rkung des Markenlogos.<\/li>\n<li><strong>Verfahren der Mikroperforation<\/strong>: Schaffen Sie einen atmungsaktiven Hohleffekt, geeignet f\u00fcr die Verpackung von leichter Luxuskleidung im Sommer.<\/li>\n<li><strong>Kaltpr\u00e4getechnik<\/strong>: Metallstrukturmuster k\u00f6nnen ohne hohe Temperaturen erzielt werden, sind umweltfreundlich und mit Spezialpapier kompatibel.<\/li>\n<\/ul>\n<h2 id=\"5-suitable-for-multi-scene-design-\">5.\u00a0<strong>Geeignet f\u00fcr Multiszenen-Design<\/strong><\/h2>\n<ul>\n<li><strong>Business-Souvenirs<\/strong>: Sie k\u00f6nnen Firmenslogans und Nummern aufdrucken und mit Seide oder Flanell gef\u00fcttert werden, um die Feierlichkeit zu unterstreichen.<\/li>\n<li><strong>Hochzeitsserie<\/strong>: Integriert Spitzenpr\u00e4gung, Perlglanzbeschichtung und andere Elemente, unterst\u00fctzt Hei\u00dfpr\u00e4gung der Namen des Brautpaares.<\/li>\n<\/ul>\n<h2 id=\"6-material-and-production-standards-\">6.\u00a0<strong>Material- und Produktionsstandards<\/strong><\/h2>\n<ul>\n<li><strong>Auswahl des Grundmaterials<\/strong>250-300g wei\u00dfer Karton (Dicke 0,31-0,4mm) wird empfohlen, mit hoher Farbwiedergabe; oder umweltfreundliches wei\u00dfes Kraftpapier (120-200g), geeignet f\u00fcr Marken im nat\u00fcrlichen Stil.<\/li>\n<li><strong>Normen f\u00fcr die Qualit\u00e4tskontrolle<\/strong>Fehler \u22641mm, Druckfarbunterschied \u0394E\u22643,0, Zertifizierung nach ISO 12647-2 Farbmanagementsystem.<\/li>\n<li><strong>Produktionszyklus<\/strong>7-14 Tage (einschlie\u00dflich 3 Best\u00e4tigungen der Entw\u00fcrfe), Unterst\u00fctzung einer schnellen Anpassung.<\/li>\n<\/ul>","protected":false},"excerpt":{"rendered":"<p>Diese High-End-Kleidung Papier Einkaufen Geschenk Tasche ist f\u00fcr leichte Luxusmarken, High-End-Einzelhandel und Business-Souvenirs konzipiert. Es verwendet\u00a0<strong>zartes kirschbl\u00fctenrosa<\/strong>\u00a0als Hauptfarbe, kombiniert mit\u00a0<strong>Goldpr\u00e4gelinien<\/strong>\u00a0und\u00a0<strong>dreidimensionale Schleife aus Band<\/strong>\u00a0Handwerk, um eine Verpackungsl\u00f6sung zu schaffen, die sowohl k\u00fcnstlerisch als auch praktisch ist. Es unterst\u00fctzt ma\u00dfgeschneiderte Dienstleistungen f\u00fcr den gesamten Prozess und eignet sich f\u00fcr Hochzeiten, Pop-up-Stores von Marken, Luxustheken und andere Szenarien.<\/p>","protected":false},"featured_media":957,"template":"","meta":{"_kad_post_transparent":"default","_kad_post_title":"","_kad_post_layout":"default","_kad_post_sidebar_id":"","_kad_post_content_style":"default","_kad_post_vertical_padding":"default","_kad_post_feature":"","_kad_post_feature_position":"","_kad_post_header":false,"_kad_post_footer":false,"_kad_post_classname":""},"product_brand":[],"product_cat":[15,30,17],"product_tag":[361,362,360],"class_list":{"0":"post-952","1":"product","2":"type-product","3":"status-publish","4":"has-post-thumbnail","6":"product_cat-red-light-therapy","7":"product_cat-dropshipping","8":"product_cat-services","9":"product_tag-custom-clothing-gift-bags","10":"product_tag-dealers-shopping-gift-bags","11":"product_tag-paper-shopping-bags-for-clothing","13":"first","14":"instock","15":"shipping-taxable","16":"product-type-simple","17":"entry","18":"content-bg","19":"loop-entry"},"_links":{"self":[{"href":"https:\/\/red-lighttherapy.com\/de_de\/wp-json\/wp\/v2\/product\/952","targetHints":{"allow":["GET"]}}],"collection":[{"href":"https:\/\/red-lighttherapy.com\/de_de\/wp-json\/wp\/v2\/product"}],"about":[{"href":"https:\/\/red-lighttherapy.com\/de_de\/wp-json\/wp\/v2\/types\/product"}],"wp:featuredmedia":[{"embeddable":true,"href":"https:\/\/red-lighttherapy.com\/de_de\/wp-json\/wp\/v2\/media\/957"}],"wp:attachment":[{"href":"https:\/\/red-lighttherapy.com\/de_de\/wp-json\/wp\/v2\/media?parent=952"}],"wp:term":[{"taxonomy":"product_brand","embeddable":true,"href":"https:\/\/red-lighttherapy.com\/de_de\/wp-json\/wp\/v2\/product_brand?post=952"},{"taxonomy":"product_cat","embeddable":true,"href":"https:\/\/red-lighttherapy.com\/de_de\/wp-json\/wp\/v2\/product_cat?post=952"},{"taxonomy":"product_tag","embeddable":true,"href":"https:\/\/red-lighttherapy.com\/de_de\/wp-json\/wp\/v2\/product_tag?post=952"}],"curies":[{"name":"wp","href":"https:\/\/api.w.org\/{rel}","templated":true}]}}